{"id":23894,"date":"2025-11-18T15:02:38","date_gmt":"2025-11-18T07:02:38","guid":{"rendered":"https:\/\/yebodaglass.com\/?post_type=product&#038;p=23894"},"modified":"2026-04-10T09:36:18","modified_gmt":"2026-04-10T01:36:18","slug":"empty-clear-glass-flip-top-bottles-wholesale","status":"publish","type":"product","link":"https:\/\/yebodaglass.com\/pt\/empty-clear-glass-flip-top-bottles-wholesale\/","title":{"rendered":"Garrafas de vidro transparente vazias com tampa flip-top, de 350 ml a 1000 ml, para venda por atacado."},"content":{"rendered":"<p data-start=\"66\" data-end=\"288\"><span aria-haspopup=\"dialog\" aria-expanded=\"false\" aria-controls=\"radix-_r_8f_\" data-state=\"closed\" data-slot=\"popover-trigger\">Uma garrafa tradicional e pr\u00e1tica, com corpo liso e ligeiramente afunilado e gargalo fino, esta garrafa de vidro com tampa de abrir \u00e9 um cl\u00e1ssico.<\/span> <span aria-haspopup=\"dialog\" aria-expanded=\"false\" aria-controls=\"radix-_r_8g_\" data-state=\"closed\" data-slot=\"popover-trigger\">A garrafa \u00e9 feita de vidro transparente com uma tampa articulada que a fecha firmemente.<\/span> <span aria-haspopup=\"dialog\" aria-expanded=\"false\" aria-controls=\"radix-_r_8h_\" data-state=\"closed\" data-slot=\"popover-trigger\">Esta constru\u00e7\u00e3o forma uma cobertura herm\u00e9tica, que preserva o frescor e evita vazamentos.<\/span> <span aria-haspopup=\"dialog\" aria-expanded=\"false\" aria-controls=\"radix-_r_8i_\" data-state=\"closed\" data-slot=\"popover-trigger\">A s\u00e9rie oferece flexibilidade nos requisitos de embalagem, estando dispon\u00edvel em tamanhos de 350 ml at\u00e9 1000 ml.<\/span> <span aria-haspopup=\"dialog\" aria-expanded=\"false\" aria-controls=\"radix-_r_8j_\" data-state=\"closed\" data-slot=\"popover-trigger\">Essas s\u00e3o garrafas comuns para armazenar bebidas como refrigerantes, sucos e kombucha. Fornecemos garrafas com tampa flip-top no atacado.<\/span><\/p>\n<h2>Caracter\u00edsticas do produto<\/h2>\n<ul>\n<li><strong>Design de veda\u00e7\u00e3o por encaixe:<\/strong> As tampas de metal vermelhas e brancas com encaixe r\u00e1pido proporcionam uma boa veda\u00e7\u00e3o, prolongando a vida \u00fatil do conte\u00fado. Al\u00e9m disso, abrir e fechar s\u00e3o muito f\u00e1ceis.<\/li>\n<li><strong>Diferentes formatos e tamanhos de garrafas:<\/strong> Quatro formatos e tamanhos diferentes de garrafas s\u00e3o capazes de atender a diversas necessidades, tanto volum\u00e9tricas quanto visuais. Al\u00e9m disso, podem ser utilizadas para bebidas, molhos e outras embalagens.<\/li>\n<li><strong>Design da S\u00e9rie:<\/strong> Os recipientes com um \u00fanico estilo de design podem ser usados \u200b\u200bem s\u00e9rie, melhorando assim a harmonia geral de armazenamento e utiliza\u00e7\u00e3o.<\/li>\n<\/ul>\n<h2 style=\"text-align: left;\">Especifica\u00e7\u00f5es principais<\/h2>\n<table style=\"border-collapse: collapse; width: 80%; margin-left: auto; margin-right: auto;\" border=\"0\" width=\"144\" cellspacing=\"0\" cellpadding=\"0\">\n<tbody>\n<tr style=\"height: 13.50pt;\">\n<td style=\"height: 13.5pt; width: 54pt; text-align: center;\" width=\"72\" height=\"18\">Especifica\u00e7\u00e3o<\/td>\n<td style=\"width: 54pt; text-align: center;\" width=\"72\">Detalhes<\/td>\n<\/tr>\n<tr style=\"height: 13.50pt;\">\n<td style=\"height: 13.5pt; text-align: center;\" height=\"18\">Capacidades<\/td>\n<td style=\"text-align: center;\">350ml (12 oz) \/ 500ml (16 oz) \/ 750ml (25 oz) \/ 1000ml (32 oz)<\/td>\n<\/tr>\n<tr style=\"height: 13.50pt;\">\n<td style=\"height: 13.5pt; text-align: center;\" height=\"18\">Abertura do pesco\u00e7o<\/td>\n<td style=\"text-align: center;\">1,9 cm (350.500 ml) \u2022 1,8 cm (750.1000 ml)<\/td>\n<\/tr>\n<tr style=\"height: 13.50pt;\">\n<td style=\"height: 13.5pt; text-align: center;\" height=\"18\">Encerramento<\/td>\n<td style=\"text-align: center;\">Tampa met\u00e1lica basculante com rolha vermelha\/branca e junta de silicone substitu\u00edvel.<\/td>\n<\/tr>\n<tr style=\"height: 13.50pt;\">\n<td style=\"height: 13.5pt; text-align: center;\" height=\"18\">Material<\/td>\n<td style=\"text-align: center;\">Vidro transparente de alta clareza<\/td>\n<\/tr>\n<tr style=\"height: 13.50pt;\">\n<td style=\"height: 13.5pt; text-align: center;\" height=\"18\">Tipo de veda\u00e7\u00e3o<\/td>\n<td style=\"text-align: center;\">Tampa com veda\u00e7\u00e3o por compress\u00e3o e arruela de borracha.<\/td>\n<\/tr>\n<\/tbody>\n<\/table>\n<h2>Hist\u00f3ria de sucesso<\/h2>\n<p><span aria-haspopup=\"dialog\" aria-expanded=\"false\" aria-controls=\"radix-_r_8k_\" data-state=\"closed\" data-slot=\"popover-trigger\">Uma das marcas alem\u00e3s de bebidas artesanais estava prestes a lan\u00e7ar uma nova linha de limonada gaseificada, que seria produzida artesanalmente.<\/span> <span aria-haspopup=\"dialog\" aria-expanded=\"false\" aria-controls=\"radix-_r_8l_\" data-state=\"closed\" data-slot=\"popover-trigger\">Eles optaram por nossas garrafas de vidro de 740 ml com tampa de encaixe ap\u00f3s compararem diversos fornecedores.<\/span> <span aria-haspopup=\"dialog\" aria-expanded=\"false\" aria-controls=\"radix-_r_8m_\" data-state=\"closed\" data-slot=\"popover-trigger\">A marca est\u00e1 impressa na garrafa em cer\u00e2mica branca e a tampa de rosca em a\u00e7o inoxid\u00e1vel possui uma veda\u00e7\u00e3o de silicone amarelo de qualidade alimentar, que garante efervesc\u00eancia duradoura e remete ao tema do lim\u00e3o.<\/span><\/p>\n<p><span aria-haspopup=\"dialog\" aria-expanded=\"false\" aria-controls=\"radix-_r_8n_\" data-state=\"closed\" data-slot=\"popover-trigger\">Em seis meses, a marca estava vendendo sua nova embalagem com um volume 28% maior do que quando a nova embalagem foi lan\u00e7ada.<\/span> <span aria-haspopup=\"dialog\" aria-expanded=\"false\" aria-controls=\"radix-_r_8o_\" data-state=\"closed\" data-slot=\"popover-trigger\">Devido \u00e0 resposta positiva do mercado, o cliente tamb\u00e9m fez tr\u00eas grandes encomendas no primeiro ano.<\/span><\/p>\n<h2>Crie seus pr\u00f3prios frascos com tampa flip-top<\/h2>\n<ul>\n<li><strong>Cor do selo personalizado:<\/strong> Converta as partes vermelhas e brancas do selo para as cores da sua marca, facilitando o reconhecimento r\u00e1pido e f\u00e1cil.<\/li>\n<li><strong>Pel\u00edcula para vidros:<\/strong> Use vidro \u00e2mbar ou verde se desejar proteger um produto sens\u00edvel \u00e0 luz, como cerveja ou vinagre, dos raios UV.<\/li>\n<li><strong>Logotipo com face \u00e1cida:<\/strong> Personalize o vidro com seu logotipo atrav\u00e9s de grava\u00e7\u00e3o \u00e1cida para um acabamento fosco elegante, duradouro e indel\u00e9vel.<\/li>\n<li><strong>Acabamento com fecho de press\u00e3o:<\/strong> Obtenha um visual mais personalizado selecionando um acabamento espec\u00edfico para seus bot\u00f5es de press\u00e3o met\u00e1licos, como preto ou galvanizado.<\/li>\n<\/ul>\n<p>Oferecemos garrafas com tampa flip-top para venda por atacado, com pre\u00e7os especiais para grandes quantidades e entrega r\u00e1pida. Entre em contato conosco para solicitar um or\u00e7amento para esta garrafa de vidro multiuso com tampa de rosca.<\/p>","protected":false},"excerpt":{"rendered":"<p>Garrafas de vidro resistentes com tampa flip-top, com fechamento herm\u00e9tico e robusto, perfeitas para marcas que buscam garrafas flip-top no atacado. Amostras gr\u00e1tis.<\/p>","protected":false},"featured_media":23895,"template":"","meta":[],"product_brand":[],"product_cat":[132,123,122],"product_tag":[],"class_list":{"0":"post-23894","1":"product","2":"type-product","3":"status-publish","4":"has-post-thumbnail","6":"product_cat-glass-flip-top-bottles","7":"product_cat-custom-glass-bottles","8":"product_cat-custom-glass-packaging","10":"first","11":"instock","12":"shipping-taxable","13":"product-type-simple"},"jetpack_sharing_enabled":true,"_links":{"self":[{"href":"https:\/\/yebodaglass.com\/pt\/wp-json\/wp\/v2\/product\/23894","targetHints":{"allow":["GET"]}}],"collection":[{"href":"https:\/\/yebodaglass.com\/pt\/wp-json\/wp\/v2\/product"}],"about":[{"href":"https:\/\/yebodaglass.com\/pt\/wp-json\/wp\/v2\/types\/product"}],"version-history":[{"count":5,"href":"https:\/\/yebodaglass.com\/pt\/wp-json\/wp\/v2\/product\/23894\/revisions"}],"predecessor-version":[{"id":25398,"href":"https:\/\/yebodaglass.com\/pt\/wp-json\/wp\/v2\/product\/23894\/revisions\/25398"}],"wp:featuredmedia":[{"embeddable":true,"href":"https:\/\/yebodaglass.com\/pt\/wp-json\/wp\/v2\/media\/23895"}],"wp:attachment":[{"href":"https:\/\/yebodaglass.com\/pt\/wp-json\/wp\/v2\/media?parent=23894"}],"wp:term":[{"taxonomy":"product_brand","embeddable":true,"href":"https:\/\/yebodaglass.com\/pt\/wp-json\/wp\/v2\/product_brand?post=23894"},{"taxonomy":"product_cat","embeddable":true,"href":"https:\/\/yebodaglass.com\/pt\/wp-json\/wp\/v2\/product_cat?post=23894"},{"taxonomy":"product_tag","embeddable":true,"href":"https:\/\/yebodaglass.com\/pt\/wp-json\/wp\/v2\/product_tag?post=23894"}],"curies":[{"name":"wp","href":"https:\/\/api.w.org\/{rel}","templated":true}]}}