{"id":23879,"date":"2025-11-18T13:42:49","date_gmt":"2025-11-18T05:42:49","guid":{"rendered":"https:\/\/yebodaglass.com\/?post_type=product&#038;p=23879"},"modified":"2026-03-26T13:58:11","modified_gmt":"2026-03-26T05:58:11","slug":"wholesale-clear-cylindrical-glass-resealable-bottles","status":"publish","type":"product","link":"https:\/\/yebodaglass.com\/pt\/wholesale-clear-cylindrical-glass-resealable-bottles\/","title":{"rendered":"Garrafas cil\u00edndricas de vidro transparente com tampa de rosca, para venda por atacado, 600ml e 1000ml"},"content":{"rendered":"<p>Our glass resealable bottles ( 600ml and 1000ml capacities ) feature a clean cylindrical shape with a distinct shoulder and thick, stable base. The bottles are made of clear glass that gives the product a high visibility. The durable swing top topper is attached to each unit, consisting of a metal wire bail and a food grade sealing gasket to provide airtight protection. There is also easy branding and labelling done on the smooth surface.<\/p>\n<h2 style=\"text-align: left;\">Especifica\u00e7\u00f5es principais<\/h2>\n<table class=\"aligncenter\" style=\"border-collapse: collapse; width: 581.27pt;\" border=\"0\" width=\"775\" cellspacing=\"0\" cellpadding=\"0\">\n<tbody>\n<tr style=\"height: 13.50pt;\">\n<td style=\"height: 13.50pt; width: 164.25pt;\" width=\"219\" height=\"18\">Especifica\u00e7\u00e3o<\/td>\n<td style=\"width: 417.00pt;\" width=\"556\">Detalhes<\/td>\n<\/tr>\n<tr style=\"height: 13.50pt;\">\n<td style=\"height: 13.50pt;\" height=\"18\">Dimens\u00f5es (D \u00d7 A)<\/td>\n<td>600 ml (20 oz) 7,4 \u00d7 23,7 cm \/ 1000 ml (32 oz) 8,1 \u00d7 28,9 cm<\/td>\n<\/tr>\n<tr style=\"height: 13.50pt;\">\n<td style=\"height: 13.50pt;\" height=\"18\">Di\u00e2metro interno do gargalo da garrafa<\/td>\n<td>2,8 cm de di\u00e2metro<\/td>\n<\/tr>\n<tr style=\"height: 13.50pt;\">\n<td style=\"height: 13.50pt;\" height=\"18\">Tipo de fechamento<\/td>\n<td>swing top<\/td>\n<\/tr>\n<tr style=\"height: 13.50pt;\">\n<td style=\"height: 13.50pt;\" height=\"18\">Material<\/td>\n<td>Lead-free soda-lime glass, stainless steel, silicone pad<\/td>\n<\/tr>\n<tr style=\"height: 13.50pt;\">\n<td style=\"height: 13.50pt;\" height=\"18\">ustomization Options:<\/td>\n<td>C Color, Size, Surface Finish, Logo, Packaging<\/td>\n<\/tr>\n<\/tbody>\n<\/table>\n<h2>Aplicativo<\/h2>\n<p>These sealable glass bottles are widely used across food and beverage industries where airtight storage is essential. They can be used to store oils, vinegar, syrups and homemade beverages or to package water, juices, kombucha, beer and other fermented beverages. The resealable secure closure ensures that they can be distributed to retailers as well as used repeatedly by consumers. Moreover, they are also widely utilised in the hospitality, cafes, breweries, and line of their own products to provide quality preservation and maintenance of the quality of products during storing and transportation.<\/p>\n<h2>Caso de sucesso: A escolha perfeita para uma cervejaria artesanal<\/h2>\n<p>Uma pequena cervejaria que produz refrigerantes artesanais precisava de uma embalagem resistente para seu refrigerante de gengibre altamente carbonatado. Gra\u00e7as \u00e0 escolha de nossas garrafas de vidro com veda\u00e7\u00e3o herm\u00e9tica, registraram menos de 2% de perda de di\u00f3xido de carbono em 7 dias e as reclama\u00e7\u00f5es de cerveja sem g\u00e1s dos clientes ca\u00edram para zero. Al\u00e9m disso, a taxa de substitui\u00e7\u00e3o da junta foi inferior a 0,5% ap\u00f3s 5 envases por garrafa. T\u00e3o satisfeitos ficaram, decidiram fazer tr\u00eas novos pedidos em seis meses, aumentando seu volume de 1.200 para 200.000 garrafas ao final desse per\u00edodo.<\/p>\n<h2>Personalize suas garrafas com tampa de rosca<\/h2>\n<ul>\n<li><strong>Serigrafia:<\/strong> Aplique o design do seu r\u00f3tulo diretamente na garrafa com a ajuda da serigrafia, que proporciona um acabamento muito dur\u00e1vel e com apar\u00eancia profissional.<\/li>\n<li><strong>Acabamentos de fecho de press\u00e3o:<\/strong> Por exemplo, algumas das op\u00e7\u00f5es de acabamento para fechos de press\u00e3o met\u00e1licos incluem preto ou galvanizado, que voc\u00ea pode escolher para dar uma apar\u00eancia \u00fanica ao seu produto.<\/li>\n<li><strong>Vidro \u00e2mbar ou verde:<\/strong> Optar por vidro colorido pode ser uma forma de proteger bebidas sens\u00edveis \u00e0 luz, como cerveja ou vinagre.<\/li>\n<li><strong>Marca\u00e7\u00f5es de volume:<\/strong> Voc\u00ea tamb\u00e9m pode incluir marca\u00e7\u00f5es de volume em relevo ou impressas na lateral da garrafa, tanto por quest\u00f5es de praticidade quanto de profissionalismo.<\/li>\n<\/ul>\n<p>Est\u00e1 preparado para criar a embalagem ideal? Nossos frascos com tampa de rosca est\u00e3o dispon\u00edveis para compra imediata e podemos entreg\u00e1-los em breve. Os pre\u00e7os de atacado para esses frascos de vidro reutiliz\u00e1veis \u200b\u200bcom veda\u00e7\u00e3o podem ser negociados se voc\u00ea entrar em contato conosco hoje mesmo.<\/p>","protected":false},"excerpt":{"rendered":"<p>Garrafas de vidro com tampa de press\u00e3o branca e fechamento herm\u00e9tico, perfeitas para alimentos, bebidas ou fermenta\u00e7\u00e3o. Dispon\u00edveis em grandes quantidades. Envio r\u00e1pido.<\/p>","protected":false},"featured_media":25624,"template":"","meta":[],"product_brand":[],"product_cat":[132,123,122,80,81,20],"product_tag":[],"class_list":{"0":"post-23879","1":"product","2":"type-product","3":"status-publish","4":"has-post-thumbnail","6":"product_cat-glass-flip-top-bottles","7":"product_cat-custom-glass-bottles","8":"product_cat-custom-glass-packaging","9":"product_cat-glass-bottles","10":"product_cat-flip-top-bottles","11":"product_cat-glass-containers","13":"first","14":"instock","15":"shipping-taxable","16":"product-type-simple"},"jetpack_sharing_enabled":true,"_links":{"self":[{"href":"https:\/\/yebodaglass.com\/pt\/wp-json\/wp\/v2\/product\/23879","targetHints":{"allow":["GET"]}}],"collection":[{"href":"https:\/\/yebodaglass.com\/pt\/wp-json\/wp\/v2\/product"}],"about":[{"href":"https:\/\/yebodaglass.com\/pt\/wp-json\/wp\/v2\/types\/product"}],"version-history":[{"count":5,"href":"https:\/\/yebodaglass.com\/pt\/wp-json\/wp\/v2\/product\/23879\/revisions"}],"predecessor-version":[{"id":25617,"href":"https:\/\/yebodaglass.com\/pt\/wp-json\/wp\/v2\/product\/23879\/revisions\/25617"}],"wp:featuredmedia":[{"embeddable":true,"href":"https:\/\/yebodaglass.com\/pt\/wp-json\/wp\/v2\/media\/25624"}],"wp:attachment":[{"href":"https:\/\/yebodaglass.com\/pt\/wp-json\/wp\/v2\/media?parent=23879"}],"wp:term":[{"taxonomy":"product_brand","embeddable":true,"href":"https:\/\/yebodaglass.com\/pt\/wp-json\/wp\/v2\/product_brand?post=23879"},{"taxonomy":"product_cat","embeddable":true,"href":"https:\/\/yebodaglass.com\/pt\/wp-json\/wp\/v2\/product_cat?post=23879"},{"taxonomy":"product_tag","embeddable":true,"href":"https:\/\/yebodaglass.com\/pt\/wp-json\/wp\/v2\/product_tag?post=23879"}],"curies":[{"name":"wp","href":"https:\/\/api.w.org\/{rel}","templated":true}]}}