{"id":23874,"date":"2025-11-18T14:12:37","date_gmt":"2025-11-18T06:12:37","guid":{"rendered":"https:\/\/yebodaglass.com\/?post_type=product&#038;p=23874"},"modified":"2025-11-18T14:12:38","modified_gmt":"2025-11-18T06:12:38","slug":"pickling-jar-wholesale-glass-jar-factory","status":"publish","type":"product","link":"https:\/\/yebodaglass.com\/pt\/pickling-jar-wholesale-glass-jar-factory\/","title":{"rendered":"Pote de vidro transparente para conservas, ideal para embalagem, dispon\u00edvel para atacado nos tamanhos 220ml, 250ml e 280ml."},"content":{"rendered":"<p>Cansado de potes de conserva que vazam ou deixam seus pepinos sem brilho? N\u00f3s fabricamos potes de vidro para conservas de legumes \u2014 chega de derramamentos de salmoura! Esses potes transformam seu armazenamento de alimentos em uma declara\u00e7\u00e3o de marca. Pedidos em grande quantidade recebem cores personalizadas para combinar com a sua marca.<\/p>\n<h2>Caracter\u00edsticas do produto<\/h2>\n<p><strong>Fundo da garrafa antiderrapante<\/strong><\/p>\n<p>A incorpora\u00e7\u00e3o de um design de fundo antiderrapante n\u00e3o s\u00f3 estabiliza o frasco de vegetais em conserva, como tamb\u00e9m torna o seu manuseio mais seguro.<\/p>\n<p><strong>Superf\u00edcie texturizada em 3D<\/strong><\/p>\n<p>A textura na lateral do frasco de conserva n\u00e3o s\u00f3 ajuda o usu\u00e1rio a segurar o frasco com firmeza, como tamb\u00e9m torna o conte\u00fado do frasco visualmente mais atraente.<\/p>\n<p><strong>Design de veda\u00e7\u00e3o com tampa de rosca<\/strong><\/p>\n<p>A tampa de rosca vermelha possui uma estrutura de rosca firme que oferece excelente veda\u00e7\u00e3o, permitindo o enchimento a quente e o armazenamento \u00e0 temperatura ambiente.<\/p>\n<h2>Especifica\u00e7\u00f5es principais<\/h2>\n<table style=\"border-collapse: collapse; width: 80%; margin-left: auto; margin-right: auto;\" border=\"0\" width=\"216\" cellspacing=\"0\" cellpadding=\"0\">\n<tbody>\n<tr style=\"height: 13.50pt;\">\n<td style=\"height: 13.5pt; width: 54pt; text-align: center;\" width=\"72\" height=\"18\">Capacidade (ml)<\/td>\n<td style=\"width: 54pt; text-align: center;\" width=\"72\">Tamanho (cm)<\/td>\n<td style=\"width: 54pt; text-align: center;\" width=\"72\">Op\u00e7\u00f5es personalizadas<\/td>\n<\/tr>\n<tr style=\"height: 13.50pt;\">\n<td style=\"height: 13.5pt; text-align: center;\" align=\"right\" height=\"18\">220<\/td>\n<td style=\"text-align: center;\">6,2 x 11,3<\/td>\n<td class=\"et2\" style=\"text-align: center;\" rowspan=\"3\">Tampas, cor, etiqueta, logotipo<\/td>\n<\/tr>\n<tr style=\"height: 13.50pt;\">\n<td style=\"height: 13.5pt; text-align: center;\" align=\"right\" height=\"18\">250<\/td>\n<td style=\"text-align: center;\">6,5 x 12,7<\/td>\n<\/tr>\n<tr style=\"height: 13.50pt;\">\n<td style=\"height: 13.5pt; text-align: center;\" align=\"right\" height=\"18\">280<\/td>\n<td style=\"text-align: center;\">6,5 x 13,5<\/td>\n<\/tr>\n<\/tbody>\n<\/table>\n<h2>Caso de sucesso<\/h2>\n<p>Uma marca de vegetais em conserva do Leste Europeu escolheu nosso pote para conservas para reformular sua embalagem. Para enfatizar a qualidade do produto, eles criaram um r\u00f3tulo exclusivo e uma tampa de veda\u00e7\u00e3o preta que combina com um frasco altamente transparente.<\/p>\n<p>O novo pacote foi fundamental para que a empresa alcan\u00e7asse um crescimento de 28% nas vendas no \u00faltimo trimestre do ano, ap\u00f3s o lan\u00e7amento.<\/p>\n<h2>Seu guia de personaliza\u00e7\u00e3o para potes de conserva<\/h2>\n<ol>\n<li><strong>Impress\u00e3o e personaliza\u00e7\u00e3o de r\u00f3tulos de garrafas:<\/strong> Voc\u00ea pode optar por um dos m\u00e9todos de impress\u00e3o, como serigrafia ou impress\u00e3o por transfer\u00eancia t\u00e9rmica, para imprimir o logotipo da sua marca, um gr\u00e1fico ou um texto diretamente no pote de conserva; ou escolher etiquetas coloridas ou transparentes para diferentes necessidades de estilo de embalagem.<\/li>\n<li><strong>Sele\u00e7\u00e3o do material e da cor da tampa da garrafa:<\/strong> Tampas de rosca met\u00e1licas com revestimento eletrol\u00edtico, pintura eletrost\u00e1tica ou acabamento fosco podem ser escolhidas para atender \u00e0s suas necessidades; ou uma tampa de rosca de pl\u00e1stico com cor personaliz\u00e1vel para combinar com o estilo da garrafa pode ser selecionada, o que facilitar\u00e1 a produ\u00e7\u00e3o em massa.<\/li>\n<\/ol>\n<p>&nbsp;<\/p>","protected":false},"excerpt":{"rendered":"<p>Pote para conservas direto da f\u00e1brica para marcas de alimentos; este pote para vegetais em conserva suporta pedidos em grande quantidade, tampas e r\u00f3tulos personalizados e oferece embalagem confi\u00e1vel para os compradores.<\/p>","protected":false},"featured_media":23880,"template":"","meta":[],"product_brand":[],"product_cat":[122,124,133],"product_tag":[],"class_list":{"0":"post-23874","1":"product","2":"type-product","3":"status-publish","4":"has-post-thumbnail","6":"product_cat-custom-glass-packaging","7":"product_cat-custom-glass-jars","8":"product_cat-pickle-jars","10":"first","11":"instock","12":"shipping-taxable","13":"product-type-simple"},"jetpack_sharing_enabled":true,"_links":{"self":[{"href":"https:\/\/yebodaglass.com\/pt\/wp-json\/wp\/v2\/product\/23874","targetHints":{"allow":["GET"]}}],"collection":[{"href":"https:\/\/yebodaglass.com\/pt\/wp-json\/wp\/v2\/product"}],"about":[{"href":"https:\/\/yebodaglass.com\/pt\/wp-json\/wp\/v2\/types\/product"}],"version-history":[{"count":2,"href":"https:\/\/yebodaglass.com\/pt\/wp-json\/wp\/v2\/product\/23874\/revisions"}],"predecessor-version":[{"id":23884,"href":"https:\/\/yebodaglass.com\/pt\/wp-json\/wp\/v2\/product\/23874\/revisions\/23884"}],"wp:featuredmedia":[{"embeddable":true,"href":"https:\/\/yebodaglass.com\/pt\/wp-json\/wp\/v2\/media\/23880"}],"wp:attachment":[{"href":"https:\/\/yebodaglass.com\/pt\/wp-json\/wp\/v2\/media?parent=23874"}],"wp:term":[{"taxonomy":"product_brand","embeddable":true,"href":"https:\/\/yebodaglass.com\/pt\/wp-json\/wp\/v2\/product_brand?post=23874"},{"taxonomy":"product_cat","embeddable":true,"href":"https:\/\/yebodaglass.com\/pt\/wp-json\/wp\/v2\/product_cat?post=23874"},{"taxonomy":"product_tag","embeddable":true,"href":"https:\/\/yebodaglass.com\/pt\/wp-json\/wp\/v2\/product_tag?post=23874"}],"curies":[{"name":"wp","href":"https:\/\/api.w.org\/{rel}","templated":true}]}}