{"id":23813,"date":"2025-11-17T16:50:25","date_gmt":"2025-11-17T08:50:25","guid":{"rendered":"https:\/\/yebodaglass.com\/?post_type=product&#038;p=23813"},"modified":"2026-03-12T15:12:09","modified_gmt":"2026-03-12T07:12:09","slug":"amber-glass-pop-top-bottles-with-metal-clamp-wholesale","status":"publish","type":"product","link":"https:\/\/yebodaglass.com\/pt\/amber-glass-pop-top-bottles-with-metal-clamp-wholesale\/","title":{"rendered":"Garrafas de vidro \u00e2mbar de 485ml com tampa de press\u00e3o e fecho met\u00e1lico (venda por atacado)"},"content":{"rendered":"<p data-start=\"66\" data-end=\"288\">As garrafas Pop Top t\u00eam um formato minimalista e alongado, feitas de vidro \u00e2mbar. Seus corpos ressel\u00e1veis \u200b\u200bs\u00e3o projetados com fechos de metal que garantem uma veda\u00e7\u00e3o herm\u00e9tica, tornando-as a melhor op\u00e7\u00e3o para armazenar l\u00edquidos ou condimentos.<\/p>\n<h2>Caracter\u00edsticas do produto<\/h2>\n<ul>\n<li>\n<div class=\"whitespace-pre-line p-2 sm:p-1 min-h-[80px] max-w-full overflow-x-auto\"><span aria-haspopup=\"dialog\" aria-expanded=\"false\" aria-controls=\"radix-_r_9a_\" data-state=\"closed\" data-slot=\"popover-trigger\"><strong>Vidro \u00e2mbar com prote\u00e7\u00e3o UV:<\/strong> A garrafa \u00e9 produzida em vidro \u00e2mbar, o que contribui para a rejei\u00e7\u00e3o da luz ultravioleta, preservando bebidas sens\u00edveis como a cerveja e ajudando a manter o sabor da bebida ao longo do tempo.<\/span><\/div>\n<\/li>\n<li>\n<div class=\"whitespace-pre-line p-2 sm:p-1 min-h-[80px] max-w-full overflow-x-auto\"><span aria-haspopup=\"dialog\" aria-expanded=\"false\" aria-controls=\"radix-_r_9b_\" data-state=\"closed\" data-slot=\"popover-trigger\"><strong>Sistema de fechadura mec\u00e2nica reutiliz\u00e1vel:<\/strong> O sistema de abertura e fechamento basculante permite abrir e fechar a garrafa diversas vezes sem a necessidade de ferramentas, tornando-a f\u00e1cil de reutilizar e de usar como recipiente para bebidas reabastec\u00edveis.<\/span><\/div>\n<\/li>\n<li>\n<div class=\"whitespace-pre-line p-2 sm:p-1 min-h-[80px] max-w-full overflow-x-auto\"><span aria-haspopup=\"dialog\" aria-expanded=\"false\" aria-controls=\"radix-_r_9c_\" data-state=\"closed\" data-slot=\"popover-trigger\"><strong>Base plana:<\/strong> Base plana e larga: A base plana aumenta a estabilidade ao apoiar o produto em mesas, prateleiras ou balc\u00f5es de bar, reduzindo as chances de tombar durante o uso ou exposi\u00e7\u00e3o.<\/span><\/div>\n<div class=\"bg-border shrink-0 data-[orientation=horizontal]:h-px data-[orientation=horizontal]:w-full data-[orientation=vertical]:h-full data-[orientation=vertical]:w-px my-2\" role=\"none\" data-orientation=\"horizontal\" data-slot=\"separator\"><\/div>\n<\/li>\n<\/ul>\n<h2 style=\"text-align: left;\">Especifica\u00e7\u00f5es principais<\/h2>\n<table style=\"border-collapse: collapse; width: 80%; margin-left: auto; margin-right: auto;\" border=\"0\" width=\"856\" cellspacing=\"0\" cellpadding=\"0\">\n<tbody>\n<tr style=\"height: 13.50pt;\">\n<td style=\"height: 13.5pt; width: 128.25pt; text-align: center;\" width=\"171\" height=\"18\">Especifica\u00e7\u00e3o<\/td>\n<td style=\"width: 513.75pt; text-align: center;\" width=\"685\">Detalhes<\/td>\n<\/tr>\n<tr style=\"height: 13.50pt;\">\n<td style=\"height: 13.5pt; text-align: center;\" height=\"18\">Capacidade<\/td>\n<td style=\"text-align: center;\">485 ml<\/td>\n<\/tr>\n<tr style=\"height: 13.50pt;\">\n<td style=\"height: 13.5pt; text-align: center;\" height=\"18\">Dimens\u00f5es<\/td>\n<td style=\"text-align: center;\">7,75 cm \u00d7 22,3 cm<\/td>\n<\/tr>\n<tr style=\"height: 13.50pt;\">\n<td style=\"height: 13.5pt; text-align: center;\" height=\"18\">Material<\/td>\n<td style=\"text-align: center;\">Vidro marrom (com prote\u00e7\u00e3o UV)<\/td>\n<\/tr>\n<tr style=\"height: 13.50pt;\">\n<td style=\"height: 13.5pt; text-align: center;\" height=\"18\">Tipo de fechamento<\/td>\n<td style=\"text-align: center;\">Tampas basculantes em a\u00e7o inoxid\u00e1vel com batente<\/td>\n<\/tr>\n<tr style=\"height: 13.50pt;\">\n<td style=\"height: 13.5pt; text-align: center;\" height=\"18\">Op\u00e7\u00f5es de juntas<\/td>\n<td style=\"text-align: center;\">Borracha padr\u00e3o ou op\u00e7\u00e3o de silicone resistente a \u00e1cidos e ao calor.<\/td>\n<\/tr>\n<tr style=\"height: 13.50pt;\">\n<td style=\"height: 13.5pt; text-align: center;\" height=\"18\">Desempenho da veda\u00e7\u00e3o<\/td>\n<td style=\"text-align: center;\">Herm\u00e9tico, testado sob press\u00e3o para carbonata\u00e7\u00e3o ativa.<\/td>\n<\/tr>\n<tr style=\"height: 13.50pt;\">\n<td style=\"height: 13.5pt; text-align: center;\" height=\"18\">Ideal para<\/td>\n<td style=\"text-align: center;\">Cerveja, kombucha, refrigerante, vinagre, produ\u00e7\u00e3o de vinho, bebida fermentada<\/td>\n<\/tr>\n<\/tbody>\n<\/table>\n<h2>Caso de sucesso<\/h2>\n<p><span aria-haspopup=\"dialog\" aria-expanded=\"false\" aria-controls=\"radix-_r_97_\" data-state=\"closed\" data-slot=\"popover-trigger\">Uma das pequenas cervejarias decidiu usar nossas garrafas de vidro \u00e2mbar com tampa de rosca como embalagem principal para lan\u00e7ar sua s\u00e9rie de cervejas sazonais de edi\u00e7\u00e3o limitada.<\/span> <span aria-haspopup=\"dialog\" aria-expanded=\"false\" aria-controls=\"radix-_r_98_\" data-state=\"closed\" data-slot=\"popover-trigger\">Eles exigiram paredes de vidro \u00e2mbar mais resistentes para torn\u00e1-las mais dur\u00e1veis \u200b\u200bdurante a segunda fermenta\u00e7\u00e3o; um padr\u00e3o de roda em relevo e o logotipo da cervejaria na parte inferior da garrafa, al\u00e9m de uma tampa de cer\u00e2mica com um anel de veda\u00e7\u00e3o vermelho escuro que combinava com os r\u00f3tulos de suas cervejas.<\/span> <span aria-haspopup=\"dialog\" aria-expanded=\"false\" aria-controls=\"radix-_r_99_\" data-state=\"closed\" data-slot=\"popover-trigger\">As cervejas especiais que vendem apresentaram um crescimento de vendas de 35% durante os dois primeiros per\u00edodos de lan\u00e7amento e, devido \u00e0 boa aceita\u00e7\u00e3o do mercado, a cervejaria continuar\u00e1 a fazer encomendas regularmente.<\/span><\/p>\n<h2>Op\u00e7\u00f5es de personaliza\u00e7\u00e3o<\/h2>\n<ul>\n<li><strong>Cor da tampa de cer\u00e2mica personalizada:<\/strong> Escolha uma cor para a tampa da lata para que sua marca possa chamar a aten\u00e7\u00e3o dos consumidores na prateleira de forma surpreendente.<\/li>\n<li><strong>Logotipo em relevo:<\/strong> Imprima um logotipo em relevo no ombro ou no fundo da garrafa para uma identidade de marca exclusiva e premium que pode ser sentida ao toque.<\/li>\n<li><strong>Marca\u00e7\u00e3o de volume por corros\u00e3o \u00e1cida:<\/strong> Para um visual profissional, confira uma discreta marca\u00e7\u00e3o fosca de \u201c485ml\u201d na base do frasco, feita com \u00e1cido.<\/li>\n<li><strong>Marca\u00e7\u00e3o de volume por corros\u00e3o \u00e1cida:<\/strong> Um revestimento de ep\u00f3xi preto ou colorido na tela met\u00e1lica pode ser usado tanto para a decora\u00e7\u00e3o da tela quanto para combinar melhor com o conjunto do seu projeto.<\/li>\n<\/ul>","protected":false},"excerpt":{"rendered":"<p>Garrafas de vidro \u00e2mbar com tampa de press\u00e3o resistente e fecho herm\u00e9tico \u2014 perfeitas para refrigerantes, cerveja ou kombucha. Envio r\u00e1pido.<\/p>","protected":false},"featured_media":23831,"template":"","meta":[],"product_brand":[],"product_cat":[122,123,132],"product_tag":[],"class_list":{"0":"post-23813","1":"product","2":"type-product","3":"status-publish","4":"has-post-thumbnail","6":"product_cat-custom-glass-packaging","7":"product_cat-custom-glass-bottles","8":"product_cat-glass-flip-top-bottles","10":"first","11":"instock","12":"shipping-taxable","13":"product-type-simple"},"jetpack_sharing_enabled":true,"_links":{"self":[{"href":"https:\/\/yebodaglass.com\/pt\/wp-json\/wp\/v2\/product\/23813","targetHints":{"allow":["GET"]}}],"collection":[{"href":"https:\/\/yebodaglass.com\/pt\/wp-json\/wp\/v2\/product"}],"about":[{"href":"https:\/\/yebodaglass.com\/pt\/wp-json\/wp\/v2\/types\/product"}],"version-history":[{"count":5,"href":"https:\/\/yebodaglass.com\/pt\/wp-json\/wp\/v2\/product\/23813\/revisions"}],"predecessor-version":[{"id":25410,"href":"https:\/\/yebodaglass.com\/pt\/wp-json\/wp\/v2\/product\/23813\/revisions\/25410"}],"wp:featuredmedia":[{"embeddable":true,"href":"https:\/\/yebodaglass.com\/pt\/wp-json\/wp\/v2\/media\/23831"}],"wp:attachment":[{"href":"https:\/\/yebodaglass.com\/pt\/wp-json\/wp\/v2\/media?parent=23813"}],"wp:term":[{"taxonomy":"product_brand","embeddable":true,"href":"https:\/\/yebodaglass.com\/pt\/wp-json\/wp\/v2\/product_brand?post=23813"},{"taxonomy":"product_cat","embeddable":true,"href":"https:\/\/yebodaglass.com\/pt\/wp-json\/wp\/v2\/product_cat?post=23813"},{"taxonomy":"product_tag","embeddable":true,"href":"https:\/\/yebodaglass.com\/pt\/wp-json\/wp\/v2\/product_tag?post=23813"}],"curies":[{"name":"wp","href":"https:\/\/api.w.org\/{rel}","templated":true}]}}