{"id":23811,"date":"2025-11-17T17:24:30","date_gmt":"2025-11-17T09:24:30","guid":{"rendered":"https:\/\/yebodaglass.com\/?post_type=product&#038;p=23811"},"modified":"2025-11-18T10:20:05","modified_gmt":"2025-11-18T02:20:05","slug":"pickling-containers-bulk-glass-pickling-jar","status":"publish","type":"product","link":"https:\/\/yebodaglass.com\/pt\/pickling-containers-bulk-glass-pickling-jar\/","title":{"rendered":"Pote de vidro para conserva de kimchi a granel, com capacidade de 350 ml a 730 ml."},"content":{"rendered":"<p>Cansado de potes de conserva que vazam ou fazem os alimentos perderem o frescor? N\u00f3s fabricamos potes de vidro para conservas \u2014 chega de picles de endro ou pepino murchos. Esses recipientes transformam seu estoque de alimentos em um verdadeiro sucesso de vendas. Pedidos em grande quantidade recebem tamanhos personalizados para atender \u00e0s necessidades do seu neg\u00f3cio.<\/p>\n<h2>Caracter\u00edsticas do produto<\/h2>\n<p><strong>Vidro transparente espesso<\/strong><\/p>\n<p>As laterais do recipiente s\u00e3o resistentes e dur\u00e1veis, al\u00e9m de resistentes a \u00e1cidos e sal, podendo ser utilizadas para conservas, fermenta\u00e7\u00e3o, molhos e uma grande variedade de outros produtos aliment\u00edcios.<\/p>\n<p><strong>Excelente capacidade de veda\u00e7\u00e3o<\/strong><\/p>\n<p>O design com tampa de rosca, quando usado em conjunto, impede bastante a entrada de ar, preservando assim o sabor e a pureza dos ingredientes.<\/p>\n<p><strong>Garrafa de formato redondo<\/strong><\/p>\n<p>Com um aspecto mais volum\u00e9trico, \u00e9 ideal para exibir produtos, aumentando assim o seu apelo nas prateleiras.<\/p>\n<h2>Especifica\u00e7\u00f5es principais<\/h2>\n<table style=\"border-collapse: collapse; width: 80%; margin-left: auto; margin-right: auto;\" border=\"0\" width=\"216\" cellspacing=\"0\" cellpadding=\"0\">\n<tbody>\n<tr style=\"height: 13.50pt;\">\n<td style=\"height: 13.5pt; width: 54pt; text-align: center;\" width=\"72\" height=\"18\">Capacidade (ml)<\/td>\n<td style=\"width: 54pt; text-align: center;\" width=\"72\">Tamanho (cm)<\/td>\n<td style=\"width: 54pt; text-align: center;\" width=\"72\">Op\u00e7\u00f5es personalizadas<\/td>\n<\/tr>\n<tr style=\"height: 13.50pt;\">\n<td style=\"height: 13.5pt; text-align: center;\" align=\"right\" height=\"18\">350<\/td>\n<td style=\"text-align: center;\">8,5 x 8,1 x 11,0<\/td>\n<td class=\"et2\" style=\"text-align: center;\" rowspan=\"3\">Tampas, cor, logotipo...<\/td>\n<\/tr>\n<tr style=\"height: 13.50pt;\">\n<td style=\"height: 13.5pt; text-align: center;\" align=\"right\" height=\"18\">480<\/td>\n<td style=\"text-align: center;\">9,2 x 8,9 x 12,2<\/td>\n<\/tr>\n<tr style=\"height: 13.50pt;\">\n<td style=\"height: 13.5pt; text-align: center;\" align=\"right\" height=\"18\">730<\/td>\n<td style=\"text-align: center;\">9,5 x 14,5<\/td>\n<\/tr>\n<\/tbody>\n<\/table>\n<h2>Hist\u00f3ria de sucesso<\/h2>\n<p>Quando uma marca de molho picante do Sudeste Asi\u00e1tico decidiu mudar sua embalagem, escolheu nosso pote de vidro para conservas. O novo pote redondo e transparente na prateleira atraiu muito os consumidores, que puderam ver imediatamente os ingredientes aut\u00eanticos e em peda\u00e7os. A tampa de rosca tamb\u00e9m ajudou a manter o produto fresco por mais tempo.<\/p>\n<p>Em um curto per\u00edodo de tr\u00eas meses, as vendas da nova s\u00e9rie de embalagens aumentaram notavelmente, permitindo que a marca se destacasse no mercado altamente competitivo de condimentos.<\/p>\n<h2>Seu guia de personaliza\u00e7\u00e3o de recipientes para conservas<\/h2>\n<ol>\n<li><strong>Tampas de veda\u00e7\u00e3o personalizadas:<\/strong> Voc\u00ea pode escolher an\u00e9is de veda\u00e7\u00e3o de metal, pl\u00e1stico resistente \u00e0 umidade ou silicone para melhor veda\u00e7\u00e3o e conserva\u00e7\u00e3o de picles fermentados.<\/li>\n<li><strong>Opera\u00e7\u00f5es de etiquetagem e impress\u00e3o:<\/strong> A embalagem atende aos requisitos visuais da marca, implementando qualquer um dos seguintes recursos: esmalte cozido, serigrafia, relevo ou designs de r\u00f3tulos completos.<\/li>\n<li><strong>Cor e textura antiderrapante das tampas:<\/strong> Tampas de cores diferentes, com ou sem superf\u00edcies texturizadas, s\u00e3o usadas para atrair o olhar do consumidor na prateleira e proporcionar uma melhor ader\u00eancia ao abrir a embalagem.<\/li>\n<\/ol>","protected":false},"excerpt":{"rendered":"<p>Recipientes para conservas de molhos e alimentos fermentados. Nossos potes de vidro para conservas oferecem visibilidade clara, veda\u00e7\u00e3o herm\u00e9tica e embalagens confi\u00e1veis \u200b\u200bpara grandes quantidades, ideais para diversas marcas.<\/p>","protected":false},"featured_media":23817,"template":"","meta":[],"product_brand":[],"product_cat":[122,124,133],"product_tag":[],"class_list":{"0":"post-23811","1":"product","2":"type-product","3":"status-publish","4":"has-post-thumbnail","6":"product_cat-custom-glass-packaging","7":"product_cat-custom-glass-jars","8":"product_cat-pickle-jars","10":"first","11":"instock","12":"shipping-taxable","13":"product-type-simple"},"jetpack_sharing_enabled":true,"_links":{"self":[{"href":"https:\/\/yebodaglass.com\/pt\/wp-json\/wp\/v2\/product\/23811","targetHints":{"allow":["GET"]}}],"collection":[{"href":"https:\/\/yebodaglass.com\/pt\/wp-json\/wp\/v2\/product"}],"about":[{"href":"https:\/\/yebodaglass.com\/pt\/wp-json\/wp\/v2\/types\/product"}],"version-history":[{"count":5,"href":"https:\/\/yebodaglass.com\/pt\/wp-json\/wp\/v2\/product\/23811\/revisions"}],"predecessor-version":[{"id":23836,"href":"https:\/\/yebodaglass.com\/pt\/wp-json\/wp\/v2\/product\/23811\/revisions\/23836"}],"wp:featuredmedia":[{"embeddable":true,"href":"https:\/\/yebodaglass.com\/pt\/wp-json\/wp\/v2\/media\/23817"}],"wp:attachment":[{"href":"https:\/\/yebodaglass.com\/pt\/wp-json\/wp\/v2\/media?parent=23811"}],"wp:term":[{"taxonomy":"product_brand","embeddable":true,"href":"https:\/\/yebodaglass.com\/pt\/wp-json\/wp\/v2\/product_brand?post=23811"},{"taxonomy":"product_cat","embeddable":true,"href":"https:\/\/yebodaglass.com\/pt\/wp-json\/wp\/v2\/product_cat?post=23811"},{"taxonomy":"product_tag","embeddable":true,"href":"https:\/\/yebodaglass.com\/pt\/wp-json\/wp\/v2\/product_tag?post=23811"}],"curies":[{"name":"wp","href":"https:\/\/api.w.org\/{rel}","templated":true}]}}