{"id":23801,"date":"2025-11-17T15:49:26","date_gmt":"2025-11-17T07:49:26","guid":{"rendered":"https:\/\/yebodaglass.com\/?post_type=product&#038;p=23801"},"modified":"2025-11-17T16:50:04","modified_gmt":"2025-11-17T08:50:04","slug":"custom-grooved-resealable-bottles-for-fermentation","status":"publish","type":"product","link":"https:\/\/yebodaglass.com\/pt\/custom-grooved-resealable-bottles-for-fermentation\/","title":{"rendered":"Frascos personalizados de 465 ml com ranhuras e veda\u00e7\u00e3o para fermenta\u00e7\u00e3o"},"content":{"rendered":"<p data-start=\"66\" data-end=\"288\">Feitas\u200d\u200d\u200d\u200d\u200d\u200d\u200d de vidro transparente, essas garrafas que podem ser fechadas novamente apresentam um padr\u00e3o com nervuras e uma tampa met\u00e1lica de encaixe, combinando assim estilo, conveni\u00eancia e uma veda\u00e7\u00e3o segura para um apelo contempor\u00e2neo e atemporal.<\/p>\n<h2>Caracter\u00edsticas do produto<\/h2>\n<ul>\n<li><strong>Garrafa com nervuras:<\/strong> O padr\u00e3o com nervuras n\u00e3o apenas decora o produto e torna a marca mais reconhec\u00edvel, mas tamb\u00e9m aumenta a ader\u00eancia e diminui a probabilidade de escorregar.<\/li>\n<li><strong>Veda\u00e7\u00e3o por press\u00e3o:<\/strong> Com um plugue de metal press-stop, o fechamento dessas garrafas est\u00e1 longe de ser um problema, pois \u00e9 muito capaz de vedar, refrescando efetivamente o conte\u00fado e facilitando a abertura e o fechamento.<\/li>\n<li><strong>Excelente visual:<\/strong> O produto ganha uma apar\u00eancia luxuosa com o padr\u00e3o texturizado e a tampa de rosca em estilo vintage, tornando-se um verdadeiro chamariz nas prateleiras do varejo.<\/li>\n<\/ul>\n<h2 style=\"text-align: left;\">Especifica\u00e7\u00f5es principais<\/h2>\n<table class=\"aligncenter\" style=\"border-collapse: collapse; width: 426.02pt;\" border=\"0\" width=\"568\" cellspacing=\"0\" cellpadding=\"0\">\n<tbody>\n<tr style=\"height: 13.50pt;\">\n<td style=\"height: 13.50pt; width: 105.75pt;\" width=\"141\" height=\"18\">Especifica\u00e7\u00e3o<\/td>\n<td style=\"width: 320.25pt;\" width=\"427\">Detalhes<\/td>\n<\/tr>\n<tr style=\"height: 13.50pt;\">\n<td style=\"height: 13.50pt;\" height=\"18\">Capacidade<\/td>\n<td>465 ml<\/td>\n<\/tr>\n<tr style=\"height: 13.50pt;\">\n<td style=\"height: 13.50pt;\" height=\"18\">Dimens\u00f5es<\/td>\n<td>7,75 cm \u00d7 22,3 cm<\/td>\n<\/tr>\n<tr style=\"height: 13.50pt;\">\n<td style=\"height: 13.50pt;\" height=\"18\">Material<\/td>\n<td>Vidro transparente de alta clareza<\/td>\n<\/tr>\n<tr style=\"height: 13.50pt;\">\n<td style=\"height: 13.50pt;\" height=\"18\">Design da carroceria<\/td>\n<td>Ranhuras verticais para ader\u00eancia e refor\u00e7o<\/td>\n<\/tr>\n<tr style=\"height: 13.50pt;\">\n<td style=\"height: 13.50pt;\" height=\"18\">Tipo de fechamento<\/td>\n<td>Tampos girat\u00f3rios de a\u00e7o inoxid\u00e1vel com tampa vermelha\/branca<\/td>\n<\/tr>\n<tr style=\"height: 13.50pt;\">\n<td style=\"height: 13.50pt;\" height=\"18\">Ideal para<\/td>\n<td>garrafa para fermenta\u00e7\u00e3o, garrafas flip top<\/td>\n<\/tr>\n<\/tbody>\n<\/table>\n<h2>Hist\u00f3ria de sucesso\u200d\u200d\u200d\u200d\u200d\u200d\u200d: Aprimorando a imagem de uma marca de vinagre<\/h2>\n<p>Um dos produtores de vinagre artesanal precisava de uma embalagem que fosse capaz de suportar a press\u00e3o da carboniza\u00e7\u00e3o e tamb\u00e9m refletisse o posicionamento de alta qualidade do produto. No final, eles optaram por nossa garrafa com ranhuras para fermenta\u00e7\u00e3o. Devido ao formato ranhurado, foi poss\u00edvel reduzir os derramamentos em 41%, e a perda de sabor foi reduzida em 38%, pois a tampa de rosca usada para manter a cerveja fresca com efici\u00eancia tamb\u00e9m foi usada para fechar a garrafa com firmeza. Com essa conquista como ponto de partida, a empresa fez quatro pedidos consecutivos, no total de 500.000 garrafas, para ampliar sua rede de distribui\u00e7\u00e3o.<\/p>\n<h2>Op\u00e7\u00f5es de personaliza\u00e7\u00e3o<\/h2>\n<p>Essas podem ser suas garrafas personalizadas com fecho herm\u00e9tico de qualidade aprimorada quando voc\u00ea usar as seguintes op\u00e7\u00f5es de personaliza\u00e7\u00e3o:<\/p>\n<ul>\n<li><strong>Colora\u00e7\u00e3o Groove High-Gloss:<\/strong> As ranhuras verticais podem ser decoradas com esmalte colorido, resultando em um padr\u00e3o listrado distinto que pode ter as cores da sua marca.<\/li>\n<li><strong>Marca\u00e7\u00e3o de volume em relevo:<\/strong> Adicione uma sutil marca\u00e7\u00e3o \"465 ml\" em relevo no fundo ou na parte inferior do frasco, ajudando a criar uma apar\u00eancia mais luxuosa do produto.<\/li>\n<li><strong>Cor da tampa personalizada:<\/strong> Selecionar uma cor de tampa de cer\u00e2mica que funcione bem com o esquema de cores prim\u00e1rias da marca \u00e9 uma op\u00e7\u00e3o para voc\u00ea.<\/li>\n<li><strong>Logotipo gravado com \u00e1cido:<\/strong> Uma superf\u00edcie de vidro transparente com um logotipo fosco feito de \u00e1cido gravado n\u00e3o \u00e9 apenas uma imagem de marca sofisticada, mas tamb\u00e9m duradoura e premium.<\/li>\n<\/ul>","protected":false},"excerpt":{"rendered":"<p>Garrafa de vidro transparente para fermenta\u00e7\u00e3o com corpo ranhurado e tampa girat\u00f3ria herm\u00e9tica. Garrafas com fecho herm\u00e9tico, elegantes e dur\u00e1veis, perfeitas para fermenta\u00e7\u00e3o e armazenamento. Amostras gr\u00e1tis.<\/p>","protected":false},"featured_media":23804,"template":"","meta":[],"product_brand":[],"product_cat":[122,123,132],"product_tag":[],"class_list":{"0":"post-23801","1":"product","2":"type-product","3":"status-publish","4":"has-post-thumbnail","6":"product_cat-custom-glass-packaging","7":"product_cat-custom-glass-bottles","8":"product_cat-glass-flip-top-bottles","10":"first","11":"instock","12":"shipping-taxable","13":"product-type-simple"},"jetpack_sharing_enabled":true,"_links":{"self":[{"href":"https:\/\/yebodaglass.com\/pt\/wp-json\/wp\/v2\/product\/23801","targetHints":{"allow":["GET"]}}],"collection":[{"href":"https:\/\/yebodaglass.com\/pt\/wp-json\/wp\/v2\/product"}],"about":[{"href":"https:\/\/yebodaglass.com\/pt\/wp-json\/wp\/v2\/types\/product"}],"version-history":[{"count":4,"href":"https:\/\/yebodaglass.com\/pt\/wp-json\/wp\/v2\/product\/23801\/revisions"}],"predecessor-version":[{"id":23812,"href":"https:\/\/yebodaglass.com\/pt\/wp-json\/wp\/v2\/product\/23801\/revisions\/23812"}],"wp:featuredmedia":[{"embeddable":true,"href":"https:\/\/yebodaglass.com\/pt\/wp-json\/wp\/v2\/media\/23804"}],"wp:attachment":[{"href":"https:\/\/yebodaglass.com\/pt\/wp-json\/wp\/v2\/media?parent=23801"}],"wp:term":[{"taxonomy":"product_brand","embeddable":true,"href":"https:\/\/yebodaglass.com\/pt\/wp-json\/wp\/v2\/product_brand?post=23801"},{"taxonomy":"product_cat","embeddable":true,"href":"https:\/\/yebodaglass.com\/pt\/wp-json\/wp\/v2\/product_cat?post=23801"},{"taxonomy":"product_tag","embeddable":true,"href":"https:\/\/yebodaglass.com\/pt\/wp-json\/wp\/v2\/product_tag?post=23801"}],"curies":[{"name":"wp","href":"https:\/\/api.w.org\/{rel}","templated":true}]}}