{"id":23792,"date":"2025-11-17T14:17:35","date_gmt":"2025-11-17T06:17:35","guid":{"rendered":"https:\/\/yebodaglass.com\/?post_type=product&#038;p=23792"},"modified":"2026-03-26T14:20:30","modified_gmt":"2026-03-26T06:20:30","slug":"wholesale-clear-fermentation-bottles-with-handles","status":"publish","type":"product","link":"https:\/\/yebodaglass.com\/pt\/wholesale-clear-fermentation-bottles-with-handles\/","title":{"rendered":"Garrafas de fermenta\u00e7\u00e3o transparentes com al\u00e7as 250 ml 350 ml 500 ml no atacado"},"content":{"rendered":"<p>Intended to withstand usage, be easy to carry and manage, and provide assurance to good sealing ability, this glass bottle family ( 250ml, 350ml and 500ml picks ) will have built in handle and swing top closure. The bottles are made of pure, clear glass, with an easy, ergonomic handle and a rounded, smooth body that makes them easy to fill and pour in either the work or home setting.<\/p>\n<h2>Caracter\u00edsticas do produto<\/h2>\n<p>All bottles come packaged with a swivel-top (flip-top) system of bottle closure: A glass stopper, stainless wire bail, and a food grade sealing gasket. This construction provides an airtight sealed cover and the bottles can be used to preserve freshness and to facilitate the fermentation process. Product visibility is improved by the transparent glass body and therefore the ease with which users can track contents.<\/p>\n<h2 style=\"text-align: left;\">Especifica\u00e7\u00f5es principais<\/h2>\n<table class=\"aligncenter\" style=\"border-collapse: collapse; width: 762.77pt;\" border=\"0\" width=\"1017\" cellspacing=\"0\" cellpadding=\"0\">\n<tbody>\n<tr style=\"height: 13.50pt;\">\n<td style=\"height: 13.50pt; width: 138.75pt;\" width=\"185\" height=\"18\">Especifica\u00e7\u00e3o<\/td>\n<td style=\"width: 624.00pt;\" width=\"832\">Detalhes<\/td>\n<\/tr>\n<tr style=\"height: 13.50pt;\">\n<td style=\"height: 13.50pt;\" height=\"18\">Dimens\u00f5es<\/td>\n<td>250 ml (8 on\u00e7as): 6,7 cm \u00d7 17,2 cm\/350 ml (12 oz): 7,6 cm \u00d7 20 cm\/500 ml (16 oz): 8,7 cm \u00d7 21,8 cm<\/td>\n<\/tr>\n<tr style=\"height: 13.50pt;\">\n<td style=\"height: 13.50pt;\" height=\"18\">Material<\/td>\n<td>Vidro s\u00f3dio-c\u00e1lcico sem chumbo<\/td>\n<\/tr>\n<tr style=\"height: 13.50pt;\">\n<td style=\"height: 13.50pt;\" height=\"18\">Design da al\u00e7a<\/td>\n<td>Al\u00e7a ergon\u00f4mica moldada em todos os tamanhos<\/td>\n<\/tr>\n<tr style=\"height: 13.50pt;\">\n<td style=\"height: 13.50pt;\" height=\"18\">Tipo de fechamento<\/td>\n<td>\u00a0swing top<\/td>\n<\/tr>\n<tr style=\"height: 13.50pt;\">\n<td style=\"height: 13.50pt;\" height=\"18\">Op\u00e7\u00f5es de juntas<\/td>\n<td>Borracha ou silicone de qualidade alimentar<\/td>\n<\/tr>\n<tr style=\"height: 13.50pt;\">\n<td style=\"height: 13.50pt;\" height=\"18\">Desempenho da veda\u00e7\u00e3o<\/td>\n<td>Estanque, resistente \u00e0 press\u00e3o - ideal para carbonata\u00e7\u00e3o natural<\/td>\n<\/tr>\n<tr style=\"height: 13.50pt;\">\n<td style=\"height: 13.50pt;\" height=\"18\">Ideal para<\/td>\n<td>Cerveja, refrigerante, produ\u00e7\u00e3o de vinho, t\u00f4nicos probi\u00f3ticos, Kombucha<\/td>\n<\/tr>\n<\/tbody>\n<\/table>\n<h2>Hist\u00f3ria de sucesso: Otimiza\u00e7\u00e3o de uma linha de produ\u00e7\u00e3o de kombucha artesanal<\/h2>\n<p>A cervejaria Kombucha estava enfrentando um problema de instabilidade no processo de produ\u00e7\u00e3o, pois usava tanques de fermenta\u00e7\u00e3o para a fermenta\u00e7\u00e3o secund\u00e1ria e depois vendia os produtos em garrafas comuns. Consequentemente, a taxa de contamina\u00e7\u00e3o era muito alta e a produ\u00e7\u00e3o era inst\u00e1vel. Eles mudaram para nossas garrafas de fermenta\u00e7\u00e3o com al\u00e7as e foi quando perceberam que a taxa de contamina\u00e7\u00e3o caiu 38% devido \u00e0 melhor veda\u00e7\u00e3o das garrafas. Os funcion\u00e1rios tamb\u00e9m acharam mais f\u00e1cil colher amostras no mercado de produtores rurais, pois podiam pegar as garrafas pelas al\u00e7as e, assim, a quebra durante o manuseio foi reduzida em 15%. A cervejaria ficou t\u00e3o satisfeita com o desempenho do produto e com o feedback dos clientes que decidiu fazer mais tr\u00eas pedidos, cada um com 100.000 garrafas.<\/p>\n<h2>Sugest\u00f5es de personaliza\u00e7\u00e3o para frascos de fermenta\u00e7\u00e3o<\/h2>\n<p>Torne os frascos de fermenta\u00e7\u00e3o funcionais mais atraentes e com reconhecimento de marca com essas op\u00e7\u00f5es de personaliza\u00e7\u00e3o relacionadas ao produto:<\/p>\n<ul>\n<li><strong>Linhas de capacidade ilustradas:<\/strong> As linhas de volume est\u00e3o claramente marcadas no ombro da garrafa para garantir um volume preciso para cada lote.<\/li>\n<li><strong>Impress\u00e3o em tela de vidro:<\/strong> Os gr\u00e1ficos na garrafa s\u00e3o feitos de material dur\u00e1vel e resistente a produtos qu\u00edmicos, que \u00e9 impresso diretamente no corpo da garrafa e, portanto, \u00e9 capaz de resistir a lavagens e manuseio frequentes.<\/li>\n<li><strong>Al\u00e7as foscas:<\/strong> As al\u00e7as t\u00eam uma apar\u00eancia fosca que \u00e9 adicionada para uma melhor ader\u00eancia e uma experi\u00eancia mais luxuosa.<\/li>\n<li><strong>Logotipo em relevo na parte inferior:<\/strong> Pequeno, em relevo e sutil, o logotipo impresso no fundo da garrafa d\u00e1 ao produto uma apar\u00eancia profissional sem atrapalhar o r\u00f3tulo.<\/li>\n<\/ul>","protected":false},"excerpt":{"rendered":"<p>Durable fermentation bottles with swing top and handle. Clear ferment bottles in 250ml, 350ml, 500ml for brewing, storage, and beverage packaging.<\/p>","protected":false},"featured_media":25629,"template":"","meta":[],"product_brand":[],"product_cat":[132,123,122],"product_tag":[],"class_list":{"0":"post-23792","1":"product","2":"type-product","3":"status-publish","4":"has-post-thumbnail","6":"product_cat-glass-flip-top-bottles","7":"product_cat-custom-glass-bottles","8":"product_cat-custom-glass-packaging","10":"first","11":"instock","12":"shipping-taxable","13":"product-type-simple"},"jetpack_sharing_enabled":true,"_links":{"self":[{"href":"https:\/\/yebodaglass.com\/pt\/wp-json\/wp\/v2\/product\/23792","targetHints":{"allow":["GET"]}}],"collection":[{"href":"https:\/\/yebodaglass.com\/pt\/wp-json\/wp\/v2\/product"}],"about":[{"href":"https:\/\/yebodaglass.com\/pt\/wp-json\/wp\/v2\/types\/product"}],"version-history":[{"count":5,"href":"https:\/\/yebodaglass.com\/pt\/wp-json\/wp\/v2\/product\/23792\/revisions"}],"predecessor-version":[{"id":25615,"href":"https:\/\/yebodaglass.com\/pt\/wp-json\/wp\/v2\/product\/23792\/revisions\/25615"}],"wp:featuredmedia":[{"embeddable":true,"href":"https:\/\/yebodaglass.com\/pt\/wp-json\/wp\/v2\/media\/25629"}],"wp:attachment":[{"href":"https:\/\/yebodaglass.com\/pt\/wp-json\/wp\/v2\/media?parent=23792"}],"wp:term":[{"taxonomy":"product_brand","embeddable":true,"href":"https:\/\/yebodaglass.com\/pt\/wp-json\/wp\/v2\/product_brand?post=23792"},{"taxonomy":"product_cat","embeddable":true,"href":"https:\/\/yebodaglass.com\/pt\/wp-json\/wp\/v2\/product_cat?post=23792"},{"taxonomy":"product_tag","embeddable":true,"href":"https:\/\/yebodaglass.com\/pt\/wp-json\/wp\/v2\/product_tag?post=23792"}],"curies":[{"name":"wp","href":"https:\/\/api.w.org\/{rel}","templated":true}]}}