{"id":23764,"date":"2025-11-14T16:48:27","date_gmt":"2025-11-14T08:48:27","guid":{"rendered":"https:\/\/yebodaglass.com\/?post_type=product&#038;p=23764"},"modified":"2025-11-18T10:21:39","modified_gmt":"2025-11-18T02:21:39","slug":"wholesale-clear-grolsch-bottle-with-swing-top","status":"publish","type":"product","link":"https:\/\/yebodaglass.com\/pt\/wholesale-clear-grolsch-bottle-with-swing-top\/","title":{"rendered":"Atacado Garrafas Grolsch transparentes de 16 oz com tampa girat\u00f3ria"},"content":{"rendered":"<p data-start=\"66\" data-end=\"288\">It\u200d\u200d\u200d\u200d\u200d\u200d\u200d \u00e9 uma garrafa de grolsch feita de vidro transparente com uma tampa de metal com fecho de press\u00e3o e componentes nas cores vermelha e branca. Al\u00e9m de sua utilidade e fechamento herm\u00e9tico, \u00e9 perfeita para o armazenamento de bebidas ou produtos aliment\u00edcios.<\/p>\n<h2>Caracter\u00edsticas do produto<\/h2>\n<ul>\n<li><strong>Material do vidro transparente:<\/strong> Com o vidro transparente, a cor e a quantidade do l\u00edquido podem ser verificadas visualmente sem abrir o recipiente, facilitando assim a identifica\u00e7\u00e3o e a inspe\u00e7\u00e3o do produto.<\/li>\n<li><strong>Design de veda\u00e7\u00e3o com trava de press\u00e3o:<\/strong> A tampa de metal vermelho e branco com fecho de press\u00e3o acoplada ao recipiente oferece excelente veda\u00e7\u00e3o, garantindo o frescor do l\u00edquido em seu interior e, ao mesmo tempo, a tampa pode ser facilmente removida e recolocada.<\/li>\n<li><strong>Design simples e pr\u00e1tico:<\/strong> O frasco tem linhas fluidas e limpas e um estilo minimalista que s\u00e3o esteticamente atraentes e pr\u00e1ticos ao mesmo tempo. Assim, voc\u00ea obt\u00e9m um produto que n\u00e3o \u00e9 apenas f\u00e1cil de manusear, mas tamb\u00e9m de armazenar.<\/li>\n<\/ul>\n<h2 style=\"text-align: left;\">Especifica\u00e7\u00f5es principais<\/h2>\n<table class=\"aligncenter\" style=\"border-collapse: collapse; width: 564.02pt;\" border=\"0\" width=\"752\" cellspacing=\"0\" cellpadding=\"0\">\n<tbody>\n<tr style=\"height: 13.50pt;\">\n<td style=\"height: 13.50pt; width: 115.50pt;\" width=\"154\" height=\"18\">Especifica\u00e7\u00e3o<\/td>\n<td style=\"width: 448.50pt;\" width=\"598\">Detalhes<\/td>\n<\/tr>\n<tr style=\"height: 13.50pt;\">\n<td style=\"height: 13.50pt;\" height=\"18\">Dimens\u00f5es<\/td>\n<td>500 ml (16 on\u00e7as): 8,1 cm \u00d7 22,3 cm<\/td>\n<\/tr>\n<tr style=\"height: 13.50pt;\">\n<td style=\"height: 13.50pt;\" height=\"18\">Material<\/td>\n<td>Vidro transparente de alta clareza<\/td>\n<\/tr>\n<tr style=\"height: 13.50pt;\">\n<td style=\"height: 13.50pt;\" height=\"18\">Sistema de fechamento<\/td>\n<td>Tampas girat\u00f3rias de a\u00e7o inoxid\u00e1vel com tampa vermelha\/branca + gaxeta de grau aliment\u00edcio<\/td>\n<\/tr>\n<tr style=\"height: 13.50pt;\">\n<td style=\"height: 13.50pt;\" height=\"18\">Acabamento do bra\u00e7o<\/td>\n<td>Compat\u00edvel com os kits de arruela e de substitui\u00e7\u00e3o de tampas ez padr\u00e3o<\/td>\n<\/tr>\n<tr style=\"height: 13.50pt;\">\n<td style=\"height: 13.50pt;\" height=\"18\">Ideal para<\/td>\n<td>Kombucha, cerveja, refrigerante, fabrica\u00e7\u00e3o de vinho, t\u00f4nicos fermentados<\/td>\n<\/tr>\n<\/tbody>\n<\/table>\n<h2>Hist\u00f3ria de sucesso: O neg\u00f3cio de refrigerantes artesanais deu a volta por cima<\/h2>\n<p>Uma pequena empresa de refrigerantes estava com problemas devido \u00e0 indisponibilidade do tipo certo de embalagem que pudesse ajud\u00e1-la a refletir a imagem de sua marca como premium. Nossas\u200d\u200d\u200d\u200d\u200d\u200d\u200d\u200d garrafas de 16 oz com tampa basculante foram as escolhidas para embalar seu ginger ale e salsaparrilha exclusivos. As fam\u00edlias ficaram muito satisfeitas com os tamanhos grandes. A perda de carbonata\u00e7\u00e3o durante o armazenamento foi o principal fator que foi reduzido em 43% devido aos lacres herm\u00e9ticos com trava de rosca, o que, consequentemente, minimizou as reclama\u00e7\u00f5es de deteriora\u00e7\u00e3o e aumentou a taxa de recompra em \u200d\u200d\u200d\u200d\u200d\u200d\u200d\u200d52%. Isso levou a muitas conversas positivas por parte da empresa, do consumidor e do c\u00edrculo de distribuidores, resultando em pedidos de 250.000 unidades a cada trimestre nos pontos de distribui\u00e7\u00e3o.<\/p>\n<h2>Ideias de personaliza\u00e7\u00e3o para garrafas Grolsch<\/h2>\n<ul>\n<li><strong>Impress\u00e3o em tela de vidro:<\/strong> Voc\u00ea pode decorar o recipiente de vidro transparente com logotipos de marca v\u00edvidos e imprim\u00edveis ou outros designs que duram muito tempo e s\u00e3o ideais para apresentar a imagem e a identidade da marca.<\/li>\n<li><strong>Marca\u00e7\u00e3o de capacidade em relevo:<\/strong> Deixe a apar\u00eancia profissional do seu recipiente mais pronunciada adicionando um \"16 OZ\" ou \"1 L\" em relevo sutilmente no fundo ou na parte inferior da garrafa.<\/li>\n<li><strong>Anel de veda\u00e7\u00e3o de silicone colorido:<\/strong> Voc\u00ea pode ter um anel de veda\u00e7\u00e3o de silicone que esteja em sintonia com as cores da sua marca, servindo como um detalhe personalizado pequeno, mas bastante percept\u00edvel, quando a tampa \u00e9 fechada.<\/li>\n<li><strong>Pain\u00e9is de etiquetas especiais brilhantes\/foscas:<\/strong> Introduza diferentes texturas de vidro em termos de brilho ou fosco em sua \u00e1rea de adesivos para que seu r\u00f3tulo principal receba a aten\u00e7\u00e3o que merece.<\/li>\n<\/ul>","protected":false},"excerpt":{"rendered":"<p>Garrafas premium de 16 oz com tampa girat\u00f3ria, no formato de uma garrafa Grolsch, com tampa flip de metal para armazenamento seguro e reutiliz\u00e1vel de bebidas. Envio r\u00e1pido. Fornecemos amostras gr\u00e1tis.<\/p>","protected":false},"featured_media":23788,"template":"","meta":[],"product_brand":[],"product_cat":[122,123,132],"product_tag":[],"class_list":{"0":"post-23764","1":"product","2":"type-product","3":"status-publish","4":"has-post-thumbnail","6":"product_cat-custom-glass-packaging","7":"product_cat-custom-glass-bottles","8":"product_cat-glass-flip-top-bottles","10":"first","11":"instock","12":"shipping-taxable","13":"product-type-simple"},"jetpack_sharing_enabled":true,"_links":{"self":[{"href":"https:\/\/yebodaglass.com\/pt\/wp-json\/wp\/v2\/product\/23764","targetHints":{"allow":["GET"]}}],"collection":[{"href":"https:\/\/yebodaglass.com\/pt\/wp-json\/wp\/v2\/product"}],"about":[{"href":"https:\/\/yebodaglass.com\/pt\/wp-json\/wp\/v2\/types\/product"}],"version-history":[{"count":4,"href":"https:\/\/yebodaglass.com\/pt\/wp-json\/wp\/v2\/product\/23764\/revisions"}],"predecessor-version":[{"id":23838,"href":"https:\/\/yebodaglass.com\/pt\/wp-json\/wp\/v2\/product\/23764\/revisions\/23838"}],"wp:featuredmedia":[{"embeddable":true,"href":"https:\/\/yebodaglass.com\/pt\/wp-json\/wp\/v2\/media\/23788"}],"wp:attachment":[{"href":"https:\/\/yebodaglass.com\/pt\/wp-json\/wp\/v2\/media?parent=23764"}],"wp:term":[{"taxonomy":"product_brand","embeddable":true,"href":"https:\/\/yebodaglass.com\/pt\/wp-json\/wp\/v2\/product_brand?post=23764"},{"taxonomy":"product_cat","embeddable":true,"href":"https:\/\/yebodaglass.com\/pt\/wp-json\/wp\/v2\/product_cat?post=23764"},{"taxonomy":"product_tag","embeddable":true,"href":"https:\/\/yebodaglass.com\/pt\/wp-json\/wp\/v2\/product_tag?post=23764"}],"curies":[{"name":"wp","href":"https:\/\/api.w.org\/{rel}","templated":true}]}}