{"id":23742,"date":"2025-11-14T16:48:48","date_gmt":"2025-11-14T08:48:48","guid":{"rendered":"https:\/\/yebodaglass.com\/?post_type=product&#038;p=23742"},"modified":"2026-04-14T16:03:36","modified_gmt":"2026-04-14T08:03:36","slug":"custom-pickle-container-pickles-jars-wholesale","status":"publish","type":"product","link":"https:\/\/yebodaglass.com\/pt\/custom-pickle-container-pickles-jars-wholesale\/","title":{"rendered":"Recipiente de vidro personalizado para picles, de 125 ml a 280 ml (venda por atacado)"},"content":{"rendered":"<p>Cansado de potes de picles que vazam ou escondem seus pepinos? N\u00f3s fabricamos recipientes de vidro para picles \u2014 chega de derramamentos de salmoura! Esses conjuntos de potes transformam seu armazenamento de alimentos em uma declara\u00e7\u00e3o de marca. Pedidos em grande quantidade recebem cores personalizadas para combinar com a sua marca.<\/p>\n<h2>Caracter\u00edsticas do produto<\/h2>\n<ul>\n<li><strong>Thick\u200b\u200d\u200b\u200c\u200d\u200b\u200d\u200c\u200b\u200d\u200b\u200c\u200d\u200b\u200d\u200c Glass Durability: <\/strong>N\u00e3o quebra facilmente \u2014 mant\u00e9m a qualidade das frutas em conserva por v\u00e1rios meses sem perder a cor.<\/li>\n<li><strong>Airtight Metal Lid Seal: <\/strong>Impede a entrada de ar, mantendo o endro, o vinagre e o sabor absolutamente frescos.<\/li>\n<li><strong>Wide Mouth Glass Opening: <\/strong>Pr\u00e1tico para rechear com vegetais \u2014 a fermenta\u00e7\u00e3o pode ser feita sem qualquer sujeira.<\/li>\n<\/ul>\n<h2>Especifica\u00e7\u00f5es principais<\/h2>\n<p>&nbsp;<\/p>\n<table style=\"border-collapse: collapse; width: 80%; margin-left: auto; margin-right: auto;\" border=\"0\" width=\"288\" cellspacing=\"0\" cellpadding=\"0\">\n<tbody>\n<tr style=\"height: 13.50pt;\">\n<td style=\"height: 13.5pt; width: 54pt; text-align: center;\" width=\"72\" height=\"18\">Capacidade (ml)<\/td>\n<td style=\"width: 54pt; text-align: center;\" width=\"72\">Tamanho (cm)<\/td>\n<td style=\"width: 54pt; text-align: center;\" width=\"72\">Tipo de fechamento<\/td>\n<\/tr>\n<tr style=\"height: 13.50pt;\">\n<td style=\"height: 13.5pt; text-align: center;\" height=\"18\">125<\/td>\n<td style=\"text-align: center;\">7.5 x 7.3<\/td>\n<td class=\"et2\" style=\"text-align: center;\" rowspan=\"3\">Rosqueado (Pl\u00e1stico\/Metal)<\/td>\n<\/tr>\n<tr style=\"height: 13.50pt;\">\n<td style=\"height: 13.5pt; text-align: center;\" height=\"18\">180<\/td>\n<td style=\"text-align: center;\">8.0 x 7.7<\/td>\n<\/tr>\n<tr style=\"height: 13.50pt;\">\n<td style=\"height: 13.5pt; text-align: center;\" height=\"18\">280<\/td>\n<td style=\"text-align: center;\">8.2 x 7.9<\/td>\n<\/tr>\n<\/tbody>\n<\/table>\n<h2>Caso de sucesso<\/h2>\n<p>Quando uma marca de alimentos em conserva do Sudeste Asi\u00e1tico decidiu modernizar sua embalagem, escolheu nosso recipiente para picles. O pote transparente e curvo torna o produto visualmente mais atraente, o que contribui para sua visibilidade nas prateleiras; al\u00e9m disso, a melhor veda\u00e7\u00e3o tamb\u00e9m ajudou a reduzir em 30% a taxa de quebra durante o transporte.<\/p>\n<p>As vendas da linha de vegetais em conserva da marca aumentaram 22% nos tr\u00eas meses seguintes ao lan\u00e7amento do novo produto, dobrando assim a exposi\u00e7\u00e3o da marca e a expans\u00e3o dos canais de distribui\u00e7\u00e3o.<\/p>\n<h2>Seu guia de personaliza\u00e7\u00e3o para o recipiente de picles<\/h2>\n<ol>\n<li><strong>Capacidades personaliz\u00e1veis:<\/strong> Est\u00e3o dispon\u00edveis tampas de diferentes tamanhos, do pequeno ao grande, para acomodar v\u00e1rios tipos de condimentos (frutas inteiras, fatias ou ingredientes triturados), tornando assim a linha de produtos mais completa.<\/li>\n<li><strong>Material e cor da tampa selecion\u00e1veis:<\/strong> Est\u00e3o dispon\u00edveis tampas personaliz\u00e1veis \u200b\u200bde metal, pl\u00e1stico ou \u00e0 prova de explos\u00e3o, com acabamentos de pintura multicolorida em prata, preto e dourado, \u00e0 sua escolha.<\/li>\n<li><strong>Etiquetas personalizadas e relevo:<\/strong> Permite a personaliza\u00e7\u00e3o do logotipo da marca na garrafa e oferece materiais para r\u00f3tulos resistentes a \u00f3leo e umidade, tornando-se, assim, mais profissional e dur\u00e1vel na apar\u00eancia.<\/li>\n<\/ol>","protected":false},"excerpt":{"rendered":"<p>Recipiente de vidro dur\u00e1vel para picles para f\u00e1bricas de alimentos; e o pote de picles suporta pedidos a granel, embalagens com r\u00f3tulos personalizados para produtos fermentados ou conservados.<\/p>","protected":false},"featured_media":23743,"template":"","meta":[],"product_brand":[],"product_cat":[133,124,122],"product_tag":[],"class_list":{"0":"post-23742","1":"product","2":"type-product","3":"status-publish","4":"has-post-thumbnail","6":"product_cat-pickle-jars","7":"product_cat-custom-glass-jars","8":"product_cat-custom-glass-packaging","10":"first","11":"instock","12":"shipping-taxable","13":"product-type-simple"},"jetpack_sharing_enabled":true,"_links":{"self":[{"href":"https:\/\/yebodaglass.com\/pt\/wp-json\/wp\/v2\/product\/23742","targetHints":{"allow":["GET"]}}],"collection":[{"href":"https:\/\/yebodaglass.com\/pt\/wp-json\/wp\/v2\/product"}],"about":[{"href":"https:\/\/yebodaglass.com\/pt\/wp-json\/wp\/v2\/types\/product"}],"version-history":[{"count":5,"href":"https:\/\/yebodaglass.com\/pt\/wp-json\/wp\/v2\/product\/23742\/revisions"}],"predecessor-version":[{"id":25784,"href":"https:\/\/yebodaglass.com\/pt\/wp-json\/wp\/v2\/product\/23742\/revisions\/25784"}],"wp:featuredmedia":[{"embeddable":true,"href":"https:\/\/yebodaglass.com\/pt\/wp-json\/wp\/v2\/media\/23743"}],"wp:attachment":[{"href":"https:\/\/yebodaglass.com\/pt\/wp-json\/wp\/v2\/media?parent=23742"}],"wp:term":[{"taxonomy":"product_brand","embeddable":true,"href":"https:\/\/yebodaglass.com\/pt\/wp-json\/wp\/v2\/product_brand?post=23742"},{"taxonomy":"product_cat","embeddable":true,"href":"https:\/\/yebodaglass.com\/pt\/wp-json\/wp\/v2\/product_cat?post=23742"},{"taxonomy":"product_tag","embeddable":true,"href":"https:\/\/yebodaglass.com\/pt\/wp-json\/wp\/v2\/product_tag?post=23742"}],"curies":[{"name":"wp","href":"https:\/\/api.w.org\/{rel}","templated":true}]}}