{"id":23732,"date":"2025-11-14T15:47:14","date_gmt":"2025-11-14T07:47:14","guid":{"rendered":"https:\/\/yebodaglass.com\/?post_type=product&#038;p=23732"},"modified":"2025-11-14T17:05:53","modified_gmt":"2025-11-14T09:05:53","slug":"wholesale-brown-grolsch-beer-bottles-with-swing-top","status":"publish","type":"product","link":"https:\/\/yebodaglass.com\/pt\/wholesale-brown-grolsch-beer-bottles-with-swing-top\/","title":{"rendered":"Garrafas de cerveja Grolsch marrons para atacado, com tampa de press\u00e3o, 485ml e 500ml"},"content":{"rendered":"<p data-start=\"66\" data-end=\"288\">As garrafas de cerveja Grolsch, fabricadas em vidro \u00e2mbar e dispon\u00edveis em dois tamanhos, s\u00e3o recipientes perfeitos para l\u00edquidos ou cerveja.<\/p>\n<h2>Caracter\u00edsticas do produto<\/h2>\n<ul>\n<li><strong>Material do vidro marrom:<\/strong> O vidro marrom \u00e9 um material ideal para prote\u00e7\u00e3o contra a luz e tamb\u00e9m confere ao produto um aspecto antigo.<\/li>\n<li><strong>Veda\u00e7\u00e3o por press\u00e3o:<\/strong> A tampa de press\u00e3o met\u00e1lica vermelha e branca \u00e9 a parte que veda essas garrafas, o que as torna compat\u00edveis com a conserva\u00e7\u00e3o do frescor por um longo per\u00edodo e proporciona acesso r\u00e1pido aos usu\u00e1rios.<\/li>\n<li><strong>Diferentes op\u00e7\u00f5es de tampa:<\/strong> A garrafa pode ser fornecida sem tampa (com sistema de press\u00e3o) ou com uma tampa de coroa dourada, oferecendo uma op\u00e7\u00e3o diferente e aumentando a versatilidade do produto.<\/li>\n<\/ul>\n<h2 style=\"text-align: left;\">Especifica\u00e7\u00f5es principais<\/h2>\n<table class=\"aligncenter\" style=\"border-collapse: collapse; width: 541.52pt;\" border=\"0\" width=\"722\" cellspacing=\"0\" cellpadding=\"0\">\n<tbody>\n<tr style=\"height: 13.50pt;\">\n<td style=\"height: 13.50pt; width: 119.25pt;\" width=\"159\" height=\"18\">Caracter\u00edsticas<\/td>\n<td style=\"width: 422.25pt;\" width=\"563\">Descrever<\/td>\n<\/tr>\n<tr style=\"height: 13.50pt;\">\n<td style=\"height: 13.50pt;\" height=\"18\">Capacidade<\/td>\n<td>485ml\/500ml<\/td>\n<\/tr>\n<tr style=\"height: 13.50pt;\">\n<td style=\"height: 13.50pt;\" height=\"18\">Dimens\u00f5es<\/td>\n<td>7,75 cm \u00d7 22,6 cm\/8,1 cm \u00d7 22,3 cm<\/td>\n<\/tr>\n<tr style=\"height: 13.50pt;\">\n<td style=\"height: 13.50pt;\" height=\"18\">Material<\/td>\n<td>Vidro marrom de paredes grossas (bloqueio UV)<\/td>\n<\/tr>\n<tr style=\"height: 13.50pt;\">\n<td style=\"height: 13.50pt;\" height=\"18\">Tipo de fechamento<\/td>\n<td>Tampas basculantes em a\u00e7o inoxid\u00e1vel com batente vermelho\/branco ou dourado.<\/td>\n<\/tr>\n<tr style=\"height: 13.50pt;\">\n<td style=\"height: 13.50pt;\" height=\"18\">Material da junta<\/td>\n<td>Borracha de qualidade alimentar (padr\u00e3o) ou op\u00e7\u00e3o de silicone.<\/td>\n<\/tr>\n<tr style=\"height: 13.50pt;\">\n<td style=\"height: 13.50pt;\" height=\"18\">Ideal para<\/td>\n<td>Fabrica\u00e7\u00e3o de cerveja, vinagre, refrigerante, vinho, bebidas artesanais<\/td>\n<\/tr>\n<\/tbody>\n<\/table>\n<h2>Hist\u00f3ria de sucesso: Expans\u00e3o de cervejaria artesanal<\/h2>\n<p>A cervejaria artesanal do bairro, que produz principalmente cervejas do tipo belga, buscava um m\u00e9todo de embalagem que comunicasse visualmente a qualidade de seus produtos. Para o primeiro lote da cerveja, eles optaram por usar nossas garrafas de vidro \u00e2mbar com tampa de rosca. Como resultado do uso do vidro resistente aos raios UV, a altera\u00e7\u00e3o no sabor da cerveja devido ao armazenamento foi reduzida em 43%, e, consequentemente, o volume de pedidos aumentou em 40%. Isso levou a cervejaria a adotar essas garrafas com tampa de rosca como embalagem padr\u00e3o, mantendo os pedidos por tr\u00eas trimestres consecutivos.<\/p>\n<h2>Sugest\u00f5es de personaliza\u00e7\u00e3o para garrafas de cerveja Grolsch<\/h2>\n<ul>\n<li><strong>Cor da tampa personalizada:<\/strong> Fa\u00e7a com que a tampa de cer\u00e2mica tenha a cor da sua marca (por exemplo, dourada, branca ou preta) e seja reconhecida imediatamente.<\/li>\n<li><strong>Logotipo impresso:<\/strong> Imprima fisicamente seu logotipo na garrafa de vidro \u00e2mbar e experimente o encantamento de seus clientes ao tocarem na garrafa e sentirem a diferen\u00e7a.<\/li>\n<li><strong>Marcas gravadas com \u00e1cido:<\/strong> Imprima um logotipo ou design elegante na garrafa usando a t\u00e9cnica de corros\u00e3o \u00e1cida, que integra permanentemente sua marca ao produto.<\/li>\n<li><strong>Juntas de silicone coloridas:<\/strong> Juntas de silicone coloridas na cor da sua marca podem ser usadas para um detalhe personalizado pequeno, por\u00e9m muito eficaz, que chamar\u00e1 a aten\u00e7\u00e3o.<\/li>\n<\/ul>","protected":false},"excerpt":{"rendered":"<p>Garrafas de cerveja grolsch com estilo e charme vintage - nossas garrafas de vidro marrom com tampa basculante combinam durabilidade e praticidade. Vendas diretas da f\u00e1brica, envio r\u00e1pido.<\/p>","protected":false},"featured_media":23751,"template":"","meta":[],"product_brand":[],"product_cat":[122,123,132],"product_tag":[],"class_list":{"0":"post-23732","1":"product","2":"type-product","3":"status-publish","4":"has-post-thumbnail","6":"product_cat-custom-glass-packaging","7":"product_cat-custom-glass-bottles","8":"product_cat-glass-flip-top-bottles","10":"first","11":"instock","12":"shipping-taxable","13":"product-type-simple"},"jetpack_sharing_enabled":true,"_links":{"self":[{"href":"https:\/\/yebodaglass.com\/pt\/wp-json\/wp\/v2\/product\/23732","targetHints":{"allow":["GET"]}}],"collection":[{"href":"https:\/\/yebodaglass.com\/pt\/wp-json\/wp\/v2\/product"}],"about":[{"href":"https:\/\/yebodaglass.com\/pt\/wp-json\/wp\/v2\/types\/product"}],"version-history":[{"count":5,"href":"https:\/\/yebodaglass.com\/pt\/wp-json\/wp\/v2\/product\/23732\/revisions"}],"predecessor-version":[{"id":23758,"href":"https:\/\/yebodaglass.com\/pt\/wp-json\/wp\/v2\/product\/23732\/revisions\/23758"}],"wp:featuredmedia":[{"embeddable":true,"href":"https:\/\/yebodaglass.com\/pt\/wp-json\/wp\/v2\/media\/23751"}],"wp:attachment":[{"href":"https:\/\/yebodaglass.com\/pt\/wp-json\/wp\/v2\/media?parent=23732"}],"wp:term":[{"taxonomy":"product_brand","embeddable":true,"href":"https:\/\/yebodaglass.com\/pt\/wp-json\/wp\/v2\/product_brand?post=23732"},{"taxonomy":"product_cat","embeddable":true,"href":"https:\/\/yebodaglass.com\/pt\/wp-json\/wp\/v2\/product_cat?post=23732"},{"taxonomy":"product_tag","embeddable":true,"href":"https:\/\/yebodaglass.com\/pt\/wp-json\/wp\/v2\/product_tag?post=23732"}],"curies":[{"name":"wp","href":"https:\/\/api.w.org\/{rel}","templated":true}]}}