{"id":23714,"date":"2025-11-14T14:43:57","date_gmt":"2025-11-14T06:43:57","guid":{"rendered":"https:\/\/yebodaglass.com\/?post_type=product&#038;p=23714"},"modified":"2025-11-14T15:28:06","modified_gmt":"2025-11-14T07:28:06","slug":"wholesale-32-oz-flip-top-bottles-with-tapered-shape","status":"publish","type":"product","link":"https:\/\/yebodaglass.com\/pt\/wholesale-32-oz-flip-top-bottles-with-tapered-shape\/","title":{"rendered":"Garrafas Flip Top de 16 oz e 32 oz com formato c\u00f4nico para atacado."},"content":{"rendered":"<p data-start=\"66\" data-end=\"288\">Estas garrafas de 946 ml (32 oz) com tampa flip-top s\u00e3o feitas de vidro transparente e possuem dois designs c\u00f4nicos elegantes. Com a ajuda de clipes de metal pretos ou verde-claros, elas podem manter o frescor dos seus l\u00edquidos e tamb\u00e9m torn\u00e1-los seguros.<\/p>\n<h2>Caracter\u00edsticas do produto<\/h2>\n<ul>\n<li><strong>Veda\u00e7\u00e3o de encaixe:<\/strong> As garrafas s\u00e3o equipadas com rolhas de encaixe que s\u00e3o fixadas por clipes met\u00e1licos. Isso proporciona uma veda\u00e7\u00e3o eficaz, mantendo o frescor do conte\u00fado e facilitando a abertura e o fechamento.<\/li>\n<li><strong>M\u00faltiplas formas c\u00f4nicas:<\/strong> O design \u00fanico e moderno das garrafas torna-as mais reconhec\u00edveis pelos consumidores e proporciona uma pega mais confort\u00e1vel. Al\u00e9m disso, est\u00e3o dispon\u00edveis em formatos c\u00f4nicos e alongados.<\/li>\n<li><strong>Dois tamanhos, dois estilos:<\/strong> Existem dois tipos de produtos, cada um com dois tamanhos diferentes e tampa preta ou verde-clara para atender a diferentes prefer\u00eancias est\u00e9ticas e cen\u00e1rios de uso.<\/li>\n<\/ul>\n<h2 style=\"text-align: left;\">Especifica\u00e7\u00f5es principais<\/h2>\n<table class=\"aligncenter\" width=\"741\">\n<tbody>\n<tr>\n<td width=\"159\">Recurso<\/td>\n<td width=\"582\">Detalhes<\/td>\n<\/tr>\n<tr>\n<td>Material<\/td>\n<td>Vidro transparente de alta clareza<\/td>\n<\/tr>\n<tr>\n<td>Dimens\u00f5es<\/td>\n<td>16 oz (500 ml): 8 cm \u00d7 23 cm \/ 32 oz (1000 ml): 10 cm \u00d7 29 cm<\/td>\n<\/tr>\n<tr>\n<td>Tipo de fechamento<\/td>\n<td>Tampa articulada com al\u00e7a de a\u00e7o inoxid\u00e1vel + rolha colorida (Personaliz\u00e1vel)<\/td>\n<\/tr>\n<tr>\n<td>Op\u00e7\u00f5es de juntas<\/td>\n<td>Borracha ou silicone de qualidade alimentar<\/td>\n<\/tr>\n<tr>\n<td>Desempenho da veda\u00e7\u00e3o<\/td>\n<td>Herm\u00e9tico, \u00e0 prova de vazamentos, suporta carbonata\u00e7\u00e3o e conte\u00fado \u00e1cido.<\/td>\n<\/tr>\n<tr>\n<td>Ideal para<\/td>\n<td>Kombucha, refrigerante, vinagre, fabrica\u00e7\u00e3o de cerveja, artesanal<\/td>\n<\/tr>\n<\/tbody>\n<\/table>\n<h2>Caso de sucesso: aprimorando a imagem da marca de cerveja artesanal.<\/h2>\n<p>A embalagem de uma startup produtora de caf\u00e9 gelado artesanal e kombucha foi o principal ponto que a empresa precisava considerar para refletir o conceito moderno da marca. Eles decidiram trocar as garrafas tradicionais por nossas garrafas de vidro de 473 ml (16 oz). O design inovador das garrafas permite que seus produtos se destaquem em prateleiras lotadas, e os varejistas observaram um aumento de 20% nas compras pela primeira vez. As taxas de recompra aumentaram 39%, j\u00e1 que os clientes apreciam o design reutiliz\u00e1vel e a est\u00e9tica das garrafas. O n\u00famero de pedidos de garrafas chega a 150.000 por trimestre atualmente.<\/p>\n<h2>Sugest\u00f5es de personaliza\u00e7\u00e3o para garrafas flip-top de 946 ml (32 oz)<\/h2>\n<ul>\n<li><strong>Cor exclusiva da tampa:<\/strong> Crie um visual \u00fanico selecionando a cor da sua tampa de cer\u00e2mica entre uma ampla gama de op\u00e7\u00f5es, como preto ou verde claro, que s\u00e3o mostradas na foto.<\/li>\n<li><strong>Superf\u00edcie de vidro fosco:<\/strong> O acabamento totalmente fosco \u00e9 uma \u00f3tima alternativa \u00e0 garrafa de vidro transparente, pois n\u00e3o s\u00f3 proporciona uma sensa\u00e7\u00e3o suave e sofisticada de mate, como tamb\u00e9m oferece uma superf\u00edcie resistente a impress\u00f5es digitais.<\/li>\n<li><strong>Serigrafia brilhante:<\/strong> Imprima logotipos e gr\u00e1ficos n\u00edtidos e vibrantes da marca no contorno da garrafa para uma imagem de marca duradoura e atraente.<\/li>\n<li><strong>Marca\u00e7\u00f5es de capacidade gravadas com \u00e1cido:<\/strong> D\u00ea um toque de sofistica\u00e7\u00e3o \u00e0 sua garrafa com marca\u00e7\u00f5es de capacidade em relevo ou gravadas em \u00e1cido. Por exemplo, as gradua\u00e7\u00f5es de 16 oz e 32 oz n\u00e3o s\u00f3 facilitam a identifica\u00e7\u00e3o da capacidade, como tamb\u00e9m conferem um toque de eleg\u00e2ncia ao design da garrafa.<\/li>\n<\/ul>","protected":false},"excerpt":{"rendered":"<p>Escolha garrafas de vidro premium de 473 ml (16 oz) e garrafas resistentes de 946 ml (32 oz) com tampa flip-top para versatilidade e excelente conserva\u00e7\u00e3o. Vendas direto da f\u00e1brica, amostras gr\u00e1tis dispon\u00edveis.<\/p>","protected":false},"featured_media":23725,"template":"","meta":[],"product_brand":[],"product_cat":[122,123,132],"product_tag":[],"class_list":{"0":"post-23714","1":"product","2":"type-product","3":"status-publish","4":"has-post-thumbnail","6":"product_cat-custom-glass-packaging","7":"product_cat-custom-glass-bottles","8":"product_cat-glass-flip-top-bottles","10":"first","11":"instock","12":"shipping-taxable","13":"product-type-simple"},"jetpack_sharing_enabled":true,"_links":{"self":[{"href":"https:\/\/yebodaglass.com\/pt\/wp-json\/wp\/v2\/product\/23714","targetHints":{"allow":["GET"]}}],"collection":[{"href":"https:\/\/yebodaglass.com\/pt\/wp-json\/wp\/v2\/product"}],"about":[{"href":"https:\/\/yebodaglass.com\/pt\/wp-json\/wp\/v2\/types\/product"}],"version-history":[{"count":2,"href":"https:\/\/yebodaglass.com\/pt\/wp-json\/wp\/v2\/product\/23714\/revisions"}],"predecessor-version":[{"id":23729,"href":"https:\/\/yebodaglass.com\/pt\/wp-json\/wp\/v2\/product\/23714\/revisions\/23729"}],"wp:featuredmedia":[{"embeddable":true,"href":"https:\/\/yebodaglass.com\/pt\/wp-json\/wp\/v2\/media\/23725"}],"wp:attachment":[{"href":"https:\/\/yebodaglass.com\/pt\/wp-json\/wp\/v2\/media?parent=23714"}],"wp:term":[{"taxonomy":"product_brand","embeddable":true,"href":"https:\/\/yebodaglass.com\/pt\/wp-json\/wp\/v2\/product_brand?post=23714"},{"taxonomy":"product_cat","embeddable":true,"href":"https:\/\/yebodaglass.com\/pt\/wp-json\/wp\/v2\/product_cat?post=23714"},{"taxonomy":"product_tag","embeddable":true,"href":"https:\/\/yebodaglass.com\/pt\/wp-json\/wp\/v2\/product_tag?post=23714"}],"curies":[{"name":"wp","href":"https:\/\/api.w.org\/{rel}","templated":true}]}}