{"id":23709,"date":"2025-11-14T15:58:45","date_gmt":"2025-11-14T07:58:45","guid":{"rendered":"https:\/\/yebodaglass.com\/?post_type=product&#038;p=23709"},"modified":"2026-03-11T15:12:59","modified_gmt":"2026-03-11T07:12:59","slug":"clear-glass-large-pickle-jars-with-metal-lids-bulk","status":"publish","type":"product","link":"https:\/\/yebodaglass.com\/pt\/clear-glass-large-pickle-jars-with-metal-lids-bulk\/","title":{"rendered":"Potes de vidro transparente grandes para conservas com tampas de metal - Pacote com 2 unidades"},"content":{"rendered":"<p>Este \u00e9 um grande frasco para picles com formato cil\u00edndrico de boca larga, feito de vidro transparente, dur\u00e1vel e com uma tampa de rosca met\u00e1lica prateada que garante veda\u00e7\u00e3o herm\u00e9tica, tornando-o ideal para fermentar e conservar picles, marinadas e compotas.<\/p>\n<h2>Caracter\u00edsticas do produto<\/h2>\n<ul>\n<li><strong>Design cl\u00e1ssico de boca larga:<\/strong> A boca larga facilita o enchimento, o acondicionamento e a limpeza, o que \u00e9 essencial no processo de envase e fermenta\u00e7\u00e3o.<\/li>\n<li><strong>Lacre met\u00e1lico de seguran\u00e7a:<\/strong> A tampa de rosca de metal prateado serve para manter os alimentos hermeticamente fechados, prevenindo a fermenta\u00e7\u00e3o e ajudando a conservar o frescor.<\/li>\n<li><strong>Transparente:<\/strong> Gra\u00e7as ao vidro transparente, \u00e9 f\u00e1cil observar os alimentos no frasco, a quantidade de salmoura e o processo de fermenta\u00e7\u00e3o.<\/li>\n<\/ul>\n<h2>Especifica\u00e7\u00f5es principais<\/h2>\n<table style=\"border-collapse: collapse; width: 80%; margin-left: auto; margin-right: auto;\" border=\"0\" width=\"288\" cellspacing=\"0\" cellpadding=\"0\">\n<tbody>\n<tr style=\"height: 13.50pt;\">\n<td style=\"height: 13.5pt; width: 54pt; text-align: center;\" width=\"72\" height=\"18\">Capacidade (ml)<\/td>\n<td style=\"width: 54pt; text-align: center;\" width=\"72\">Tamanho (cm)<\/td>\n<td style=\"width: 54pt; text-align: center;\" width=\"72\">Tratamento de superf\u00edcie<\/td>\n<td style=\"width: 54pt; text-align: center;\" width=\"72\">Forma<\/td>\n<\/tr>\n<tr style=\"height: 13.50pt;\">\n<td style=\"height: 13.5pt; text-align: center;\" height=\"18\">750<\/td>\n<td style=\"text-align: center;\">9,3 x 15,1<\/td>\n<td class=\"et2\" style=\"text-align: center;\" rowspan=\"3\">Pintura com spray, entalhe, relevo, etc.<\/td>\n<td class=\"et2\" style=\"text-align: center;\" rowspan=\"3\">Redondo<\/td>\n<\/tr>\n<tr style=\"height: 13.50pt;\">\n<td style=\"height: 13.5pt; text-align: center;\" height=\"18\">950<\/td>\n<td style=\"text-align: center;\">9,1 x 18,8<\/td>\n<\/tr>\n<tr style=\"height: 13.50pt;\">\n<td style=\"height: 13.5pt; text-align: center;\" height=\"18\">1500<\/td>\n<td style=\"text-align: center;\">10,5 x 20,4<\/td>\n<\/tr>\n<\/tbody>\n<\/table>\n<h2>Caso de sucesso: Encomenda personalizada da marca Fermentation no Noroeste do Pac\u00edfico<\/h2>\n<p>Nosso pote de picles foi escolhido por uma empresa profissional de fermenta\u00e7\u00e3o nas Am\u00e9ricas, que o personalizou com vidro \u00e2mbar e uma tampa de metal preto fosco com um anel de veda\u00e7\u00e3o de borracha embutido. Este design personalizado resolveu um grande desafio: o vidro \u00e2mbar reduz a penetra\u00e7\u00e3o de luz, o que impede o crescimento de algas e, consequentemente, diminui a taxa de deteriora\u00e7\u00e3o em 18%. A veda\u00e7\u00e3o de alta qualidade da tampa aumentou ainda mais a vida \u00fatil dos picles em um quarto. Os resultados foram excelentes e eles fizeram um novo pedido de 80.000 potes para facilitar a expans\u00e3o em lojas de varejo em todo o pa\u00eds.<\/p>\n<h2>Recomenda\u00e7\u00f5es para personaliza\u00e7\u00e3o de potes grandes de picles<\/h2>\n<ul>\n<li>Vidro opaco: dispon\u00edvel em frascos de vidro \u00e2mbar ou verde para conservar alimentos fermentados e em conserva sens\u00edveis \u00e0 luz.<\/li>\n<li>Sistemas especiais de tampa: est\u00e3o dispon\u00edveis tampas com juntas de borracha integradas, v\u00e1lvulas de fermenta\u00e7\u00e3o ou paredes internas revestidas de pl\u00e1stico para evitar a corros\u00e3o por \u00e1cidos e sais.<\/li>\n<li>Formatos de potes personalizados: Recondicionamento de potes cil\u00edndricos tradicionais em potes quadrados ou retangulares, que ser\u00e3o mais eficientes para exposi\u00e7\u00e3o em prateleiras e para embalagem.<\/li>\n<\/ul>","protected":false},"excerpt":{"rendered":"<p>Pote para picles com boca larga para facilitar o enchimento e a limpeza. Pote grande e confi\u00e1vel, ideal para conservas caseiras e armazenamento na cozinha. Envio r\u00e1pido.<\/p>","protected":false},"featured_media":23740,"template":"","meta":[],"product_brand":[],"product_cat":[122,124,133],"product_tag":[],"class_list":{"0":"post-23709","1":"product","2":"type-product","3":"status-publish","4":"has-post-thumbnail","6":"product_cat-custom-glass-packaging","7":"product_cat-custom-glass-jars","8":"product_cat-pickle-jars","10":"first","11":"instock","12":"shipping-taxable","13":"product-type-simple"},"jetpack_sharing_enabled":true,"_links":{"self":[{"href":"https:\/\/yebodaglass.com\/pt\/wp-json\/wp\/v2\/product\/23709","targetHints":{"allow":["GET"]}}],"collection":[{"href":"https:\/\/yebodaglass.com\/pt\/wp-json\/wp\/v2\/product"}],"about":[{"href":"https:\/\/yebodaglass.com\/pt\/wp-json\/wp\/v2\/types\/product"}],"version-history":[{"count":5,"href":"https:\/\/yebodaglass.com\/pt\/wp-json\/wp\/v2\/product\/23709\/revisions"}],"predecessor-version":[{"id":25378,"href":"https:\/\/yebodaglass.com\/pt\/wp-json\/wp\/v2\/product\/23709\/revisions\/25378"}],"wp:featuredmedia":[{"embeddable":true,"href":"https:\/\/yebodaglass.com\/pt\/wp-json\/wp\/v2\/media\/23740"}],"wp:attachment":[{"href":"https:\/\/yebodaglass.com\/pt\/wp-json\/wp\/v2\/media?parent=23709"}],"wp:term":[{"taxonomy":"product_brand","embeddable":true,"href":"https:\/\/yebodaglass.com\/pt\/wp-json\/wp\/v2\/product_brand?post=23709"},{"taxonomy":"product_cat","embeddable":true,"href":"https:\/\/yebodaglass.com\/pt\/wp-json\/wp\/v2\/product_cat?post=23709"},{"taxonomy":"product_tag","embeddable":true,"href":"https:\/\/yebodaglass.com\/pt\/wp-json\/wp\/v2\/product_tag?post=23709"}],"curies":[{"name":"wp","href":"https:\/\/api.w.org\/{rel}","templated":true}]}}