{"id":23693,"date":"2025-11-14T13:16:17","date_gmt":"2025-11-14T05:16:17","guid":{"rendered":"https:\/\/yebodaglass.com\/?post_type=product&#038;p=23693"},"modified":"2026-03-26T13:59:14","modified_gmt":"2026-03-26T05:59:14","slug":"wholesale-clear-flip-top-glass-bottles-1-liter","status":"publish","type":"product","link":"https:\/\/yebodaglass.com\/pt\/wholesale-clear-flip-top-glass-bottles-1-liter\/","title":{"rendered":"Garrafas de vidro transparentes com tampa flip-top, 1 litro, para atacado."},"content":{"rendered":"<p data-start=\"66\" data-end=\"288\">As garrafas de vidro de 1 litro com tampa flip-top t\u00eam um formato cil\u00edndrico alto e reto, sendo feitas de vidro cristalino. A tradicional fivela articulada de arame met\u00e1lico na tampa fixa firmemente a rolha de cer\u00e2mica ou pl\u00e1stico vermelha e branca, que possui uma junta de borracha para formar uma veda\u00e7\u00e3o herm\u00e9tica e resistente.<\/p>\n<h2>Caracter\u00edsticas do produto<\/h2>\n<ul>\n<li><strong>Grande capacidade de 1 litro:<\/strong> O tamanho grande \u00e9 \u00f3timo para preparar bebidas em grande quantidade, para infus\u00f5es e pode ser usado como uma garrafa de \u00e1gua comum.<\/li>\n<li><strong>Tampa articulada selada:<\/strong> O anel de veda\u00e7\u00e3o e a fivela met\u00e1lica proporcionam uma veda\u00e7\u00e3o herm\u00e9tica que permite que o produto conserve o frescor do seu conte\u00fado e impede o vazamento de bebidas gaseificadas.<\/li>\n<li><strong>Vidro transparente Widesight:<\/strong> \u00c9 poss\u00edvel ver facilmente atrav\u00e9s da garrafa transparente: o n\u00edvel e a clareza do l\u00edquido.<\/li>\n<\/ul>\n<h2 style=\"text-align: left;\">Especifica\u00e7\u00f5es principais<\/h2>\n<table class=\"aligncenter\" style=\"border-collapse: collapse; width: 476.27pt;\" border=\"0\" width=\"635\" cellspacing=\"0\" cellpadding=\"0\">\n<tbody>\n<tr style=\"height: 13.50pt;\">\n<td style=\"height: 13.50pt; width: 119.25pt;\" width=\"159\" height=\"18\">Especifica\u00e7\u00e3o<\/td>\n<td style=\"width: 357.00pt;\" width=\"476\">Detalhes<\/td>\n<\/tr>\n<tr style=\"height: 13.50pt;\">\n<td style=\"height: 13.50pt;\" height=\"18\">Capacidade<\/td>\n<td>1 litro (32 on\u00e7as)<\/td>\n<\/tr>\n<tr style=\"height: 13.50pt;\">\n<td style=\"height: 13.50pt;\" height=\"18\">Dimens\u00f5es<\/td>\n<td>8,7 cm \u00d7 29,6 cm<\/td>\n<\/tr>\n<tr style=\"height: 13.50pt;\">\n<td style=\"height: 13.50pt;\" height=\"18\">Material<\/td>\n<td>Vidro transparente de alta clareza, pr\u00f3prio para contato com alimentos.<\/td>\n<\/tr>\n<tr style=\"height: 13.50pt;\">\n<td style=\"height: 13.50pt;\" height=\"18\">Di\u00e2metro interno do pesco\u00e7o<\/td>\n<td>2 cm<\/td>\n<\/tr>\n<tr style=\"height: 13.50pt;\">\n<td style=\"height: 13.50pt;\" height=\"18\">Tipo de fechamento<\/td>\n<td>Tampa articulada com trava em vermelho + al\u00e7a de a\u00e7o inoxid\u00e1vel<\/td>\n<\/tr>\n<tr style=\"height: 13.50pt;\">\n<td style=\"height: 13.50pt;\" height=\"18\">Op\u00e7\u00f5es de juntas<\/td>\n<td>Borracha padr\u00e3o<\/td>\n<\/tr>\n<tr style=\"height: 13.50pt;\">\n<td style=\"height: 13.50pt;\" height=\"18\">Ideal para<\/td>\n<td>Kombucha, refrigerante, vinagre, fabrica\u00e7\u00e3o de cerveja, produ\u00e7\u00e3o de vinho.<\/td>\n<\/tr>\n<\/tbody>\n<\/table>\n<h2>Hist\u00f3ria de sucesso<\/h2>\n<p>Nossas garrafas de vidro transparente de 1 litro foram escolhidas por uma gigante empresa de sucos prensados \u200b\u200ba frio na Calif\u00f3rnia, e as marca\u00e7\u00f5es indicando a capacidade s\u00e3o impressas em serigrafia e personalizadas para a empresa. Garrafas feitas sob medida foram utilizadas para solucionar alguns dos principais desafios operacionais: a tampa herm\u00e9tica e o tamanho generoso prolongaram a vida \u00fatil dos sucos n\u00e3o pasteurizados em 30 anos, minimizaram a deteriora\u00e7\u00e3o e permitiram que os sucos, com suas cores vibrantes, fossem melhor exibidos nas garrafas de vidro. A empresa afirma ter experimentado um crescimento de 20% nas vendas diretas para cafeterias. Com base nesse sucesso, fizeram um novo pedido de 650.000 garrafas para lan\u00e7ar uma nova categoria de bebidas funcionais para a sa\u00fade.<\/p>\n<h2>Recomenda\u00e7\u00f5es para personalizar garrafas de vidro transparente<\/h2>\n<ul>\n<li>Fivelas e acabamentos de rolhas: A marca pode ser personalizada com diversos acabamentos (cobre, lat\u00e3o, preto fosco) e rolhas em v\u00e1rias cores.<\/li>\n<li>Vidro colorido resistente aos raios UV: garrafas cil\u00edndricas de 1 litro feitas de vidro \u00e2mbar ou verde s\u00e3o produzidas para proteger bebidas sens\u00edveis \u00e0 luz, como kombucha, cerveja ou alguns \u00f3leos.<\/li>\n<li>Design retangular: A garrafa de 1 litro tem um formato retangular que economiza espa\u00e7o na geladeira e facilita o empilhamento nas prateleiras.<\/li>\n<li>Capa\/Protetor de Silicone: Esta capa de silicone remov\u00edvel e antiderrapante protege a metade inferior da garrafa contra impactos, isola termicamente a garrafa e proporciona melhor ader\u00eancia.<\/li>\n<\/ul>","protected":false},"excerpt":{"rendered":"<p>Garrafas de vidro transparente dur\u00e1veis \u200b\u200be garrafas de vidro premium com tampa flip-top de 1 litro, perfeitas para bebidas e armazenamento. Design cristalino com veda\u00e7\u00e3o herm\u00e9tica. Amostras gr\u00e1tis.<\/p>","protected":false},"featured_media":23704,"template":"","meta":[],"product_brand":[],"product_cat":[132,123,122],"product_tag":[],"class_list":{"0":"post-23693","1":"product","2":"type-product","3":"status-publish","4":"has-post-thumbnail","6":"product_cat-glass-flip-top-bottles","7":"product_cat-custom-glass-bottles","8":"product_cat-custom-glass-packaging","10":"first","11":"instock","12":"shipping-taxable","13":"product-type-simple"},"jetpack_sharing_enabled":true,"_links":{"self":[{"href":"https:\/\/yebodaglass.com\/pt\/wp-json\/wp\/v2\/product\/23693","targetHints":{"allow":["GET"]}}],"collection":[{"href":"https:\/\/yebodaglass.com\/pt\/wp-json\/wp\/v2\/product"}],"about":[{"href":"https:\/\/yebodaglass.com\/pt\/wp-json\/wp\/v2\/types\/product"}],"version-history":[{"count":5,"href":"https:\/\/yebodaglass.com\/pt\/wp-json\/wp\/v2\/product\/23693\/revisions"}],"predecessor-version":[{"id":25626,"href":"https:\/\/yebodaglass.com\/pt\/wp-json\/wp\/v2\/product\/23693\/revisions\/25626"}],"wp:featuredmedia":[{"embeddable":true,"href":"https:\/\/yebodaglass.com\/pt\/wp-json\/wp\/v2\/media\/23704"}],"wp:attachment":[{"href":"https:\/\/yebodaglass.com\/pt\/wp-json\/wp\/v2\/media?parent=23693"}],"wp:term":[{"taxonomy":"product_brand","embeddable":true,"href":"https:\/\/yebodaglass.com\/pt\/wp-json\/wp\/v2\/product_brand?post=23693"},{"taxonomy":"product_cat","embeddable":true,"href":"https:\/\/yebodaglass.com\/pt\/wp-json\/wp\/v2\/product_cat?post=23693"},{"taxonomy":"product_tag","embeddable":true,"href":"https:\/\/yebodaglass.com\/pt\/wp-json\/wp\/v2\/product_tag?post=23693"}],"curies":[{"name":"wp","href":"https:\/\/api.w.org\/{rel}","templated":true}]}}