{"id":23678,"date":"2025-11-14T14:23:47","date_gmt":"2025-11-14T06:23:47","guid":{"rendered":"https:\/\/yebodaglass.com\/?post_type=product&#038;p=23678"},"modified":"2026-03-11T16:11:43","modified_gmt":"2026-03-11T08:11:43","slug":"clear-glass-pickle-jars-with-black-lids-wholesale","status":"publish","type":"product","link":"https:\/\/yebodaglass.com\/pt\/clear-glass-pickle-jars-with-black-lids-wholesale\/","title":{"rendered":"Potes de vidro transparente para conservas, de 105 ml a 550 ml, com tampas pretas - Venda por atacado"},"content":{"rendered":"<p>Um frasco de vidro transparente, cil\u00edndrico e liso, com tampa de rosca de metal preto fosco que garante uma veda\u00e7\u00e3o perfeita, este tipo de frasco \u00e9 a melhor op\u00e7\u00e3o para fermentar picles, marinadas e conservas.<\/p>\n<h2>Caracter\u00edsticas do produto<\/h2>\n<ul>\n<li><strong>Design cil\u00edndrico simples:<\/strong> \u00c9 simples, com paredes retas e um fundo que pode ser limpo facilmente e tamb\u00e9m usado de forma mais eficiente para aproveitar o espa\u00e7o.<\/li>\n<li><strong>Vidro de alta transpar\u00eancia:<\/strong> O vidro transparente permite ver o interior e o estado dos alimentos.<\/li>\n<li><strong>Tampa met\u00e1lica preta segura:<\/strong> Esta tampa de rosca preta \u00e9 muito eficiente, pois oferece uma veda\u00e7\u00e3o herm\u00e9tica, permitindo um armazenamento prolongado.<\/li>\n<\/ul>\n<h2>Especifica\u00e7\u00f5es principais<\/h2>\n<table style=\"border-collapse: collapse; width: 80%; margin-left: auto; margin-right: auto;\" border=\"0\" width=\"288\" cellspacing=\"0\" cellpadding=\"0\">\n<tbody>\n<tr style=\"height: 13.50pt;\">\n<td style=\"height: 13.5pt; width: 54pt; text-align: center;\" width=\"72\" height=\"18\">Capacidade (ml)<\/td>\n<td style=\"width: 54pt; text-align: center;\" width=\"72\">Tamanho (cm)<\/td>\n<td style=\"width: 54pt; text-align: center;\" width=\"72\">Forma<\/td>\n<\/tr>\n<tr style=\"height: 13.50pt;\">\n<td style=\"height: 13.5pt; text-align: center;\" align=\"right\" height=\"18\">105<\/td>\n<td style=\"text-align: center;\">5,5 x 6,5<\/td>\n<td class=\"et2\" style=\"text-align: center;\" rowspan=\"5\">Redondo<\/td>\n<\/tr>\n<tr style=\"height: 13.50pt;\">\n<td style=\"height: 13.5pt; text-align: center;\" align=\"right\" height=\"18\">230<\/td>\n<td style=\"text-align: center;\">6,7 x 9,0<\/td>\n<\/tr>\n<tr style=\"height: 13.50pt;\">\n<td style=\"height: 13.5pt; text-align: center;\" align=\"right\" height=\"18\">350<\/td>\n<td style=\"text-align: center;\">7,4 x 10,9<\/td>\n<\/tr>\n<tr style=\"height: 13.50pt;\">\n<td style=\"height: 13.5pt; text-align: center;\" align=\"right\" height=\"18\">420<\/td>\n<td style=\"text-align: center;\">9,4 x 9,2<\/td>\n<\/tr>\n<tr style=\"height: 13.50pt;\">\n<td style=\"height: 13.5pt; text-align: center;\" align=\"right\" height=\"18\">550<\/td>\n<td style=\"text-align: center;\">8,6 x 12,6<\/td>\n<\/tr>\n<\/tbody>\n<\/table>\n<h2>Caso de sucesso<\/h2>\n<p>Uma das empresas de potes para conserva em Austin pegou nossos potes e encomendou uma tampa diferenciada com linhas gravadas a laser e um revestimento interno de plastisol branco para conferir maior resist\u00eancia a \u00e1cidos. Essas op\u00e7\u00f5es de personaliza\u00e7\u00e3o agregaram valor tang\u00edvel: a escala permitiu reduzir o desperd\u00edcio de mat\u00e9ria-prima em 15% na produ\u00e7\u00e3o em massa; as tampas personalizadas evitaram ferrugem e falhas na veda\u00e7\u00e3o, reduzindo efetivamente a deteriora\u00e7\u00e3o dos produtos em 20%. O cliente ficou t\u00e3o satisfeito que, no segundo trimestre, fez um segundo pedido de 200.000 potes para conserva para abastecer uma nova f\u00e1brica de embalagens terceirizadas, que faria entregas em todo o pa\u00eds.<\/p>\n<h2>Recomenda\u00e7\u00f5es para a personaliza\u00e7\u00e3o de potes de conserva.<\/h2>\n<ul>\n<li>Varia\u00e7\u00e3o de formato: Os potes podem ser quadrados ou retangulares para otimizar o espa\u00e7o nas prateleiras da despensa e nas embalagens de transporte.<\/li>\n<li>Vidro opaco: Potes de vidro \u00e2mbar ou verde podem ser usados \u200b\u200bpara conservar geleias e alimentos fermentados sens\u00edveis \u00e0 luz.<\/li>\n<li>Tampas especiais: As tampas especiais possuem v\u00e1lvulas de fermenta\u00e7\u00e3o integradas, s\u00e3o feitas de bambu ou possuem revestimento interno de pl\u00e1stico resistente a \u00e1cidos.<\/li>\n<\/ul>","protected":false},"excerpt":{"rendered":"<p>Pote resistente para conservas, feito de vidro cristalino com tampa preta segura. Potes pr\u00e1ticos, ideais para conservas, molhos e armazenamento de alimentos secos. Amostras gr\u00e1tis.<\/p>","protected":false},"featured_media":23679,"template":"","meta":[],"product_brand":[],"product_cat":[122,124,133],"product_tag":[],"class_list":{"0":"post-23678","1":"product","2":"type-product","3":"status-publish","4":"has-post-thumbnail","6":"product_cat-custom-glass-packaging","7":"product_cat-custom-glass-jars","8":"product_cat-pickle-jars","10":"first","11":"instock","12":"shipping-taxable","13":"product-type-simple"},"jetpack_sharing_enabled":true,"_links":{"self":[{"href":"https:\/\/yebodaglass.com\/pt\/wp-json\/wp\/v2\/product\/23678","targetHints":{"allow":["GET"]}}],"collection":[{"href":"https:\/\/yebodaglass.com\/pt\/wp-json\/wp\/v2\/product"}],"about":[{"href":"https:\/\/yebodaglass.com\/pt\/wp-json\/wp\/v2\/types\/product"}],"version-history":[{"count":5,"href":"https:\/\/yebodaglass.com\/pt\/wp-json\/wp\/v2\/product\/23678\/revisions"}],"predecessor-version":[{"id":25382,"href":"https:\/\/yebodaglass.com\/pt\/wp-json\/wp\/v2\/product\/23678\/revisions\/25382"}],"wp:featuredmedia":[{"embeddable":true,"href":"https:\/\/yebodaglass.com\/pt\/wp-json\/wp\/v2\/media\/23679"}],"wp:attachment":[{"href":"https:\/\/yebodaglass.com\/pt\/wp-json\/wp\/v2\/media?parent=23678"}],"wp:term":[{"taxonomy":"product_brand","embeddable":true,"href":"https:\/\/yebodaglass.com\/pt\/wp-json\/wp\/v2\/product_brand?post=23678"},{"taxonomy":"product_cat","embeddable":true,"href":"https:\/\/yebodaglass.com\/pt\/wp-json\/wp\/v2\/product_cat?post=23678"},{"taxonomy":"product_tag","embeddable":true,"href":"https:\/\/yebodaglass.com\/pt\/wp-json\/wp\/v2\/product_tag?post=23678"}],"curies":[{"name":"wp","href":"https:\/\/api.w.org\/{rel}","templated":true}]}}