{"id":23651,"date":"2025-11-13T15:54:32","date_gmt":"2025-11-13T07:54:32","guid":{"rendered":"https:\/\/yebodaglass.com\/?post_type=product&#038;p=23651"},"modified":"2026-03-12T14:44:21","modified_gmt":"2026-03-12T06:44:21","slug":"brown-glass-grolsch-beer-bottles-with-handle-bulk","status":"publish","type":"product","link":"https:\/\/yebodaglass.com\/pt\/brown-glass-grolsch-beer-bottles-with-handle-bulk\/","title":{"rendered":"Garrafas de cerveja Grolsch de vidro marrom, 946 ml e 1,89 L, com al\u00e7a, em grande quantidade."},"content":{"rendered":"<p data-start=\"66\" data-end=\"288\">Estas garrafas de cerveja Grolsch s\u00e3o feitas de vidro \u00e2mbar-acastanhado, com um visual retr\u00f4, formato arredondado e uma al\u00e7a pr\u00e1tica. Uma trava met\u00e1lica prende a tampa flip-top vermelha e branca, ideal para armazenar l\u00edquidos ou condimentos e para exibi-los de forma decorativa.<\/p>\n<h2>Caracter\u00edsticas do produto<\/h2>\n<ul>\n<li><strong>Material do vidro marrom:<\/strong> A garrafa de vidro \u00e2mbar bloqueia a luz de forma eficaz, preservando assim a qualidade de l\u00edquidos como molhos e bebidas, al\u00e9m de conferir um charmoso visual retr\u00f4 \u00e0 garrafa.<\/li>\n<li><strong>Design de veda\u00e7\u00e3o com encaixe r\u00e1pido:<\/strong> A unidade possui uma tampa de encaixe com trava met\u00e1lica. Ela garante uma veda\u00e7\u00e3o altamente eficiente, preservando o frescor do conte\u00fado por mais tempo, al\u00e9m de ser f\u00e1cil de abrir e fechar.<\/li>\n<li><strong>Garrafa com al\u00e7a:<\/strong> Portanto, a garrafa possui uma al\u00e7a curva para facilitar o manuseio e o transporte, aumentando assim a utilidade do produto e tornando-o adequado para diferentes locais, como casa e restaurante.<\/li>\n<\/ul>\n<h2 style=\"text-align: left;\">Especifica\u00e7\u00f5es principais<\/h2>\n<table style=\"border-collapse: collapse; width: 80%; margin-left: auto; margin-right: auto;\" border=\"0\" width=\"677\" cellspacing=\"0\" cellpadding=\"0\">\n<tbody>\n<tr style=\"height: 13.50pt;\">\n<td style=\"height: 13.5pt; width: 119.25pt; text-align: center;\" width=\"159\" height=\"18\">Recurso<\/td>\n<td style=\"width: 388.5pt; text-align: center;\" width=\"518\">Descri\u00e7\u00e3o<\/td>\n<\/tr>\n<tr style=\"height: 13.50pt;\">\n<td style=\"height: 13.5pt; text-align: center;\" height=\"18\">Material<\/td>\n<td style=\"text-align: center;\">Vidro marrom com prote\u00e7\u00e3o UV<\/td>\n<\/tr>\n<tr style=\"height: 13.50pt;\">\n<td style=\"height: 13.5pt; text-align: center;\" height=\"18\">Capacidade<\/td>\n<td style=\"text-align: center;\">1L (32oz) \/ 2L (64oz)<\/td>\n<\/tr>\n<tr style=\"height: 13.50pt;\">\n<td style=\"height: 13.5pt; text-align: center;\" height=\"18\">Tamanho<\/td>\n<td style=\"text-align: center;\">7,5 \u00d7 24 cm \/ 9,5 \u00d7 26 cm<\/td>\n<\/tr>\n<tr style=\"height: 13.50pt;\">\n<td style=\"height: 13.5pt; text-align: center;\" height=\"18\">Sistema de fechamento<\/td>\n<td style=\"text-align: center;\">Al\u00e7a e tampa em a\u00e7o inoxid\u00e1vel com junta de borracha\/silicone.<\/td>\n<\/tr>\n<tr style=\"height: 13.50pt;\">\n<td style=\"height: 13.5pt; text-align: center;\" height=\"18\">Ideal para<\/td>\n<td style=\"text-align: center;\">Cerveja, kombucha, refrigerante, vinagre, cerveja caseira, bebidas carbonatadas<\/td>\n<\/tr>\n<\/tbody>\n<\/table>\n<h2>Caso de sucesso<\/h2>\n<p><span aria-haspopup=\"dialog\" aria-expanded=\"false\" aria-controls=\"radix-_r_8v_\" data-state=\"closed\" data-slot=\"popover-trigger\">Uma das marcas locais de kombucha artesanal, especializada em bebidas fermentadas, decidiu usar nossa garrafa de vidro \u00e2mbar de 946 ml com tampa de rosca para apresentar seu sabor de edi\u00e7\u00e3o limitada.<\/span> <span aria-haspopup=\"dialog\" aria-expanded=\"false\" aria-controls=\"radix-_r_90_\" data-state=\"closed\" data-slot=\"popover-trigger\">O ligeiro escurecimento do vidro \u00e2mbar para proporcionar maior prote\u00e7\u00e3o contra raios UV e a tampa de rosca refor\u00e7ada com fio de a\u00e7o inoxid\u00e1vel, juntamente com uma junta de silicone de qualidade alimentar mais espessa na tampa de rosca, foram feitos para melhor se adequarem \u00e0 filosofia da marca.<\/span> <span aria-haspopup=\"dialog\" aria-expanded=\"false\" aria-controls=\"radix-_r_91_\" data-state=\"closed\" data-slot=\"popover-trigger\">A garrafa possui o logotipo da marca gravado em relevo na parte frontal, e o arame \u00e9 feito \u00e0 m\u00e3o em um tom de bronze escuro para criar o efeito de uma apar\u00eancia antiga e artesanal.<\/span><\/p>\n<p><span aria-haspopup=\"dialog\" aria-expanded=\"false\" aria-controls=\"radix-_r_92_\" data-state=\"closed\" data-slot=\"popover-trigger\">Ap\u00f3s a introdu\u00e7\u00e3o da garrafa personalizada, seus pedidos no varejo aumentaram 37% no primeiro trimestre.<\/span> <span aria-haspopup=\"dialog\" aria-expanded=\"false\" aria-controls=\"radix-_r_93_\" data-state=\"closed\" data-slot=\"popover-trigger\">Consequentemente, a marca continuou a fazer encomendas subsequentes de outros produtos sazonais.<\/span><\/p>\n<h2>Sugest\u00f5es de personaliza\u00e7\u00e3o de garrafas Grolsch<\/h2>\n<ol>\n<li><span aria-haspopup=\"dialog\" aria-expanded=\"false\" aria-controls=\"radix-_r_8s_\" data-state=\"closed\" data-slot=\"popover-trigger\"><strong>Materiais da rolha:<\/strong> Personalize a sua tampa com op\u00e7\u00f5es em cer\u00e2mica, pl\u00e1stico de qualidade alimentar ou imita\u00e7\u00e3o de madeira, e mantenha o anel de veda\u00e7\u00e3o de silicone para garantir a veda\u00e7\u00e3o herm\u00e9tica.<\/span><\/li>\n<li><span aria-haspopup=\"dialog\" aria-expanded=\"false\" aria-controls=\"radix-_r_8t_\" data-state=\"closed\" data-slot=\"popover-trigger\"><strong>Logotipo em relevo no corpo da garrafa:<\/strong> A garrafa deve ter um logotipo em relevo, o nome da cervejaria ou um padr\u00e3o ornamental gravado no ombro da garrafa, que \u00e9 circular, ou na parte frontal da garrafa, no painel.<\/span><\/li>\n<li><span aria-haspopup=\"dialog\" aria-expanded=\"false\" aria-controls=\"radix-_r_8u_\" data-state=\"closed\" data-slot=\"popover-trigger\"><strong>Cor da coleira personalizada:<\/strong> Oferecemos uma variedade de an\u00e9is de veda\u00e7\u00e3o coloridos (vermelho, laranja, preto, verde) para diferenciar linhas de produtos ou sabores de bebidas.<\/span><\/li>\n<\/ol>","protected":false},"excerpt":{"rendered":"<p>Garrafa de cerveja grolsch de vidro marrom com al\u00e7a e tampa girat\u00f3ria segura. Excelente para cervejarias ou compras em grandes quantidades. Reutiliz\u00e1vel e dur\u00e1vel, entrega r\u00e1pida para pedidos em grandes quantidades.<\/p>","protected":false},"featured_media":23695,"template":"","meta":[],"product_brand":[],"product_cat":[122,123,132],"product_tag":[],"class_list":{"0":"post-23651","1":"product","2":"type-product","3":"status-publish","4":"has-post-thumbnail","6":"product_cat-custom-glass-packaging","7":"product_cat-custom-glass-bottles","8":"product_cat-glass-flip-top-bottles","10":"first","11":"instock","12":"shipping-taxable","13":"product-type-simple"},"jetpack_sharing_enabled":true,"_links":{"self":[{"href":"https:\/\/yebodaglass.com\/pt\/wp-json\/wp\/v2\/product\/23651","targetHints":{"allow":["GET"]}}],"collection":[{"href":"https:\/\/yebodaglass.com\/pt\/wp-json\/wp\/v2\/product"}],"about":[{"href":"https:\/\/yebodaglass.com\/pt\/wp-json\/wp\/v2\/types\/product"}],"version-history":[{"count":6,"href":"https:\/\/yebodaglass.com\/pt\/wp-json\/wp\/v2\/product\/23651\/revisions"}],"predecessor-version":[{"id":25406,"href":"https:\/\/yebodaglass.com\/pt\/wp-json\/wp\/v2\/product\/23651\/revisions\/25406"}],"wp:featuredmedia":[{"embeddable":true,"href":"https:\/\/yebodaglass.com\/pt\/wp-json\/wp\/v2\/media\/23695"}],"wp:attachment":[{"href":"https:\/\/yebodaglass.com\/pt\/wp-json\/wp\/v2\/media?parent=23651"}],"wp:term":[{"taxonomy":"product_brand","embeddable":true,"href":"https:\/\/yebodaglass.com\/pt\/wp-json\/wp\/v2\/product_brand?post=23651"},{"taxonomy":"product_cat","embeddable":true,"href":"https:\/\/yebodaglass.com\/pt\/wp-json\/wp\/v2\/product_cat?post=23651"},{"taxonomy":"product_tag","embeddable":true,"href":"https:\/\/yebodaglass.com\/pt\/wp-json\/wp\/v2\/product_tag?post=23651"}],"curies":[{"name":"wp","href":"https:\/\/api.w.org\/{rel}","templated":true}]}}