{"id":23606,"date":"2025-11-12T13:17:31","date_gmt":"2025-11-12T05:17:31","guid":{"rendered":"https:\/\/yebodaglass.com\/?post_type=product&#038;p=23606"},"modified":"2026-04-14T11:37:45","modified_gmt":"2026-04-14T03:37:45","slug":"wholesale-clear-round-glass-soy-sauce-bottles","status":"publish","type":"product","link":"https:\/\/yebodaglass.com\/pt\/wholesale-clear-round-glass-soy-sauce-bottles\/","title":{"rendered":"Garrafas de vidro transparente redondas para molho de soja, 267ml e 473ml, para venda por atacado."},"content":{"rendered":"<p data-start=\"66\" data-end=\"288\">Estas garrafas de molho de soja apresentam um design com corpo de vidro cil\u00edndrico que se estreita em dire\u00e7\u00e3o ao gargalo e possui uma base que se estende para fora, proporcionando melhor equil\u00edbrio. As tampas est\u00e3o dispon\u00edveis com rosca met\u00e1lica prateada ou preta.<\/p>\n<h2>Caracter\u00edsticas do produto<\/h2>\n<ul>\n<li><strong>Design minimalista da garrafa:<\/strong> As bordas arredondadas da garrafa n\u00e3o s\u00f3 proporcionam uma pega confort\u00e1vel, como tamb\u00e9m facilitam o armazenamento, permitindo que seja utilizada em diferentes locais, como uma cozinha dom\u00e9stica ou um restaurante.<\/li>\n<li><strong>Design pr\u00e1tico com tampa de rosca:<\/strong> A tampa de rosca met\u00e1lica, com a qual se encaixa, garante um fechamento herm\u00e9tico, permitindo que os molhos se mantenham frescos e, ao mesmo tempo, sejam f\u00e1ceis de retirar.<\/li>\n<li><strong>Design de base est\u00e1vel:<\/strong> A base larga \u00e9 o principal motivo para a garrafa n\u00e3o tombar, garantindo que o frasco de molho permane\u00e7a sempre na vertical, seja durante o enchimento ou quando estiver exposto.<\/li>\n<\/ul>\n<h2 style=\"text-align: left;\">Especifica\u00e7\u00f5es principais<\/h2>\n<table class=\"aligncenter\" style=\"border-collapse: collapse; width: 423.02pt;\" border=\"0\" width=\"564\" cellspacing=\"0\" cellpadding=\"0\">\n<tbody>\n<tr style=\"height: 13.50pt;\">\n<td style=\"height: 13.50pt; width: 107.25pt;\" width=\"143\" height=\"18\">Especifica\u00e7\u00e3o<\/td>\n<td style=\"width: 315.75pt;\" width=\"421\">Detalhes<\/td>\n<\/tr>\n<tr style=\"height: 13.50pt;\">\n<td style=\"height: 13.50pt;\" height=\"18\">Tamanhos dispon\u00edveis<\/td>\n<td>267 ml, 473 ml<\/td>\n<\/tr>\n<tr style=\"height: 13.50pt;\">\n<td style=\"height: 13.50pt;\" height=\"18\">Tamanho da embalagem<\/td>\n<td>20\u00d725\u00d715cm (ambos)<\/td>\n<\/tr>\n<tr style=\"height: 13.50pt;\">\n<td style=\"height: 13.50pt;\" height=\"18\">Material<\/td>\n<td>stout de vidro transparente pr\u00f3prio para alimentos<\/td>\n<\/tr>\n<tr style=\"height: 13.50pt;\">\n<td style=\"height: 13.50pt;\" height=\"18\">Ideal para<\/td>\n<td>Molho de soja, molho de pimenta, molho picante<\/td>\n<\/tr>\n<tr style=\"height: 13.50pt;\">\n<td style=\"height: 13.50pt;\" height=\"18\">Caso de uso<\/td>\n<td>Garrafas vazias de molho de soja, garrafa de molho de pimenta a granel<\/td>\n<\/tr>\n<\/tbody>\n<\/table>\n<h2>Caso de sucesso: um pedido personalizado de uma marca de molho de pimenta do Sudeste Asi\u00e1tico.<\/h2>\n<p>Uma marca tailandesa de molho de pimenta escolheu nossa garrafa de 500ml, personalizando-a com um bico antigotejamento e um desenho de pimenta. A garrafa personalizada obteve excelentes resultados, pois o bico antigotejamento reduziu em 30% as reclama\u00e7\u00f5es de consumidores sobre derramamentos, enquanto o vidro de alta qualidade e a tampa de metal aumentaram o valor de exporta\u00e7\u00e3o em 20%. Ap\u00f3s esse sucesso, fizeram seu primeiro pedido, de 450.000 garrafas, pois desejavam criar uma nova linha de molho de pimenta fermentado.<\/p>\n<h2>Sugest\u00f5es de personaliza\u00e7\u00e3o para garrafas de molho de soja<\/h2>\n<ul>\n<li><strong>Marca\u00e7\u00f5es de capacidade em relevo:<\/strong> Posicione as marca\u00e7\u00f5es em relevo da escala no ombro da garrafa.<\/li>\n<li><strong>Posicionamento do logotipo impresso em serigrafia:<\/strong> Imprima discretamente o logotipo da marca na parte curva, pois esse \u00e9 o local de melhor visibilidade.<\/li>\n<li><strong>Cabo texturizado:<\/strong> Voc\u00ea pode adicionar uma leve textura na \u00e1rea da cintura para proporcionar ao usu\u00e1rio uma melhor ader\u00eancia e mais seguran\u00e7a.<\/li>\n<\/ul>","protected":false},"excerpt":{"rendered":"<p>Garrafas de vidro transparente para molho de pimenta e molho de soja com tampa de rosca. Ideais para uso na cozinha ou para encomendas em grande quantidade. Amostras gr\u00e1tis dispon\u00edveis para encomendas em grande quantidade.<\/p>","protected":false},"featured_media":23611,"template":"","meta":[],"product_brand":[],"product_cat":[129,123,122],"product_tag":[],"class_list":{"0":"post-23606","1":"product","2":"type-product","3":"status-publish","4":"has-post-thumbnail","6":"product_cat-hot-sauce-bottles","7":"product_cat-custom-glass-bottles","8":"product_cat-custom-glass-packaging","10":"first","11":"instock","12":"shipping-taxable","13":"product-type-simple"},"jetpack_sharing_enabled":true,"_links":{"self":[{"href":"https:\/\/yebodaglass.com\/pt\/wp-json\/wp\/v2\/product\/23606","targetHints":{"allow":["GET"]}}],"collection":[{"href":"https:\/\/yebodaglass.com\/pt\/wp-json\/wp\/v2\/product"}],"about":[{"href":"https:\/\/yebodaglass.com\/pt\/wp-json\/wp\/v2\/types\/product"}],"version-history":[{"count":5,"href":"https:\/\/yebodaglass.com\/pt\/wp-json\/wp\/v2\/product\/23606\/revisions"}],"predecessor-version":[{"id":25778,"href":"https:\/\/yebodaglass.com\/pt\/wp-json\/wp\/v2\/product\/23606\/revisions\/25778"}],"wp:featuredmedia":[{"embeddable":true,"href":"https:\/\/yebodaglass.com\/pt\/wp-json\/wp\/v2\/media\/23611"}],"wp:attachment":[{"href":"https:\/\/yebodaglass.com\/pt\/wp-json\/wp\/v2\/media?parent=23606"}],"wp:term":[{"taxonomy":"product_brand","embeddable":true,"href":"https:\/\/yebodaglass.com\/pt\/wp-json\/wp\/v2\/product_brand?post=23606"},{"taxonomy":"product_cat","embeddable":true,"href":"https:\/\/yebodaglass.com\/pt\/wp-json\/wp\/v2\/product_cat?post=23606"},{"taxonomy":"product_tag","embeddable":true,"href":"https:\/\/yebodaglass.com\/pt\/wp-json\/wp\/v2\/product_tag?post=23606"}],"curies":[{"name":"wp","href":"https:\/\/api.w.org\/{rel}","templated":true}]}}