{"id":23554,"date":"2025-11-10T17:29:24","date_gmt":"2025-11-10T09:29:24","guid":{"rendered":"https:\/\/yebodaglass.com\/?post_type=product&#038;p=23554"},"modified":"2025-11-10T17:34:16","modified_gmt":"2025-11-10T09:34:16","slug":"40ml-glass-spice-bottles-for-salt-pepper-and-herbs-bulk","status":"publish","type":"product","link":"https:\/\/yebodaglass.com\/pt\/40ml-glass-spice-bottles-for-salt-pepper-and-herbs-bulk\/","title":{"rendered":"Frascos de vidro de 40ml para temperos, como sal, pimenta e ervas (a granel)"},"content":{"rendered":"<p>Voc\u00ea ainda sofre com potes de temperos que derramam ou pimenta que fica escondida? N\u00f3s criamos potes de tempero transparentes com tampas dosadoras de metal \u2014 chega de sujeira na sua cozinha! Esses conjuntos de potes de tempero transformam seus recipientes de armazenamento em uma declara\u00e7\u00e3o de marca. Cores personalizadas est\u00e3o dispon\u00edveis para sua marca em pedidos em grande quantidade.<\/p>\n<h2>Caracter\u00edsticas do produto<\/h2>\n<p><strong>Gargalo arredondado<\/strong><\/p>\n<p>O gargalo pequeno e arredondado veda firmemente o dispositivo e impede vazamentos do produto.<\/p>\n<p><strong>Tampas de metal de precis\u00e3o para shakes<\/strong><\/p>\n<p>Os pequenos orif\u00edcios na perfura\u00e7\u00e3o regulam com precis\u00e3o o fluxo de pimenta \u2014 n\u00e3o se preocupe mais com o sal ou a farinha vazando.<\/p>\n<p><strong>Design com base antiderrapante<\/strong><\/p>\n<p>A base espessa \u00e9 decorada com um padr\u00e3o antiderrapante, de forma que, ao ser colocada sobre uma superf\u00edcie plana, a garrafa permanecer\u00e1 est\u00e1vel.<\/p>\n<h2>Especifica\u00e7\u00f5es principais<\/h2>\n<table style=\"border-collapse: collapse; width: 80%; margin-left: auto; margin-right: auto;\" border=\"0\" width=\"144\" cellspacing=\"0\" cellpadding=\"0\">\n<tbody>\n<tr style=\"height: 13.50pt;\">\n<td style=\"height: 13.5pt; width: 54pt; text-align: center;\" width=\"72\" height=\"18\">Recurso<\/td>\n<td style=\"width: 54pt; text-align: center;\" width=\"72\">Especifica\u00e7\u00e3o<\/td>\n<\/tr>\n<tr style=\"height: 13.50pt;\">\n<td style=\"height: 13.5pt; text-align: center;\" height=\"18\">Capacidade<\/td>\n<td style=\"text-align: center;\">40ml<\/td>\n<\/tr>\n<tr style=\"height: 13.50pt;\">\n<td style=\"height: 13.5pt; text-align: center;\" height=\"18\">Tamanho (cm)<\/td>\n<td style=\"text-align: center;\">4.5 * 10.0<\/td>\n<\/tr>\n<tr style=\"height: 13.50pt;\">\n<td style=\"height: 13.5pt; text-align: center;\" height=\"18\">Acess\u00f3rio<\/td>\n<td style=\"text-align: center;\">Tampas de a\u00e7o inoxid\u00e1vel<\/td>\n<\/tr>\n<tr style=\"height: 13.50pt;\">\n<td style=\"height: 13.5pt; text-align: center;\" height=\"18\">Cor<\/td>\n<td style=\"text-align: center;\">Claro, personalizado<\/td>\n<\/tr>\n<\/tbody>\n<\/table>\n<h2>Caso de sucesso<\/h2>\n<p>Uma empresa de fornecimento de alimentos e bebidas dos EUA colaborou conosco para criar frascos de vidro personalizados para condimentos para sua nova rede de restaurantes casuais. Eles modificaram o corpo c\u00f4nico de vidro e a tampa de a\u00e7o inoxid\u00e1vel, al\u00e9m de alterarem o tamanho da abertura do frasco para garantir que o sal e os dentes de alho pudessem ser dispensados \u200b\u200buniformemente.<\/p>\n<p>De um grande n\u00famero de pessoas que usaram o produto, 70% dos clientes afirmaram que o produto era bom e que dispensava um p\u00f3 fino, o que tornava conveniente o uso durante as refei\u00e7\u00f5es.<\/p>\n<h2>Seu Guia de Personaliza\u00e7\u00e3o<\/h2>\n<ol>\n<li><strong>Material da tampa aprimorado:<\/strong> Decore com uma tampa de a\u00e7o inoxid\u00e1vel ou de alum\u00ednio galvanizado, que combinar\u00e1 com os diferentes estilos de um restaurante ou da sua casa.<\/li>\n<li><strong>Impress\u00e3o em garrafas:<\/strong> Logotipos de marcas, nomes de condimentos ou marca\u00e7\u00f5es graduadas podem ser impressos na garrafa para reconhecimento da marca e facilidade de uso.<\/li>\n<li><strong>Cores das garrafas:<\/strong> O vidro pode ser transparente, \u00e2mbar, fosco ou degrad\u00ea, e cada op\u00e7\u00e3o est\u00e1 dispon\u00edvel tanto para fins est\u00e9ticos quanto para prote\u00e7\u00e3o UV.<\/li>\n<\/ol>","protected":false},"excerpt":{"rendered":"<p>Frascos de vidro resistentes com tampa dosadora de metal, ideais para temperar sal, pimenta ou ervas. Perfeitos para uso na cozinha ou para exposi\u00e7\u00e3o em restaurantes.<\/p>","protected":false},"featured_media":23557,"template":"","meta":[],"product_brand":[],"product_cat":[122,124,128],"product_tag":[],"class_list":{"0":"post-23554","1":"product","2":"type-product","3":"status-publish","4":"has-post-thumbnail","6":"product_cat-custom-glass-packaging","7":"product_cat-custom-glass-jars","8":"product_cat-spice-jars","10":"first","11":"instock","12":"shipping-taxable","13":"product-type-simple"},"jetpack_sharing_enabled":true,"_links":{"self":[{"href":"https:\/\/yebodaglass.com\/pt\/wp-json\/wp\/v2\/product\/23554","targetHints":{"allow":["GET"]}}],"collection":[{"href":"https:\/\/yebodaglass.com\/pt\/wp-json\/wp\/v2\/product"}],"about":[{"href":"https:\/\/yebodaglass.com\/pt\/wp-json\/wp\/v2\/types\/product"}],"version-history":[{"count":5,"href":"https:\/\/yebodaglass.com\/pt\/wp-json\/wp\/v2\/product\/23554\/revisions"}],"predecessor-version":[{"id":23570,"href":"https:\/\/yebodaglass.com\/pt\/wp-json\/wp\/v2\/product\/23554\/revisions\/23570"}],"wp:featuredmedia":[{"embeddable":true,"href":"https:\/\/yebodaglass.com\/pt\/wp-json\/wp\/v2\/media\/23557"}],"wp:attachment":[{"href":"https:\/\/yebodaglass.com\/pt\/wp-json\/wp\/v2\/media?parent=23554"}],"wp:term":[{"taxonomy":"product_brand","embeddable":true,"href":"https:\/\/yebodaglass.com\/pt\/wp-json\/wp\/v2\/product_brand?post=23554"},{"taxonomy":"product_cat","embeddable":true,"href":"https:\/\/yebodaglass.com\/pt\/wp-json\/wp\/v2\/product_cat?post=23554"},{"taxonomy":"product_tag","embeddable":true,"href":"https:\/\/yebodaglass.com\/pt\/wp-json\/wp\/v2\/product_tag?post=23554"}],"curies":[{"name":"wp","href":"https:\/\/api.w.org\/{rel}","templated":true}]}}