{"id":23531,"date":"2025-11-10T14:29:06","date_gmt":"2025-11-10T06:29:06","guid":{"rendered":"https:\/\/yebodaglass.com\/?post_type=product&#038;p=23531"},"modified":"2026-04-09T17:59:19","modified_gmt":"2026-04-09T09:59:19","slug":"beverage-bottles-wholesale-glass-bottles-with-lids","status":"publish","type":"product","link":"https:\/\/yebodaglass.com\/pt\/beverage-bottles-wholesale-glass-bottles-with-lids\/","title":{"rendered":"Garrafas de bebidas no atacado | Garrafas de vidro com tampas"},"content":{"rendered":"<p data-start=\"66\" data-end=\"288\">Esta s\u00e9rie de garrafas de vidro com tampa apresenta um design plano e retangular, com ombros arredondados e gargalo estreito. Fabricadas em vidro transparente de alta qualidade, permitem visualizar o conte\u00fado. Cada garrafa possui uma tampa de rosca em alum\u00ednio com veda\u00e7\u00e3o pl\u00e1stica interna, garantindo o fechamento herm\u00e9tico e facilitando o manuseio. Dispon\u00edveis em tamanhos de 50ml a 500ml, s\u00e3o ideais para embalar caf\u00e9, suco, ch\u00e1 com leite e outros l\u00edquidos. Compactas e resistentes, s\u00e3o perfeitas para exposi\u00e7\u00e3o em lojas, para viagem e para venda em grandes quantidades.<\/p>\n<h2>Principais caracter\u00edsticas<\/h2>\n<ul>\n<li><strong>As garrafas de bebida n\u00e3o vazam.<\/strong>A tampa de alum\u00ednio e a veda\u00e7\u00e3o de pl\u00e1stico funcionam em conjunto para manter o l\u00edquido dentro da garrafa, para que voc\u00ea n\u00e3o precise se preocupar com derramamentos durante o transporte.<\/li>\n<\/ul>\n<ul>\n<li><strong>O vidro \u00e9 resistente e pode ser reciclado.<\/strong>Uma empresa que fabrica garrafas de vidro produziu profissionalmente esses recipientes. Eles s\u00e3o resistentes, podem ser usados \u200b\u200bv\u00e1rias vezes e s\u00e3o recicl\u00e1veis, o que \u00e9 bom para o meio ambiente.<\/li>\n<\/ul>\n<ul>\n<li><strong>O formato plano \u00e9 bom para a cria\u00e7\u00e3o de marcas.<\/strong>A superf\u00edcie plana das garrafas facilita a aplica\u00e7\u00e3o de r\u00f3tulos. Elas ficam \u00f3timas nas prateleiras. Isso as torna perfeitas para empresas que desejam criar garrafas de vidro personalizadas e destacar sua marca.<\/li>\n<\/ul>\n<h2 style=\"text-align: left;\">Especifica\u00e7\u00f5es principais<\/h2>\n<table style=\"border-collapse: collapse; margin-left: auto; margin-right: auto; width: 80%;\" border=\"0\" width=\"905\" cellspacing=\"0\" cellpadding=\"0\">\n<tbody>\n<tr style=\"height: 13.50pt;\">\n<td style=\"height: 13.50pt; width: 54.00pt;\" width=\"72\" height=\"18\">Capacidade<\/td>\n<td style=\"width: 54.00pt;\" width=\"72\">Altura<\/td>\n<td style=\"width: 54.00pt;\" width=\"72\">Largura<\/td>\n<td style=\"width: 129.75pt;\" width=\"173\">Aplicativo<\/td>\n<td style=\"width: 98.25pt;\" width=\"131\">Material<\/td>\n<td style=\"width: 121.50pt;\" width=\"162\">Tipo de tampa<\/td>\n<td style=\"width: 167.25pt;\" width=\"223\">Veda\u00e7\u00e3o<\/td>\n<\/tr>\n<tr style=\"height: 13.50pt;\">\n<td style=\"height: 13.50pt;\" height=\"18\">50ml<\/td>\n<td>10,6 cm<\/td>\n<td>5,3 cm<\/td>\n<td>Caf\u00e9, amostras<\/td>\n<td class=\"et2\" rowspan=\"6\">Vidro sem chumbo<\/td>\n<td class=\"et2\" rowspan=\"6\">Tampa de rosca de alum\u00ednio + tampa interna de pl\u00e1stico<\/td>\n<td class=\"et2\" rowspan=\"6\">Veda\u00e7\u00e3o herm\u00e9tica, resistente a vazamentos<\/td>\n<\/tr>\n<tr style=\"height: 13.50pt;\">\n<td style=\"height: 13.50pt;\" height=\"18\">100ml<\/td>\n<td>12,5 cm<\/td>\n<td>6,7 cm<\/td>\n<td>Sucos, bebidas<\/td>\n<\/tr>\n<tr style=\"height: 13.50pt;\">\n<td style=\"height: 13.50pt;\" height=\"18\">200ml<\/td>\n<td>15 cm<\/td>\n<td>7,7 cm<\/td>\n<td>Ch\u00e1 com leite, caf\u00e9 gelado<\/td>\n<\/tr>\n<tr style=\"height: 13.50pt;\">\n<td style=\"height: 13.50pt;\" height=\"18\">250ml<\/td>\n<td>16 cm<\/td>\n<td>8,3 cm<\/td>\n<td>Suco, bebidas<\/td>\n<\/tr>\n<tr style=\"height: 13.50pt;\">\n<td style=\"height: 13.50pt;\" height=\"18\">350ml<\/td>\n<td>17 cm<\/td>\n<td>8,9 cm<\/td>\n<td>Caf\u00e9, bebidas<\/td>\n<\/tr>\n<tr style=\"height: 13.50pt;\">\n<td style=\"height: 13.50pt;\" height=\"18\">500ml<\/td>\n<td>20 cm<\/td>\n<td>10,1 cm<\/td>\n<td>bebidas a granel<\/td>\n<\/tr>\n<\/tbody>\n<\/table>\n<h2>Estudo de Caso<\/h2>\n<p>Um grande supermercado na Pol\u00f4nia utilizava nossas garrafas de vidro com tampa para sua marca de caf\u00e9 e suco. Antes, eles usavam garrafas de outra empresa. Eles tinham problemas com as tampas, que n\u00e3o fechavam direito, e o suco vazava durante o transporte. Isso causava perda de produtos e reclama\u00e7\u00f5es de clientes.<\/p>\n<p>Quando come\u00e7aram a usar nossas garrafas de vidro, escolheram os tamanhos de 250 ml e 350 ml. Mandaram personalizar os r\u00f3tulos e aplicar um revestimento especial para dar um toque de sofistica\u00e7\u00e3o. As novas tampas funcionaram melhor e praticamente n\u00e3o vazaram. O vidro transparente tamb\u00e9m deixou os produtos com uma apar\u00eancia melhor nas prateleiras.<\/p>\n<p>Ap\u00f3s seis meses, o supermercado viu suas vendas de bebidas aumentarem 28% e seus clientes ficarem muito mais satisfeitos. Agora, eles compram nossas garrafas de vidro com tampa o tempo todo. Eles encomendam pelo menos 100.000 unidades por trimestre. Conseguiram at\u00e9 um desconto no pre\u00e7o por comprarem em grande quantidade.<\/p>\n<h2>Sugest\u00f5es de personaliza\u00e7\u00e3o para compradores B2B<\/h2>\n<ol>\n<li><strong>Para marcas de caf\u00e9<\/strong>Utilize revestimento \u00e2mbar ou serigrafia em garrafas de vidro para criar um recipiente premium para caf\u00e9 gelado, combinado com uma veda\u00e7\u00e3o herm\u00e9tica de tampa de rosca.<\/li>\n<li><strong>Para marcas de sucos e bebidas<\/strong>Aplique revestimentos coloridos em spray ou r\u00f3tulos para diferenciar os sabores, mantendo um formato de embalagem de vidro consistente em toda a sua sele\u00e7\u00e3o.<\/li>\n<li><strong>Para neg\u00f3cios de varejo e marca pr\u00f3pria<\/strong>Padronizar v\u00e1rios tamanhos (100 ml a 500 ml) em um sistema de embalagem unificado para otimizar o armazenamento, a log\u00edstica e a efici\u00eancia do fornecimento de vidro no atacado.<\/li>\n<\/ol>","protected":false},"excerpt":{"rendered":"<p>Garrafas de vidro premium para bebidas, com tampa, para venda por atacado, de 50ml a 500ml. Embalagens de vidro resistentes e \u00e0 prova de vazamentos para caf\u00e9, suco e fornecimento a granel.<\/p>","protected":false},"featured_media":25706,"template":"","meta":[],"product_brand":[],"product_cat":[123,122],"product_tag":[],"class_list":{"0":"post-23531","1":"product","2":"type-product","3":"status-publish","4":"has-post-thumbnail","6":"product_cat-custom-glass-bottles","7":"product_cat-custom-glass-packaging","9":"first","10":"instock","11":"shipping-taxable","12":"product-type-simple"},"jetpack_sharing_enabled":true,"_links":{"self":[{"href":"https:\/\/yebodaglass.com\/pt\/wp-json\/wp\/v2\/product\/23531","targetHints":{"allow":["GET"]}}],"collection":[{"href":"https:\/\/yebodaglass.com\/pt\/wp-json\/wp\/v2\/product"}],"about":[{"href":"https:\/\/yebodaglass.com\/pt\/wp-json\/wp\/v2\/types\/product"}],"version-history":[{"count":5,"href":"https:\/\/yebodaglass.com\/pt\/wp-json\/wp\/v2\/product\/23531\/revisions"}],"predecessor-version":[{"id":25712,"href":"https:\/\/yebodaglass.com\/pt\/wp-json\/wp\/v2\/product\/23531\/revisions\/25712"}],"wp:featuredmedia":[{"embeddable":true,"href":"https:\/\/yebodaglass.com\/pt\/wp-json\/wp\/v2\/media\/25706"}],"wp:attachment":[{"href":"https:\/\/yebodaglass.com\/pt\/wp-json\/wp\/v2\/media?parent=23531"}],"wp:term":[{"taxonomy":"product_brand","embeddable":true,"href":"https:\/\/yebodaglass.com\/pt\/wp-json\/wp\/v2\/product_brand?post=23531"},{"taxonomy":"product_cat","embeddable":true,"href":"https:\/\/yebodaglass.com\/pt\/wp-json\/wp\/v2\/product_cat?post=23531"},{"taxonomy":"product_tag","embeddable":true,"href":"https:\/\/yebodaglass.com\/pt\/wp-json\/wp\/v2\/product_tag?post=23531"}],"curies":[{"name":"wp","href":"https:\/\/api.w.org\/{rel}","templated":true}]}}