{"id":23525,"date":"2025-11-10T14:54:19","date_gmt":"2025-11-10T06:54:19","guid":{"rendered":"https:\/\/yebodaglass.com\/?post_type=product&#038;p=23525"},"modified":"2026-04-13T10:07:15","modified_gmt":"2026-04-13T02:07:15","slug":"seasoning-container-with-grinder-for-packaging-wholesale","status":"publish","type":"product","link":"https:\/\/yebodaglass.com\/pt\/seasoning-container-with-grinder-for-packaging-wholesale\/","title":{"rendered":"Recipiente para temperos de 200ml com moedor para embalagem no atacado"},"content":{"rendered":"<p>Este essencial acess\u00f3rio de cozinha oferece aos usu\u00e1rios um moderno recipiente para temperos que combina um corpo de vidro com uma tampa de moagem em a\u00e7o inoxid\u00e1vel. O sistema de moagem a seco proporciona uma opera\u00e7\u00e3o simples, permitindo ajustar a granulometria para moer pimenta, sal e outras especiarias, criando sabores frescos a cada rota\u00e7\u00e3o. O design transparente permite visualizar o conte\u00fado, al\u00e9m de adicionar um toque contempor\u00e2neo e profissional a qualquer bancada de cozinha ou sala de jantar.<\/p>\n<h2>Caracter\u00edsticas do produto<\/h2>\n<p><strong>Esmerilhadeira de Precis\u00e3o Top<\/strong><\/p>\n<p>Ajuste a moagem da pimenta imediatamente \u2014 perfeita para farinha, sal ou ervas em qualquer momento da prepara\u00e7\u00e3o da comida.<\/p>\n<p><strong>Moagem ajust\u00e1vel<\/strong><\/p>\n<p>Com um simples giro do bot\u00e3o, voc\u00ea pode regular a dist\u00e2ncia entre as partes de moagem para moer as especiarias de forma fina ou grossa, atendendo assim \u00e0s necessidades exatas de diferentes m\u00e9todos de preparo.<\/p>\n<p><strong>F\u00e1cil de limpar<\/strong><\/p>\n<p>A parte de vidro elegante e sem emendas \u00e9 muito f\u00e1cil de lavar. As pe\u00e7as de moagem remov\u00edveis facilitam a limpeza completa e a manuten\u00e7\u00e3o da higiene.<\/p>\n<h2>Especifica\u00e7\u00f5es principais<\/h2>\n<table style=\"border-collapse: collapse; width: 80%; margin-left: auto; margin-right: auto;\" border=\"0\" width=\"144\" cellspacing=\"0\" cellpadding=\"0\">\n<tbody>\n<tr style=\"height: 13.50pt;\">\n<td style=\"height: 13.5pt; width: 54pt; text-align: center;\" width=\"72\" height=\"18\">Recurso<\/td>\n<td style=\"width: 54pt; text-align: center;\" width=\"72\">Especifica\u00e7\u00e3o<\/td>\n<\/tr>\n<tr style=\"height: 13.50pt;\">\n<td style=\"height: 13.5pt; text-align: center;\" height=\"18\">Capacidade<\/td>\n<td style=\"text-align: center;\">200ml<\/td>\n<\/tr>\n<tr style=\"height: 13.50pt;\">\n<td style=\"height: 13.5pt; text-align: center;\" height=\"18\">Tamanho (cm)<\/td>\n<td style=\"text-align: center;\">6.6&#215;18.9<\/td>\n<\/tr>\n<tr style=\"height: 13.50pt;\">\n<td style=\"height: 13.5pt; text-align: center;\" height=\"18\">Acess\u00f3rio<\/td>\n<td style=\"text-align: center;\">Triturador<\/td>\n<\/tr>\n<tr style=\"height: 13.50pt;\">\n<td style=\"height: 13.5pt; text-align: center;\" height=\"18\">Cor<\/td>\n<td style=\"text-align: center;\">Claro, personalizado<\/td>\n<\/tr>\n<\/tbody>\n<\/table>\n<h2>Caso de sucesso<\/h2>\n<p>Uma das unidades da rede alem\u00e3 de restaurantes multifuncionais solicitou um conjunto de potes para condimentos personalizados que combinassem com sua elegante lou\u00e7a. Optaram por nossos potes refrigerados com tampas de a\u00e7o inoxid\u00e1vel para moagem, conferindo um visual moderno e sofisticado, e tamb\u00e9m solicitaram um mecanismo de moagem personalizado para op\u00e7\u00f5es de moagem grossa e fina.<\/p>\n<p>Como resultado, os convidados elogiaram eloquentemente o design limpo dos potes de condimentos e a facilidade de uso, elevando assim sua experi\u00eancia gastron\u00f4mica.<\/p>\n<h2>Seu Guia de Personaliza\u00e7\u00e3o<\/h2>\n<ol>\n<li><strong>Formas e desenhos:<\/strong> Ao alterar o formato e o design do moedor de especiarias secas, voc\u00ea pode expressar sua personalidade ou combinar com o estilo de decora\u00e7\u00e3o da sua cozinha, optando por um formato redondo, quadrado ou c\u00f4nico.<\/li>\n<li><strong>Padr\u00f5es e cores:<\/strong> Use uma marca, um padr\u00e3o, um texto ou a cor de sua prefer\u00eancia e coloque-o em um moedor para torn\u00e1-lo um produto \u00fanico e mais identific\u00e1vel.<\/li>\n<\/ol>","protected":false},"excerpt":{"rendered":"<p>Recipiente de vidro premium para temperos com tampa de a\u00e7o inoxid\u00e1vel para moedor de temperos secos. Frascos de tempero vazios perfeitos para armazenamento de sal, pimenta ou especiarias em qualquer cozinha moderna.<\/p>","protected":false},"featured_media":23538,"template":"","meta":[],"product_brand":[],"product_cat":[122,124,128],"product_tag":[],"class_list":{"0":"post-23525","1":"product","2":"type-product","3":"status-publish","4":"has-post-thumbnail","6":"product_cat-custom-glass-packaging","7":"product_cat-custom-glass-jars","8":"product_cat-spice-jars","10":"first","11":"instock","12":"shipping-taxable","13":"product-type-simple"},"jetpack_sharing_enabled":true,"_links":{"self":[{"href":"https:\/\/yebodaglass.com\/pt\/wp-json\/wp\/v2\/product\/23525","targetHints":{"allow":["GET"]}}],"collection":[{"href":"https:\/\/yebodaglass.com\/pt\/wp-json\/wp\/v2\/product"}],"about":[{"href":"https:\/\/yebodaglass.com\/pt\/wp-json\/wp\/v2\/types\/product"}],"version-history":[{"count":5,"href":"https:\/\/yebodaglass.com\/pt\/wp-json\/wp\/v2\/product\/23525\/revisions"}],"predecessor-version":[{"id":25757,"href":"https:\/\/yebodaglass.com\/pt\/wp-json\/wp\/v2\/product\/23525\/revisions\/25757"}],"wp:featuredmedia":[{"embeddable":true,"href":"https:\/\/yebodaglass.com\/pt\/wp-json\/wp\/v2\/media\/23538"}],"wp:attachment":[{"href":"https:\/\/yebodaglass.com\/pt\/wp-json\/wp\/v2\/media?parent=23525"}],"wp:term":[{"taxonomy":"product_brand","embeddable":true,"href":"https:\/\/yebodaglass.com\/pt\/wp-json\/wp\/v2\/product_brand?post=23525"},{"taxonomy":"product_cat","embeddable":true,"href":"https:\/\/yebodaglass.com\/pt\/wp-json\/wp\/v2\/product_cat?post=23525"},{"taxonomy":"product_tag","embeddable":true,"href":"https:\/\/yebodaglass.com\/pt\/wp-json\/wp\/v2\/product_tag?post=23525"}],"curies":[{"name":"wp","href":"https:\/\/api.w.org\/{rel}","templated":true}]}}