{"id":23513,"date":"2025-11-10T14:28:42","date_gmt":"2025-11-10T06:28:42","guid":{"rendered":"https:\/\/yebodaglass.com\/?post_type=product&#038;p=23513"},"modified":"2026-04-10T10:59:00","modified_gmt":"2026-04-10T02:59:00","slug":"6oz-empty-jars-for-spices-with-grinder-lid-wholesale","status":"publish","type":"product","link":"https:\/\/yebodaglass.com\/pt\/6oz-empty-jars-for-spices-with-grinder-lid-wholesale\/","title":{"rendered":"Potes vazios de 170g para especiarias com tampa moedora - Atacado"},"content":{"rendered":"<p>Estes frascos vazios para especiarias t\u00eam corpo c\u00f4nico de vidro e moedores de cores vibrantes, o que facilita o uso. Os frascos possuem an\u00e9is decorativos de a\u00e7o inoxid\u00e1vel que podem ser ajustados para a granulometria desejada.<\/p>\n<h2>Caracter\u00edsticas do produto<\/h2>\n<ul>\n<li><strong>Design rec\u00e9m-constru\u00eddo:<\/strong> Possui um n\u00facleo de moagem embutido de alta dureza com ajuste manual de grossura para uso imediato.<\/li>\n<li><strong>Diversas op\u00e7\u00f5es de cores para a tampa:<\/strong> A tampa est\u00e1 dispon\u00edvel em v\u00e1rias cores, como vermelho, verde, preto e outras, al\u00e9m de proporcionar uma pegada antiderrapante e diferenciar as fragr\u00e2ncias.<\/li>\n<li><strong>Anel decorativo em a\u00e7o inoxid\u00e1vel:<\/strong> A garrafa apresenta um anel decorativo de a\u00e7o inoxid\u00e1vel que melhora seu apelo visual e valor geral, al\u00e9m de fornecer suporte estrutural adicional.<\/li>\n<\/ul>\n<h2>Especifica\u00e7\u00f5es principais<\/h2>\n<table style=\"border-collapse: collapse; width: 80%; margin-left: auto; margin-right: auto;\" border=\"0\" width=\"144\" cellspacing=\"0\" cellpadding=\"0\">\n<tbody>\n<tr style=\"height: 13.50pt;\">\n<td style=\"height: 13.5pt; width: 54pt; text-align: center;\" width=\"72\" height=\"18\">Recurso<\/td>\n<td style=\"width: 54pt; text-align: center;\" width=\"72\">Especifica\u00e7\u00e3o<\/td>\n<\/tr>\n<tr style=\"height: 13.50pt;\">\n<td style=\"height: 13.5pt; text-align: center;\" height=\"18\">Capacidade<\/td>\n<td style=\"text-align: center;\">180ml\/6oz<\/td>\n<\/tr>\n<tr style=\"height: 13.50pt;\">\n<td style=\"height: 13.5pt; text-align: center;\" height=\"18\">Tamanho (cm)<\/td>\n<td style=\"text-align: center;\">6,4 x 13<\/td>\n<\/tr>\n<tr style=\"height: 13.50pt;\">\n<td style=\"height: 13.5pt; text-align: center;\" height=\"18\">Acess\u00f3rio<\/td>\n<td style=\"text-align: center;\">Triturador<\/td>\n<\/tr>\n<tr style=\"height: 13.50pt;\">\n<td style=\"height: 13.5pt; text-align: center;\" height=\"18\">Cor<\/td>\n<td style=\"text-align: center;\">Limpar, aceitar personaliza\u00e7\u00e3o<\/td>\n<\/tr>\n<tr style=\"height: 13.50pt;\">\n<td style=\"height: 13.5pt; text-align: center;\" height=\"18\">Uso<\/td>\n<td style=\"text-align: center;\">Pimenta, sal grosso, cominho<\/td>\n<\/tr>\n<\/tbody>\n<\/table>\n<h2>Caso de sucesso: Marca pr\u00f3pria de varejista de alimentos europeu<\/h2>\n<p>Uma das lojas de alimentos de luxo europeias optou por usar nosso moedor de especiarias para armazenar seus temperos, e o moedor foi adornado com um anel ornamental cor de cobre, al\u00e9m de uma tampa com o logotipo da marca em relevo. Os potes de vidro transparente impulsionaram as vendas das especiarias mais caras em 40%, pois os compradores podiam observar fisicamente a qualidade do produto. O ajuste da moagem com o moedor foi sempre consistente e o \u00edndice de satisfa\u00e7\u00e3o do cliente foi de 95%. O varejista ficou t\u00e3o satisfeito com o produto que fez um novo pedido de 500.000 unidades para abastecer sua pr\u00f3pria marca de especiarias em 15 pa\u00edses.<\/p>\n<h2>Sugest\u00f5es de personaliza\u00e7\u00e3o para potes vazios de especiarias<\/h2>\n<ol>\n<li><strong>Moagem\u200b\u200d\u200b\u200c\u200d\u200b\u200d\u200c\u200b\u200d\u200b\u200c\u200d\u200b\u200d\u200c\u200b\u200d\u200b\u200d\u200c\u200b\u200d\u200c\u200d\u200b\u200d\u200c\u200d\u200c Materiais dos componentes:<\/strong> Para as pe\u00e7as de moagem, selecione cer\u00e2mica de alumina ou a\u00e7o inoxid\u00e1vel, dependendo da natureza das especiarias que voc\u00ea ir\u00e1 moer.<\/li>\n<li><strong>Desenhos e cores:<\/strong> Utilize logotipos, padr\u00f5es ou cores para criar uma apar\u00eancia \u00fanica para o seu produto.<\/li>\n<li><strong>Modifica\u00e7\u00e3o de tamanho:<\/strong> Ajuste o tamanho do moedor de especiarias para que ele se encaixe na sua cozinha ou seja proporcional \u00e0 quantidade de uso.<\/li>\n<\/ol>","protected":false},"excerpt":{"rendered":"<p>Potes premium vazios para especiarias, com anel de a\u00e7o inoxid\u00e1vel e tampa com moedor de especiarias manual. Ideais para armazenar temperos na cozinha. Envio r\u00e1pido dispon\u00edvel.<\/p>","protected":false},"featured_media":23514,"template":"","meta":[],"product_brand":[],"product_cat":[128,124,122],"product_tag":[],"class_list":{"0":"post-23513","1":"product","2":"type-product","3":"status-publish","4":"has-post-thumbnail","6":"product_cat-spice-jars","7":"product_cat-custom-glass-jars","8":"product_cat-custom-glass-packaging","10":"first","11":"instock","12":"shipping-taxable","13":"product-type-simple"},"jetpack_sharing_enabled":true,"_links":{"self":[{"href":"https:\/\/yebodaglass.com\/pt\/wp-json\/wp\/v2\/product\/23513","targetHints":{"allow":["GET"]}}],"collection":[{"href":"https:\/\/yebodaglass.com\/pt\/wp-json\/wp\/v2\/product"}],"about":[{"href":"https:\/\/yebodaglass.com\/pt\/wp-json\/wp\/v2\/types\/product"}],"version-history":[{"count":5,"href":"https:\/\/yebodaglass.com\/pt\/wp-json\/wp\/v2\/product\/23513\/revisions"}],"predecessor-version":[{"id":25721,"href":"https:\/\/yebodaglass.com\/pt\/wp-json\/wp\/v2\/product\/23513\/revisions\/25721"}],"wp:featuredmedia":[{"embeddable":true,"href":"https:\/\/yebodaglass.com\/pt\/wp-json\/wp\/v2\/media\/23514"}],"wp:attachment":[{"href":"https:\/\/yebodaglass.com\/pt\/wp-json\/wp\/v2\/media?parent=23513"}],"wp:term":[{"taxonomy":"product_brand","embeddable":true,"href":"https:\/\/yebodaglass.com\/pt\/wp-json\/wp\/v2\/product_brand?post=23513"},{"taxonomy":"product_cat","embeddable":true,"href":"https:\/\/yebodaglass.com\/pt\/wp-json\/wp\/v2\/product_cat?post=23513"},{"taxonomy":"product_tag","embeddable":true,"href":"https:\/\/yebodaglass.com\/pt\/wp-json\/wp\/v2\/product_tag?post=23513"}],"curies":[{"name":"wp","href":"https:\/\/api.w.org\/{rel}","templated":true}]}}