{"id":23480,"date":"2025-11-10T11:44:01","date_gmt":"2025-11-10T03:44:01","guid":{"rendered":"https:\/\/yebodaglass.com\/?post_type=product&#038;p=23480"},"modified":"2026-03-24T15:23:54","modified_gmt":"2026-03-24T07:23:54","slug":"custom-empty-measured-tomato-sauce-bottles-with-pump-bulk","status":"publish","type":"product","link":"https:\/\/yebodaglass.com\/pt\/custom-empty-measured-tomato-sauce-bottles-with-pump-bulk\/","title":{"rendered":"Garrafas vazias de 300ml e 500ml para molho de tomate com bomba dosadora (embalagem a granel)"},"content":{"rendered":"<p>Estas garrafas para molho de tomate s\u00e3o compostas por uma tampa de bomba lisa, em tons de prata e preto, com marca\u00e7\u00f5es em formato de copos transparentes e um corpo cil\u00edndrico de vidro liso. Est\u00e3o dispon\u00edveis em dois tamanhos, dependendo da necessidade.<\/p>\n<h2>Caracter\u00edsticas do produto<\/h2>\n<ul>\n<li><strong>Dispensador de bomba de pe\u00e7a \u00fanica:<\/strong> Este modelo apresenta facilidade de opera\u00e7\u00e3o na distribui\u00e7\u00e3o de molhos espessos, o que evita derramamentos ou contamina\u00e7\u00e3o gra\u00e7as \u00e0 bomba de acionamento com um \u00fanico toque.<\/li>\n<li><strong>Gradua\u00e7\u00f5es claras:<\/strong> A garrafa de vidro possui marca\u00e7\u00f5es impressas, facilitando o monitoramento do n\u00edvel restante dos molhos e otimizando o controle de estoque.<\/li>\n<li><strong>Garrafa de vidro transparente:<\/strong> A garrafa \u00e9 de vidro transparente de alta qualidade, sendo assim resistente a molhos \u00e1cidos e manchas, permitindo a visualiza\u00e7\u00e3o do produto.<\/li>\n<\/ul>\n<h2 style=\"text-align: left;\">Especifica\u00e7\u00f5es principais<\/h2>\n<table class=\"aligncenter\" style=\"border-collapse: collapse; width: 480.77pt;\" border=\"0\" width=\"641\" cellspacing=\"0\" cellpadding=\"0\">\n<tbody>\n<tr style=\"height: 13.50pt;\">\n<td style=\"height: 13.50pt; width: 126.75pt;\" width=\"169\" height=\"18\">Recurso<\/td>\n<td style=\"width: 354.00pt;\" width=\"472\">Especifica\u00e7\u00e3o<\/td>\n<\/tr>\n<tr style=\"height: 13.50pt;\">\n<td style=\"height: 13.50pt;\" height=\"18\">Capacidades<\/td>\n<td>300ml (10oz) \/ 500ml (16oz)<\/td>\n<\/tr>\n<tr style=\"height: 13.50pt;\">\n<td style=\"height: 13.50pt;\" height=\"18\">Dimens\u00f5es (D\u00d7A)<\/td>\n<td>6\u00d721 cm \/ 6,5\u00d725 cm<\/td>\n<\/tr>\n<tr style=\"height: 13.50pt;\">\n<td style=\"height: 13.50pt;\" height=\"18\">Forma<\/td>\n<td>Garrafa de cerveja stout de paredes retas com marca\u00e7\u00f5es de volume moldadas.<\/td>\n<\/tr>\n<tr style=\"height: 13.50pt;\">\n<td style=\"height: 13.50pt;\" height=\"18\">Material<\/td>\n<td>Vidro de borosilicato de alta qualidade<\/td>\n<\/tr>\n<tr style=\"height: 13.50pt;\">\n<td style=\"height: 13.50pt;\" height=\"18\">Fecho inclu\u00eddo<\/td>\n<td>Bomba de press\u00e3o prateada (personaliz\u00e1vel)<\/td>\n<\/tr>\n<tr style=\"height: 13.50pt;\">\n<td style=\"height: 13.50pt;\" height=\"18\">Ideal para<\/td>\n<td>Molho de tomate, molho picante, molho de pimenta<\/td>\n<\/tr>\n<tr style=\"height: 13.50pt;\">\n<td style=\"height: 13.50pt;\" height=\"18\">Uso ideal<\/td>\n<td>Garrafa de molho de tomate, garrafas de molho vazias<\/td>\n<\/tr>\n<\/tbody>\n<\/table>\n<h2>Caso de Sucesso: Linha de Produtos para Foodservice - Uma Marca de Molho Barbecue do Texas<\/h2>\n<p>Uma marca de molho barbecue escolheu nosso frasco de vidro de 473 ml (16 on\u00e7as) com o logotipo da marca impresso, revestimento UV e uma bomba personalizada para dispensar 14 ml (0,5 on\u00e7as) por vez. Estima-se que a bomba tenha reduzido o desperd\u00edcio na cozinha em 20%, o revestimento UV impediu que o molho desbotasse nas prateleiras e reduziu as devolu\u00e7\u00f5es em 45%. Essa marca obteve grande sucesso e, posteriormente, fez um novo pedido de 520.000 frascos de seu molho de mostarda e bife de alta qualidade para sua linha de produtos de varejo.<\/p>\n<h2>Sugest\u00f5es para personalizar garrafas de molho<\/h2>\n<ul>\n<li><strong>Identidade visual impressa em serigrafia:<\/strong> Coloque o nome ou logotipo do seu restaurante em local de destaque abaixo da escala de medi\u00e7\u00e3o.<\/li>\n<li><strong>Op\u00e7\u00e3o de vitral:<\/strong> Armazene os \u00f3leos fotossens\u00edveis ou os produtos com vinagre infusionado em recipientes de vidro \u00e2mbar.<\/li>\n<li><strong>Design de base texturizada:<\/strong> Certifique-se de que a base da garrafa tenha uma superf\u00edcie antiderrapante, para que n\u00e3o fique inst\u00e1vel em mesas cheias.<\/li>\n<li><strong>Veda\u00e7\u00e3o de tampa personalizada:<\/strong> Inicialmente, o sistema de envase para estabelecimentos de servi\u00e7os de alimenta\u00e7\u00e3o \u00e9 equipado com um lacre inviol\u00e1vel.<\/li>\n<\/ul>","protected":false},"excerpt":{"rendered":"<p>Garrafa de vidro transparente para molho com marca\u00e7\u00f5es de medidas e bomba dosadora pr\u00e1tica. Ideal para molho de tomate, permitindo o controle preciso das por\u00e7\u00f5es \u2014 venda em grande quantidade com entrega r\u00e1pida.<\/p>","protected":false},"featured_media":23512,"template":"","meta":[],"product_brand":[],"product_cat":[129,123,122],"product_tag":[],"class_list":{"0":"post-23480","1":"product","2":"type-product","3":"status-publish","4":"has-post-thumbnail","6":"product_cat-hot-sauce-bottles","7":"product_cat-custom-glass-bottles","8":"product_cat-custom-glass-packaging","10":"first","11":"instock","12":"shipping-taxable","13":"product-type-simple"},"jetpack_sharing_enabled":true,"_links":{"self":[{"href":"https:\/\/yebodaglass.com\/pt\/wp-json\/wp\/v2\/product\/23480","targetHints":{"allow":["GET"]}}],"collection":[{"href":"https:\/\/yebodaglass.com\/pt\/wp-json\/wp\/v2\/product"}],"about":[{"href":"https:\/\/yebodaglass.com\/pt\/wp-json\/wp\/v2\/types\/product"}],"version-history":[{"count":5,"href":"https:\/\/yebodaglass.com\/pt\/wp-json\/wp\/v2\/product\/23480\/revisions"}],"predecessor-version":[{"id":25589,"href":"https:\/\/yebodaglass.com\/pt\/wp-json\/wp\/v2\/product\/23480\/revisions\/25589"}],"wp:featuredmedia":[{"embeddable":true,"href":"https:\/\/yebodaglass.com\/pt\/wp-json\/wp\/v2\/media\/23512"}],"wp:attachment":[{"href":"https:\/\/yebodaglass.com\/pt\/wp-json\/wp\/v2\/media?parent=23480"}],"wp:term":[{"taxonomy":"product_brand","embeddable":true,"href":"https:\/\/yebodaglass.com\/pt\/wp-json\/wp\/v2\/product_brand?post=23480"},{"taxonomy":"product_cat","embeddable":true,"href":"https:\/\/yebodaglass.com\/pt\/wp-json\/wp\/v2\/product_cat?post=23480"},{"taxonomy":"product_tag","embeddable":true,"href":"https:\/\/yebodaglass.com\/pt\/wp-json\/wp\/v2\/product_tag?post=23480"}],"curies":[{"name":"wp","href":"https:\/\/api.w.org\/{rel}","templated":true}]}}