{"id":23424,"date":"2025-11-10T08:59:20","date_gmt":"2025-11-10T00:59:20","guid":{"rendered":"https:\/\/yebodaglass.com\/?post_type=product&#038;p=23424"},"modified":"2026-04-10T15:22:20","modified_gmt":"2026-04-10T07:22:20","slug":"bulk-clear-empty-soy-sauce-bottles-with-press-pump","status":"publish","type":"product","link":"https:\/\/yebodaglass.com\/pt\/bulk-clear-empty-soy-sauce-bottles-with-press-pump\/","title":{"rendered":"Frascos vazios transparentes para molho de soja, com bomba dosadora, dispon\u00edveis em embalagens de 200ml, 300ml e 500ml."},"content":{"rendered":"<p>Estas garrafas de molho de soja t\u00eam um design cil\u00edndrico reto com indicadores de dosagem transparentes que mostram os pontos de medi\u00e7\u00e3o precisos. As tampas possuem bicos de bomba em a\u00e7o inoxid\u00e1vel e pl\u00e1stico.<\/p>\n<h2>Caracter\u00edsticas do produto<\/h2>\n<ul>\n<li><strong>Design do dispensador de bomba:<\/strong> Com a ajuda do dispensador de bomba preto, o usu\u00e1rio consegue controlar a quantidade de molho de pimenta de forma muito precisa e f\u00e1cil, sem desperd\u00edcio.<\/li>\n<li><strong>Frasco graduado transparente:<\/strong> A parte transparente e graduada do frasco facilita muito a visualiza\u00e7\u00e3o da quantidade utilizada ou restante, permitindo medi\u00e7\u00f5es bastante precisas.<\/li>\n<li><strong>Dispon\u00edvel em v\u00e1rios tamanhos:<\/strong> Existem tr\u00eas tamanhos diferentes de garrafas para serem usadas em diferentes locais, como resid\u00eancias e restaurantes, dependendo da quantidade de molho de pimenta armazenada e utilizada.<\/li>\n<\/ul>\n<h2 style=\"text-align: left;\">Especifica\u00e7\u00f5es principais<\/h2>\n<table class=\"aligncenter\" style=\"border-collapse: collapse; width: 432.02pt;\" border=\"0\" width=\"576\" cellspacing=\"0\" cellpadding=\"0\">\n<tbody>\n<tr style=\"height: 13.50pt;\">\n<td style=\"height: 13.50pt; width: 105.00pt;\" width=\"140\" height=\"18\">Recurso<\/td>\n<td style=\"width: 327.00pt;\" width=\"436\">Especifica\u00e7\u00e3o<\/td>\n<\/tr>\n<tr style=\"height: 13.50pt;\">\n<td style=\"height: 13.50pt;\" height=\"18\">Capacidades<\/td>\n<td>200ml (7oz) \/ 300ml (10oz) \/ 500ml (16oz)<\/td>\n<\/tr>\n<tr style=\"height: 13.50pt;\">\n<td style=\"height: 13.50pt;\" height=\"18\">Dimens\u00f5es (D\u00d7A)<\/td>\n<td>5,5\u00d719,5 cm \/ 6\u00d723,5 cm \/ 6,5\u00d727,5 cm<\/td>\n<\/tr>\n<tr style=\"height: 13.50pt;\">\n<td style=\"height: 13.50pt;\" height=\"18\">Forma<\/td>\n<td>Garrafa de cerveja stout de paredes retas com marca\u00e7\u00f5es de volume moldadas.<\/td>\n<\/tr>\n<tr style=\"height: 13.50pt;\">\n<td style=\"height: 13.50pt;\" height=\"18\">Material<\/td>\n<td>Vidro de borosilicato de alta qualidade<\/td>\n<\/tr>\n<tr style=\"height: 13.50pt;\">\n<td style=\"height: 13.50pt;\" height=\"18\">Fecho inclu\u00eddo<\/td>\n<td>Bomba de press\u00e3o preta (com detalhes em metal, resistente a vazamentos)<\/td>\n<\/tr>\n<tr style=\"height: 13.50pt;\">\n<td style=\"height: 13.50pt;\" height=\"18\">Ideal para<\/td>\n<td>Molho picante, molho de soja, molho para salada, condimentos<\/td>\n<\/tr>\n<tr style=\"height: 13.50pt;\">\n<td style=\"height: 13.50pt;\" height=\"18\">Uso ideal<\/td>\n<td>Garrafas de molho vazias, garrafa de molho de soja<\/td>\n<\/tr>\n<\/tbody>\n<\/table>\n<h2>Caso de sucesso: Encomenda personalizada de uma marca de molho picante da Louisiana<\/h2>\n<p>Uma marca de molho picante artesanal da Louisiana selecionou nossas garrafas vazias de 500 ml, personalizando-as com bicos de bomba mais largos e indicadores de pic\u00e2ncia. As garrafas personalizadas provaram ser altamente eficazes; os bicos de bomba precisos e as marca\u00e7\u00f5es ajudaram os consumidores a reduzir o uso excessivo em 20%, e a durabilidade das garrafas resultou em uma taxa de quebra inferior a 0,7% durante o transporte. A empresa estabeleceu uma rela\u00e7\u00e3o comercial de sucesso por meio desse pedido inicial, o que a levou a solicitar 420.000 garrafas para seu novo molho para asas de frango.<\/p>\n<h2>Sugest\u00f5es de personaliza\u00e7\u00e3o para garrafas de molho vazias<\/h2>\n<ul>\n<li><strong>Marcadores de medi\u00e7\u00e3o personalizados:<\/strong> Voc\u00ea pode reservar marca\u00e7\u00f5es de capacidade para receitas espec\u00edficas ou tamanhos de por\u00e7\u00e3o.<\/li>\n<li><strong>Op\u00e7\u00f5es de cores para a cabe\u00e7a da bomba:<\/strong> Forne\u00e7a bombas de \u00e1gua de cores diferentes que combinem com a paleta de cores do seu restaurante.<\/li>\n<li><strong>Base antiderrapante:<\/strong> Aplique uma textura antiderrapante no fundo da garrafa para garantir que ela fique firme mesmo quando estiver sobre uma mesa cheia de objetos.<\/li>\n<\/ul>","protected":false},"excerpt":{"rendered":"<p>Frascos pr\u00e1ticos para molho de soja com indicadores de medida e tampa de press\u00e3o, perfeitos para molhos e condimentos. Venda por atacado de frascos vazios para molho com amostras gr\u00e1tis.<\/p>","protected":false},"featured_media":23458,"template":"","meta":[],"product_brand":[],"product_cat":[129,123,122],"product_tag":[],"class_list":{"0":"post-23424","1":"product","2":"type-product","3":"status-publish","4":"has-post-thumbnail","6":"product_cat-hot-sauce-bottles","7":"product_cat-custom-glass-bottles","8":"product_cat-custom-glass-packaging","10":"first","11":"instock","12":"shipping-taxable","13":"product-type-simple"},"jetpack_sharing_enabled":true,"_links":{"self":[{"href":"https:\/\/yebodaglass.com\/pt\/wp-json\/wp\/v2\/product\/23424","targetHints":{"allow":["GET"]}}],"collection":[{"href":"https:\/\/yebodaglass.com\/pt\/wp-json\/wp\/v2\/product"}],"about":[{"href":"https:\/\/yebodaglass.com\/pt\/wp-json\/wp\/v2\/types\/product"}],"version-history":[{"count":5,"href":"https:\/\/yebodaglass.com\/pt\/wp-json\/wp\/v2\/product\/23424\/revisions"}],"predecessor-version":[{"id":25742,"href":"https:\/\/yebodaglass.com\/pt\/wp-json\/wp\/v2\/product\/23424\/revisions\/25742"}],"wp:featuredmedia":[{"embeddable":true,"href":"https:\/\/yebodaglass.com\/pt\/wp-json\/wp\/v2\/media\/23458"}],"wp:attachment":[{"href":"https:\/\/yebodaglass.com\/pt\/wp-json\/wp\/v2\/media?parent=23424"}],"wp:term":[{"taxonomy":"product_brand","embeddable":true,"href":"https:\/\/yebodaglass.com\/pt\/wp-json\/wp\/v2\/product_brand?post=23424"},{"taxonomy":"product_cat","embeddable":true,"href":"https:\/\/yebodaglass.com\/pt\/wp-json\/wp\/v2\/product_cat?post=23424"},{"taxonomy":"product_tag","embeddable":true,"href":"https:\/\/yebodaglass.com\/pt\/wp-json\/wp\/v2\/product_tag?post=23424"}],"curies":[{"name":"wp","href":"https:\/\/api.w.org\/{rel}","templated":true}]}}