{"id":23403,"date":"2025-11-07T16:21:21","date_gmt":"2025-11-07T08:21:21","guid":{"rendered":"https:\/\/yebodaglass.com\/?post_type=product&#038;p=23403"},"modified":"2025-11-07T17:21:01","modified_gmt":"2025-11-07T09:21:01","slug":"wholesale-clear-empty-bottles-for-hot-sauce-100ml-500ml","status":"publish","type":"product","link":"https:\/\/yebodaglass.com\/pt\/wholesale-clear-empty-bottles-for-hot-sauce-100ml-500ml\/","title":{"rendered":"Garrafas transparentes vazias para molho picante, de 100ml a 500ml, para venda por atacado."},"content":{"rendered":"<p>Estas garrafas vazias para molho picante v\u00eam em um recipiente de vidro transparente, que permite visualizar bem o molho. Possuem um design elegante e afunilado e est\u00e3o dispon\u00edveis em diferentes tamanhos.<\/p>\n<h2>Caracter\u00edsticas do produto<\/h2>\n<ul>\n<li><strong>Material de vidro transparente:<\/strong> O recipiente \u00e9 feito de vidro transparente, permitindo visualizar facilmente a cor e a quantidade de molho de pimenta restante no frasco, o que facilita bastante a identifica\u00e7\u00e3o e a verifica\u00e7\u00e3o do conte\u00fado.<\/li>\n<li><strong>Design de garrafa com cintura:<\/strong> A embalagem foi projetada com uma cintura e possui linhas suaves e exclusivas que n\u00e3o apenas embelezam o produto, mas tamb\u00e9m o tornam facilmente reconhec\u00edvel.<\/li>\n<li><strong>Dispon\u00edvel em diferentes tamanhos:<\/strong> Est\u00e1 dispon\u00edvel em diferentes tamanhos para atender a diferentes necessidades de volume e \u00e9 uma boa op\u00e7\u00e3o para uso familiar regular, servi\u00e7os de catering e outras situa\u00e7\u00f5es semelhantes.<\/li>\n<\/ul>\n<h2 style=\"text-align: left;\">Especifica\u00e7\u00f5es principais<\/h2>\n<table class=\"aligncenter\" style=\"border-collapse: collapse; width: 647.27pt;\" border=\"0\" width=\"863\" cellspacing=\"0\" cellpadding=\"0\">\n<tbody>\n<tr style=\"height: 13.50pt;\">\n<td style=\"height: 13.50pt; width: 127.50pt;\" width=\"170\" height=\"18\">Recurso<\/td>\n<td style=\"width: 519.75pt;\" width=\"693\">Especifica\u00e7\u00e3o<\/td>\n<\/tr>\n<tr style=\"height: 13.50pt;\">\n<td style=\"height: 13.50pt;\" height=\"18\">Capacidades<\/td>\n<td>100ml \/ 180ml \/ 220ml \/ 350ml \/ 400ml \/ 500ml<\/td>\n<\/tr>\n<tr style=\"height: 13.50pt;\">\n<td style=\"height: 13.50pt;\" height=\"18\">Dimens\u00f5es (D\u00d7A)<\/td>\n<td>4,2\u00d716,8 cm \/ 5,2\u00d719,3 cm \/ 5\u00d721,3 cm \/ 6,5\u00d723,5 cm \/ 7,2\u00d724 cm \/ 7,3\u00d725 cm<\/td>\n<\/tr>\n<tr style=\"height: 13.50pt;\">\n<td style=\"height: 13.50pt;\" height=\"18\">Material<\/td>\n<td>Garrafa de vidro transparente, pr\u00f3pria para alimentos, sem chumbo.<\/td>\n<\/tr>\n<tr style=\"height: 13.50pt;\">\n<td style=\"height: 13.50pt;\" height=\"18\">Fecho inclu\u00eddo<\/td>\n<td>Frasco para molho com tampa de rosca preta (dispon\u00edvel tamb\u00e9m em dourado, vermelho e amarelo)<\/td>\n<\/tr>\n<tr style=\"height: 13.50pt;\">\n<td style=\"height: 13.50pt;\" height=\"18\">Uso ideal<\/td>\n<td>Garrafas vazias para molho picante, garrafas de molho picante a granel<\/td>\n<\/tr>\n<\/tbody>\n<\/table>\n<h2>Hist\u00f3ria de sucesso: superando problemas na linha de produ\u00e7\u00e3o<\/h2>\n<p>A capacidade de embalagem era limitada devido ao bra\u00e7o de embalagem da empresa de condimentos de m\u00e9dio porte. As garrafas retas existentes eram dif\u00edceis de manusear na linha de envase, causando uma redu\u00e7\u00e3o na velocidade de produ\u00e7\u00e3o. Eles optaram por nossas garrafas curvas vazias de 350 ml para molho picante, que possuem uma \u00e1rea de pega mais adequada para a m\u00e1quina. Assim, a velocidade da linha de envase aumentou em 15% e a taxa de queda de garrafas foi reduzida em 30%. O melhor desempenho do produto tornou-se o principal impulsionador de vendas, resultando em tr\u00eas grandes pedidos consecutivos. Al\u00e9m disso, o cliente deu um passo adiante e diversificou seu estoque, adicionando mais 500 ml de seu sabor mais vendido.<\/p>\n<h2>Sugest\u00f5es para personalizar garrafas de molho picante<\/h2>\n<ul>\n<li><strong>Profundidade da curva personalizada:<\/strong> Ajuste a profundidade do sulco na cintura para uma pegada mais definida ou menos definida.<\/li>\n<li><strong>Marca\u00e7\u00f5es em alto volume:<\/strong> Fa\u00e7a marca\u00e7\u00f5es de volume em relevo e coloque-as no ombro da garrafa.<\/li>\n<li><strong>Identidade visual impressa em serigrafia:<\/strong> Imprima o logotipo diretamente na superf\u00edcie curva do vidro.<\/li>\n<li><strong>Op\u00e7\u00f5es de vitrais:<\/strong> Se o produto for fotossens\u00edvel, pode-se usar vidro \u00e2mbar ou azul cobalto.<\/li>\n<\/ul>","protected":false},"excerpt":{"rendered":"<p>Garrafas vazias elegantes para molho picante com tampas douradas, vermelhas e amarelas. Design de alta qualidade, ideal para personaliza\u00e7\u00e3o da sua marca \u2014 pre\u00e7o de f\u00e1brica e entrega r\u00e1pida!<\/p>","protected":false},"featured_media":23412,"template":"","meta":[],"product_brand":[],"product_cat":[122,123,129],"product_tag":[],"class_list":{"0":"post-23403","1":"product","2":"type-product","3":"status-publish","4":"has-post-thumbnail","6":"product_cat-custom-glass-packaging","7":"product_cat-custom-glass-bottles","8":"product_cat-hot-sauce-bottles","10":"first","11":"instock","12":"shipping-taxable","13":"product-type-simple"},"jetpack_sharing_enabled":true,"_links":{"self":[{"href":"https:\/\/yebodaglass.com\/pt\/wp-json\/wp\/v2\/product\/23403","targetHints":{"allow":["GET"]}}],"collection":[{"href":"https:\/\/yebodaglass.com\/pt\/wp-json\/wp\/v2\/product"}],"about":[{"href":"https:\/\/yebodaglass.com\/pt\/wp-json\/wp\/v2\/types\/product"}],"version-history":[{"count":4,"href":"https:\/\/yebodaglass.com\/pt\/wp-json\/wp\/v2\/product\/23403\/revisions"}],"predecessor-version":[{"id":23420,"href":"https:\/\/yebodaglass.com\/pt\/wp-json\/wp\/v2\/product\/23403\/revisions\/23420"}],"wp:featuredmedia":[{"embeddable":true,"href":"https:\/\/yebodaglass.com\/pt\/wp-json\/wp\/v2\/media\/23412"}],"wp:attachment":[{"href":"https:\/\/yebodaglass.com\/pt\/wp-json\/wp\/v2\/media?parent=23403"}],"wp:term":[{"taxonomy":"product_brand","embeddable":true,"href":"https:\/\/yebodaglass.com\/pt\/wp-json\/wp\/v2\/product_brand?post=23403"},{"taxonomy":"product_cat","embeddable":true,"href":"https:\/\/yebodaglass.com\/pt\/wp-json\/wp\/v2\/product_cat?post=23403"},{"taxonomy":"product_tag","embeddable":true,"href":"https:\/\/yebodaglass.com\/pt\/wp-json\/wp\/v2\/product_tag?post=23403"}],"curies":[{"name":"wp","href":"https:\/\/api.w.org\/{rel}","templated":true}]}}