{"id":23399,"date":"2025-11-13T11:14:54","date_gmt":"2025-11-13T03:14:54","guid":{"rendered":"https:\/\/yebodaglass.com\/?post_type=product&#038;p=23399"},"modified":"2026-03-17T11:49:22","modified_gmt":"2026-03-17T03:49:22","slug":"clear-square-herb-jars-with-metal-lids-bulk","status":"publish","type":"product","link":"https:\/\/yebodaglass.com\/pt\/clear-square-herb-jars-with-metal-lids-bulk\/","title":{"rendered":"Potes de vidro quadrados transparentes de 118 ml (4 oz) para ervas, com tampas de metal, a granel."},"content":{"rendered":"<p>Estes frascos vazios para ervas t\u00eam um formato quadrado cl\u00e1ssico, s\u00e3o feitos de vidro ultratransparente e ficam quase perfeitos para exibir suas ervas e especiarias coloridas. As tampas lisas de a\u00e7o inoxid\u00e1vel oferecem a vantagem de um controle preciso na dosagem.<\/p>\n<h2>Caracter\u00edsticas do produto<\/h2>\n<ul>\n<li><strong>Design quadrado transparente:<\/strong> A base c\u00fabica quadrada \u00e9 feita de vidro simples, o que oferece ao cubo uma base firme e, ao mesmo tempo, permite f\u00e1cil visualiza\u00e7\u00e3o do seu conte\u00fado e economiza espa\u00e7o.<\/li>\n<li><strong>Tampa basculante de uma pe\u00e7a:<\/strong> A tampa de metal prateado foi projetada com in\u00fameros orif\u00edcios min\u00fasculos que permitem o controle total da dosagem de especiarias e ervas, evitando derramamentos.<\/li>\n<li><strong>F\u00e1cil de transportar:<\/strong> Gra\u00e7as ao formato quadrado de seus lados e ao fato de serem planos, os potes podem ser empilhados de forma compacta em prateleiras e gavetas.<\/li>\n<\/ul>\n<h2>Especifica\u00e7\u00f5es principais<\/h2>\n<table style=\"border-collapse: collapse; width: 80%; margin-left: auto; margin-right: auto;\" border=\"0\" width=\"360\" cellspacing=\"0\" cellpadding=\"0\">\n<tbody>\n<tr style=\"height: 13.50pt;\">\n<td style=\"height: 13.5pt; width: 54pt; text-align: center;\" width=\"72\" height=\"18\">Capacidade<\/td>\n<td style=\"width: 54pt; text-align: center;\" width=\"72\">Tamanho (cm)<\/td>\n<td style=\"width: 54pt; text-align: center;\" width=\"72\">Forma<\/td>\n<td style=\"width: 54pt; text-align: center;\" width=\"72\">Op\u00e7\u00f5es de cores<\/td>\n<td style=\"width: 54pt; text-align: center;\" width=\"72\">Tipo de tampa<\/td>\n<\/tr>\n<tr style=\"height: 13.50pt;\">\n<td style=\"height: 13.5pt; text-align: center;\" height=\"18\">120ml\/4oz<\/td>\n<td style=\"text-align: center;\">4 x 9<\/td>\n<td style=\"text-align: center;\">Quadrado<\/td>\n<td style=\"text-align: center;\">Claro, personalizado<\/td>\n<td style=\"text-align: center;\">A\u00e7o inoxid\u00e1vel<\/td>\n<\/tr>\n<\/tbody>\n<\/table>\n<h2>Caso de sucesso: Uma solu\u00e7\u00e3o padronizada para uma empresa de fornecimento de alimentos e bebidas do Meio-Oeste americano.<\/h2>\n<p>Uma das empresas de fornecimento para buf\u00eas do Centro-Oeste americano escolheu nossos potes de ervas quadrados transparentes, com gradua\u00e7\u00f5es impressas em serigrafia em um dos lados. Os potes de vidro foram projetados para serem transparentes, permitindo que a equipe da cozinha percebesse facilmente a redu\u00e7\u00e3o do estoque e, assim, minimizasse pela metade as rupturas de estoque. Esses potes de temperos suportaram mais de 500 lavagens em lava-lou\u00e7as industriais. Devido ao sucesso, a empresa de fornecimento para buf\u00eas encomendou um novo lote de 750.000 potes de temperos para abastecer sua rede de restaurantes em todo o pa\u00eds.<\/p>\n<h2>Frascos de especiarias vazios podem ser personalizados.<\/h2>\n<ol>\n<li><strong>Personaliza\u00e7\u00e3o do logotipo:<\/strong>Logotipos impressos ou gravados no corpo ou na tampa da garrafa refor\u00e7am o reconhecimento da marca.<\/li>\n<li><strong>R\u00f3tulo e embalagem:<\/strong>Cria\u00e7\u00e3o de etiquetas personalizadas, embalagens termoencolh\u00edveis ou caixas de presente para construir uma identidade visual consistente no varejo.<\/li>\n<li><strong>Inser\u00e7\u00f5es para coqueteleira:<\/strong>Apresentamos tampas opcionais com agitador ou peneira para diversos usos com p\u00f3 ou gr\u00e2nulos.<\/li>\n<\/ol>","protected":false},"excerpt":{"rendered":"<p>Frascos de ervas premium com corpo de vidro quadrado e tampa dosadora perfurada. Elegantes frascos vazios para especiarias, ideais para armazenar temperos na cozinha. Dispon\u00edvel em estoque para entrega r\u00e1pida.<\/p>","protected":false},"featured_media":23400,"template":"","meta":[],"product_brand":[],"product_cat":[122,124,128],"product_tag":[],"class_list":{"0":"post-23399","1":"product","2":"type-product","3":"status-publish","4":"has-post-thumbnail","6":"product_cat-custom-glass-packaging","7":"product_cat-custom-glass-jars","8":"product_cat-spice-jars","10":"first","11":"instock","12":"shipping-taxable","13":"product-type-simple"},"jetpack_sharing_enabled":true,"_links":{"self":[{"href":"https:\/\/yebodaglass.com\/pt\/wp-json\/wp\/v2\/product\/23399","targetHints":{"allow":["GET"]}}],"collection":[{"href":"https:\/\/yebodaglass.com\/pt\/wp-json\/wp\/v2\/product"}],"about":[{"href":"https:\/\/yebodaglass.com\/pt\/wp-json\/wp\/v2\/types\/product"}],"version-history":[{"count":5,"href":"https:\/\/yebodaglass.com\/pt\/wp-json\/wp\/v2\/product\/23399\/revisions"}],"predecessor-version":[{"id":25466,"href":"https:\/\/yebodaglass.com\/pt\/wp-json\/wp\/v2\/product\/23399\/revisions\/25466"}],"wp:featuredmedia":[{"embeddable":true,"href":"https:\/\/yebodaglass.com\/pt\/wp-json\/wp\/v2\/media\/23400"}],"wp:attachment":[{"href":"https:\/\/yebodaglass.com\/pt\/wp-json\/wp\/v2\/media?parent=23399"}],"wp:term":[{"taxonomy":"product_brand","embeddable":true,"href":"https:\/\/yebodaglass.com\/pt\/wp-json\/wp\/v2\/product_brand?post=23399"},{"taxonomy":"product_cat","embeddable":true,"href":"https:\/\/yebodaglass.com\/pt\/wp-json\/wp\/v2\/product_cat?post=23399"},{"taxonomy":"product_tag","embeddable":true,"href":"https:\/\/yebodaglass.com\/pt\/wp-json\/wp\/v2\/product_tag?post=23399"}],"curies":[{"name":"wp","href":"https:\/\/api.w.org\/{rel}","templated":true}]}}