{"id":23384,"date":"2025-11-07T17:11:18","date_gmt":"2025-11-07T09:11:18","guid":{"rendered":"https:\/\/yebodaglass.com\/?post_type=product&#038;p=23384"},"modified":"2026-03-19T10:59:11","modified_gmt":"2026-03-19T02:59:11","slug":"empty-mini-spice-jars-with-shaker-lid-wholesale","status":"publish","type":"product","link":"https:\/\/yebodaglass.com\/pt\/produto\/empty-mini-spice-jars-with-shaker-lid-wholesale\/","title":{"rendered":"Potes de especiarias vazios de 10ml e 15ml com tampa dosadora - Atacado"},"content":{"rendered":"<p>Estes mini potes de especiarias t\u00eam o formato elegante de mini potes de vidro transparente, quadrados e c\u00f4nicos, com tampas articuladas de metal prateado. Seu tamanho compacto \u00e9 ideal para bancadas de cozinha, piqueniques ou cozinhas pequenas.<\/p>\n<h2>Caracter\u00edsticas do produto<\/h2>\n<ul>\n<li><strong>Cristal de vidro transparente: <\/strong>Nossos mini potes de tempero s\u00e3o feitos de vidro dur\u00e1vel, livre de chumbo e BPA, e podem ser lavados na lava-lou\u00e7as. Assim, s\u00e3o f\u00e1ceis de limpar e podem ser usados \u200b\u200bdiariamente sem qualquer preocupa\u00e7\u00e3o com a seguran\u00e7a.<\/li>\n<li><strong>Formatos redondos e quadrados requintados: <\/strong>O design compacto, quadrado e redondo dos nossos mini potes de especiarias os torna n\u00e3o apenas os recipientes perfeitos para guardar a\u00e7\u00facar, sal e pimenta em qualquer prateleira da cozinha, mas tamb\u00e9m visualmente atraentes.<\/li>\n<li><strong>Tampa de rosca met\u00e1lica perfurada:<\/strong> Possui uma tampa de rosca met\u00e1lica perfurada com distribui\u00e7\u00e3o uniforme de perfura\u00e7\u00f5es para garantir o controle adequado da dosagem do tempero.<\/li>\n<\/ul>\n<h2>Especifica\u00e7\u00f5es principais<\/h2>\n<table style=\"border-collapse: collapse; width: 80%; margin-left: auto; margin-right: auto;\" border=\"0\" width=\"603\" cellspacing=\"0\" cellpadding=\"0\">\n<tbody>\n<tr style=\"height: 13.50pt;\">\n<td style=\"height: 13.5pt; width: 54pt; text-align: center;\" width=\"72\" height=\"18\">Capacidade<\/td>\n<td style=\"width: 182.25pt; text-align: center;\" width=\"243\">Forma<\/td>\n<td style=\"width: 54pt; text-align: center;\" width=\"72\">Tamanho (cm)<\/td>\n<td style=\"width: 54pt; text-align: center;\" width=\"72\">Op\u00e7\u00f5es de cores<\/td>\n<td style=\"width: 54pt; text-align: center;\" width=\"72\">Tipo de tampa<\/td>\n<td style=\"width: 54pt; text-align: center;\" width=\"72\">Uso<\/td>\n<\/tr>\n<tr style=\"height: 13.50pt;\">\n<td style=\"height: 13.5pt; text-align: center;\" height=\"18\">10ml<\/td>\n<td class=\"et2\" style=\"text-align: center;\" rowspan=\"2\">Redondo, Quadrado<\/td>\n<td style=\"text-align: center;\">2,9 x 4,1<\/td>\n<td class=\"et2\" style=\"text-align: center;\" rowspan=\"2\">Limpar, aceitar personaliza\u00e7\u00e3o<\/td>\n<td class=\"et2\" style=\"text-align: center;\" rowspan=\"2\">A\u00e7o inoxid\u00e1vel<\/td>\n<td class=\"et2\" style=\"text-align: center;\" rowspan=\"2\">Embale o p\u00f3 de pimenta, o p\u00f3 de pimenta malagueta, o caldo de galinha, o sal, etc.<\/td>\n<\/tr>\n<tr style=\"height: 13.50pt;\">\n<td style=\"height: 13.5pt; text-align: center;\" height=\"18\">15ml<\/td>\n<td style=\"text-align: center;\">3,1 x 4,6<\/td>\n<\/tr>\n<\/tbody>\n<\/table>\n<h2>Caso de Sucesso: Um Best-seller de uma Varejista Japonesa<\/h2>\n<p>Uma das redes varejistas japonesas escolheu nossos conjuntos de mini potes de especiarias em dois formatos diferentes e os personalizou com um acabamento fosco claro. A bela apar\u00eancia do conjunto resultou em uma taxa de vendas de 60% no primeiro m\u00eas de lan\u00e7amento no mercado, e as reclama\u00e7\u00f5es dos clientes sobre tampas entupidas diminu\u00edram em 55%. A varejista ficou t\u00e3o satisfeita com o produto que encomendou mais 300.000 conjuntos para suas lojas em todo o pa\u00eds e para seu novo neg\u00f3cio de artigos para o lar online.<\/p>\n<h2>Seu Guia de Personaliza\u00e7\u00e3o<\/h2>\n<ol>\n<li><strong>Grava\u00e7\u00e3o e logotipo personalizados:<\/strong> A grava\u00e7\u00e3o a laser de logotipos de marcas ou nomes de especiarias em tampas de a\u00e7o inoxid\u00e1vel confere a cada garrafa uma apar\u00eancia \u00fanica, que ajuda no reconhecimento e na identifica\u00e7\u00e3o da marca.<\/li>\n<li><strong>Diferentes orif\u00edcios para dosagem:<\/strong> Ao alterar o tamanho e o n\u00famero de orif\u00edcios de dosagem para diferentes especiarias (p\u00f3, gr\u00e2nulos, ervas), pode-se ter certeza de que a dosagem ser\u00e1 suave e sem obstru\u00e7\u00f5es.<\/li>\n<li><strong>Decora\u00e7\u00e3o de recipientes:<\/strong> Al\u00e9m da personaliza\u00e7\u00e3o com logotipos da marca ou da impress\u00e3o de r\u00f3tulos de especiarias por serigrafia ou estampagem a quente, as pe\u00e7as de vidro s\u00e3o mais atraentes para os clientes no varejo.<\/li>\n<\/ol>","protected":false},"excerpt":{"rendered":"<p>Mini potes de tempero vers\u00e1teis, compactos e com tampa dosadora. Conjunto pr\u00e1tico para armazenar sal, pimenta e ervas. Descontos para compras no atacado dispon\u00edveis.<\/p>","protected":false},"featured_media":23388,"template":"","meta":[],"product_brand":[],"product_cat":[122,124,128],"product_tag":[],"class_list":{"0":"post-23384","1":"product","2":"type-product","3":"status-publish","4":"has-post-thumbnail","6":"product_cat-custom-glass-packaging","7":"product_cat-custom-glass-jars","8":"product_cat-spice-jars","10":"first","11":"instock","12":"shipping-taxable","13":"product-type-simple"},"jetpack_sharing_enabled":true,"_links":{"self":[{"href":"https:\/\/yebodaglass.com\/pt\/wp-json\/wp\/v2\/product\/23384","targetHints":{"allow":["GET"]}}],"collection":[{"href":"https:\/\/yebodaglass.com\/pt\/wp-json\/wp\/v2\/product"}],"about":[{"href":"https:\/\/yebodaglass.com\/pt\/wp-json\/wp\/v2\/types\/product"}],"version-history":[{"count":5,"href":"https:\/\/yebodaglass.com\/pt\/wp-json\/wp\/v2\/product\/23384\/revisions"}],"predecessor-version":[{"id":25512,"href":"https:\/\/yebodaglass.com\/pt\/wp-json\/wp\/v2\/product\/23384\/revisions\/25512"}],"wp:featuredmedia":[{"embeddable":true,"href":"https:\/\/yebodaglass.com\/pt\/wp-json\/wp\/v2\/media\/23388"}],"wp:attachment":[{"href":"https:\/\/yebodaglass.com\/pt\/wp-json\/wp\/v2\/media?parent=23384"}],"wp:term":[{"taxonomy":"product_brand","embeddable":true,"href":"https:\/\/yebodaglass.com\/pt\/wp-json\/wp\/v2\/product_brand?post=23384"},{"taxonomy":"product_cat","embeddable":true,"href":"https:\/\/yebodaglass.com\/pt\/wp-json\/wp\/v2\/product_cat?post=23384"},{"taxonomy":"product_tag","embeddable":true,"href":"https:\/\/yebodaglass.com\/pt\/wp-json\/wp\/v2\/product_tag?post=23384"}],"curies":[{"name":"wp","href":"https:\/\/api.w.org\/{rel}","templated":true}]}}