{"id":23381,"date":"2025-11-07T14:43:19","date_gmt":"2025-11-07T06:43:19","guid":{"rendered":"https:\/\/yebodaglass.com\/?post_type=product&#038;p=23381"},"modified":"2025-11-07T17:15:14","modified_gmt":"2025-11-07T09:15:14","slug":"wholesale-clear-glass-condiment-bottles-for-sauces-150ml-500ml","status":"publish","type":"product","link":"https:\/\/yebodaglass.com\/pt\/wholesale-clear-glass-condiment-bottles-for-sauces-150ml-500ml\/","title":{"rendered":"Frascos de vidro transparente para molhos, atacado, 150ml \u2013 500ml"},"content":{"rendered":"<p>Estas garrafas de vidro para condimentos s\u00e3o incrivelmente transparentes, feitas de vidro cristalino, e visualmente s\u00e3o excelentes. Os recipientes s\u00e3o encantadores porque os fabricantes criaram garrafas c\u00f4nicas, bem como algumas texturizadas, que revelam perfeitamente a cor do molho em seu interior.<\/p>\n<h2>Caracter\u00edsticas do produto<\/h2>\n<ul>\n<li><strong>Diversos modelos de garrafas:<\/strong> Uma combina\u00e7\u00e3o de formatos de frascos, como os c\u00f4nicos e texturizados, com contornos elegantes, aumenta o apelo visual do produto e o reconhecimento da marca.<\/li>\n<li><strong>Suporta diversos tamanhos:<\/strong> Dispon\u00edvel em v\u00e1rios tamanhos, \u00e9 poss\u00edvel atender a diversas necessidades de capacidade, sendo assim adequado para o uso di\u00e1rio em fam\u00edlia e para o porcionamento de refei\u00e7\u00f5es.<\/li>\n<li><strong>Dur\u00e1vel e resistente:<\/strong> As paredes de vidro espessas foram, generosamente, projetadas para reter firmemente as garrafas contra a press\u00e3o da linha de enchimento e para suportar os desafios do transporte.<\/li>\n<\/ul>\n<h2 style=\"text-align: left;\">Especifica\u00e7\u00f5es principais<\/h2>\n<table class=\"aligncenter\" style=\"border-collapse: collapse; width: 580.52pt;\" border=\"0\" width=\"774\" cellspacing=\"0\" cellpadding=\"0\">\n<tbody>\n<tr style=\"height: 13.50pt;\">\n<td style=\"height: 13.50pt; width: 127.50pt;\" width=\"170\" height=\"18\">Recurso<\/td>\n<td style=\"width: 453.00pt;\" width=\"604\">Especifica\u00e7\u00e3o<\/td>\n<\/tr>\n<tr style=\"height: 13.50pt;\">\n<td style=\"height: 13.50pt;\" height=\"18\">Capacidades<\/td>\n<td>150ml \/ 200ml \/ 250ml \/ 300ml \/ 400ml \/ 500ml<\/td>\n<\/tr>\n<tr style=\"height: 13.50pt;\">\n<td style=\"height: 13.50pt;\" height=\"18\">Dimens\u00f5es (D\u00d7A)<\/td>\n<td>5,5\u00d717,5 cm \/ 6\u00d718,5 cm \/ 6\u00d722 cm \/ 7\u00d722,5 cm \/ 7\u00d724 cm \/ 7,5\u00d726 cm<\/td>\n<\/tr>\n<tr style=\"height: 13.50pt;\">\n<td style=\"height: 13.50pt;\" height=\"18\">Material<\/td>\n<td>Garrafa de vidro transparente, pr\u00f3pria para alimentos, sem chumbo.<\/td>\n<\/tr>\n<tr style=\"height: 13.50pt;\">\n<td style=\"height: 13.50pt;\" height=\"18\">Fecho inclu\u00eddo<\/td>\n<td>Frasco para molho com tampa de rosca preta (outras cores dispon\u00edveis)<\/td>\n<\/tr>\n<tr style=\"height: 13.50pt;\">\n<td style=\"height: 13.50pt;\" height=\"18\">Ideal para<\/td>\n<td>Molho picante, molho de tomate, molho para salada, molho de ostra<\/td>\n<\/tr>\n<\/tbody>\n<\/table>\n<h2>Simplificando uma linha de produtos diversificada: a hist\u00f3ria de sucesso de um fabricante de alimentos especiais.<\/h2>\n<p>Uma marca de alimentos especiais utilizava diferentes tipos de garrafas para seus 12 sabores, o que gerava problemas no gerenciamento de estoque e r\u00f3tulos. A empresa unificou todas as suas linhas de produtos em garrafas de vidro para condimentos de 250 ml e 500 ml, fornecidas por n\u00f3s. Como resultado dessa padroniza\u00e7\u00e3o, conseguiram reduzir o estoque de embalagens em 40% e aumentar a velocidade de gerenciamento de r\u00f3tulos em 25%. O novo design de embalagem n\u00e3o s\u00f3 contribuiu para a melhoria da imagem da marca, como tamb\u00e9m resultou em um aumento de 35% nas vendas no primeiro ano. A empresa ficou muito satisfeita com os resultados e agora realiza pedidos trimestrais de mais de 300.000 unidades.<\/p>\n<h2>Ideias para personalizar frascos de vidro para condimentos<\/h2>\n<ul>\n<li><strong>Perfil personalizado da garrafa:<\/strong> Altere a cintura ou a curva do ombro da garrafa para criar um contorno distinto.<\/li>\n<li><strong>Padr\u00f5es de vidro texturizado:<\/strong> Aplique um design delicado (por exemplo, linhas verticais ou formas geom\u00e9tricas) na faceta do vidro.<\/li>\n<li><strong>Marcadores de Volume Impressos:<\/strong> Para facilitar o registro de receitas e medidas de temperos, fa\u00e7a algumas marca\u00e7\u00f5es de volume impressas no copo.<\/li>\n<li><strong>Alternativas ao vidro colorido:<\/strong> Al\u00e9m da prote\u00e7\u00e3o contra a luz, use vidro \u00e2mbar ou verde para um efeito visual \u00fanico.<\/li>\n<\/ul>","protected":false},"excerpt":{"rendered":"<p>Frascos de vidro transparente para condimentos com curvas elegantes e detalhes texturizados. Frascos para molhos, ideais para personaliza\u00e7\u00e3o da marca e apresenta\u00e7\u00e3o de alimentos. Amostras gr\u00e1tis.<\/p>","protected":false},"featured_media":23394,"template":"","meta":[],"product_brand":[],"product_cat":[122,123,129],"product_tag":[],"class_list":{"0":"post-23381","1":"product","2":"type-product","3":"status-publish","4":"has-post-thumbnail","6":"product_cat-custom-glass-packaging","7":"product_cat-custom-glass-bottles","8":"product_cat-hot-sauce-bottles","10":"first","11":"instock","12":"shipping-taxable","13":"product-type-simple"},"jetpack_sharing_enabled":true,"_links":{"self":[{"href":"https:\/\/yebodaglass.com\/pt\/wp-json\/wp\/v2\/product\/23381","targetHints":{"allow":["GET"]}}],"collection":[{"href":"https:\/\/yebodaglass.com\/pt\/wp-json\/wp\/v2\/product"}],"about":[{"href":"https:\/\/yebodaglass.com\/pt\/wp-json\/wp\/v2\/types\/product"}],"version-history":[{"count":5,"href":"https:\/\/yebodaglass.com\/pt\/wp-json\/wp\/v2\/product\/23381\/revisions"}],"predecessor-version":[{"id":23402,"href":"https:\/\/yebodaglass.com\/pt\/wp-json\/wp\/v2\/product\/23381\/revisions\/23402"}],"wp:featuredmedia":[{"embeddable":true,"href":"https:\/\/yebodaglass.com\/pt\/wp-json\/wp\/v2\/media\/23394"}],"wp:attachment":[{"href":"https:\/\/yebodaglass.com\/pt\/wp-json\/wp\/v2\/media?parent=23381"}],"wp:term":[{"taxonomy":"product_brand","embeddable":true,"href":"https:\/\/yebodaglass.com\/pt\/wp-json\/wp\/v2\/product_brand?post=23381"},{"taxonomy":"product_cat","embeddable":true,"href":"https:\/\/yebodaglass.com\/pt\/wp-json\/wp\/v2\/product_cat?post=23381"},{"taxonomy":"product_tag","embeddable":true,"href":"https:\/\/yebodaglass.com\/pt\/wp-json\/wp\/v2\/product_tag?post=23381"}],"curies":[{"name":"wp","href":"https:\/\/api.w.org\/{rel}","templated":true}]}}