{"id":23372,"date":"2025-11-07T14:30:40","date_gmt":"2025-11-07T06:30:40","guid":{"rendered":"https:\/\/yebodaglass.com\/?post_type=product&#038;p=23372"},"modified":"2026-03-18T09:57:57","modified_gmt":"2026-03-18T01:57:57","slug":"pumpkin-shape-cute-spice-jars-with-wooden-lid-bulk","status":"publish","type":"product","link":"https:\/\/yebodaglass.com\/pt\/pumpkin-shape-cute-spice-jars-with-wooden-lid-bulk\/","title":{"rendered":"Potes de especiarias fofos em formato de ab\u00f3bora de 250ml com tampa de madeira (a granel)"},"content":{"rendered":"<p>Esses potinhos de tempero s\u00e3o uma gra\u00e7a, t\u00eam um formato ador\u00e1vel de ab\u00f3bora com listras verticais. S\u00e3o de vidro transparente e perfeitos para exibir seus temperos. As tampas s\u00e3o feitas de madeira natural e possuem um suporte para colher embutido e um puxador de madeira combinando.<\/p>\n<h2>Caracter\u00edsticas do produto<\/h2>\n<ul>\n<li><strong>Corpo em formato de ab\u00f3bora:<\/strong> O design da garrafa, fofo e \u00fanico, \u00e9 o em formato de ab\u00f3bora com listras, que melhora tanto a apar\u00eancia quanto a ader\u00eancia.<\/li>\n<li><strong>Colher medidora integrada:<\/strong> Os frascos possuem uma colher medidora branca embutida na tampa de madeira, sendo, portanto, higi\u00eanicos e pr\u00e1ticos de usar.<\/li>\n<li><strong>Tamanho vers\u00e1til para cozinhas e salas de jantar: <\/strong>Este frasco de 250 ml tem o tamanho perfeito para especiarias ou pequenos produtos secos. Seu design elegante combina com qualquer cozinha ou sala de jantar.<\/li>\n<\/ul>\n<h2>Especifica\u00e7\u00f5es principais<\/h2>\n<table style=\"border-collapse: collapse; width: 80%; margin-left: auto; margin-right: auto;\" border=\"0\" width=\"144\" cellspacing=\"0\" cellpadding=\"0\">\n<tbody>\n<tr style=\"height: 13.50pt;\">\n<td style=\"height: 13.5pt; width: 54pt; text-align: center;\" width=\"72\" height=\"18\">Recurso<\/td>\n<td style=\"width: 54pt; text-align: center;\" width=\"72\">Especifica\u00e7\u00e3o<\/td>\n<\/tr>\n<tr style=\"height: 13.50pt;\">\n<td style=\"height: 13.5pt; text-align: center;\" height=\"18\">Capacidade<\/td>\n<td style=\"text-align: center;\">250ml<\/td>\n<\/tr>\n<tr style=\"height: 13.50pt;\">\n<td style=\"height: 13.5pt; text-align: center;\" height=\"18\">Material<\/td>\n<td style=\"text-align: center;\">Vidro branco de alta qualidade, vidro resistente ao calor<\/td>\n<\/tr>\n<tr style=\"height: 13.50pt;\">\n<td style=\"height: 13.5pt; text-align: center;\" height=\"18\">Cor<\/td>\n<td style=\"text-align: center;\">Limpar, aceitar personaliza\u00e7\u00e3o<\/td>\n<\/tr>\n<tr style=\"height: 13.50pt;\">\n<td style=\"height: 13.5pt; text-align: center;\" height=\"18\">Tipos de tampas<\/td>\n<td style=\"text-align: center;\">Tampa de bambu \/ Tampa de vidro \/ Tampa de corti\u00e7a \/ Tampa de pl\u00e1stico PE<\/td>\n<\/tr>\n<tr style=\"height: 13.50pt;\">\n<td style=\"height: 13.5pt; text-align: center;\" height=\"18\">Tratamento de superf\u00edcie<\/td>\n<td style=\"text-align: center;\">Serigrafia\/Acabamento fosco\/Decalque\/Pintura em spray\/Etiqueta, etc.<\/td>\n<\/tr>\n<\/tbody>\n<\/table>\n<h2>Caso de sucesso: Encomenda personalizada em uma das mercearias do Meio-Oeste.<\/h2>\n<p>Nossos charmosos potes de tempero foram escolhidos por uma rede de supermercados do Meio-Oeste americano, que os personalizou com vidro \u00e2mbar levemente fosco e uma tampa de bordo com um padr\u00e3o de folhas cortado a laser. Os potes de tempero foram um sucesso estrondoso: o design especial e sofisticado da embalagem para presente fez com que a empresa compartilhasse a novidade nas redes sociais com seus clientes em 300%. Isso se deveu ao design com colher embutida, um importante diferencial de vendas, j\u00e1 que pesquisas com clientes indicaram que 90% deles consideraram o produto muito pr\u00e1tico. Com o sucesso dessa iniciativa, a rede encomendou mais 400.000 potes de tempero para seu kit de presente &#034;Cozinha da Fazenda&#034; e para sua linha pr\u00f3pria de ingredientes para confeitaria.<\/p>\n<h2>Manual de Personaliza\u00e7\u00e3o de Recipientes para Temperos<\/h2>\n<ol>\n<li><strong>Melhor design em vidro:<\/strong> Selecione uma textura ondulada, uma linha reta ou um acabamento fosco para uma profundidade visual original e uma ader\u00eancia segura.<\/li>\n<li><strong>Colheres e acess\u00f3rios aprimorados:<\/strong> Voc\u00ea pode escolher colheres de bambu, vidro ou a\u00e7o inoxid\u00e1vel e, al\u00e9m disso, pode adquirir bases de armazenamento correspondentes para que a beleza do conjunto seja ainda maior.<\/li>\n<li><strong>Cor e capacidade \u00e0 sua escolha:<\/strong> Est\u00e3o dispon\u00edveis recipientes de vidro em cores como transparente, \u00e2mbar ou rosa, assim como capacidades que variam de 100ml a 300ml, proporcionando assim meios para armazenar frascos de condimentos de diferentes tamanhos.<\/li>\n<\/ol>","protected":false},"excerpt":{"rendered":"<p>Lindos potinhos de tempero em formato de ab\u00f3bora com tampas de madeira. Pr\u00e1ticos recipientes para armazenar temperos, com colher para sal, a\u00e7\u00facar e especiarias. Amostras gr\u00e1tis.<\/p>","protected":false},"featured_media":23373,"template":"","meta":[],"product_brand":[],"product_cat":[122,124,128],"product_tag":[],"class_list":{"0":"post-23372","1":"product","2":"type-product","3":"status-publish","4":"has-post-thumbnail","6":"product_cat-custom-glass-packaging","7":"product_cat-custom-glass-jars","8":"product_cat-spice-jars","10":"first","11":"instock","12":"shipping-taxable","13":"product-type-simple"},"jetpack_sharing_enabled":true,"_links":{"self":[{"href":"https:\/\/yebodaglass.com\/pt\/wp-json\/wp\/v2\/product\/23372","targetHints":{"allow":["GET"]}}],"collection":[{"href":"https:\/\/yebodaglass.com\/pt\/wp-json\/wp\/v2\/product"}],"about":[{"href":"https:\/\/yebodaglass.com\/pt\/wp-json\/wp\/v2\/types\/product"}],"version-history":[{"count":5,"href":"https:\/\/yebodaglass.com\/pt\/wp-json\/wp\/v2\/product\/23372\/revisions"}],"predecessor-version":[{"id":25493,"href":"https:\/\/yebodaglass.com\/pt\/wp-json\/wp\/v2\/product\/23372\/revisions\/25493"}],"wp:featuredmedia":[{"embeddable":true,"href":"https:\/\/yebodaglass.com\/pt\/wp-json\/wp\/v2\/media\/23373"}],"wp:attachment":[{"href":"https:\/\/yebodaglass.com\/pt\/wp-json\/wp\/v2\/media?parent=23372"}],"wp:term":[{"taxonomy":"product_brand","embeddable":true,"href":"https:\/\/yebodaglass.com\/pt\/wp-json\/wp\/v2\/product_brand?post=23372"},{"taxonomy":"product_cat","embeddable":true,"href":"https:\/\/yebodaglass.com\/pt\/wp-json\/wp\/v2\/product_cat?post=23372"},{"taxonomy":"product_tag","embeddable":true,"href":"https:\/\/yebodaglass.com\/pt\/wp-json\/wp\/v2\/product_tag?post=23372"}],"curies":[{"name":"wp","href":"https:\/\/api.w.org\/{rel}","templated":true}]}}