{"id":23360,"date":"2025-11-07T13:39:54","date_gmt":"2025-11-07T05:39:54","guid":{"rendered":"https:\/\/yebodaglass.com\/?post_type=product&#038;p=23360"},"modified":"2026-03-16T15:54:12","modified_gmt":"2026-03-16T07:54:12","slug":"clear-glass-spice-shaker-jars-with-hourglass-bulk","status":"publish","type":"product","link":"https:\/\/yebodaglass.com\/pt\/produto\/clear-glass-spice-shaker-jars-with-hourglass-bulk\/","title":{"rendered":"Conjunto de 85ml de frascos de vidro transparente para temperos com formato de ampulheta (a granel)"},"content":{"rendered":"<p>Esses potes para temperos s\u00e3o \u00fanicos, com formato de ampulheta e design c\u00f4nico que facilita o manuseio, a agita\u00e7\u00e3o e at\u00e9 mesmo a inclina\u00e7\u00e3o. Possuem tampas flip-top coloridas ou tampas met\u00e1licas para f\u00e1cil acesso.<\/p>\n<h2>Caracter\u00edsticas do produto<\/h2>\n<ul>\n<li><strong>Design ergon\u00f4mico em formato de ampulheta:<\/strong> O formato c\u00f4nico da ampulheta proporciona uma pegada confort\u00e1vel e est\u00e1vel, permitindo agit\u00e1-la e controlar facilmente o despejo do l\u00edquido.<\/li>\n<li><strong>Vidro de alta visibilidade:<\/strong> Gra\u00e7as ao vidro transparente, \u00e9 poss\u00edvel visualizar facilmente o conte\u00fado, a cor e a quantidade presente na garrafa.<\/li>\n<li><strong>Diversas op\u00e7\u00f5es de bon\u00e9s:<\/strong> Escolha tampas de pl\u00e1stico de cores vivas e f\u00e1ceis de abrir, que sejam de f\u00e1cil acesso, ou tampas de metal com fecho de rosca que garantam o armazenamento herm\u00e9tico.<\/li>\n<\/ul>\n<h2>Especifica\u00e7\u00f5es principais<\/h2>\n<table style=\"border-collapse: collapse; width: 80%; margin-left: auto; margin-right: auto;\" border=\"0\" width=\"144\" cellspacing=\"0\" cellpadding=\"0\">\n<tbody>\n<tr style=\"height: 13.50pt;\">\n<td style=\"height: 13.5pt; width: 54pt; text-align: center;\" width=\"72\" height=\"18\">Recurso<\/td>\n<td style=\"width: 54pt; text-align: center;\" width=\"72\">Especifica\u00e7\u00e3o<\/td>\n<\/tr>\n<tr style=\"height: 13.50pt;\">\n<td style=\"height: 13.5pt; text-align: center;\" height=\"18\">Capacidade<\/td>\n<td style=\"text-align: center;\">85ml<\/td>\n<\/tr>\n<tr style=\"height: 13.50pt;\">\n<td style=\"height: 13.5pt; text-align: center;\" height=\"18\">Tamanho<\/td>\n<td style=\"text-align: center;\">5 x 10 cm<\/td>\n<\/tr>\n<tr style=\"height: 13.50pt;\">\n<td style=\"height: 13.5pt; text-align: center;\" height=\"18\">Cor<\/td>\n<td style=\"text-align: center;\">Claro, personalizado<\/td>\n<\/tr>\n<tr style=\"height: 13.50pt;\">\n<td style=\"height: 13.5pt; text-align: center;\" height=\"18\">Tampas<\/td>\n<td style=\"text-align: center;\">Tampa de rosca tipo borboleta<\/td>\n<\/tr>\n<tr style=\"height: 13.50pt;\">\n<td style=\"height: 13.5pt; text-align: center;\" height=\"18\">Uso<\/td>\n<td style=\"text-align: center;\">Ervas secas, especiarias, pimenta, temperos secos e muito mais.<\/td>\n<\/tr>\n<\/tbody>\n<\/table>\n<h2>Caso de sucesso: um pedido personalizado para uma empresa europeia de entrega de comida.<\/h2>\n<p>Nosso frasco para ervas foi escolhido por uma gigante empresa europeia de entrega de alimentos, que personalizou as linhas de medi\u00e7\u00e3o no frasco. O frasco transparente e as linhas de marca\u00e7\u00e3o aumentaram a precis\u00e3o das receitas seguidas pelos clientes, que, segundo o feedback recebido, adoraram o elegante frasco de vidro e as linhas de marca\u00e7\u00e3o que garantiram uma taxa de sucesso 15% maior nas receitas. O sistema de tampa flip-top seguro reduziu as reclama\u00e7\u00f5es sobre derramamento de temperos em 25%. Com base nessas excelentes caracter\u00edsticas de desempenho, a empresa encomendou mais 500.000 frascos para atender \u00e0 crescente demanda no mercado norte-americano.<\/p>\n<h2>Recomenda\u00e7\u00f5es de personaliza\u00e7\u00e3o para frascos de temperos<\/h2>\n<ul>\n<li>Marca\u00e7\u00f5es de gradua\u00e7\u00e3o personalizadas: Adicione permanentemente marca\u00e7\u00f5es de gradua\u00e7\u00e3o impressas ou em relevo (colher de ch\u00e1, colher de sopa, grama) na lateral do frasco para que possam ser usadas com precis\u00e3o em receitas.<\/li>\n<li>Tampa dosadora com furos duplos: Pr\u00e9-aque\u00e7a uma tampa com dois furos, uma tampa dosadora com furos pequenos (v\u00e1rios furos pequenos); a outra com sementes ou especiarias em flocos.<\/li>\n<li>Design quadrado ou retangular: Projete potes de especiarias com design quadrado ou retangular para economizar espa\u00e7o e aproveitar ao m\u00e1ximo o espa\u00e7o dispon\u00edvel em gavetas e prateleiras.<\/li>\n<\/ul>","protected":false},"excerpt":{"rendered":"<p>Potes transparentes para temperos com formato ergon\u00f4mico na cintura para facilitar o manuseio. Potes transparentes ideais para armazenar especiarias e condimentos na cozinha. Dispon\u00edveis em estoque para entrega r\u00e1pida.<\/p>","protected":false},"featured_media":23362,"template":"","meta":[],"product_brand":[],"product_cat":[122,124,128],"product_tag":[],"class_list":{"0":"post-23360","1":"product","2":"type-product","3":"status-publish","4":"has-post-thumbnail","6":"product_cat-custom-glass-packaging","7":"product_cat-custom-glass-jars","8":"product_cat-spice-jars","10":"first","11":"instock","12":"shipping-taxable","13":"product-type-simple"},"jetpack_sharing_enabled":true,"_links":{"self":[{"href":"https:\/\/yebodaglass.com\/pt\/wp-json\/wp\/v2\/product\/23360","targetHints":{"allow":["GET"]}}],"collection":[{"href":"https:\/\/yebodaglass.com\/pt\/wp-json\/wp\/v2\/product"}],"about":[{"href":"https:\/\/yebodaglass.com\/pt\/wp-json\/wp\/v2\/types\/product"}],"version-history":[{"count":5,"href":"https:\/\/yebodaglass.com\/pt\/wp-json\/wp\/v2\/product\/23360\/revisions"}],"predecessor-version":[{"id":25459,"href":"https:\/\/yebodaglass.com\/pt\/wp-json\/wp\/v2\/product\/23360\/revisions\/25459"}],"wp:featuredmedia":[{"embeddable":true,"href":"https:\/\/yebodaglass.com\/pt\/wp-json\/wp\/v2\/media\/23362"}],"wp:attachment":[{"href":"https:\/\/yebodaglass.com\/pt\/wp-json\/wp\/v2\/media?parent=23360"}],"wp:term":[{"taxonomy":"product_brand","embeddable":true,"href":"https:\/\/yebodaglass.com\/pt\/wp-json\/wp\/v2\/product_brand?post=23360"},{"taxonomy":"product_cat","embeddable":true,"href":"https:\/\/yebodaglass.com\/pt\/wp-json\/wp\/v2\/product_cat?post=23360"},{"taxonomy":"product_tag","embeddable":true,"href":"https:\/\/yebodaglass.com\/pt\/wp-json\/wp\/v2\/product_tag?post=23360"}],"curies":[{"name":"wp","href":"https:\/\/api.w.org\/{rel}","templated":true}]}}