{"id":23351,"date":"2025-11-07T11:52:40","date_gmt":"2025-11-07T03:52:40","guid":{"rendered":"https:\/\/yebodaglass.com\/?post_type=product&#038;p=23351"},"modified":"2026-04-09T15:28:15","modified_gmt":"2026-04-09T07:28:15","slug":"square-glass-herb-jars-with-bamboo-lids-wholesale","status":"publish","type":"product","link":"https:\/\/yebodaglass.com\/pt\/square-glass-herb-jars-with-bamboo-lids-wholesale\/","title":{"rendered":"Potes de vidro quadrados coloridos de 120ml para ervas arom\u00e1ticas com tampas de bambu - Atacado"},"content":{"rendered":"<p>Estes frascos de vidro para ervas s\u00e3o altos, quadrados, com cantos arredondados e bordas retas. Os frascos s\u00e3o feitos de vidro grosso e transparente e v\u00eam com tampas de rosca de bambu natural. Est\u00e3o dispon\u00edveis em diversas cores.<\/p>\n<h2>Caracter\u00edsticas do produto<\/h2>\n<ul>\n<li><strong>Design retangular:<\/strong> O design retangular \u00e9 limpo, ocupa menos espa\u00e7o de armazenamento e pode ser empilhado, sendo assim exibido de forma organizada com a ajuda de arm\u00e1rios ou prateleiras.<\/li>\n<li><strong>Vidro multicolorido com prote\u00e7\u00e3o contra luz:<\/strong> Os copos est\u00e3o dispon\u00edveis em quatro cores eficazes: bord\u00f4, verde escuro, \u00e2mbar e azul royal, que t\u00eam a capacidade de bloquear a luz, evitando que especiarias e produtos secos, entre outros itens semelhantes, se estraguem e oxidem.<\/li>\n<li><strong>Tampas de madeira natural:<\/strong> Combinadas com tampas de rosca de madeira natural, a sensa\u00e7\u00e3o natural e a excelente capacidade de veda\u00e7\u00e3o conferem ao produto um toque ecol\u00f3gico e agregam valor est\u00e9tico.<\/li>\n<\/ul>\n<h2>Especifica\u00e7\u00f5es principais<\/h2>\n<table style=\"border-collapse: collapse; width: 80%; margin-left: auto; margin-right: auto;\" border=\"0\" width=\"144\" cellspacing=\"0\" cellpadding=\"0\">\n<tbody>\n<tr style=\"height: 13.50pt;\">\n<td style=\"height: 13.5pt; width: 54pt; text-align: center;\" width=\"72\" height=\"18\">Recurso<\/td>\n<td style=\"width: 54pt; text-align: center;\" width=\"72\">Especifica\u00e7\u00e3o<\/td>\n<\/tr>\n<tr style=\"height: 13.50pt;\">\n<td style=\"height: 13.5pt; text-align: center;\" height=\"18\">Capacidade<\/td>\n<td style=\"text-align: center;\">120ml (4oz)<\/td>\n<\/tr>\n<tr style=\"height: 13.50pt;\">\n<td style=\"height: 13.5pt; text-align: center;\" height=\"18\">Material<\/td>\n<td style=\"text-align: center;\">Vidro resistente \u2022 Formato quadrado<\/td>\n<\/tr>\n<tr style=\"height: 13.50pt;\">\n<td style=\"height: 13.5pt; text-align: center;\" height=\"18\">Cor<\/td>\n<td style=\"text-align: center;\">\u00c2mbar, Vermelho, Azul, Verde, Personalizado<\/td>\n<\/tr>\n<tr style=\"height: 13.50pt;\">\n<td style=\"height: 13.5pt; text-align: center;\" height=\"18\">Tampas<\/td>\n<td style=\"text-align: center;\">Bambu, metal, pl\u00e1stico \u2022 Tampas para coqueteleira dispon\u00edveis<\/td>\n<\/tr>\n<tr style=\"height: 13.50pt;\">\n<td style=\"height: 13.5pt; text-align: center;\" height=\"18\">Personaliza\u00e7\u00e3o<\/td>\n<td style=\"text-align: center;\">Grava\u00e7\u00e3o de logotipos, serigrafia, etiquetas\/embalagens personalizadas<\/td>\n<\/tr>\n<\/tbody>\n<\/table>\n<h2>Caso de sucesso: Encomenda personalizada de uma marca gourmet europeia de alta gama.<\/h2>\n<p>A marca italiana de produtos gourmet de alta qualidade escolheu nossos potes de vidro \u00e2mbar quadrados de 250 ml para especiarias e solicitou tampas personalizadas de madeira de nogueira em seu pedido oficial. Os potes personalizados alcan\u00e7aram resultados impressionantes, pois seu sistema de veda\u00e7\u00e3o superior aumentou a vida \u00fatil das especiarias premium em 40%, enquanto o vidro colorido bloqueava a luz, preservando 25% da pot\u00eancia original das especiarias. Ap\u00f3s o sucesso com seus produtos existentes, a empresa fez uma nova compra de 280.000 potes para dar suporte \u00e0 sua nova linha de sal marinho aromatizado.<\/p>\n<h2>Personaliza\u00e7\u00e3o de potes de vidro quadrados para especiarias<\/h2>\n<ol>\n<li><strong>Op\u00e7\u00f5es de tampa:<\/strong>Diferentes marcas podem ter tampas de bambu, a\u00e7o inoxid\u00e1vel ou alum\u00ednio com veda\u00e7\u00e3o de silicone para combinar com sua est\u00e9tica e manter o frescor hermeticamente fechado.<\/li>\n<li><strong>Cores do vidro:<\/strong>Escolha entre diferentes cores, como \u00e2mbar, azul cobalto, verde ou vidro transparente, para armazenar ervas ou especiarias de diversas maneiras.<\/li>\n<li><strong>Personaliza\u00e7\u00e3o de etiquetas:<\/strong>Uma identifica\u00e7\u00e3o de marca ecol\u00f3gica, mas luxuosa, pode ser alcan\u00e7ada pela combina\u00e7\u00e3o de etiquetas gravadas a laser ou impressas na tampa ou no corpo da garrafa.<\/li>\n<\/ol>","protected":false},"excerpt":{"rendered":"<p>Elegantes potes de vidro quadrados para especiarias com tampas de bambu, perfeitos para manter suas ervas frescas e sua cozinha organizada. Amostras gr\u00e1tis.<\/p>","protected":false},"featured_media":23355,"template":"","meta":[],"product_brand":[],"product_cat":[128,124,122],"product_tag":[],"class_list":{"0":"post-23351","1":"product","2":"type-product","3":"status-publish","4":"has-post-thumbnail","6":"product_cat-spice-jars","7":"product_cat-custom-glass-jars","8":"product_cat-custom-glass-packaging","10":"first","11":"instock","12":"shipping-taxable","13":"product-type-simple"},"jetpack_sharing_enabled":true,"_links":{"self":[{"href":"https:\/\/yebodaglass.com\/pt\/wp-json\/wp\/v2\/product\/23351","targetHints":{"allow":["GET"]}}],"collection":[{"href":"https:\/\/yebodaglass.com\/pt\/wp-json\/wp\/v2\/product"}],"about":[{"href":"https:\/\/yebodaglass.com\/pt\/wp-json\/wp\/v2\/types\/product"}],"version-history":[{"count":5,"href":"https:\/\/yebodaglass.com\/pt\/wp-json\/wp\/v2\/product\/23351\/revisions"}],"predecessor-version":[{"id":25696,"href":"https:\/\/yebodaglass.com\/pt\/wp-json\/wp\/v2\/product\/23351\/revisions\/25696"}],"wp:featuredmedia":[{"embeddable":true,"href":"https:\/\/yebodaglass.com\/pt\/wp-json\/wp\/v2\/media\/23355"}],"wp:attachment":[{"href":"https:\/\/yebodaglass.com\/pt\/wp-json\/wp\/v2\/media?parent=23351"}],"wp:term":[{"taxonomy":"product_brand","embeddable":true,"href":"https:\/\/yebodaglass.com\/pt\/wp-json\/wp\/v2\/product_brand?post=23351"},{"taxonomy":"product_cat","embeddable":true,"href":"https:\/\/yebodaglass.com\/pt\/wp-json\/wp\/v2\/product_cat?post=23351"},{"taxonomy":"product_tag","embeddable":true,"href":"https:\/\/yebodaglass.com\/pt\/wp-json\/wp\/v2\/product_tag?post=23351"}],"curies":[{"name":"wp","href":"https:\/\/api.w.org\/{rel}","templated":true}]}}