{"id":23317,"date":"2025-11-06T17:00:08","date_gmt":"2025-11-06T09:00:08","guid":{"rendered":"https:\/\/yebodaglass.com\/?post_type=product&#038;p=23317"},"modified":"2025-11-06T17:00:10","modified_gmt":"2025-11-06T09:00:10","slug":"spices-jars-wholesale-glass-containers-supplier","status":"publish","type":"product","link":"https:\/\/yebodaglass.com\/pt\/spices-jars-wholesale-glass-containers-supplier\/","title":{"rendered":"Frascos de especiarias de 80 ml e 120 ml com tampa m\u00faltipla para organiza\u00e7\u00e3o na cozinha\u00a0"},"content":{"rendered":"<p>Voc\u00ea est\u00e1 cansado de potes de temperos que pingam ou escondem seus sabores. Fabricamos recipientes de vidro para temperos com perfeita transpar\u00eancia - os temperos ficam vis\u00edveis o tempo todo. Esses potes de especiarias fazem de sua cozinha um lugar moderno. A compra a granel pode ter sua marca personalizada com op\u00e7\u00f5es personalizadas.<\/p>\n<h2>Caracter\u00edsticas do produto<\/h2>\n<p><strong>Op\u00e7\u00f5es de tampa segura<\/strong><\/p>\n<p>Tampas de alum\u00ednio, madeira ou pl\u00e1stico com veda\u00e7\u00e3o de revestimento - nada de a\u00e7\u00facar \u00famido ou pimenta vencida.<\/p>\n<p><strong>Armazenamento vers\u00e1til<\/strong><\/p>\n<p>\u00d3leo, molhos, farinha ou pimenta - podem ser usados em qualquer cozinha.<\/p>\n<p><strong>Design de cores personalizado<\/strong><\/p>\n<p>Seja branco ou preto, seus potes de temperos personalizados se transformam em um presente incr\u00edvel.<\/p>\n<h2>Especifica\u00e7\u00f5es principais<\/h2>\n<table style=\"border-collapse: collapse; width: 80%; margin-left: auto; margin-right: auto;\" border=\"0\" width=\"144\" cellspacing=\"0\" cellpadding=\"0\">\n<tbody>\n<tr style=\"height: 13.50pt;\">\n<td style=\"height: 13.5pt; width: 54pt; text-align: center;\" width=\"72\" height=\"18\">Recurso<\/td>\n<td style=\"width: 54pt; text-align: center;\" width=\"72\">Especifica\u00e7\u00e3o<\/td>\n<\/tr>\n<tr style=\"height: 13.50pt;\">\n<td style=\"height: 13.5pt; text-align: center;\" height=\"18\">Capacidade<\/td>\n<td style=\"text-align: center;\">80 ml 120 ml<\/td>\n<\/tr>\n<tr style=\"height: 13.50pt;\">\n<td style=\"height: 13.5pt; text-align: center;\" height=\"18\">Forma<\/td>\n<td style=\"text-align: center;\">Redondo<\/td>\n<\/tr>\n<tr style=\"height: 13.50pt;\">\n<td style=\"height: 13.5pt; text-align: center;\" height=\"18\">Op\u00e7\u00f5es de tampa<\/td>\n<td style=\"text-align: center;\">Alum\u00ednio, madeira, pl\u00e1stico<\/td>\n<\/tr>\n<tr style=\"height: 13.50pt;\">\n<td style=\"height: 13.5pt; text-align: center;\" height=\"18\">Uso<\/td>\n<td style=\"text-align: center;\">Para l\u00edquidos como molhos e \u00f3leos.<\/td>\n<\/tr>\n<\/tbody>\n<\/table>\n<h2>Hist\u00f3ria de sucesso<\/h2>\n<p>N\u00f3s\u200d\u200d\u200d\u200d\u200d\u200d nos unimos a uma marca canadense de alimentos para fazer frascos de temperos personalizados com tampas de alum\u00ednio prateadas e corpos quadrados transparentes, enfatizando assim a textura colorida da mistura de ervas e pimentas em seu interior. A configura\u00e7\u00e3o herm\u00e9tica \u00e9 o que mant\u00e9m os temperos frescos e com cheiro agrad\u00e1vel, mesmo quando s\u00e3o enviados de longe ou colocados na prateleira.<\/p>\n<p>Ap\u00f3s a mudan\u00e7a na embalagem, a marca teve um aumento de 28% nas vendas no varejo, bem como um aumento substancial no conhecimento da marca.<\/p>\n<h2>Seu Guia de Personaliza\u00e7\u00e3o<\/h2>\n<ol>\n<li><strong>Garrafa\u200d\u200d\u200d\u200d\u200d\u200d\u200d Tampa:<\/strong> A parte externa da garrafa pode ser feita de metal, bambu ou pl\u00e1stico, e a cor pode ser escolhida em uma ampla gama de cores, como preto, dourado e prata, para atender a diferentes necessidades de estilo.<\/li>\n<li><strong>Op\u00e7\u00f5es de volume:<\/strong> Que tal se o produto estivesse dispon\u00edvel em diferentes tamanhos, como 80 ml, 120 ml e 150 ml? Assim, um usu\u00e1rio de uma casa, de um restaurante ou de um cliente comercial poderia decidir qual \u00e9 o mais adequado para ele.<\/li>\n<li><strong>Garrafa de vidro:<\/strong> Um frasco redondo ou quadrado, com acabamento fosco ou transparente, \u00e9 um recipiente de vidro perfeito para temperos que combina mais com o posicionamento da marca e as tend\u00eancias do mercado.<\/li>\n<\/ol>","protected":false},"excerpt":{"rendered":"<p>Mantenha seus temperos frescos e organizados com nosso recipiente de vidro para temperos. Esses potes de temperos dur\u00e1veis t\u00eam uma tampa de metal para armazenamento herm\u00e9tico e elegante na cozinha.<\/p>","protected":false},"featured_media":23321,"template":"","meta":[],"product_brand":[],"product_cat":[122,124,128],"product_tag":[],"class_list":{"0":"post-23317","1":"product","2":"type-product","3":"status-publish","4":"has-post-thumbnail","6":"product_cat-custom-glass-packaging","7":"product_cat-custom-glass-jars","8":"product_cat-spice-jars","10":"first","11":"instock","12":"shipping-taxable","13":"product-type-simple"},"jetpack_sharing_enabled":true,"_links":{"self":[{"href":"https:\/\/yebodaglass.com\/pt\/wp-json\/wp\/v2\/product\/23317","targetHints":{"allow":["GET"]}}],"collection":[{"href":"https:\/\/yebodaglass.com\/pt\/wp-json\/wp\/v2\/product"}],"about":[{"href":"https:\/\/yebodaglass.com\/pt\/wp-json\/wp\/v2\/types\/product"}],"version-history":[{"count":4,"href":"https:\/\/yebodaglass.com\/pt\/wp-json\/wp\/v2\/product\/23317\/revisions"}],"predecessor-version":[{"id":23325,"href":"https:\/\/yebodaglass.com\/pt\/wp-json\/wp\/v2\/product\/23317\/revisions\/23325"}],"wp:featuredmedia":[{"embeddable":true,"href":"https:\/\/yebodaglass.com\/pt\/wp-json\/wp\/v2\/media\/23321"}],"wp:attachment":[{"href":"https:\/\/yebodaglass.com\/pt\/wp-json\/wp\/v2\/media?parent=23317"}],"wp:term":[{"taxonomy":"product_brand","embeddable":true,"href":"https:\/\/yebodaglass.com\/pt\/wp-json\/wp\/v2\/product_brand?post=23317"},{"taxonomy":"product_cat","embeddable":true,"href":"https:\/\/yebodaglass.com\/pt\/wp-json\/wp\/v2\/product_cat?post=23317"},{"taxonomy":"product_tag","embeddable":true,"href":"https:\/\/yebodaglass.com\/pt\/wp-json\/wp\/v2\/product_tag?post=23317"}],"curies":[{"name":"wp","href":"https:\/\/api.w.org\/{rel}","templated":true}]}}