{"id":23307,"date":"2025-11-06T14:24:09","date_gmt":"2025-11-06T06:24:09","guid":{"rendered":"https:\/\/yebodaglass.com\/?post_type=product&#038;p=23307"},"modified":"2025-11-06T16:53:42","modified_gmt":"2025-11-06T08:53:42","slug":"custom-textured-bbq-sauce-bottles-for-canning","status":"publish","type":"product","link":"https:\/\/yebodaglass.com\/pt\/custom-textured-bbq-sauce-bottles-for-canning\/","title":{"rendered":"Garrafas texturizadas personalizadas para molho barbecue, ideais para conservas, 375ml e 500ml"},"content":{"rendered":"<p>Estas garrafas de molho barbecue v\u00eam com um corpo de vidro robusto, pesado, transparente e com textura horizontal, que n\u00e3o s\u00f3 proporciona uma boa ader\u00eancia e uma sensa\u00e7\u00e3o premium, como tamb\u00e9m une estilo e funcionalidade.<\/p>\n<h2>Caracter\u00edsticas do produto<\/h2>\n<ul>\n<li><strong>Melhor ader\u00eancia:<\/strong> Gra\u00e7as \u00e0 textura horizontal, o usu\u00e1rio consegue uma pegada firme e antiderrapante, tornando o manuseio e o despejo mais seguros e convenientes.<\/li>\n<li><strong>Vidro transparente:<\/strong> O recipiente de vidro transparente permite que os usu\u00e1rios verifiquem visualmente a cor, bem como a quantidade de molho restante.<\/li>\n<li><strong>Escolha entre dois tamanhos:<\/strong> O produto \u00e9 oferecido em dois tamanhos diferentes para atender a diversas necessidades, sendo ideal para o uso di\u00e1rio da fam\u00edlia, para porcionar refei\u00e7\u00f5es e similares.<\/li>\n<\/ul>\n<h2 style=\"text-align: left;\">Especifica\u00e7\u00f5es principais<\/h2>\n<table class=\"aligncenter\" style=\"border-collapse: collapse; width: 462.77pt;\" border=\"0\" width=\"617\" cellspacing=\"0\" cellpadding=\"0\">\n<tbody>\n<tr style=\"height: 13.50pt;\">\n<td style=\"height: 13.50pt; width: 116.25pt;\" width=\"155\" height=\"18\">Recurso<\/td>\n<td style=\"width: 346.50pt;\" width=\"462\">Especifica\u00e7\u00e3o<\/td>\n<\/tr>\n<tr style=\"height: 13.50pt;\">\n<td style=\"height: 13.50pt;\" height=\"18\">Capacidades<\/td>\n<td>375 ml, 500 ml<\/td>\n<\/tr>\n<tr style=\"height: 13.50pt;\">\n<td style=\"height: 13.50pt;\" height=\"18\">Tamanho da embalagem<\/td>\n<td>20 \u00d7 15 \u00d7 15 cm (id\u00eantico para ambos os tamanhos)<\/td>\n<\/tr>\n<tr style=\"height: 13.50pt;\">\n<td style=\"height: 13.50pt;\" height=\"18\">Forma<\/td>\n<td>Garrafa stout com textura vertical<\/td>\n<\/tr>\n<tr style=\"height: 13.50pt;\">\n<td style=\"height: 13.50pt;\" height=\"18\">Material<\/td>\n<td>Garrafa de vidro transparente, pr\u00f3pria para alimentos, sem chumbo.<\/td>\n<\/tr>\n<tr style=\"height: 13.50pt;\">\n<td style=\"height: 13.50pt;\" height=\"18\">Op\u00e7\u00f5es de fechamento<\/td>\n<td>Fecho de rosca em preto, dourado ou personalizado.<\/td>\n<\/tr>\n<tr style=\"height: 13.50pt;\">\n<td style=\"height: 13.50pt;\" height=\"18\">Ideal para<\/td>\n<td>Molho picante, molho para salada, molho de tomate<\/td>\n<\/tr>\n<tr style=\"height: 13.50pt;\">\n<td style=\"height: 13.50pt;\" height=\"18\">Uso ideal<\/td>\n<td>Garrafa de molho barbecue, garrafas de molho picante a granel para conservas.<\/td>\n<\/tr>\n<\/tbody>\n<\/table>\n<h2>Caso de sucesso: como a textura desempenhou um papel fundamental no posicionamento do produto.<\/h2>\n<p>Uma empresa de condimentos que produz molhos barbecue artesanais exclusivamente para o mercado americano decidiu usar esse design de garrafa texturizada para sua principal linha de molho barbecue. O pre\u00e7o aumentou 25% gra\u00e7as \u00e0 apar\u00eancia sofisticada e \u00e0 melhor ader\u00eancia, enquanto as quebras durante o transporte foram reduzidas em 40%. Assim, no primeiro semestre do ano, a intera\u00e7\u00e3o t\u00e1til com o cliente resultou em um aumento de 35% nas vendas, o que foi confirmado por seus parceiros varejistas. A cada dois meses, a empresa encomenda 200.000 garrafas em ambos os tamanhos.<\/p>\n<h2>Dicas para personalizar garrafas<\/h2>\n<ul>\n<li><strong>Cor do bon\u00e9 personalizada:<\/strong> Al\u00e9m do dourado e do preto, voc\u00ea pode escolher a cor da tampa que combine com a cor da sua marca.<\/li>\n<li><strong>Op\u00e7\u00f5es de cores para o vidro:<\/strong> Al\u00e9m dos designs texturizados, a empresa oferece a op\u00e7\u00e3o de frasco de vidro \u00e2mbar ou verde para prote\u00e7\u00e3o contra a luz.<\/li>\n<li><strong>Grava\u00e7\u00e3o em relevo do logotipo da marca:<\/strong> D\u00ea destaque \u00e0 sua marca gravando o logotipo em relevo dentro da textura para uma imagem de marca mais discreta.<\/li>\n<li><strong>Varia\u00e7\u00e3o do acabamento da textura:<\/strong> Voc\u00ea pode escolher se a textura ficar\u00e1 mais rasa ou mais profunda, dependendo se deseja uma ader\u00eancia maior ou um efeito de textura suave.<\/li>\n<\/ul>","protected":false},"excerpt":{"rendered":"<p>Garrafas de alta qualidade para molho picante, pr\u00f3prias para conservas, com uma elegante textura de vidro. Ideais para molho barbecue, para pequenas marcas ou embalagens de restaurantes. Amostras gr\u00e1tis.<\/p>","protected":false},"featured_media":23310,"template":"","meta":[],"product_brand":[],"product_cat":[123,122,129],"product_tag":[],"class_list":{"0":"post-23307","1":"product","2":"type-product","3":"status-publish","4":"has-post-thumbnail","6":"product_cat-custom-glass-bottles","7":"product_cat-custom-glass-packaging","8":"product_cat-hot-sauce-bottles","10":"first","11":"instock","12":"shipping-taxable","13":"product-type-simple"},"jetpack_sharing_enabled":true,"_links":{"self":[{"href":"https:\/\/yebodaglass.com\/pt\/wp-json\/wp\/v2\/product\/23307","targetHints":{"allow":["GET"]}}],"collection":[{"href":"https:\/\/yebodaglass.com\/pt\/wp-json\/wp\/v2\/product"}],"about":[{"href":"https:\/\/yebodaglass.com\/pt\/wp-json\/wp\/v2\/types\/product"}],"version-history":[{"count":5,"href":"https:\/\/yebodaglass.com\/pt\/wp-json\/wp\/v2\/product\/23307\/revisions"}],"predecessor-version":[{"id":23326,"href":"https:\/\/yebodaglass.com\/pt\/wp-json\/wp\/v2\/product\/23307\/revisions\/23326"}],"wp:featuredmedia":[{"embeddable":true,"href":"https:\/\/yebodaglass.com\/pt\/wp-json\/wp\/v2\/media\/23310"}],"wp:attachment":[{"href":"https:\/\/yebodaglass.com\/pt\/wp-json\/wp\/v2\/media?parent=23307"}],"wp:term":[{"taxonomy":"product_brand","embeddable":true,"href":"https:\/\/yebodaglass.com\/pt\/wp-json\/wp\/v2\/product_brand?post=23307"},{"taxonomy":"product_cat","embeddable":true,"href":"https:\/\/yebodaglass.com\/pt\/wp-json\/wp\/v2\/product_cat?post=23307"},{"taxonomy":"product_tag","embeddable":true,"href":"https:\/\/yebodaglass.com\/pt\/wp-json\/wp\/v2\/product_tag?post=23307"}],"curies":[{"name":"wp","href":"https:\/\/api.w.org\/{rel}","templated":true}]}}