{"id":23286,"date":"2025-11-05T17:28:17","date_gmt":"2025-11-05T09:28:17","guid":{"rendered":"https:\/\/yebodaglass.com\/?post_type=product&#038;p=23286"},"modified":"2026-03-18T16:18:23","modified_gmt":"2026-03-18T08:18:23","slug":"200ml-spherical-glass-spices-jar-with-grinder-bulk","status":"publish","type":"product","link":"https:\/\/yebodaglass.com\/pt\/200ml-spherical-glass-spices-jar-with-grinder-bulk\/","title":{"rendered":"Pote de vidro esf\u00e9rico para especiarias de 200 ml com moedor (a granel)"},"content":{"rendered":"<p>O frasco de especiarias possui um corpo exclusivo em vidro transparente e esf\u00e9rico, com uma elegante cabe\u00e7a de moagem em a\u00e7o inoxid\u00e1vel, que permite a moagem manual.<\/p>\n<h2>Caracter\u00edsticas do produto<\/h2>\n<ul>\n<li><strong>Pote de vidro esf\u00e9rico transparente:<\/strong> O frasco de vidro \u00e9 esf\u00e9rico e transparente, proporcionando uma \u00f3tima apresenta\u00e7\u00e3o visual que exibe lindamente todas as especiarias em seu interior e reflete o bom gosto do farmac\u00eautico.<\/li>\n<li><strong>Moedor embutido em a\u00e7o inoxid\u00e1vel:<\/strong> O cone de metal possui um moedor embutido, e especiarias frescas podem ser mo\u00eddas simplesmente girando o cone de metal.<\/li>\n<li><strong>Material: A\u00e7o inoxid\u00e1vel<\/strong> O cone e a tampa de metal escovado s\u00e3o feitos de metais dur\u00e1veis, f\u00e1ceis de limpar e resistentes \u00e0 corros\u00e3o.<\/li>\n<\/ul>\n<h2>Especifica\u00e7\u00f5es principais<\/h2>\n<table style=\"border-collapse: collapse; width: 80%; margin-left: auto; margin-right: auto;\" border=\"0\" width=\"144\" cellspacing=\"0\" cellpadding=\"0\">\n<tbody>\n<tr style=\"height: 13.50pt;\">\n<td style=\"height: 13.5pt; width: 54pt; text-align: center;\" width=\"72\" height=\"18\">Capacidade<\/td>\n<td style=\"width: 54pt; text-align: center;\" width=\"72\">200ml<\/td>\n<\/tr>\n<tr style=\"height: 13.50pt;\">\n<td style=\"height: 13.5pt; text-align: center;\" height=\"18\">Tamanho (cm)<\/td>\n<td style=\"text-align: center;\">8.0 * 12.5<\/td>\n<\/tr>\n<tr style=\"height: 13.50pt;\">\n<td style=\"height: 13.5pt; text-align: center;\" height=\"18\">Forma<\/td>\n<td style=\"text-align: center;\">Redondo<\/td>\n<\/tr>\n<tr style=\"height: 13.50pt;\">\n<td style=\"height: 13.5pt; text-align: center;\" height=\"18\">Acess\u00f3rio<\/td>\n<td style=\"text-align: center;\">Tampa de moagem<\/td>\n<\/tr>\n<tr style=\"height: 13.50pt;\">\n<td style=\"height: 13.5pt; text-align: center;\" height=\"18\">Uso<\/td>\n<td style=\"text-align: center;\">Pimenta-do-reino ou sal marinho, etc.<\/td>\n<\/tr>\n<\/tbody>\n<\/table>\n<h2>Hist\u00f3ria de sucesso<\/h2>\n<p>Um dos nossos designs de potes para especiarias foi selecionado por uma loja especializada no noroeste do Pac\u00edfico, e um logotipo jateado foi criado no cone de a\u00e7o. Este programa gerou \u00f3timos resultados, com um aumento de 40% nas vendas de pimenta-do-reino e sal marinho pr\u00e9-embalados em compara\u00e7\u00e3o com os produtos embalados em sacos. A elimina\u00e7\u00e3o das devolu\u00e7\u00f5es causadas por defeitos nos moedores foi praticamente alcan\u00e7ada. Com base nesse alto volume de vendas, a loja encomendou um novo lote de 600.000 potes com a inten\u00e7\u00e3o de lan\u00e7ar novos produtos, como alho de alta qualidade e p\u00e1prica defumada em p\u00f3.<\/p>\n<h2>Personaliza\u00e7\u00e3o de\u00a0<strong>Potes de vidro para especiarias<\/strong><\/h2>\n<ol>\n<li><strong>Moagem\u200b\u200d\u200b\u200c\u200d\u200b\u200d\u200c\u200b\u200d\u200b\u200d\u200b\u200d\u200c Materiais dos componentes:<\/strong> Escolha entre cer\u00e2mica de alumina ou a\u00e7o inoxid\u00e1vel de acordo com o tipo de especiarias que voc\u00ea usa.<\/li>\n<li><strong>Formas e desenhos:<\/strong> Modifique o formato do moedor para combinar com o seu estilo ou com o da sua cozinha, por exemplo, redondo, quadrado ou c\u00f4nico.<\/li>\n<li><strong>Padr\u00f5es e cores:<\/strong> Decore com logotipos, padr\u00f5es ou cores para uma apar\u00eancia \u00fanica.<\/li>\n<\/ol>","protected":false},"excerpt":{"rendered":"<p>Potes de vidro elegantes para especiarias com tampa moedora em a\u00e7o inoxid\u00e1vel, perfeitos para armazenar e moer pimenta, sal ou ervas. Uma op\u00e7\u00e3o dur\u00e1vel e sofisticada para seus temperos.<\/p>","protected":false},"featured_media":23287,"template":"","meta":[],"product_brand":[],"product_cat":[128,124,122],"product_tag":[],"class_list":{"0":"post-23286","1":"product","2":"type-product","3":"status-publish","4":"has-post-thumbnail","6":"product_cat-spice-jars","7":"product_cat-custom-glass-jars","8":"product_cat-custom-glass-packaging","10":"first","11":"instock","12":"shipping-taxable","13":"product-type-simple"},"jetpack_sharing_enabled":true,"_links":{"self":[{"href":"https:\/\/yebodaglass.com\/pt\/wp-json\/wp\/v2\/product\/23286","targetHints":{"allow":["GET"]}}],"collection":[{"href":"https:\/\/yebodaglass.com\/pt\/wp-json\/wp\/v2\/product"}],"about":[{"href":"https:\/\/yebodaglass.com\/pt\/wp-json\/wp\/v2\/types\/product"}],"version-history":[{"count":5,"href":"https:\/\/yebodaglass.com\/pt\/wp-json\/wp\/v2\/product\/23286\/revisions"}],"predecessor-version":[{"id":25501,"href":"https:\/\/yebodaglass.com\/pt\/wp-json\/wp\/v2\/product\/23286\/revisions\/25501"}],"wp:featuredmedia":[{"embeddable":true,"href":"https:\/\/yebodaglass.com\/pt\/wp-json\/wp\/v2\/media\/23287"}],"wp:attachment":[{"href":"https:\/\/yebodaglass.com\/pt\/wp-json\/wp\/v2\/media?parent=23286"}],"wp:term":[{"taxonomy":"product_brand","embeddable":true,"href":"https:\/\/yebodaglass.com\/pt\/wp-json\/wp\/v2\/product_brand?post=23286"},{"taxonomy":"product_cat","embeddable":true,"href":"https:\/\/yebodaglass.com\/pt\/wp-json\/wp\/v2\/product_cat?post=23286"},{"taxonomy":"product_tag","embeddable":true,"href":"https:\/\/yebodaglass.com\/pt\/wp-json\/wp\/v2\/product_tag?post=23286"}],"curies":[{"name":"wp","href":"https:\/\/api.w.org\/{rel}","templated":true}]}}