{"id":23277,"date":"2025-11-05T16:32:10","date_gmt":"2025-11-05T08:32:10","guid":{"rendered":"https:\/\/yebodaglass.com\/?post_type=product&#038;p=23277"},"modified":"2026-03-19T11:29:08","modified_gmt":"2026-03-19T03:29:08","slug":"cylindrical-airtight-spice-jars-with-stainless-lid-bulk","status":"publish","type":"product","link":"https:\/\/yebodaglass.com\/pt\/cylindrical-airtight-spice-jars-with-stainless-lid-bulk\/","title":{"rendered":"Potes cil\u00edndricos herm\u00e9ticos para especiarias de 100 ml com tampa de a\u00e7o inoxid\u00e1vel (a granel)"},"content":{"rendered":"<p>Esses potes herm\u00e9ticos para especiarias t\u00eam formato cil\u00edndrico e liso, s\u00e3o feitos de vidro transparente de alta qualidade e possuem tampas de a\u00e7o inoxid\u00e1vel. S\u00e3o \u00f3timos para conservar especiarias, sendo ideais para armazenar temperos na despensa ou na bancada.<\/p>\n<h2>Caracter\u00edsticas do produto<\/h2>\n<ul>\n<li><strong>Design cil\u00edndrico transparente:<\/strong> As paredes de vidro s\u00e3o retas, o fundo \u00e9 plano, o que proporciona grande estabilidade e permite total visibilidade do conte\u00fado e dos n\u00edveis de enchimento.<\/li>\n<li><strong>Tampa herm\u00e9tica em a\u00e7o inoxid\u00e1vel:<\/strong> A tampa de rosca \u00e9 feita de a\u00e7o inoxid\u00e1vel escovado para garantir uma veda\u00e7\u00e3o herm\u00e9tica e confi\u00e1vel, preservando o sabor e o aroma.<\/li>\n<li><strong>Limpeza e manuten\u00e7\u00e3o f\u00e1ceis:<\/strong> Tanto o vidro quanto o a\u00e7o inoxid\u00e1vel s\u00e3o resistentes ao calor, f\u00e1ceis de limpar, recarreg\u00e1veis, ecol\u00f3gicos e podem ser usados \u200b\u200bna cozinha por um longo per\u00edodo.<\/li>\n<\/ul>\n<h2>Especifica\u00e7\u00f5es principais<\/h2>\n<table style=\"border-collapse: collapse; width: 80%; margin-left: auto; margin-right: auto;\" border=\"0\" width=\"144\" cellspacing=\"0\" cellpadding=\"0\">\n<tbody>\n<tr style=\"height: 13.50pt;\">\n<td style=\"height: 13.5pt; width: 54pt; text-align: center;\" width=\"72\" height=\"18\">Capacidade<\/td>\n<td style=\"width: 54pt; text-align: center;\" width=\"72\">100ml<\/td>\n<\/tr>\n<tr style=\"height: 13.50pt;\">\n<td style=\"height: 13.5pt; text-align: center;\" height=\"18\">Tamanho (cm)<\/td>\n<td style=\"text-align: center;\">4,3 x 9,4<\/td>\n<\/tr>\n<tr style=\"height: 13.50pt;\">\n<td style=\"height: 13.5pt; text-align: center;\" height=\"18\">Forma<\/td>\n<td style=\"text-align: center;\">Cilindro<\/td>\n<\/tr>\n<tr style=\"height: 13.50pt;\">\n<td style=\"height: 13.5pt; text-align: center;\" height=\"18\">Cor<\/td>\n<td style=\"text-align: center;\">Claro ou personalizado<\/td>\n<\/tr>\n<tr style=\"height: 13.50pt;\">\n<td style=\"height: 13.5pt; text-align: center;\" height=\"18\">Uso<\/td>\n<td style=\"text-align: center;\">Para temperos secos como pimenta, sal, a\u00e7\u00facar e caf\u00e9 em p\u00f3.<\/td>\n<\/tr>\n<\/tbody>\n<\/table>\n<h2>Hist\u00f3ria de sucesso<\/h2>\n<p>Nossos potes herm\u00e9ticos para especiarias, etiquetas de medi\u00e7\u00e3o personalizadas e an\u00e9is de veda\u00e7\u00e3o de silicone foram encomendados por uma rede nacional de lojas de produtos naturais. Os resultados foram impressionantes: o excelente desempenho da veda\u00e7\u00e3o dos an\u00e9is aumentou a vida \u00fatil de especiarias higrosc\u00f3picas, como canela e noz-moscada, em 30%, reduzindo o desperd\u00edcio. Os potes de vidro eram transparentes e possu\u00edam marca\u00e7\u00f5es que auxiliaram os funcion\u00e1rios a manter os n\u00edveis ideais de estoque e tamb\u00e9m economizaram 20% do tempo gasto na reposi\u00e7\u00e3o. Com base nesse bom desempenho, a empresa fez um novo pedido de 220.000 potes, com a inten\u00e7\u00e3o de expandir o sistema para suas linhas de ch\u00e1s a granel e suplementos nutricionais em p\u00f3.<\/p>\n<h2>Personaliza\u00e7\u00e3o de\u00a0<strong>Recipiente para armazenar especiarias<\/strong><\/h2>\n<ol>\n<li><strong>O material e a cor da capa podem ser adaptados:<\/strong> Quatro estilos diferentes de tampa (a\u00e7o inoxid\u00e1vel escovado, preto fosco, ouro rosa ou cobre) est\u00e3o dispon\u00edveis para harmonizar o visual de diversas cole\u00e7\u00f5es de cozinha de marcas renomadas.<\/li>\n<li><strong>Superf\u00edcie do frasco de vidro:<\/strong> O frasco transparente pode ser transformado em um frasco fosco ou jateado e tamb\u00e9m pode ser impresso com logotipos de marcas ou gradua\u00e7\u00f5es, combinando, assim, beleza e funcionalidade.<\/li>\n<li><strong>Suas dimens\u00f5es podem ser:<\/strong> Feito sob encomenda para acomodar o armazenamento de especiarias, ch\u00e1s ou produtos secos em qualquer quantidade.<\/li>\n<\/ol>","protected":false},"excerpt":{"rendered":"<p>Potes de especiarias premium com veda\u00e7\u00e3o herm\u00e9tica, tampas de a\u00e7o inoxid\u00e1vel e corpo transparente. Recipiente elegante para armazenar especiarias, perfeito para organizar a cozinha. Fornecimento direto da f\u00e1brica.<\/p>","protected":false},"featured_media":23278,"template":"","meta":[],"product_brand":[],"product_cat":[124,122,128],"product_tag":[],"class_list":{"0":"post-23277","1":"product","2":"type-product","3":"status-publish","4":"has-post-thumbnail","6":"product_cat-custom-glass-jars","7":"product_cat-custom-glass-packaging","8":"product_cat-spice-jars","10":"first","11":"instock","12":"shipping-taxable","13":"product-type-simple"},"jetpack_sharing_enabled":true,"_links":{"self":[{"href":"https:\/\/yebodaglass.com\/pt\/wp-json\/wp\/v2\/product\/23277","targetHints":{"allow":["GET"]}}],"collection":[{"href":"https:\/\/yebodaglass.com\/pt\/wp-json\/wp\/v2\/product"}],"about":[{"href":"https:\/\/yebodaglass.com\/pt\/wp-json\/wp\/v2\/types\/product"}],"version-history":[{"count":5,"href":"https:\/\/yebodaglass.com\/pt\/wp-json\/wp\/v2\/product\/23277\/revisions"}],"predecessor-version":[{"id":25515,"href":"https:\/\/yebodaglass.com\/pt\/wp-json\/wp\/v2\/product\/23277\/revisions\/25515"}],"wp:featuredmedia":[{"embeddable":true,"href":"https:\/\/yebodaglass.com\/pt\/wp-json\/wp\/v2\/media\/23278"}],"wp:attachment":[{"href":"https:\/\/yebodaglass.com\/pt\/wp-json\/wp\/v2\/media?parent=23277"}],"wp:term":[{"taxonomy":"product_brand","embeddable":true,"href":"https:\/\/yebodaglass.com\/pt\/wp-json\/wp\/v2\/product_brand?post=23277"},{"taxonomy":"product_cat","embeddable":true,"href":"https:\/\/yebodaglass.com\/pt\/wp-json\/wp\/v2\/product_cat?post=23277"},{"taxonomy":"product_tag","embeddable":true,"href":"https:\/\/yebodaglass.com\/pt\/wp-json\/wp\/v2\/product_tag?post=23277"}],"curies":[{"name":"wp","href":"https:\/\/api.w.org\/{rel}","templated":true}]}}