{"id":23259,"date":"2025-11-05T15:32:38","date_gmt":"2025-11-05T07:32:38","guid":{"rendered":"https:\/\/yebodaglass.com\/?post_type=product&#038;p=23259"},"modified":"2025-11-05T15:32:40","modified_gmt":"2025-11-05T07:32:40","slug":"glass-seasoning-bottles-with-hole-lid-wholesale","status":"publish","type":"product","link":"https:\/\/yebodaglass.com\/pt\/glass-seasoning-bottles-with-hole-lid-wholesale\/","title":{"rendered":"Frascos de vidro para temperos de 50ml e 80ml com tampa perfurada"},"content":{"rendered":"<p>Voc\u00ea n\u00e3o quer potes de tempero que vazem ou que escondam seus ingredientes. Fabricamos frascos para temperos com textura antiderrapante \u2014 chega de escorregar na al\u00e7a. Essas solu\u00e7\u00f5es para armazenar temperos transformam sua cozinha em um espa\u00e7o elegante e funcional. Pedidos em grande quantidade recebem tampas com cores personalizadas para combinar com a sua marca.<\/p>\n<h2>Caracter\u00edsticas do produto<\/h2>\n<p><strong>Textura quadriculada para melhor ader\u00eancia<\/strong><\/p>\n<p>As ranhuras n\u00e3o s\u00f3 aumentam o conforto, como tamb\u00e9m conferem estilo \u2014 seus frascos de tempero ter\u00e3o a sensa\u00e7\u00e3o de serem um produto premium ao toque.<\/p>\n<p><strong>Op\u00e7\u00f5es de tampas coloridas<\/strong><\/p>\n<p>Escolha uma tampa vermelha, preta, amarela ou verde \u2014 seu recipiente de especiarias personalizado se transformar\u00e1 em um presente incr\u00edvel.<\/p>\n<p><strong>Clareza cristalina<\/strong><\/p>\n<p>O vidro transparente exibe cada gr\u00e3o \u2014 os clientes confiam instantaneamente nos seus recipientes de especiarias.<\/p>\n<h2>Especifica\u00e7\u00f5es principais<\/h2>\n<table style=\"border-collapse: collapse; width: 80%; margin-left: auto; margin-right: auto;\" border=\"0\" width=\"144\" cellspacing=\"0\" cellpadding=\"0\">\n<tbody>\n<tr style=\"height: 13.50pt;\">\n<td style=\"height: 13.5pt; width: 54pt; text-align: center;\" width=\"72\" height=\"18\">Capacidade<\/td>\n<td style=\"width: 54pt; text-align: center;\" width=\"72\">50ml, 80ml<\/td>\n<\/tr>\n<tr style=\"height: 13.50pt;\">\n<td style=\"height: 13.5pt; text-align: center;\" height=\"18\">Op\u00e7\u00f5es de tampa<\/td>\n<td style=\"text-align: center;\">Pl\u00e1stico, metal, bambu<\/td>\n<\/tr>\n<tr style=\"height: 13.50pt;\">\n<td style=\"height: 13.5pt; text-align: center;\" height=\"18\">Forma<\/td>\n<td style=\"text-align: center;\">Cilindro<\/td>\n<\/tr>\n<tr style=\"height: 13.50pt;\">\n<td style=\"height: 13.5pt; text-align: center;\" height=\"18\">Cor<\/td>\n<td style=\"text-align: center;\">Limpar (personaliz\u00e1vel)<\/td>\n<\/tr>\n<tr style=\"height: 13.50pt;\">\n<td style=\"height: 13.5pt; text-align: center;\" height=\"18\">Adequado para<\/td>\n<td style=\"text-align: center;\">Restaurantes, caf\u00e9s, supermercados, etc.<\/td>\n<\/tr>\n<\/tbody>\n<\/table>\n<h2>Caso de sucesso<\/h2>\n<p>Uma rede de restaurantes mexicanos fez uma parceria conosco para personalizar esses potes de vidro de 80ml para temperos. Eles foram escolhidos por terem o tamanho e a transpar\u00eancia perfeitos para que os clientes identifiquem rapidamente os diferentes temperos. As tampas vermelhas vibrantes refletem as cores da marca do restaurante, e a impress\u00e3o do logotipo personalizado no frasco confere um toque de sofistica\u00e7\u00e3o.<\/p>\n<p>Ap\u00f3s a modifica\u00e7\u00e3o, a satisfa\u00e7\u00e3o dos clientes aumentou drasticamente, e os funcion\u00e1rios disseram que repor os condimentos e limpar se tornou muito mais conveniente.<\/p>\n<h2>Seu Guia de Personaliza\u00e7\u00e3o<\/h2>\n<ol>\n<li><strong>Cores de bon\u00e9 personaliz\u00e1veis:<\/strong> Selecione uma tampa de pl\u00e1stico de cor diferente, por exemplo, preta, verde ou vermelha, para combinar com a imagem da sua marca ou com o estilo do restaurante, resultando em uma harmonia visual geral que seja esteticamente agrad\u00e1vel.<\/li>\n<li><strong>Diversas op\u00e7\u00f5es de capacidade:<\/strong> Pode ser personalizado em diferentes capacidades para atender aos dois tipos de cozinhas, dom\u00e9sticas e de restaurantes, que possuem capacidades diferentes.<\/li>\n<\/ol>","protected":false},"excerpt":{"rendered":"<p>Frascos de vidro resistentes com tampas vermelhas, perfeitos para armazenar sal, pimenta e pimenta em p\u00f3. Ideais para cozinhas dom\u00e9sticas ou restaurantes.<\/p>","protected":false},"featured_media":23269,"template":"","meta":[],"product_brand":[],"product_cat":[122,124,128],"product_tag":[],"class_list":{"0":"post-23259","1":"product","2":"type-product","3":"status-publish","4":"has-post-thumbnail","6":"product_cat-custom-glass-packaging","7":"product_cat-custom-glass-jars","8":"product_cat-spice-jars","10":"first","11":"instock","12":"shipping-taxable","13":"product-type-simple"},"jetpack_sharing_enabled":true,"_links":{"self":[{"href":"https:\/\/yebodaglass.com\/pt\/wp-json\/wp\/v2\/product\/23259","targetHints":{"allow":["GET"]}}],"collection":[{"href":"https:\/\/yebodaglass.com\/pt\/wp-json\/wp\/v2\/product"}],"about":[{"href":"https:\/\/yebodaglass.com\/pt\/wp-json\/wp\/v2\/types\/product"}],"version-history":[{"count":5,"href":"https:\/\/yebodaglass.com\/pt\/wp-json\/wp\/v2\/product\/23259\/revisions"}],"predecessor-version":[{"id":23276,"href":"https:\/\/yebodaglass.com\/pt\/wp-json\/wp\/v2\/product\/23259\/revisions\/23276"}],"wp:featuredmedia":[{"embeddable":true,"href":"https:\/\/yebodaglass.com\/pt\/wp-json\/wp\/v2\/media\/23269"}],"wp:attachment":[{"href":"https:\/\/yebodaglass.com\/pt\/wp-json\/wp\/v2\/media?parent=23259"}],"wp:term":[{"taxonomy":"product_brand","embeddable":true,"href":"https:\/\/yebodaglass.com\/pt\/wp-json\/wp\/v2\/product_brand?post=23259"},{"taxonomy":"product_cat","embeddable":true,"href":"https:\/\/yebodaglass.com\/pt\/wp-json\/wp\/v2\/product_cat?post=23259"},{"taxonomy":"product_tag","embeddable":true,"href":"https:\/\/yebodaglass.com\/pt\/wp-json\/wp\/v2\/product_tag?post=23259"}],"curies":[{"name":"wp","href":"https:\/\/api.w.org\/{rel}","templated":true}]}}