{"id":23258,"date":"2025-11-05T13:20:07","date_gmt":"2025-11-05T05:20:07","guid":{"rendered":"https:\/\/yebodaglass.com\/?post_type=product&#038;p=23258"},"modified":"2026-03-24T13:44:04","modified_gmt":"2026-03-24T05:44:04","slug":"wholesale-clear-empty-glass-bottles-for-hot-sauce","status":"publish","type":"product","link":"https:\/\/yebodaglass.com\/pt\/wholesale-clear-empty-glass-bottles-for-hot-sauce\/","title":{"rendered":"Garrafas de vidro transparente vazias de 236 ml (8 oz) para molho picante (venda por atacado)"},"content":{"rendered":"<p>As garrafas para molho picante t\u00eam um formato cil\u00edndrico elegante e de cintura alta, com vidro transparente e sofisticado, al\u00e9m de uma tampa de rosca preta que garante uma veda\u00e7\u00e3o herm\u00e9tica.<\/p>\n<h2>Caracter\u00edsticas do produto<\/h2>\n<ul>\n<li><strong>Cabo curvo:<\/strong> O formato c\u00f4nico permite uma pegada f\u00e1cil mesmo com a m\u00e3o escorregadia, al\u00e9m de proporcionar um despejo mais est\u00e1vel e confort\u00e1vel.<\/li>\n<li><strong>Vidro transparente de alta visibilidade:<\/strong> A garrafa de vidro faz com que as cores vibrantes e as texturas dos molhos, condimentos ou \u00f3leos de cozinha se tornem o foco gr\u00e1fico.<\/li>\n<li><strong>Selo Preto Seguro:<\/strong> A tampa de rosca preta brilhante serve para manter o conte\u00fado fresco e evitar vazamentos.<\/li>\n<\/ul>\n<h2 style=\"text-align: left;\">Especifica\u00e7\u00f5es principais<\/h2>\n<table class=\"aligncenter\" style=\"border-collapse: collapse; width: 399.02pt;\" border=\"0\" width=\"532\" cellspacing=\"0\" cellpadding=\"0\">\n<tbody>\n<tr style=\"height: 13.50pt;\">\n<td style=\"height: 13.50pt; width: 94.50pt;\" width=\"126\" height=\"18\">Recurso<\/td>\n<td style=\"width: 304.50pt;\" width=\"406\">Especifica\u00e7\u00e3o<\/td>\n<\/tr>\n<tr style=\"height: 13.50pt;\">\n<td style=\"height: 13.50pt;\" height=\"18\">Capacidade<\/td>\n<td>250ml (8oz)<\/td>\n<\/tr>\n<tr style=\"height: 13.50pt;\">\n<td style=\"height: 13.50pt;\" height=\"18\">Dimens\u00f5es<\/td>\n<td>5,2 cm (di\u00e2metro) \u00d7 18,8 cm (altura)<\/td>\n<\/tr>\n<tr style=\"height: 13.50pt;\">\n<td style=\"height: 13.50pt;\" height=\"18\">Forma<\/td>\n<td>Cil\u00edndrico esguio com pesco\u00e7o longo<\/td>\n<\/tr>\n<tr style=\"height: 13.50pt;\">\n<td style=\"height: 13.50pt;\" height=\"18\">Material<\/td>\n<td>Garrafa de vidro transparente, pr\u00f3pria para alimentos, sem chumbo.<\/td>\n<\/tr>\n<tr style=\"height: 13.50pt;\">\n<td style=\"height: 13.50pt;\" height=\"18\">Encerramento<\/td>\n<td>Tampa de rosca preta (personaliz\u00e1vel)<\/td>\n<\/tr>\n<tr style=\"height: 13.50pt;\">\n<td style=\"height: 13.50pt;\" height=\"18\">Ideal para<\/td>\n<td>Molho picante, molho barbecue, condimento, molho para salada<\/td>\n<\/tr>\n<tr style=\"height: 13.50pt;\">\n<td style=\"height: 13.50pt;\" height=\"18\">Uso ideal<\/td>\n<td>Garrafas de molho picante, garrafas a granel para molho picante<\/td>\n<\/tr>\n<\/tbody>\n<\/table>\n<h2>Hist\u00f3ria de sucesso<\/h2>\n<p>Nossas garrafas para molhos foram utilizadas por uma marca de molho picante artesanal da Carolina do Norte. A garrafa possui um r\u00f3tulo vintage personalizado e a tampa \u00e9 revestida com resina fen\u00f3lica preta resistente ao calor. O resultado da embalagem personalizada foi enorme: a garrafa de vidro transparente revelou a textura e a cor do molho picante, o que aumentou as vendas online diretas em 30%. A apar\u00eancia de alta qualidade permitiu que a marca entrasse com sucesso em 200 novas mercearias e lojas de presentes. Com base nesse sucesso, eles encomendaram um novo lote de 750.000 garrafas para lan\u00e7ar uma nova marca de molhos barbecue e marinadas picantes.<\/p>\n<h2>Ideias para modificar garrafas<\/h2>\n<ul>\n<li><strong>Alternativas aos vitrais:<\/strong> Al\u00e9m de usar vidro transparente, voc\u00ea pode optar por garrafas de vidro \u00e2mbar ou verde para real\u00e7ar a imagem do produto e proteg\u00ea-lo da luz.<\/li>\n<li><strong>Cores de bon\u00e9s personalizadas:<\/strong> Se voc\u00ea decidir usar uma cor de bon\u00e9 diferente do preto, por exemplo, pode ser a cor da sua marca que combine e fique bem com o resto: branco, dourado ou prateado.<\/li>\n<li><strong>Relevo:<\/strong> Uma das maneiras de adicionar um estilo elegante e luxuoso, sem ser extravagante, \u00e0 sua garrafa de vidro \u00e9 gravar seu logotipo em relevo no ombro ou na base da garrafa.<\/li>\n<li><strong>Diversos tamanhos de bico:<\/strong> Escolha o tamanho de bico adequado para ter controle total do fluxo do seu molho, seja ele t\u00e3o ralo quanto vinagre ou t\u00e3o espesso quanto molho barbecue.<\/li>\n<\/ul>","protected":false},"excerpt":{"rendered":"<p>Elegantes garrafas cil\u00edndricas para molhos com tampa preta. Perfeitas para molhos picantes, real\u00e7ando a textura e a cor. Amostras gr\u00e1tis e descontos para compras em grande quantidade!<\/p>","protected":false},"featured_media":23261,"template":"","meta":[],"product_brand":[],"product_cat":[129,123,122],"product_tag":[],"class_list":{"0":"post-23258","1":"product","2":"type-product","3":"status-publish","4":"has-post-thumbnail","6":"product_cat-hot-sauce-bottles","7":"product_cat-custom-glass-bottles","8":"product_cat-custom-glass-packaging","10":"first","11":"instock","12":"shipping-taxable","13":"product-type-simple"},"jetpack_sharing_enabled":true,"_links":{"self":[{"href":"https:\/\/yebodaglass.com\/pt\/wp-json\/wp\/v2\/product\/23258","targetHints":{"allow":["GET"]}}],"collection":[{"href":"https:\/\/yebodaglass.com\/pt\/wp-json\/wp\/v2\/product"}],"about":[{"href":"https:\/\/yebodaglass.com\/pt\/wp-json\/wp\/v2\/types\/product"}],"version-history":[{"count":4,"href":"https:\/\/yebodaglass.com\/pt\/wp-json\/wp\/v2\/product\/23258\/revisions"}],"predecessor-version":[{"id":25585,"href":"https:\/\/yebodaglass.com\/pt\/wp-json\/wp\/v2\/product\/23258\/revisions\/25585"}],"wp:featuredmedia":[{"embeddable":true,"href":"https:\/\/yebodaglass.com\/pt\/wp-json\/wp\/v2\/media\/23261"}],"wp:attachment":[{"href":"https:\/\/yebodaglass.com\/pt\/wp-json\/wp\/v2\/media?parent=23258"}],"wp:term":[{"taxonomy":"product_brand","embeddable":true,"href":"https:\/\/yebodaglass.com\/pt\/wp-json\/wp\/v2\/product_brand?post=23258"},{"taxonomy":"product_cat","embeddable":true,"href":"https:\/\/yebodaglass.com\/pt\/wp-json\/wp\/v2\/product_cat?post=23258"},{"taxonomy":"product_tag","embeddable":true,"href":"https:\/\/yebodaglass.com\/pt\/wp-json\/wp\/v2\/product_tag?post=23258"}],"curies":[{"name":"wp","href":"https:\/\/api.w.org\/{rel}","templated":true}]}}