{"id":23250,"date":"2025-11-05T10:42:43","date_gmt":"2025-11-05T02:42:43","guid":{"rendered":"https:\/\/yebodaglass.com\/?post_type=product&#038;p=23250"},"modified":"2026-03-24T14:51:50","modified_gmt":"2026-03-24T06:51:50","slug":"bulk-unique-hot-sauce-bottles-with-textured-design","status":"publish","type":"product","link":"https:\/\/yebodaglass.com\/pt\/bulk-unique-hot-sauce-bottles-with-textured-design\/","title":{"rendered":"Pacote com 500ml de garrafas exclusivas para molho picante com design texturizado."},"content":{"rendered":"<p>Esta \u00e9 uma garrafa de molho picante exclusiva e \u00fanica, com um visual retr\u00f4 e um gargalo e base texturizados com detalhes canelados. A garrafa \u00e9 feita de vidro cristalino e possui uma tampa de rosca preta lisa.<\/p>\n<h2>Caracter\u00edsticas do produto<\/h2>\n<ul>\n<li><strong>Detalhes ornamentais com nervuras:<\/strong> Detalhes canelados no bra\u00e7o e na base proporcionam melhor ader\u00eancia, criam uma textura visual e refor\u00e7am o visual vintage.<\/li>\n<li><strong>Vidro de visualiza\u00e7\u00e3o com clareza superior:<\/strong> O copo transparente funciona como uma janela transparente, exibindo a cor, a consist\u00eancia do molho e quaisquer impurezas presentes, sem qualquer imperfei\u00e7\u00e3o.<\/li>\n<li><strong>Bon\u00e9 preto simples:<\/strong> A tampa de rosca preta, fosca ou brilhante, proporcionaria um encaixe perfeito e um efeito de contraste elegante.<\/li>\n<\/ul>\n<h2 style=\"text-align: left;\">Especifica\u00e7\u00f5es principais<\/h2>\n<table class=\"aligncenter\" style=\"border-collapse: collapse; width: 498.77pt;\" border=\"0\" width=\"665\" cellspacing=\"0\" cellpadding=\"0\">\n<tbody>\n<tr style=\"height: 13.50pt;\">\n<td style=\"height: 13.50pt; width: 118.50pt;\" width=\"158\" height=\"18\">Recurso<\/td>\n<td style=\"width: 380.25pt;\" width=\"507\">Especifica\u00e7\u00e3o<\/td>\n<\/tr>\n<tr style=\"height: 13.50pt;\">\n<td style=\"height: 13.50pt;\" height=\"18\">Capacidade<\/td>\n<td>500ml<\/td>\n<\/tr>\n<tr style=\"height: 13.50pt;\">\n<td style=\"height: 13.50pt;\" height=\"18\">Tamanho da embalagem<\/td>\n<td>23\u00d718\u00d720cm<\/td>\n<\/tr>\n<tr style=\"height: 13.50pt;\">\n<td style=\"height: 13.50pt;\" height=\"18\">Forma<\/td>\n<td>Alto, cil\u00edndrico, com pesco\u00e7o comprido e ombros alargados.<\/td>\n<\/tr>\n<tr style=\"height: 13.50pt;\">\n<td style=\"height: 13.50pt;\" height=\"18\">Material<\/td>\n<td>Garrafa de vidro transparente, pr\u00f3pria para alimentos, sem chumbo.<\/td>\n<\/tr>\n<tr style=\"height: 13.50pt;\">\n<td style=\"height: 13.50pt;\" height=\"18\">Detalhes da superf\u00edcie<\/td>\n<td>Faixa texturizada em relevo na base e na gola.<\/td>\n<\/tr>\n<tr style=\"height: 13.50pt;\">\n<td style=\"height: 13.50pt;\" height=\"18\">Encerramento<\/td>\n<td>Tampa de rosca preta fosca (personaliz\u00e1vel)<\/td>\n<\/tr>\n<tr style=\"height: 13.50pt;\">\n<td style=\"height: 13.50pt;\" height=\"18\">Ideal para<\/td>\n<td>Molho picante, molho barbecue, molho para salada, vinagre, xarope, condimento<\/td>\n<\/tr>\n<tr style=\"height: 13.50pt;\">\n<td style=\"height: 13.50pt;\" height=\"18\">Uso ideal<\/td>\n<td>Garrafas de molho picante por atacado, garrafas de molho picante exclusivas<\/td>\n<\/tr>\n<\/tbody>\n<\/table>\n<h2>Hist\u00f3ria de sucesso<\/h2>\n<p>Uma das marcas populares de molho picante da Louisiana escolheu nossas garrafas de vidro para seus molhos e criou um r\u00f3tulo vintage em serigrafia. A garrafa personalizada foi um sucesso estrondoso: a apar\u00eancia antiquada combinou perfeitamente com a hist\u00f3ria da marca e, como resultado, as vendas em lojas de presentes e lojas de alimentos especiais aumentaram em 25%. O design texturizado da garrafa refor\u00e7ou a hist\u00f3ria da marca, fazendo com que as vendas de presentes aumentassem em 35%. Com base nisso, eles encomendaram outro lote de 400.000 garrafas de sua nova linha de geleia de pimenta e vegetais em conserva.<\/p>\n<h2>Sugest\u00f5es de personaliza\u00e7\u00e3o de garrafas de vidro para molhos<\/h2>\n<ul>\n<li><strong>Cores de vidro texturizado:<\/strong> \u00c9 poss\u00edvel adicionar texturas ao vidro colorido, como \u00e2mbar ou verde, tornando a garrafa de molho picante verdadeiramente \u00fanica.<\/li>\n<li><strong>Combina\u00e7\u00e3o de cores de bon\u00e9s:<\/strong> Personalize a cor da tampa. Tampas de rosca douradas, prateadas ou pretas foscas podem ser usadas para dar um novo visual \u00e0 embalagem.<\/li>\n<li><strong>Diversos padr\u00f5es de textura:<\/strong> A padroniza\u00e7\u00e3o pode ser de v\u00e1rios tipos: texturas verticais, padr\u00f5es de diamante ou um logotipo fosco sutil na textura.<\/li>\n<li><strong>Op\u00e7\u00f5es de reguladores de fluxo:<\/strong> O regulador de fluxo de um tamanho espec\u00edfico \u00e9 a sua escolha para um controle perfeito do fluxo de molhos espessos ou vinagres mais fluidos.<\/li>\n<\/ul>","protected":false},"excerpt":{"rendered":"<p>Garrafas elegantes e exclusivas para molho picante, com gargalos e bases texturizadas. Garrafas de vidro de alta qualidade para molhos, direto da f\u00e1brica, com entrega r\u00e1pida.<\/p>","protected":false},"featured_media":23253,"template":"","meta":[],"product_brand":[],"product_cat":[129,123,122],"product_tag":[],"class_list":{"0":"post-23250","1":"product","2":"type-product","3":"status-publish","4":"has-post-thumbnail","6":"product_cat-hot-sauce-bottles","7":"product_cat-custom-glass-bottles","8":"product_cat-custom-glass-packaging","10":"first","11":"instock","12":"shipping-taxable","13":"product-type-simple"},"jetpack_sharing_enabled":true,"_links":{"self":[{"href":"https:\/\/yebodaglass.com\/pt\/wp-json\/wp\/v2\/product\/23250","targetHints":{"allow":["GET"]}}],"collection":[{"href":"https:\/\/yebodaglass.com\/pt\/wp-json\/wp\/v2\/product"}],"about":[{"href":"https:\/\/yebodaglass.com\/pt\/wp-json\/wp\/v2\/types\/product"}],"version-history":[{"count":5,"href":"https:\/\/yebodaglass.com\/pt\/wp-json\/wp\/v2\/product\/23250\/revisions"}],"predecessor-version":[{"id":25590,"href":"https:\/\/yebodaglass.com\/pt\/wp-json\/wp\/v2\/product\/23250\/revisions\/25590"}],"wp:featuredmedia":[{"embeddable":true,"href":"https:\/\/yebodaglass.com\/pt\/wp-json\/wp\/v2\/media\/23253"}],"wp:attachment":[{"href":"https:\/\/yebodaglass.com\/pt\/wp-json\/wp\/v2\/media?parent=23250"}],"wp:term":[{"taxonomy":"product_brand","embeddable":true,"href":"https:\/\/yebodaglass.com\/pt\/wp-json\/wp\/v2\/product_brand?post=23250"},{"taxonomy":"product_cat","embeddable":true,"href":"https:\/\/yebodaglass.com\/pt\/wp-json\/wp\/v2\/product_cat?post=23250"},{"taxonomy":"product_tag","embeddable":true,"href":"https:\/\/yebodaglass.com\/pt\/wp-json\/wp\/v2\/product_tag?post=23250"}],"curies":[{"name":"wp","href":"https:\/\/api.w.org\/{rel}","templated":true}]}}