{"id":23199,"date":"2025-11-04T16:03:47","date_gmt":"2025-11-04T08:03:47","guid":{"rendered":"https:\/\/yebodaglass.com\/?post_type=product&#038;p=23199"},"modified":"2026-03-24T13:23:16","modified_gmt":"2026-03-24T05:23:16","slug":"wholesale-square-glass-empty-hot-sauce-bottles","status":"publish","type":"product","link":"https:\/\/yebodaglass.com\/pt\/wholesale-square-glass-empty-hot-sauce-bottles\/","title":{"rendered":"Garrafas de vidro quadradas vazias para molho picante, atacado, 100ml, 150ml, 250ml"},"content":{"rendered":"<p>S\u00e3o garrafas vazias de molho picante, de formato retangular e com laterais lisas, feitas de vidro cristalino, com gargalo rosqueado e tampa de rosca preta lisa.<\/p>\n<h2>Caracter\u00edsticas do produto<\/h2>\n<ul>\n<li><strong>Vidro transparente:<\/strong> As paredes de vidro transparentes permitem visualizar facilmente o interior e verificar os n\u00edveis de enchimento, o que \u00e9 ideal para molhos e temperos coloridos.<\/li>\n<li><strong>Tampa de rosca preta segura:<\/strong> A tampa de pl\u00e1stico preta e lisa \u00e9 bem vedada, mantendo os molhos frescos e evitando vazamentos.<\/li>\n<li><strong>Quadrado com cantos arredondados:<\/strong> O design desta garrafa \u00e9 c\u00f4nico, arredondado e quadrado, al\u00e9m de oferecer uma pegada confort\u00e1vel e antiderrapante, permitindo que as garrafas sejam empilhadas e proporcionando economia de espa\u00e7o para armazenamento e transporte.<\/li>\n<\/ul>\n<h2 style=\"text-align: left;\">Especifica\u00e7\u00f5es principais<\/h2>\n<table class=\"aligncenter\" style=\"border-collapse: collapse; width: 702.77pt;\" border=\"0\" width=\"937\" cellspacing=\"0\" cellpadding=\"0\">\n<tbody>\n<tr style=\"height: 13.50pt;\">\n<td style=\"height: 13.50pt; width: 112.50pt;\" width=\"150\" height=\"18\">Item<\/td>\n<td style=\"width: 590.25pt;\" width=\"787\">Detalhes<\/td>\n<\/tr>\n<tr style=\"height: 13.50pt;\">\n<td style=\"height: 13.50pt;\" height=\"18\">Capacidade<\/td>\n<td>100ml\/3oz (4\u00d713,2cm), 150ml\/5oz (4,4\u00d716,6cm), 250ml\/8oz (5,1\u00d719,7cm)<\/td>\n<\/tr>\n<tr style=\"height: 13.50pt;\">\n<td style=\"height: 13.50pt;\" height=\"18\">Forma<\/td>\n<td>Se\u00e7\u00e3o transversal quadrada com cantos arredondados<\/td>\n<\/tr>\n<tr style=\"height: 13.50pt;\">\n<td style=\"height: 13.50pt;\" height=\"18\">Material<\/td>\n<td>Vidro transparente, pr\u00f3prio para contato com alimentos, sem chumbo.<\/td>\n<\/tr>\n<tr style=\"height: 13.50pt;\">\n<td style=\"height: 13.50pt;\" height=\"18\">Bon\u00e9<\/td>\n<td>Tampa de rosca preta fosca, branca e vermelha<\/td>\n<\/tr>\n<tr style=\"height: 13.50pt;\">\n<td style=\"height: 13.50pt;\" height=\"18\">Melhores usos<\/td>\n<td>Molho de pimenta, molho barbecue, molho para salada, condimentos<\/td>\n<\/tr>\n<tr style=\"height: 13.50pt;\">\n<td style=\"height: 13.50pt;\" height=\"18\">Usos ideais<\/td>\n<td>Garrafas de molho picante por atacado, garrafas de vidro para molho.<\/td>\n<\/tr>\n<\/tbody>\n<\/table>\n<h2>Hist\u00f3ria de sucesso: como as garrafas quadradas ajudaram as marcas de alimentos a crescer.<\/h2>\n<p>Uma marca de \u00f3leos de cozinha aromatizados e um condimento \u00e0 base de vinagre buscavam uma embalagem que refletisse sua imagem moderna e sofisticada. A decis\u00e3o final foi escolher nossas garrafas de vidro quadrado espesso de 250 ml para condimentos e fazer um primeiro pedido de 1.000 unidades. O resultado foi um sucesso absoluto. Muitos compradores foram atra\u00eddos pelo formato quadrado exclusivo do produto, o que impulsionou as vendas em 70%. Al\u00e9m disso, o vidro espesso contribuiu para uma redu\u00e7\u00e3o de 45% nas quebras durante o transporte. A empresa n\u00e3o hesitou em fazer um segundo pedido de 30.000 garrafas e lan\u00e7ou um produto de 150 ml com o mesmo design. Agora, eles adotaram esse design quadrado em todas as suas linhas de produtos e encomendam mais de 200.000 garrafas por trimestre.<\/p>\n<h2>Op\u00e7\u00f5es de personaliza\u00e7\u00e3o para frascos de molho de vidro<\/h2>\n<ul>\n<li><strong>Pain\u00e9is foscos:<\/strong> Adicione pain\u00e9is verticais foscos contrastantes nas laterais da garrafa quadrada para um estilo elegante e contempor\u00e2neo.<\/li>\n<li><strong>Logotipo em relevo:<\/strong> Imprima seu logotipo em uma das superf\u00edcies planas para uma imagem de marca discreta e sofisticada.<\/li>\n<li><strong>Op\u00e7\u00f5es de vitrais:<\/strong> A haste quadrada pode ser de vidro \u00e2mbar ou verde para proteger o azeite e o vinagre, que s\u00e3o sens\u00edveis \u00e0 luz, de manchas.<\/li>\n<\/ul>\n<p>Est\u00e1 preparado para levar suas embalagens para o pr\u00f3ximo n\u00edvel? Entre em contato conosco hoje mesmo para obter pre\u00e7os especiais para grandes quantidades de garrafas quadradas vazias para molho de pimenta e garrafas de vidro para molho de salada.<\/p>","protected":false},"excerpt":{"rendered":"<p>Garrafas premium vazias para molho picante e frascos de vidro para molho, feitos de vidro quadrado resistente com um design moderno e elegante. Logotipo personaliz\u00e1vel dispon\u00edvel, amostras gr\u00e1tis!<\/p>","protected":false},"featured_media":23208,"template":"","meta":[],"product_brand":[],"product_cat":[129,123,122],"product_tag":[],"class_list":{"0":"post-23199","1":"product","2":"type-product","3":"status-publish","4":"has-post-thumbnail","6":"product_cat-hot-sauce-bottles","7":"product_cat-custom-glass-bottles","8":"product_cat-custom-glass-packaging","10":"first","11":"instock","12":"shipping-taxable","13":"product-type-simple"},"jetpack_sharing_enabled":true,"_links":{"self":[{"href":"https:\/\/yebodaglass.com\/pt\/wp-json\/wp\/v2\/product\/23199","targetHints":{"allow":["GET"]}}],"collection":[{"href":"https:\/\/yebodaglass.com\/pt\/wp-json\/wp\/v2\/product"}],"about":[{"href":"https:\/\/yebodaglass.com\/pt\/wp-json\/wp\/v2\/types\/product"}],"version-history":[{"count":5,"href":"https:\/\/yebodaglass.com\/pt\/wp-json\/wp\/v2\/product\/23199\/revisions"}],"predecessor-version":[{"id":25582,"href":"https:\/\/yebodaglass.com\/pt\/wp-json\/wp\/v2\/product\/23199\/revisions\/25582"}],"wp:featuredmedia":[{"embeddable":true,"href":"https:\/\/yebodaglass.com\/pt\/wp-json\/wp\/v2\/media\/23208"}],"wp:attachment":[{"href":"https:\/\/yebodaglass.com\/pt\/wp-json\/wp\/v2\/media?parent=23199"}],"wp:term":[{"taxonomy":"product_brand","embeddable":true,"href":"https:\/\/yebodaglass.com\/pt\/wp-json\/wp\/v2\/product_brand?post=23199"},{"taxonomy":"product_cat","embeddable":true,"href":"https:\/\/yebodaglass.com\/pt\/wp-json\/wp\/v2\/product_cat?post=23199"},{"taxonomy":"product_tag","embeddable":true,"href":"https:\/\/yebodaglass.com\/pt\/wp-json\/wp\/v2\/product_tag?post=23199"}],"curies":[{"name":"wp","href":"https:\/\/api.w.org\/{rel}","templated":true}]}}