{"id":23183,"date":"2025-11-04T17:02:49","date_gmt":"2025-11-04T09:02:49","guid":{"rendered":"https:\/\/yebodaglass.com\/?post_type=product&#038;p=23183"},"modified":"2026-03-17T15:44:22","modified_gmt":"2026-03-17T07:44:22","slug":"clear-glass-spice-containers-with-horizontal-ribbed-bulk","status":"publish","type":"product","link":"https:\/\/yebodaglass.com\/pt\/clear-glass-spice-containers-with-horizontal-ribbed-bulk\/","title":{"rendered":"Recipientes de vidro transparente de 250ml para especiarias com ranhuras horizontais."},"content":{"rendered":"<p>Este recipiente para especiarias possui um frasco de vidro texturizado e curvo com um design diferenciado. Al\u00e9m da textura agrad\u00e1vel, proporciona uma boa ader\u00eancia e evita que o frasco escorregue. Por ser transparente, as cores das especiarias ficam bem vis\u00edveis. A tampa, em a\u00e7o inoxid\u00e1vel polido, possui v\u00e1rios orif\u00edcios min\u00fasculos para permitir a dosagem precisa dos ingredientes.<\/p>\n<h2>Caracter\u00edsticas do produto<\/h2>\n<ul>\n<li><strong>Garrafa antiderrapante com textura ondulada:<\/strong> O design ondulado \u00e9 circular e possui m\u00faltiplas camadas, oferecendo maior ader\u00eancia juntamente com estruturas mais robustas da garrafa, o que evita o problema de tombamento.<\/li>\n<li><strong>Vidro de alta transpar\u00eancia:<\/strong> Este \u00e9 um excelente recipiente de vidro de alta transpar\u00eancia, feito de material pr\u00f3prio para alimentos. O recipiente \u00e9 muito claro e a forma e a quantidade de especiarias granuladas em seu interior podem ser facilmente identificadas apenas olhando para ele.<\/li>\n<li><strong>Tampa de rosca met\u00e1lica multiperfurada:<\/strong> A tampa de rosca met\u00e1lica multiperfurada, feita de prata, possui perfura\u00e7\u00f5es distribu\u00eddas uniformemente, o que garante a dosagem precisa do tempero granulado e elimina derramamentos e desperd\u00edcios.<\/li>\n<\/ul>\n<h2>Especifica\u00e7\u00f5es principais<\/h2>\n<table style=\"border-collapse: collapse; width: 80%; margin-left: auto; margin-right: auto;\" border=\"0\" width=\"360\" cellspacing=\"0\" cellpadding=\"0\">\n<tbody>\n<tr style=\"height: 13.50pt;\">\n<td style=\"height: 13.5pt; width: 54pt; text-align: center;\" width=\"72\" height=\"18\">Capacidade<\/td>\n<td style=\"width: 54pt; text-align: center;\" width=\"72\">Tamanho (cm)<\/td>\n<td style=\"width: 54pt; text-align: center;\" width=\"72\">Tipo de tampa<\/td>\n<td style=\"width: 54pt; text-align: center;\" width=\"72\">Forma<\/td>\n<td style=\"width: 54pt; text-align: center;\" width=\"72\">Uso<\/td>\n<\/tr>\n<tr style=\"height: 13.50pt;\">\n<td style=\"height: 13.5pt; text-align: center;\" height=\"18\">250ml<\/td>\n<td style=\"text-align: center;\">7,0 x 12<\/td>\n<td style=\"text-align: center;\">Tampa peneiradora de metal de camada dupla<\/td>\n<td style=\"text-align: center;\">Cilindro<\/td>\n<td style=\"text-align: center;\">Para sal, pimenta e ervas; usado em casa; restaurante<\/td>\n<\/tr>\n<\/tbody>\n<\/table>\n<h2>Caso de sucesso<\/h2>\n<p>Nosso frasco de vidro canelado para especiarias foi escolhido por uma marca brit\u00e2nica de alimentos especiais. Com uma textura canelada fosca e uma tampa de rosca na cor cobre, foi desenvolvido sob medida para este frasco. Um dos seus principais diferenciais \u00e9 a melhor ader\u00eancia, mencionada em 25% das avalia\u00e7\u00f5es positivas dos clientes. As especiarias ficam perfeitamente expostas no vidro transparente, gra\u00e7as \u00e0 sua cor e qualidade. A marca obteve grande sucesso e j\u00e1 encomendou mais 200.000 frascos de vidro para acondicionar sua linha completa de especiarias, que ser\u00e1 vendida em lojas de departamento de alto padr\u00e3o.<\/p>\n<h2>Personaliza\u00e7\u00e3o de recipientes para especiarias<\/h2>\n<ul>\n<li>Perfil com nervuras: A largura, a profundidade e a dist\u00e2ncia entre as nervuras horizontais podem ser personalizadas para criar uma experi\u00eancia t\u00e1til individual.<\/li>\n<li>Tipo de furo para agitar: Pode ter v\u00e1rios tamanhos de furos (furos pequenos para permitir especiarias em p\u00f3, furos grandes para permitir especiarias em flocos) ou pode ter dois furos.<\/li>\n<li>Serigrafia: Imprima gradua\u00e7\u00f5es, nomes de especiarias ou pequenas bordas decorativas na garrafa de vidro.<\/li>\n<li>Tamanhos e capacidades: O design com nervuras \u00e9 do mesmo tipo, mas em uma variedade de tamanhos, ou seja, frascos de 30ml a frascos de 200ml.<\/li>\n<\/ul>","protected":false},"excerpt":{"rendered":"<p>Recipiente de vidro resistente para especiarias, com corpo texturizado e tampa dosadora de metal. Pr\u00e1tico frasco para armazenar pimenta, ervas e temperos. Amostras gr\u00e1tis.<\/p>","protected":false},"featured_media":23194,"template":"","meta":[],"product_brand":[],"product_cat":[20,128,83],"product_tag":[],"class_list":{"0":"post-23183","1":"product","2":"type-product","3":"status-publish","4":"has-post-thumbnail","6":"product_cat-glass-containers","7":"product_cat-spice-jars","8":"product_cat-glass-jars","10":"first","11":"instock","12":"shipping-taxable","13":"product-type-simple"},"jetpack_sharing_enabled":true,"_links":{"self":[{"href":"https:\/\/yebodaglass.com\/pt\/wp-json\/wp\/v2\/product\/23183","targetHints":{"allow":["GET"]}}],"collection":[{"href":"https:\/\/yebodaglass.com\/pt\/wp-json\/wp\/v2\/product"}],"about":[{"href":"https:\/\/yebodaglass.com\/pt\/wp-json\/wp\/v2\/types\/product"}],"version-history":[{"count":5,"href":"https:\/\/yebodaglass.com\/pt\/wp-json\/wp\/v2\/product\/23183\/revisions"}],"predecessor-version":[{"id":25477,"href":"https:\/\/yebodaglass.com\/pt\/wp-json\/wp\/v2\/product\/23183\/revisions\/25477"}],"wp:featuredmedia":[{"embeddable":true,"href":"https:\/\/yebodaglass.com\/pt\/wp-json\/wp\/v2\/media\/23194"}],"wp:attachment":[{"href":"https:\/\/yebodaglass.com\/pt\/wp-json\/wp\/v2\/media?parent=23183"}],"wp:term":[{"taxonomy":"product_brand","embeddable":true,"href":"https:\/\/yebodaglass.com\/pt\/wp-json\/wp\/v2\/product_brand?post=23183"},{"taxonomy":"product_cat","embeddable":true,"href":"https:\/\/yebodaglass.com\/pt\/wp-json\/wp\/v2\/product_cat?post=23183"},{"taxonomy":"product_tag","embeddable":true,"href":"https:\/\/yebodaglass.com\/pt\/wp-json\/wp\/v2\/product_tag?post=23183"}],"curies":[{"name":"wp","href":"https:\/\/api.w.org\/{rel}","templated":true}]}}