{"id":23180,"date":"2025-11-04T14:52:48","date_gmt":"2025-11-04T06:52:48","guid":{"rendered":"https:\/\/yebodaglass.com\/?post_type=product&#038;p=23180"},"modified":"2025-11-04T17:40:01","modified_gmt":"2025-11-04T09:40:01","slug":"bulk-sauce-containers-8oz-glass-bottle-for-hot-sauce","status":"publish","type":"product","link":"https:\/\/yebodaglass.com\/pt\/bulk-sauce-containers-8oz-glass-bottle-for-hot-sauce\/","title":{"rendered":"Emballages en verre sur mesure - YEBODA GLASS"},"content":{"rendered":"<p>Esses recipientes para molho t\u00eam corpo de vidro transparente com um formato c\u00f4nico elegante e tampa vermelha, conferindo uma apar\u00eancia simples, por\u00e9m distinta, que combina perfeitamente com a cor do molho em seu interior.<\/p>\n<h2>Caracter\u00edsticas do produto<\/h2>\n<ul>\n<li><strong>Material de vidro transparente:<\/strong> O recipiente \u00e9 fabricado em vidro transparente, o que permite visualizar simultaneamente a cor e o volume do molho.<\/li>\n<li><strong>Design acinturado:<\/strong> A embalagem \u00e9 decorada com um design de cintura que apresenta linhas suaves e exclusivas, o que n\u00e3o s\u00f3 embeleza o produto, como tamb\u00e9m facilita o reconhecimento da marca.<\/li>\n<li><strong>Capacidade individual:<\/strong> A capacidade \u00fanica deste recipiente para molho \u00e9 a \u00fanica op\u00e7\u00e3o dispon\u00edvel para que os usu\u00e1rios possam atender \u00e0s suas necessidades espec\u00edficas, sendo adequado para uso dom\u00e9stico di\u00e1rio, servi\u00e7os de catering e diversas outras ocasi\u00f5es.<\/li>\n<\/ul>\n<h2 style=\"text-align: left;\">Especifica\u00e7\u00f5es principais<\/h2>\n<table class=\"aligncenter\" style=\"border-collapse: collapse; width: 409.52pt;\" border=\"0\" width=\"546\" cellspacing=\"0\" cellpadding=\"0\">\n<tbody>\n<tr style=\"height: 13.50pt;\">\n<td style=\"height: 13.50pt; width: 112.50pt;\" width=\"150\" height=\"18\">Recurso<\/td>\n<td style=\"width: 297.00pt;\" width=\"396\">Especifica\u00e7\u00e3o<\/td>\n<\/tr>\n<tr style=\"height: 13.50pt;\">\n<td style=\"height: 13.50pt;\" height=\"18\">Capacidade<\/td>\n<td>250ml (8oz)<\/td>\n<\/tr>\n<tr style=\"height: 13.50pt;\">\n<td style=\"height: 13.50pt;\" height=\"18\">Formato de garrafa<\/td>\n<td>Cintura cil\u00edndrica (abd\u00f4men esculpido)<\/td>\n<\/tr>\n<tr style=\"height: 13.50pt;\">\n<td style=\"height: 13.50pt;\" height=\"18\">Material<\/td>\n<td>Copo transparente stout<\/td>\n<\/tr>\n<tr style=\"height: 13.50pt;\">\n<td style=\"height: 13.50pt;\" height=\"18\">Encerramento<\/td>\n<td>Tampa de rosca vermelha<\/td>\n<\/tr>\n<tr style=\"height: 13.50pt;\">\n<td style=\"height: 13.50pt;\" height=\"18\">Tamanho da embalagem<\/td>\n<td>15 cm \u00d7 17 cm \u00d7 30 cm<\/td>\n<\/tr>\n<tr style=\"height: 13.50pt;\">\n<td style=\"height: 13.50pt;\" height=\"18\">Ideal para<\/td>\n<td>Molho picante, molho barbecue, molho para salada, condimento<\/td>\n<\/tr>\n<tr style=\"height: 13.50pt;\">\n<td style=\"height: 13.50pt;\" height=\"18\">Uso ideal<\/td>\n<td>Recipientes para molho picante, garrafas de molho por atacado<\/td>\n<\/tr>\n<\/tbody>\n<\/table>\n<h2>Hist\u00f3ria de sucesso: do mercado comunit\u00e1rio \u00e0s lojas de varejo em todo o pa\u00eds<\/h2>\n<p>Uma pequena produtora de molho habanero artesanal, que inicialmente fornecia apenas para feiras de produtores locais, buscava expandir seus neg\u00f3cios e, consequentemente, uma embalagem com apar\u00eancia profissional e capacidade de produ\u00e7\u00e3o em larga escala. Por fim, optaram por nossos recipientes c\u00f4nicos de 250ml para molho de pimenta e os personalizaram com seu logotipo. O primeiro pedido foi de apenas 2.000 unidades. Os resultados foram impressionantes. Logo de in\u00edcio, o design c\u00f4nico impulsionou significativamente o reconhecimento da marca \u2013 uma marca de molho de pimenta relatou um aumento de 47% nas vendas no varejo e de 65% nas recompras. Em decorr\u00eancia desse sucesso, a rede fez um novo pedido de 500.000 unidades de molho de pimenta. Atualmente, a empresa utiliza esses recipientes para todas as suas linhas de produtos e tem um pedido anual superior a 300.000 unidades.<\/p>\n<h2>Personalizando recipientes para molho picante:<\/h2>\n<ul>\n<li><strong>Acabamento fresado:<\/strong> O produto passa por um processo de corros\u00e3o \u00e1cida para um acabamento fosco mais bonito, uma sensa\u00e7\u00e3o de luxo e menos marcas de impress\u00f5es digitais.<\/li>\n<li><strong>Grelhas elevadas:<\/strong> O vidro pode receber algumas gradua\u00e7\u00f5es em relevo, tanto pr\u00e1ticas quanto est\u00e9ticas, que s\u00e3o \u00fateis e conferem ao produto uma apar\u00eancia mais luxuosa.<\/li>\n<li><strong>Padr\u00f5es de vidro texturizado:<\/strong> O vidro pode ser moldado com losangos ou listras, n\u00e3o apenas para uma superf\u00edcie de ader\u00eancia diferenciada, mas tamb\u00e9m para fins decorativos.<\/li>\n<li><strong>Design com decote largo:<\/strong> O ajuste no gargalo \u00e9 feito para facilitar o recheio de molhos espessos que cont\u00eam flocos de pimenta e sementes.<\/li>\n<\/ul>","protected":false},"excerpt":{"rendered":"<p>Recipientes de vidro transparente personalizados para molhos, com tampa met\u00e1lica e design que permite o ajuste na cintura. Ideais para embalagens profissionais de molhos. Amostras gr\u00e1tis para pedidos em grande quantidade!<\/p>","protected":false},"featured_media":23184,"template":"","meta":[],"product_brand":[],"product_cat":[122,123,129],"product_tag":[],"class_list":{"0":"post-23180","1":"product","2":"type-product","3":"status-publish","4":"has-post-thumbnail","6":"product_cat-custom-glass-packaging","7":"product_cat-custom-glass-bottles","8":"product_cat-hot-sauce-bottles","10":"first","11":"instock","12":"shipping-taxable","13":"product-type-simple"},"jetpack_sharing_enabled":true,"_links":{"self":[{"href":"https:\/\/yebodaglass.com\/pt\/wp-json\/wp\/v2\/product\/23180","targetHints":{"allow":["GET"]}}],"collection":[{"href":"https:\/\/yebodaglass.com\/pt\/wp-json\/wp\/v2\/product"}],"about":[{"href":"https:\/\/yebodaglass.com\/pt\/wp-json\/wp\/v2\/types\/product"}],"version-history":[{"count":6,"href":"https:\/\/yebodaglass.com\/pt\/wp-json\/wp\/v2\/product\/23180\/revisions"}],"predecessor-version":[{"id":23222,"href":"https:\/\/yebodaglass.com\/pt\/wp-json\/wp\/v2\/product\/23180\/revisions\/23222"}],"wp:featuredmedia":[{"embeddable":true,"href":"https:\/\/yebodaglass.com\/pt\/wp-json\/wp\/v2\/media\/23184"}],"wp:attachment":[{"href":"https:\/\/yebodaglass.com\/pt\/wp-json\/wp\/v2\/media?parent=23180"}],"wp:term":[{"taxonomy":"product_brand","embeddable":true,"href":"https:\/\/yebodaglass.com\/pt\/wp-json\/wp\/v2\/product_brand?post=23180"},{"taxonomy":"product_cat","embeddable":true,"href":"https:\/\/yebodaglass.com\/pt\/wp-json\/wp\/v2\/product_cat?post=23180"},{"taxonomy":"product_tag","embeddable":true,"href":"https:\/\/yebodaglass.com\/pt\/wp-json\/wp\/v2\/product_tag?post=23180"}],"curies":[{"name":"wp","href":"https:\/\/api.w.org\/{rel}","templated":true}]}}