{"id":23171,"date":"2025-11-04T13:56:22","date_gmt":"2025-11-04T05:56:22","guid":{"rendered":"https:\/\/yebodaglass.com\/?post_type=product&#038;p=23171"},"modified":"2026-04-13T14:04:07","modified_gmt":"2026-04-13T06:04:07","slug":"wholesale-empty-glass-bbq-sauce-bottles-packaging-supplier","status":"publish","type":"product","link":"https:\/\/yebodaglass.com\/pt\/wholesale-empty-glass-bbq-sauce-bottles-packaging-supplier\/","title":{"rendered":"Garrafas de vidro vazias para molho barbecue, atacado, 250ml, 410ml e 485ml"},"content":{"rendered":"<p>Estas garrafas para molho barbecue apresentam um design moderno, utilizando vidro transparente pr\u00f3prio para alimentos para criar seu formato c\u00f4nico, al\u00e9m de diversas op\u00e7\u00f5es de cores para a tampa de pl\u00e1stico. Elas proporcionam aos usu\u00e1rios uma pegada confort\u00e1vel, permitindo que despejem o l\u00edquido sem derramar.<\/p>\n<h2>Caracter\u00edsticas do produto<\/h2>\n<ul>\n<li><strong>Design aerodin\u00e2mico c\u00f4nico:<\/strong> O formato c\u00f4nico, com a parte superior mais estreita e a inferior mais larga, permite que os usu\u00e1rios despejem l\u00edquidos suavemente, reduzindo o desperd\u00edcio de molho e aumentando a efici\u00eancia operacional.<\/li>\n<li><strong>Vidro de alta transpar\u00eancia pr\u00f3prio para contato com alimentos:<\/strong> As garrafas s\u00e3o feitas de vidro de qualidade alimentar sem chumbo, o que proporciona alta transpar\u00eancia e permite visualizar a cor do molho, mantendo-se seguras e inodoras. O produto facilita a limpeza e possibilita m\u00faltiplas reutiliza\u00e7\u00f5es.<\/li>\n<li><strong>Dispon\u00edveis bon\u00e9s em v\u00e1rias cores:<\/strong> As tampas, dispon\u00edveis nas cores vermelha, amarela, dourada e outras, utilizam veda\u00e7\u00e3o rosqueada para manter o frescor do molho.<\/li>\n<\/ul>\n<h2 style=\"text-align: left;\">Especifica\u00e7\u00f5es principais<\/h2>\n<table class=\"aligncenter\" style=\"border-collapse: collapse; width: 506.27pt;\" border=\"0\" width=\"675\" cellspacing=\"0\" cellpadding=\"0\">\n<tbody>\n<tr style=\"height: 13.50pt;\">\n<td style=\"height: 13.50pt; width: 109.50pt;\" width=\"146\" height=\"18\">Recurso<\/td>\n<td style=\"width: 396.75pt;\" width=\"529\">Especifica\u00e7\u00e3o<\/td>\n<\/tr>\n<tr style=\"height: 13.50pt;\">\n<td style=\"height: 13.50pt;\" height=\"18\">Capacidades<\/td>\n<td>250ml, 410ml, 485ml<\/td>\n<\/tr>\n<tr style=\"height: 13.50pt;\">\n<td style=\"height: 13.50pt;\" height=\"18\">Dimens\u00f5es (D\u00d7A)<\/td>\n<td>5,6\u00d721,5cm, 6,4\u00d724,4cm, 6,6\u00d726cm<\/td>\n<\/tr>\n<tr style=\"height: 13.50pt;\">\n<td style=\"height: 13.50pt;\" height=\"18\">Forma<\/td>\n<td>Cil\u00edndrico c\u00f4nico<\/td>\n<\/tr>\n<tr style=\"height: 13.50pt;\">\n<td style=\"height: 13.50pt;\" height=\"18\">Material<\/td>\n<td>Copo de vidro transparente, resistente a alimentos, de paredes grossas.<\/td>\n<\/tr>\n<tr style=\"height: 13.50pt;\">\n<td style=\"height: 13.50pt;\" height=\"18\">Encerramento<\/td>\n<td>Tampa de rosca vermelha, amarela ou dourada<\/td>\n<\/tr>\n<tr style=\"height: 13.50pt;\">\n<td style=\"height: 13.50pt;\" height=\"18\">Ideal para<\/td>\n<td>Molho picante, molho barbecue, vinagre, molho para salada, \u00f3leo<\/td>\n<\/tr>\n<tr style=\"height: 13.50pt;\">\n<td style=\"height: 13.50pt;\" height=\"18\">Uso ideal<\/td>\n<td>Garrafas de molho picante, garrafas de molho barbecue, garrafas de vidro para condimentos<\/td>\n<\/tr>\n<\/tbody>\n<\/table>\n<h2>Caso de sucesso: uma linha de produtos essenciais para uma marca de molho barbecue do sul dos Estados Unidos.<\/h2>\n<p>Uma marca de molho barbecue do sul dos Estados Unidos selecionou nossas garrafas de vidro de 355 ml (12 on\u00e7as) e solicitou a modifica\u00e7\u00e3o para incluir bicos anti-gotejamento e indicadores de pic\u00e2ncia impressos. As garrafas de vidro personalizadas produziram resultados expressivos, pois os bicos anti-gotejamento reduziram as reclama\u00e7\u00f5es de derramamento dos consumidores em 25%, e o design diferenciado da garrafa funcionou como um diferencial da marca, aumentando o reconhecimento em 35%. A marca obteve grande sucesso e, posteriormente, fez um novo pedido de 750.000 garrafas para lan\u00e7ar uma nova linha de ingredientes secos e molhos.<\/p>\n<h2>Op\u00e7\u00f5es personalizadas para garrafa de molho de vidro<\/h2>\n<ul>\n<li><strong>Listras decorativas foscas:<\/strong> Obtenha um visual requintado e elegante utilizando a t\u00e9cnica de corros\u00e3o \u00e1cida para criar listras foscas horizontais ou verticais em seu vidro transparente.<\/li>\n<li><strong>Gargalo de garrafa de vitral:<\/strong> Durante a produ\u00e7\u00e3o, especifique um anel de vidro colorido ao redor do gargalo para um efeito visual luxuoso e \u00fanico, al\u00e9m da elimina\u00e7\u00e3o da necessidade de r\u00f3tulos.<\/li>\n<li><strong>Bico antigotejamento de pe\u00e7a \u00fanica:<\/strong> Uma pe\u00e7a de pl\u00e1stico de precis\u00e3o, feita para encaixar perfeitamente na abertura da garrafa, garantindo que o l\u00edquido seja servido sempre de forma limpa e sem gotejamento.<\/li>\n<\/ul>","protected":false},"excerpt":{"rendered":"<p>Garrafas de vidro resistentes para molho, com design c\u00f4nico e tampas. Perfeitas para molho barbecue e para personalizar seu molho picante. Logotipo personalizado e entrega r\u00e1pida dispon\u00edveis.<\/p>","protected":false},"featured_media":23174,"template":"","meta":[],"product_brand":[],"product_cat":[129,123,122],"product_tag":[],"class_list":{"0":"post-23171","1":"product","2":"type-product","3":"status-publish","4":"has-post-thumbnail","6":"product_cat-hot-sauce-bottles","7":"product_cat-custom-glass-bottles","8":"product_cat-custom-glass-packaging","10":"first","11":"instock","12":"shipping-taxable","13":"product-type-simple"},"jetpack_sharing_enabled":true,"_links":{"self":[{"href":"https:\/\/yebodaglass.com\/pt\/wp-json\/wp\/v2\/product\/23171","targetHints":{"allow":["GET"]}}],"collection":[{"href":"https:\/\/yebodaglass.com\/pt\/wp-json\/wp\/v2\/product"}],"about":[{"href":"https:\/\/yebodaglass.com\/pt\/wp-json\/wp\/v2\/types\/product"}],"version-history":[{"count":5,"href":"https:\/\/yebodaglass.com\/pt\/wp-json\/wp\/v2\/product\/23171\/revisions"}],"predecessor-version":[{"id":25761,"href":"https:\/\/yebodaglass.com\/pt\/wp-json\/wp\/v2\/product\/23171\/revisions\/25761"}],"wp:featuredmedia":[{"embeddable":true,"href":"https:\/\/yebodaglass.com\/pt\/wp-json\/wp\/v2\/media\/23174"}],"wp:attachment":[{"href":"https:\/\/yebodaglass.com\/pt\/wp-json\/wp\/v2\/media?parent=23171"}],"wp:term":[{"taxonomy":"product_brand","embeddable":true,"href":"https:\/\/yebodaglass.com\/pt\/wp-json\/wp\/v2\/product_brand?post=23171"},{"taxonomy":"product_cat","embeddable":true,"href":"https:\/\/yebodaglass.com\/pt\/wp-json\/wp\/v2\/product_cat?post=23171"},{"taxonomy":"product_tag","embeddable":true,"href":"https:\/\/yebodaglass.com\/pt\/wp-json\/wp\/v2\/product_tag?post=23171"}],"curies":[{"name":"wp","href":"https:\/\/api.w.org\/{rel}","templated":true}]}}