{"id":23155,"date":"2025-11-04T10:53:15","date_gmt":"2025-11-04T02:53:15","guid":{"rendered":"https:\/\/yebodaglass.com\/?post_type=product&#038;p=23155"},"modified":"2026-03-25T11:24:10","modified_gmt":"2026-03-25T03:24:10","slug":"custom-clear-glass-hot-sauce-bottles-bulk","status":"publish","type":"product","link":"https:\/\/yebodaglass.com\/pt\/custom-clear-glass-hot-sauce-bottles-bulk\/","title":{"rendered":"Garrafas de vidro transparente personalizadas para molho picante, 250ml, 350ml e 500ml (em grandes quantidades)"},"content":{"rendered":"<p>Estas garrafas para molho t\u00eam um formato cil\u00edndrico arredondado e elegante, com um gargalo fino. S\u00e3o feitas de vidro cristalino, com gargalo rebitado e tampa de rosca preta, vermelha ou dourada.<\/p>\n<h2>Caracter\u00edsticas do produto<\/h2>\n<ul>\n<li><strong>Vidro cil\u00edndrico de alta transpar\u00eancia:<\/strong> O vidro cil\u00edndrico transparente \u00e9 absolutamente l\u00edmpido e exibe imediatamente a cor, a textura e a qualidade do produto, aumentando seu apelo visual.<\/li>\n<li><strong>Dispon\u00edvel em diversas cores de tampas de rosca:<\/strong> As tampas de rosca est\u00e3o dispon\u00edveis em diferentes cores, como preto, vermelho e dourado, entre outras, para atender \u00e0s necessidades de personaliza\u00e7\u00e3o de embalagens flex\u00edveis.<\/li>\n<li><strong>Design selado e \u00e0 prova de vazamentos:<\/strong> A tampa de rosca encaixa firmemente no gargalo da garrafa, oferecendo \u00f3tima veda\u00e7\u00e3o e longa vida \u00fatil ao produto.<\/li>\n<\/ul>\n<h2 style=\"text-align: left;\">Especifica\u00e7\u00f5es principais<\/h2>\n<table class=\"aligncenter\" style=\"border-collapse: collapse; width: 388.52pt;\" border=\"0\" width=\"518\" cellspacing=\"0\" cellpadding=\"0\">\n<tbody>\n<tr style=\"height: 13.50pt;\">\n<td style=\"height: 13.50pt; width: 109.50pt;\" width=\"146\" height=\"18\">Recurso<\/td>\n<td style=\"width: 279.00pt;\" width=\"372\">Especifica\u00e7\u00e3o<\/td>\n<\/tr>\n<tr style=\"height: 13.50pt;\">\n<td style=\"height: 13.50pt;\" height=\"18\">Capacidades<\/td>\n<td>250ml (8oz), 350ml (12oz), 500ml (17oz)<\/td>\n<\/tr>\n<tr style=\"height: 13.50pt;\">\n<td style=\"height: 13.50pt;\" height=\"18\">Dimens\u00f5es (D\u00d7A)<\/td>\n<td>5,6\u00d718,8cm, 6,3\u00d717,1cm, 7,1\u00d719,1cm<\/td>\n<\/tr>\n<tr style=\"height: 13.50pt;\">\n<td style=\"height: 13.50pt;\" height=\"18\">Material<\/td>\n<td>Garrafa de vidro transparente, pr\u00f3pria para alimentos.<\/td>\n<\/tr>\n<tr style=\"height: 13.50pt;\">\n<td style=\"height: 13.50pt;\" height=\"18\">Encerramento<\/td>\n<td>Tampa de rosca preta, vermelha ou dourada<\/td>\n<\/tr>\n<tr style=\"height: 13.50pt;\">\n<td style=\"height: 13.50pt;\" height=\"18\">Ideal para<\/td>\n<td>Molho picante, molho barbecue, molho para salada, condimento<\/td>\n<\/tr>\n<tr style=\"height: 13.50pt;\">\n<td style=\"height: 13.50pt;\" height=\"18\">Uso ideal<\/td>\n<td>Garrafa de molho, garrafas de molho picante a granel<\/td>\n<\/tr>\n<\/tbody>\n<\/table>\n<h2>Hist\u00f3ria de sucesso<\/h2>\n<p>Uma empresa de condimentos artesanais de Ohio escolheu encher nossas garrafas com molho e as personalizou com uma etiqueta fosca especial e uma tampa com revestimento de silicone resistente ao calor. As garrafas personalizadas foram um grande sucesso: o vidro transparente exibe perfeitamente seus molhos artesanais, segundo a empresa, o que aumentou as compras por impulso em feiras livres em 30%, e o revestimento da tampa, especialmente projetado, mant\u00e9m as garrafas perfeitamente fechadas, evita vazamentos e reduz as reclama\u00e7\u00f5es dos clientes em 25%. A marca obteve tanto sucesso que encomendou mais 200.000 garrafas de sua nova linha de molhos e pastas para cozinhar.<\/p>\n<h2>Garrafas de molho picante com personaliza\u00e7\u00e3o individual<\/h2>\n<ul>\n<li>Bico Dosador Dedicado: Este modelo possui uma tampa de rosca com um bico dosador embutido, em pl\u00e1stico ou a\u00e7o inoxid\u00e1vel, que evita gotejamento e permite despejar o molho com facilidade e precis\u00e3o.<\/li>\n<li>Vidro colorido resistente aos raios UV: \u00c9 produzido no mesmo cilindro utilizado para vidros \u00e2mbar ou verde, para proteger ingredientes sens\u00edveis \u00e0 luz.<\/li>\n<li>Cor da tampa: As cores das tampas podem ser encontradas em qualquer tabela de cores Pantone para combinar perfeitamente com a imagem da sua marca.<\/li>\n<\/ul>","protected":false},"excerpt":{"rendered":"<p>Garrafas de vidro transparente para molho picante com tampas met\u00e1licas coloridas. Excelente veda\u00e7\u00e3o, perfeitas para criar sua pr\u00f3pria marca de molho. Encomende garrafas de vidro em grandes quantidades e receba rapidamente!<\/p>","protected":false},"featured_media":23165,"template":"","meta":[],"product_brand":[],"product_cat":[129,123,122],"product_tag":[],"class_list":{"0":"post-23155","1":"product","2":"type-product","3":"status-publish","4":"has-post-thumbnail","6":"product_cat-hot-sauce-bottles","7":"product_cat-custom-glass-bottles","8":"product_cat-custom-glass-packaging","10":"first","11":"instock","12":"shipping-taxable","13":"product-type-simple"},"jetpack_sharing_enabled":true,"_links":{"self":[{"href":"https:\/\/yebodaglass.com\/pt\/wp-json\/wp\/v2\/product\/23155","targetHints":{"allow":["GET"]}}],"collection":[{"href":"https:\/\/yebodaglass.com\/pt\/wp-json\/wp\/v2\/product"}],"about":[{"href":"https:\/\/yebodaglass.com\/pt\/wp-json\/wp\/v2\/types\/product"}],"version-history":[{"count":5,"href":"https:\/\/yebodaglass.com\/pt\/wp-json\/wp\/v2\/product\/23155\/revisions"}],"predecessor-version":[{"id":25596,"href":"https:\/\/yebodaglass.com\/pt\/wp-json\/wp\/v2\/product\/23155\/revisions\/25596"}],"wp:featuredmedia":[{"embeddable":true,"href":"https:\/\/yebodaglass.com\/pt\/wp-json\/wp\/v2\/media\/23165"}],"wp:attachment":[{"href":"https:\/\/yebodaglass.com\/pt\/wp-json\/wp\/v2\/media?parent=23155"}],"wp:term":[{"taxonomy":"product_brand","embeddable":true,"href":"https:\/\/yebodaglass.com\/pt\/wp-json\/wp\/v2\/product_brand?post=23155"},{"taxonomy":"product_cat","embeddable":true,"href":"https:\/\/yebodaglass.com\/pt\/wp-json\/wp\/v2\/product_cat?post=23155"},{"taxonomy":"product_tag","embeddable":true,"href":"https:\/\/yebodaglass.com\/pt\/wp-json\/wp\/v2\/product_tag?post=23155"}],"curies":[{"name":"wp","href":"https:\/\/api.w.org\/{rel}","templated":true}]}}