{"id":23117,"date":"2025-11-03T16:34:01","date_gmt":"2025-11-03T08:34:01","guid":{"rendered":"https:\/\/yebodaglass.com\/?post_type=product&#038;p=23117"},"modified":"2026-04-09T14:09:19","modified_gmt":"2026-04-09T06:09:19","slug":"wholesale-round-glass-hot-sauce-bottles-sauce-container-supplier","status":"publish","type":"product","link":"https:\/\/yebodaglass.com\/pt\/wholesale-round-glass-hot-sauce-bottles-sauce-container-supplier\/","title":{"rendered":"Garrafas de vidro redondas para molho picante, atacado, 100ml, 150ml, 200ml"},"content":{"rendered":"<p>Nossas garrafas redondas de vidro para molho picante possuem corpo fino de vidro transparente com tampas de pl\u00e1stico e est\u00e3o dispon\u00edveis em tr\u00eas tamanhos: 100ml, 150ml e 200ml. Com seu formato redondo cl\u00e1ssico, s\u00e3o ideais para embalar uma grande variedade de condimentos.<\/p>\n<h2>Especifica\u00e7\u00f5es principais<\/h2>\n<table style=\"border-collapse: collapse; width: 80%; margin-left: auto; margin-right: auto;\" border=\"0\" width=\"818\" cellspacing=\"0\" cellpadding=\"0\">\n<tbody>\n<tr style=\"height: 13.50pt;\">\n<td style=\"height: 13.50pt; width: 141.75pt;\" width=\"189\" height=\"18\">Recurso<\/td>\n<td style=\"width: 471.75pt;\" width=\"629\">Especifica\u00e7\u00e3o<\/td>\n<\/tr>\n<tr style=\"height: 48.00pt;\">\n<td style=\"height: 48.00pt;\" height=\"64\">Capacidade<\/td>\n<td class=\"et2\" style=\"width: 471.75pt;\" width=\"629\">100ml\/3oz (40\u00d7151mm)<br \/>\n150ml\/5oz (4,8\u00d717,2cm)<br \/>\n250ml\/8oz (5,5\u00d719,8cm)<\/td>\n<\/tr>\n<tr style=\"height: 13.50pt;\">\n<td style=\"height: 13.50pt;\" height=\"18\">Material<\/td>\n<td>Vidro s\u00f3dio-c\u00e1lcico, tampa de pl\u00e1stico, rolha interna de pl\u00e1stico, revestimento termoencolh\u00edvel de pl\u00e1stico<\/td>\n<\/tr>\n<tr style=\"height: 13.50pt;\">\n<td style=\"height: 13.50pt;\" height=\"18\">Op\u00e7\u00f5es de fechamento<\/td>\n<td>personaliz\u00e1vel<\/td>\n<\/tr>\n<tr style=\"height: 13.50pt;\">\n<td style=\"height: 13.50pt;\" height=\"18\">Usos<\/td>\n<td>Molho picante, condimentos, molho de soja, pasta de gergelim, molho para salada, vinagre, pimenta, ketchup, etc.<\/td>\n<\/tr>\n<tr style=\"height: 13.50pt;\">\n<td style=\"height: 13.50pt;\" height=\"18\">Op\u00e7\u00e3o de personaliza\u00e7\u00e3o<\/td>\n<td>Acabamento da superf\u00edcie, logotipo, formato, capacidade, tampa, embalagem.<\/td>\n<\/tr>\n<\/tbody>\n<\/table>\n<h2>Estudo de Caso<\/h2>\n<p>Uma empresa mexicana de alimentos, especializada na produ\u00e7\u00e3o de molhos, precisava de embalagens que refletissem seu processo de produ\u00e7\u00e3o meticuloso. Por fim, optaram por nossas garrafas de vidro de 150ml para molho picante, devido \u00e0 sua capacidade. Personalizaram as garrafas com adesivos exclusivos. O primeiro pedido, pequeno, de apenas 3.000 unidades, trouxe resultados fant\u00e1sticos. Como consequ\u00eancia, as vendas nas prateleiras aumentaram 32%, enquanto a resist\u00eancia do vidro reduziu o n\u00famero de garrafas quebradas em 40%. Agora, fazem pedidos em grande escala, de mais de 50.000 garrafas por trimestre, tornando essa garrafa de molho uma parte essencial de sua estrat\u00e9gia de marca.<\/p>","protected":false},"excerpt":{"rendered":"<p>Garrafas de vidro redondas personalizadas para molho picante. Op\u00e7\u00f5es de personaliza\u00e7\u00e3o e pedidos no atacado para marcas e distribuidores de molhos. Entrega r\u00e1pida e amostras gr\u00e1tis.<\/p>","protected":false},"featured_media":25676,"template":"","meta":[],"product_brand":[],"product_cat":[129,123,122,80,20],"product_tag":[],"class_list":{"0":"post-23117","1":"product","2":"type-product","3":"status-publish","4":"has-post-thumbnail","6":"product_cat-hot-sauce-bottles","7":"product_cat-custom-glass-bottles","8":"product_cat-custom-glass-packaging","9":"product_cat-glass-bottles","10":"product_cat-glass-containers","12":"first","13":"instock","14":"shipping-taxable","15":"product-type-simple"},"jetpack_sharing_enabled":true,"_links":{"self":[{"href":"https:\/\/yebodaglass.com\/pt\/wp-json\/wp\/v2\/product\/23117","targetHints":{"allow":["GET"]}}],"collection":[{"href":"https:\/\/yebodaglass.com\/pt\/wp-json\/wp\/v2\/product"}],"about":[{"href":"https:\/\/yebodaglass.com\/pt\/wp-json\/wp\/v2\/types\/product"}],"version-history":[{"count":5,"href":"https:\/\/yebodaglass.com\/pt\/wp-json\/wp\/v2\/product\/23117\/revisions"}],"predecessor-version":[{"id":25685,"href":"https:\/\/yebodaglass.com\/pt\/wp-json\/wp\/v2\/product\/23117\/revisions\/25685"}],"wp:featuredmedia":[{"embeddable":true,"href":"https:\/\/yebodaglass.com\/pt\/wp-json\/wp\/v2\/media\/25676"}],"wp:attachment":[{"href":"https:\/\/yebodaglass.com\/pt\/wp-json\/wp\/v2\/media?parent=23117"}],"wp:term":[{"taxonomy":"product_brand","embeddable":true,"href":"https:\/\/yebodaglass.com\/pt\/wp-json\/wp\/v2\/product_brand?post=23117"},{"taxonomy":"product_cat","embeddable":true,"href":"https:\/\/yebodaglass.com\/pt\/wp-json\/wp\/v2\/product_cat?post=23117"},{"taxonomy":"product_tag","embeddable":true,"href":"https:\/\/yebodaglass.com\/pt\/wp-json\/wp\/v2\/product_tag?post=23117"}],"curies":[{"name":"wp","href":"https:\/\/api.w.org\/{rel}","templated":true}]}}