{"id":23100,"date":"2025-11-03T16:08:07","date_gmt":"2025-11-03T08:08:07","guid":{"rendered":"https:\/\/yebodaglass.com\/?post_type=product&#038;p=23100"},"modified":"2025-11-03T16:08:09","modified_gmt":"2025-11-03T08:08:09","slug":"glass-spice-jar-with-shaker-lid-bulk-for-kitchen","status":"publish","type":"product","link":"https:\/\/yebodaglass.com\/pt\/glass-spice-jar-with-shaker-lid-bulk-for-kitchen\/","title":{"rendered":"Pote de vidro para temperos de 283 g (10 oz) com tampa dosadora, ideal para cozinha.\u00a0"},"content":{"rendered":"<p>Fabricamos potes transparentes para temperos com uma faixa vertical que facilita o manuseio \u2014 chega de bagun\u00e7a na cozinha! Esses recipientes para temperos d\u00e3o um toque de estilo \u00e0 sua despensa. Para pedidos em grande quantidade, oferecemos op\u00e7\u00f5es personalizadas que combinam com a sua marca.<\/p>\n<h2>Caracter\u00edsticas do produto<\/h2>\n<p><strong>Pegada com listras verticais<\/strong><\/p>\n<p>As ranhuras tornam os frascos de vidro para especiarias n\u00e3o apenas confort\u00e1veis \u200b\u200bde segurar, mas tamb\u00e9m elegantes \u2014 seus frascos de vidro para especiarias ter\u00e3o a sensa\u00e7\u00e3o de serem um produto sofisticado em suas m\u00e3os.<\/p>\n<p><strong>Tampa de a\u00e7o inoxid\u00e1vel para coqueteleira<\/strong><\/p>\n<p>Pequenos orif\u00edcios feitos com precis\u00e3o controlam o fluxo do l\u00edquido \u2014 chega de salgar demais ou desperdi\u00e7ar tempero.<\/p>\n<p><strong>Clareza cristalina<\/strong><\/p>\n<p>O vidro transparente permite que o cliente veja cada gr\u00e3o \u2014 \u00e9 por isso que eles confiam imediatamente nos seus recipientes para armazenar especiarias.<\/p>\n<h2>Especifica\u00e7\u00f5es principais<\/h2>\n<table style=\"border-collapse: collapse; width: 80%; margin-left: auto; margin-right: auto;\" border=\"0\" width=\"144\" cellspacing=\"0\" cellpadding=\"0\">\n<tbody>\n<tr style=\"height: 13.50pt;\">\n<td style=\"height: 13.5pt; width: 54pt; text-align: center;\" width=\"72\" height=\"18\">Capacidade<\/td>\n<td style=\"width: 54pt; text-align: center;\" width=\"72\">330ml\/10oz<\/td>\n<\/tr>\n<tr style=\"height: 13.50pt;\">\n<td style=\"height: 13.5pt; text-align: center;\" height=\"18\">Tamanho (cm)<\/td>\n<td style=\"text-align: center;\">7.5&#215;13.5<\/td>\n<\/tr>\n<tr style=\"height: 13.50pt;\">\n<td style=\"height: 13.5pt; text-align: center;\" height=\"18\">Material<\/td>\n<td style=\"text-align: center;\">Vidro + Metal (Tampas)<\/td>\n<\/tr>\n<tr style=\"height: 13.50pt;\">\n<td style=\"height: 13.5pt; text-align: center;\" height=\"18\">Op\u00e7\u00f5es de cores<\/td>\n<td style=\"text-align: center;\">Transparente (personaliz\u00e1vel)<\/td>\n<\/tr>\n<tr style=\"height: 13.50pt;\">\n<td style=\"height: 13.5pt; text-align: center;\" height=\"18\">Uso<\/td>\n<td style=\"text-align: center;\">A\u00e7\u00facar, sal, tempero<\/td>\n<\/tr>\n<tr style=\"height: 13.50pt;\">\n<td style=\"height: 13.5pt; text-align: center;\" height=\"18\">Personaliza\u00e7\u00e3o<\/td>\n<td style=\"text-align: center;\">Design da tampa, cor, logotipo (em baixo relevo, adesivo, etc.)<\/td>\n<\/tr>\n<\/tbody>\n<\/table>\n<h2>Caso de sucesso<\/h2>\n<p>Participamos da iniciativa de uma empresa canadense do setor aliment\u00edcio de modernizar sua linha de produtos para armazenamento de temperos, incorporando nossa s\u00e9rie de potes de vidro para especiarias. Os potes, feitos sob medida com dobradi\u00e7as de metal escovado e logotipos da marca gravados a laser, elevam o visual dos utens\u00edlios de cozinha, tornando-os mais modernos e profissionais. Os recipientes de vidro transparente facilitam a localiza\u00e7\u00e3o dos temperos pelos chefs, e sua constru\u00e7\u00e3o robusta e resistente garante longa durabilidade mesmo em \u00e1reas de grande circula\u00e7\u00e3o, como cozinhas comerciais.<\/p>\n<p>Ap\u00f3s o lan\u00e7amento do novo frasco de vidro para especiarias, a empresa registrou um aumento de 26% nos pedidos devido \u00e0 sua textura suave.<\/p>\n<h2>Seu Guia de Personaliza\u00e7\u00e3o<\/h2>\n<ol>\n<li><strong>Tampas ajust\u00e1veis:<\/strong> Voc\u00ea pode escolher entre a\u00e7o inoxid\u00e1vel, liga de alum\u00ednio ou pl\u00e1stico para designs de tampas com m\u00faltiplos furos, furo \u00fanico ou rosca, para acomodar diferentes taxas de fluxo de condimentos.<\/li>\n<li><strong>Marcas e Impress\u00f5es:<\/strong> Logotipos de marcas, nomes de condimentos ou etiquetas \u00e0 prova d&#039;\u00e1gua podem ser impressos em potes de vidro para especiarias por meio de serigrafia, facilitando o reconhecimento do produto e a imagem da marca.<\/li>\n<li><strong>Op\u00e7\u00f5es de embalagem para caixas de presente:<\/strong> Existem caixas de presente personalizadas com v\u00e1rias garrafas, perfeitas para um conjunto de utens\u00edlios de cozinha de luxo ou para uma campanha de presentes de fim de ano.<\/li>\n<\/ol>","protected":false},"excerpt":{"rendered":"<p>Descubra nosso pote de vidro para temperos \u2014 perfeito para armazenar sal, pimenta ou ervas. Feito de vidro resistente com tampa dosadora para temperar de forma f\u00e1cil e limpa.<\/p>","protected":false},"featured_media":23101,"template":"","meta":[],"product_brand":[],"product_cat":[83,128,20],"product_tag":[],"class_list":{"0":"post-23100","1":"product","2":"type-product","3":"status-publish","4":"has-post-thumbnail","6":"product_cat-glass-jars","7":"product_cat-spice-jars","8":"product_cat-glass-containers","10":"first","11":"instock","12":"shipping-taxable","13":"product-type-simple"},"jetpack_sharing_enabled":true,"_links":{"self":[{"href":"https:\/\/yebodaglass.com\/pt\/wp-json\/wp\/v2\/product\/23100","targetHints":{"allow":["GET"]}}],"collection":[{"href":"https:\/\/yebodaglass.com\/pt\/wp-json\/wp\/v2\/product"}],"about":[{"href":"https:\/\/yebodaglass.com\/pt\/wp-json\/wp\/v2\/types\/product"}],"version-history":[{"count":3,"href":"https:\/\/yebodaglass.com\/pt\/wp-json\/wp\/v2\/product\/23100\/revisions"}],"predecessor-version":[{"id":23113,"href":"https:\/\/yebodaglass.com\/pt\/wp-json\/wp\/v2\/product\/23100\/revisions\/23113"}],"wp:featuredmedia":[{"embeddable":true,"href":"https:\/\/yebodaglass.com\/pt\/wp-json\/wp\/v2\/media\/23101"}],"wp:attachment":[{"href":"https:\/\/yebodaglass.com\/pt\/wp-json\/wp\/v2\/media?parent=23100"}],"wp:term":[{"taxonomy":"product_brand","embeddable":true,"href":"https:\/\/yebodaglass.com\/pt\/wp-json\/wp\/v2\/product_brand?post=23100"},{"taxonomy":"product_cat","embeddable":true,"href":"https:\/\/yebodaglass.com\/pt\/wp-json\/wp\/v2\/product_cat?post=23100"},{"taxonomy":"product_tag","embeddable":true,"href":"https:\/\/yebodaglass.com\/pt\/wp-json\/wp\/v2\/product_tag?post=23100"}],"curies":[{"name":"wp","href":"https:\/\/api.w.org\/{rel}","templated":true}]}}