{"id":23091,"date":"2025-11-03T16:20:39","date_gmt":"2025-11-03T08:20:39","guid":{"rendered":"https:\/\/yebodaglass.com\/?post_type=product&#038;p=23091"},"modified":"2025-11-03T17:29:17","modified_gmt":"2025-11-03T09:29:17","slug":"wholesale-clear-glass-hot-sauce-bottles-with-lids","status":"publish","type":"product","link":"https:\/\/yebodaglass.com\/pt\/wholesale-clear-glass-hot-sauce-bottles-with-lids\/","title":{"rendered":"Garrafas de vidro transparente para molho picante com tampas, dispon\u00edveis para venda por atacado, nos tamanhos 250ml, 350ml e 500ml."},"content":{"rendered":"<p>O design minimalista desta garrafa de molho picante apresenta um corpo ligeiramente afunilado que se conecta visualmente ao gargalo curto e grosso. Em geral, seu design simples e pr\u00e1tico, feito de vidro transparente, permite que qualquer pessoa veja o conte\u00fado sem precisar abrir a garrafa.<\/p>\n<h2>Caracter\u00edsticas do produto<\/h2>\n<ul>\n<li><strong>Material de vidro transparente:<\/strong> O recipiente de vidro transparente permite que os usu\u00e1rios visualizem a cor do molho e determinem a quantidade restante sem o inc\u00f4modo de abrir a garrafa.<\/li>\n<li><strong>Design de recipiente esguio:<\/strong> A garrafa, com sua silhueta esguia e curvas suaves, foi projetada de forma simples para facilitar o transporte e o armazenamento, tornando toda a experi\u00eancia do usu\u00e1rio mais confort\u00e1vel e pr\u00e1tica.<\/li>\n<li><strong>Conceito minimalista:<\/strong> Um recipiente transparente combinado com uma tampa monocrom\u00e1tica confere um visual elegante e luminoso, que pode ser estilizado de diversas maneiras e \u00e9 muito funcional em termos de uso.<\/li>\n<\/ul>\n<h2 style=\"text-align: left;\">Especifica\u00e7\u00f5es principais<\/h2>\n<table class=\"aligncenter\" style=\"border-collapse: collapse; width: 471.02pt;\" border=\"0\" width=\"628\" cellspacing=\"0\" cellpadding=\"0\">\n<tbody>\n<tr style=\"height: 13.50pt;\">\n<td style=\"height: 13.50pt; width: 111.75pt;\" width=\"149\" height=\"18\">Recurso<\/td>\n<td style=\"width: 359.25pt;\" width=\"479\">Especifica\u00e7\u00e3o<\/td>\n<\/tr>\n<tr style=\"height: 13.50pt;\">\n<td style=\"height: 13.50pt;\" height=\"18\">Capacidade<\/td>\n<td>250ml (8oz), 350ml (12oz), 500ml (17oz)<\/td>\n<\/tr>\n<tr style=\"height: 13.50pt;\">\n<td style=\"height: 13.50pt;\" height=\"18\">Dimens\u00f5es<\/td>\n<td>5,5\u00d717,8cm, 6,1\u00d719,6cm, 6,9\u00d721,4cm<\/td>\n<\/tr>\n<tr style=\"height: 13.50pt;\">\n<td style=\"height: 13.50pt;\" height=\"18\">Forma<\/td>\n<td>Cil\u00edndrico com leve afunilamento<\/td>\n<\/tr>\n<tr style=\"height: 13.50pt;\">\n<td style=\"height: 13.50pt;\" height=\"18\">Material<\/td>\n<td>Vidro transparente, compat\u00edvel com fecho de pl\u00e1stico\/metal.<\/td>\n<\/tr>\n<tr style=\"height: 13.50pt;\">\n<td style=\"height: 13.50pt;\" height=\"18\">Op\u00e7\u00f5es de fechamento<\/td>\n<td>Bon\u00e9s amarelos, brancos, vermelhos e pretos (personaliz\u00e1veis)<\/td>\n<\/tr>\n<tr style=\"height: 13.50pt;\">\n<td style=\"height: 13.50pt;\" height=\"18\">Ideal para<\/td>\n<td>molho barbecue, tempero para salada, xarope, vinagre, marcas de condimentos<\/td>\n<\/tr>\n<tr style=\"height: 13.50pt;\">\n<td style=\"height: 13.50pt;\" height=\"18\">Uso ideal<\/td>\n<td>Garrafa de molho picante, garrafa de vidro, garrafas de vidro para condimentos<\/td>\n<\/tr>\n<\/tbody>\n<\/table>\n<h2>Estudo de Caso Real: Como uma Marca Alcan\u00e7ou Escala<\/h2>\n<p>Uma startup de condimentos artesanais, especializada na produ\u00e7\u00e3o de molhos de pimenta \u00e0 base de vinagre em pequenos lotes, precisava de uma garrafa confi\u00e1vel e com bom custo-benef\u00edcio para sua expans\u00e3o para uma rede varejista com atua\u00e7\u00e3o em todo o pa\u00eds. A compra no atacado de 2.500 unidades de nossa garrafa de molho transparente de 500 ml com tampa vermelha e logotipo da marca foi o primeiro passo, e assim, o neg\u00f3cio decolou. Os resultados foram eficazes. Para come\u00e7ar, as garrafas de vidro transparente com tampas coloridas impulsionaram significativamente as vendas \u2014 uma marca de molho de pimenta relatou um aumento de 38% nas vendas online e uma redu\u00e7\u00e3o de 29% no desperd\u00edcio, gra\u00e7as ao design que facilita o despejo e minimiza respingos e derramamentos. Assim, a empresa decidiu fazer um novo pedido de 300.000 garrafas. Atualmente, consideram a garrafa sua op\u00e7\u00e3o de embalagem definitiva, que atende \u00e0s suas necessidades tanto em termos de transporte quanto de satisfa\u00e7\u00e3o do cliente.<\/p>\n<h2>Personaliza\u00e7\u00e3o de Garrafas de Vidro para Molho<\/h2>\n<ul>\n<li>Vidro fosco: Proporcione uma sensa\u00e7\u00e3o de luxo com vidro transl\u00facido gravado a \u00e1cido para uma apar\u00eancia elegante e sofisticada.<\/li>\n<li>Impress\u00e3o de Logotipo Personalizado: Fortale\u00e7a sua marca imprimindo o logotipo ou design da sua empresa diretamente no vidro, criando uma lembran\u00e7a duradoura.<\/li>\n<li>Vidro colorido: Escolha o vidro \u00e2mbar ou verde para proteger o molho da luz e destacar a qualidade do produto na prateleira.<\/li>\n<li>Cores de bon\u00e9s personalizadas: Use as cores caracter\u00edsticas dos bon\u00e9s \u2014 como o branco tradicional ou o vermelho vibrante \u2014 para diferenciar sua marca e facilitar a identifica\u00e7\u00e3o.<\/li>\n<li>Op\u00e7\u00f5es de material para revestimento: Escolha o revestimento correto (por exemplo, PVC expandido) para obter um recipiente hermeticamente fechado, adequado \u00e0 acidez e ao teor de \u00f3leo do seu molho.<\/li>\n<\/ul>","protected":false},"excerpt":{"rendered":"<p>Garrafas transparentes para molho picante com superf\u00edcie de vidro lisa e tampas com veda\u00e7\u00e3o herm\u00e9tica. Ideais para molho picante ou condimentos. Pre\u00e7o de f\u00e1brica, pedidos em grande quantidade, entrega r\u00e1pida!<\/p>","protected":false},"featured_media":23107,"template":"","meta":[],"product_brand":[],"product_cat":[20,129,80],"product_tag":[],"class_list":{"0":"post-23091","1":"product","2":"type-product","3":"status-publish","4":"has-post-thumbnail","6":"product_cat-glass-containers","7":"product_cat-hot-sauce-bottles","8":"product_cat-glass-bottles","10":"first","11":"instock","12":"shipping-taxable","13":"product-type-simple"},"jetpack_sharing_enabled":true,"_links":{"self":[{"href":"https:\/\/yebodaglass.com\/pt\/wp-json\/wp\/v2\/product\/23091","targetHints":{"allow":["GET"]}}],"collection":[{"href":"https:\/\/yebodaglass.com\/pt\/wp-json\/wp\/v2\/product"}],"about":[{"href":"https:\/\/yebodaglass.com\/pt\/wp-json\/wp\/v2\/types\/product"}],"version-history":[{"count":3,"href":"https:\/\/yebodaglass.com\/pt\/wp-json\/wp\/v2\/product\/23091\/revisions"}],"predecessor-version":[{"id":23134,"href":"https:\/\/yebodaglass.com\/pt\/wp-json\/wp\/v2\/product\/23091\/revisions\/23134"}],"wp:featuredmedia":[{"embeddable":true,"href":"https:\/\/yebodaglass.com\/pt\/wp-json\/wp\/v2\/media\/23107"}],"wp:attachment":[{"href":"https:\/\/yebodaglass.com\/pt\/wp-json\/wp\/v2\/media?parent=23091"}],"wp:term":[{"taxonomy":"product_brand","embeddable":true,"href":"https:\/\/yebodaglass.com\/pt\/wp-json\/wp\/v2\/product_brand?post=23091"},{"taxonomy":"product_cat","embeddable":true,"href":"https:\/\/yebodaglass.com\/pt\/wp-json\/wp\/v2\/product_cat?post=23091"},{"taxonomy":"product_tag","embeddable":true,"href":"https:\/\/yebodaglass.com\/pt\/wp-json\/wp\/v2\/product_tag?post=23091"}],"curies":[{"name":"wp","href":"https:\/\/api.w.org\/{rel}","templated":true}]}}