{"id":23090,"date":"2025-11-03T14:57:07","date_gmt":"2025-11-03T06:57:07","guid":{"rendered":"https:\/\/yebodaglass.com\/?post_type=product&#038;p=23090"},"modified":"2026-03-18T15:52:34","modified_gmt":"2026-03-18T07:52:34","slug":"glass-small-spice-jars-with-spoon-lid-bulk","status":"publish","type":"product","link":"https:\/\/yebodaglass.com\/pt\/produto\/glass-small-spice-jars-with-spoon-lid-bulk\/","title":{"rendered":"Potes de vidro pequenos para especiarias, 200ml, com tampa de colher (em grande quantidade)"},"content":{"rendered":"<p>O pequeno frasco de especiarias tem um design simples, transparente e cil\u00edndrico, feito de vidro com uma tampa preta lisa e um anel de metal prateado ao redor da tampa. Cada tampa do frasco inclui uma colher, um pincel ou uma esp\u00e1tula.<\/p>\n<h2>Caracter\u00edsticas do produto<\/h2>\n<ul>\n<li><strong>Integra\u00e7\u00e3o de ferramentas multifuncionais:<\/strong> As tampas incluem utens\u00edlios espec\u00edficos para servir (colher\/pincel\/saquinho de mel), o que significa que n\u00e3o s\u00e3o necess\u00e1rios utens\u00edlios adicionais, e servir torna-se mais saud\u00e1vel e pr\u00e1tico.<\/li>\n<li><strong>Tampa preta lisa com detalhes prateados:<\/strong> A tampa em dois tons confere um visual contempor\u00e2neo, e a al\u00e7a para abri-la proporciona uma boa ader\u00eancia.<\/li>\n<li><strong>Corpo cil\u00edndrico de vidro transparente:<\/strong> O copo arredondado e transparente permite visualizar rapidamente o estoque e \u00e9 facilmente empilh\u00e1vel.<\/li>\n<\/ul>\n<h2>Especifica\u00e7\u00f5es principais<\/h2>\n<table style=\"border-collapse: collapse; width: 90%; margin-left: auto; margin-right: auto;\" border=\"0\" width=\"504\" cellspacing=\"0\" cellpadding=\"0\">\n<tbody>\n<tr style=\"height: 13.50pt;\">\n<td style=\"height: 13.5pt; width: 54pt; text-align: center;\" width=\"72\" height=\"18\">Capacidade<\/td>\n<td style=\"width: 54pt; text-align: center;\" width=\"72\">Tamanho (cm)<\/td>\n<td style=\"width: 54pt; text-align: center;\" width=\"72\">Forma<\/td>\n<td style=\"width: 54pt; text-align: center;\" width=\"72\">Op\u00e7\u00f5es de cores<\/td>\n<td style=\"width: 54pt; text-align: center;\" width=\"72\">Uso<\/td>\n<td style=\"width: 54pt; text-align: center;\" width=\"72\">Op\u00e7\u00f5es de personaliza\u00e7\u00e3o<\/td>\n<\/tr>\n<tr style=\"height: 13.50pt;\">\n<td style=\"height: 13.5pt; text-align: center;\" height=\"18\">200ml<\/td>\n<td style=\"text-align: center;\">6.5&#215;14<\/td>\n<td style=\"text-align: center;\">Redondo<\/td>\n<td style=\"text-align: center;\">Transparente (personaliz\u00e1vel)<\/td>\n<td style=\"text-align: center;\">Recipiente para especiarias, frasco de especiarias, dispensador de \u00f3leo<\/td>\n<td style=\"text-align: center;\">Suggestions de personnalisation pour pots de miel<\/td>\n<\/tr>\n<\/tbody>\n<\/table>\n<h2>Hist\u00f3ria de sucesso<\/h2>\n<p>Uma das marcas europeias de utens\u00edlios de cozinha escolheu nossos potes de especiarias e os modificou usando linhas graduadas foscas e cabe\u00e7as de escova de silicone. Esse sistema de ferramentas integradas tornou-se um enorme sucesso, j\u00e1 que o n\u00famero de reclama\u00e7\u00f5es de clientes sobre colheres perdidas diminuiu em 95%. Os potes de vidro eram transparentes, o que facilitou a aplica\u00e7\u00e3o do sistema FIFO (primeiro a entrar, primeiro a sair) no controle de estoque. O enorme sucesso da marca fez com que encomendassem mais 750.000 potes para serem entregues a grandes varejistas de artigos para o lar na Europa.<\/p>\n<h2>Solu\u00e7\u00f5es de personaliza\u00e7\u00e3o para pequenos frascos de especiarias<\/h2>\n<ul>\n<li>Cores e materiais da tampa: Dispon\u00edvel em diversas cores (branco, cinza, imita\u00e7\u00e3o de madeira) ou em metais (cobre, lat\u00e3o).<\/li>\n<li>Personaliza\u00e7\u00e3o de ferramentas: Escolha um formato de ferramenta (por exemplo, mini-clips, colheres de medida) que voc\u00ea mesmo desenha ou imprima o nome da sua marca na ferramenta.<\/li>\n<li>Veda\u00e7\u00e3o da tampa: An\u00e9is de veda\u00e7\u00e3o de silicone aplicados \u00e0 tampa para garantir uma veda\u00e7\u00e3o herm\u00e9tica e permitir o armazenamento de caf\u00e9 ou ch\u00e1 por longos per\u00edodos.<\/li>\n<\/ul>","protected":false},"excerpt":{"rendered":"<p>Potes de vidro transparente para temperos, com tampas multifuncionais. O conjunto inclui colher, pincel e concha para facilitar o uso. Amostras gr\u00e1tis dispon\u00edveis.<\/p>","protected":false},"featured_media":23097,"template":"","meta":[],"product_brand":[],"product_cat":[83,20,128],"product_tag":[],"class_list":{"0":"post-23090","1":"product","2":"type-product","3":"status-publish","4":"has-post-thumbnail","6":"product_cat-glass-jars","7":"product_cat-glass-containers","8":"product_cat-spice-jars","10":"first","11":"instock","12":"shipping-taxable","13":"product-type-simple"},"jetpack_sharing_enabled":true,"_links":{"self":[{"href":"https:\/\/yebodaglass.com\/pt\/wp-json\/wp\/v2\/product\/23090","targetHints":{"allow":["GET"]}}],"collection":[{"href":"https:\/\/yebodaglass.com\/pt\/wp-json\/wp\/v2\/product"}],"about":[{"href":"https:\/\/yebodaglass.com\/pt\/wp-json\/wp\/v2\/types\/product"}],"version-history":[{"count":5,"href":"https:\/\/yebodaglass.com\/pt\/wp-json\/wp\/v2\/product\/23090\/revisions"}],"predecessor-version":[{"id":25498,"href":"https:\/\/yebodaglass.com\/pt\/wp-json\/wp\/v2\/product\/23090\/revisions\/25498"}],"wp:featuredmedia":[{"embeddable":true,"href":"https:\/\/yebodaglass.com\/pt\/wp-json\/wp\/v2\/media\/23097"}],"wp:attachment":[{"href":"https:\/\/yebodaglass.com\/pt\/wp-json\/wp\/v2\/media?parent=23090"}],"wp:term":[{"taxonomy":"product_brand","embeddable":true,"href":"https:\/\/yebodaglass.com\/pt\/wp-json\/wp\/v2\/product_brand?post=23090"},{"taxonomy":"product_cat","embeddable":true,"href":"https:\/\/yebodaglass.com\/pt\/wp-json\/wp\/v2\/product_cat?post=23090"},{"taxonomy":"product_tag","embeddable":true,"href":"https:\/\/yebodaglass.com\/pt\/wp-json\/wp\/v2\/product_tag?post=23090"}],"curies":[{"name":"wp","href":"https:\/\/api.w.org\/{rel}","templated":true}]}}