{"id":23046,"date":"2025-10-31T17:23:17","date_gmt":"2025-10-31T09:23:17","guid":{"rendered":"https:\/\/yebodaglass.com\/?post_type=product&#038;p=23046"},"modified":"2026-04-10T15:35:27","modified_gmt":"2026-04-10T07:35:27","slug":"wholesale-honey-hexagon-jars-with-honeycomb-design","status":"publish","type":"product","link":"https:\/\/yebodaglass.com\/pt\/wholesale-honey-hexagon-jars-with-honeycomb-design\/","title":{"rendered":"Potes de Mel Hexagonais com Design de Favo de Mel para Atacado, 500ml e 1000ml"},"content":{"rendered":"<p>Este pote hexagonal para mel apresenta uma elegante estrutura hexagonal que transparece atrav\u00e9s do vidro, exibindo relevos em forma de favo de mel em ambos os lados. A tampa de rosca dourada adiciona um toque de beleza natural e sofistica\u00e7\u00e3o.<\/p>\n<h2>Caracter\u00edsticas do produto<\/h2>\n<ul>\n<li><strong>Design com padr\u00e3o de favo de mel:<\/strong> O padr\u00e3o em forma de favo de mel, em relevo na embalagem, melhora a ader\u00eancia e o reconhecimento da marca, al\u00e9m de lembrar os atributos naturais do mel.<\/li>\n<li><strong>Material de vidro transparente:<\/strong> O mel \u00e9 apresentado em recipientes de vidro transparente de qualidade alimentar, o que facilita a limpeza e a reutiliza\u00e7\u00e3o.<\/li>\n<li><strong>Tampa de veda\u00e7\u00e3o premium:<\/strong> A tampa de rosca de metal dourado proporciona uma veda\u00e7\u00e3o herm\u00e9tica que aumenta a vida \u00fatil do mel em 30% e torna a embalagem para presente mais atraente.<\/li>\n<\/ul>\n<h2 style=\"text-align: left;\">Especifica\u00e7\u00f5es principais<\/h2>\n<table class=\"aligncenter\" style=\"border-collapse: collapse; width: 415.52pt;\" border=\"0\" width=\"554\" cellspacing=\"0\" cellpadding=\"0\">\n<tbody>\n<tr style=\"height: 13.50pt;\">\n<td style=\"height: 13.50pt; width: 95.25pt;\" width=\"127\" height=\"18\">Recurso<\/td>\n<td style=\"width: 320.25pt;\" width=\"427\">Especifica\u00e7\u00e3o<\/td>\n<\/tr>\n<tr style=\"height: 13.50pt;\">\n<td style=\"height: 13.50pt;\" height=\"18\">Capacidade<\/td>\n<td>500ml, 1000ml<\/td>\n<\/tr>\n<tr style=\"height: 13.50pt;\">\n<td style=\"height: 13.50pt;\" height=\"18\">Forma<\/td>\n<td>Hex\u00e1gono com relevo em favo de mel completo<\/td>\n<\/tr>\n<tr style=\"height: 13.50pt;\">\n<td style=\"height: 13.50pt;\" height=\"18\">Dimens\u00f5es<\/td>\n<td>7,5\u00d78\u00d711,9cm, 9,2\u00d79,7\u00d714,5cm<\/td>\n<\/tr>\n<tr style=\"height: 13.50pt;\">\n<td style=\"height: 13.50pt;\" height=\"18\">Material<\/td>\n<td>Vidro transparente, tampa de rosca<\/td>\n<\/tr>\n<tr style=\"height: 13.50pt;\">\n<td style=\"height: 13.50pt;\" height=\"18\">Op\u00e7\u00f5es de tampa<\/td>\n<td>Ouro, prata, preto, amarelo<\/td>\n<\/tr>\n<tr style=\"height: 13.50pt;\">\n<td style=\"height: 13.50pt;\" height=\"18\">Ideal para<\/td>\n<td>lojas ecol\u00f3gicas, cooperativas de apicultura, marcas boutique<\/td>\n<\/tr>\n<tr style=\"height: 13.50pt;\">\n<td style=\"height: 13.50pt;\" height=\"18\">Uso ideal<\/td>\n<td>Pote de mel com favo de mel, linhas de neg\u00f3cios artesanais<\/td>\n<\/tr>\n<\/tbody>\n<\/table>\n<h2>Hist\u00f3ria de sucesso<\/h2>\n<p>Uma de nossas marcas europeias de mel artesanal encomendou nossos potes de mel com favo de mel, onde o pote de vidro \u00e2mbar foi personalizado com um padr\u00e3o gravado a laser. A apar\u00eancia elegante desses potes de mel impulsionou as vendas em 40% durante a temporada de festas. O vidro \u00e2mbar real\u00e7a ligeiramente a riqueza do mel, o que resultou em uma melhoria de 15% na percep\u00e7\u00e3o de qualidade e valor, de acordo com as pesquisas com os clientes. A marca ficou t\u00e3o satisfeita com os resultados que fez um novo pedido de 280.000 potes de mel com o padr\u00e3o de favo de mel para ampliar sua distribui\u00e7\u00e3o global de produtos para varejo e embalagens para presente.<\/p>\n<h2>Recomenda\u00e7\u00f5es de personaliza\u00e7\u00e3o para potes hexagonais de mel<\/h2>\n<ul>\n<li>Cor da tampa personalizada: Selecione dourado, prateado, preto ou um acabamento fosco personalizado para combinar com a sua marca.<\/li>\n<li>Volume ajust\u00e1vel: Seu volume pode ser ajustado de 100ml at\u00e9 1000ml, dependendo da necessidade de por\u00e7\u00e3o individual, familiar ou de embalagens maiores.<\/li>\n<li>Otimiza\u00e7\u00e3o de formato: Altere a curvatura da parte esf\u00e9rica da garrafa ou defina a profundidade da textura em favo de mel para criar um produto que se destaque nas prateleiras.<\/li>\n<\/ul>","protected":false},"excerpt":{"rendered":"<p>Pote hexagonal para mel, feito de vidro transparente com textura de favo de mel. Ideal para armazenar mel, personalizar sua marca e presentear. Envio r\u00e1pido.<\/p>","protected":false},"featured_media":23072,"template":"","meta":[],"product_brand":[],"product_cat":[127,124,122],"product_tag":[],"class_list":{"0":"post-23046","1":"product","2":"type-product","3":"status-publish","4":"has-post-thumbnail","6":"product_cat-glass-honey-jars","7":"product_cat-custom-glass-jars","8":"product_cat-custom-glass-packaging","10":"first","11":"instock","12":"shipping-taxable","13":"product-type-simple"},"jetpack_sharing_enabled":true,"_links":{"self":[{"href":"https:\/\/yebodaglass.com\/pt\/wp-json\/wp\/v2\/product\/23046","targetHints":{"allow":["GET"]}}],"collection":[{"href":"https:\/\/yebodaglass.com\/pt\/wp-json\/wp\/v2\/product"}],"about":[{"href":"https:\/\/yebodaglass.com\/pt\/wp-json\/wp\/v2\/types\/product"}],"version-history":[{"count":5,"href":"https:\/\/yebodaglass.com\/pt\/wp-json\/wp\/v2\/product\/23046\/revisions"}],"predecessor-version":[{"id":25745,"href":"https:\/\/yebodaglass.com\/pt\/wp-json\/wp\/v2\/product\/23046\/revisions\/25745"}],"wp:featuredmedia":[{"embeddable":true,"href":"https:\/\/yebodaglass.com\/pt\/wp-json\/wp\/v2\/media\/23072"}],"wp:attachment":[{"href":"https:\/\/yebodaglass.com\/pt\/wp-json\/wp\/v2\/media?parent=23046"}],"wp:term":[{"taxonomy":"product_brand","embeddable":true,"href":"https:\/\/yebodaglass.com\/pt\/wp-json\/wp\/v2\/product_brand?post=23046"},{"taxonomy":"product_cat","embeddable":true,"href":"https:\/\/yebodaglass.com\/pt\/wp-json\/wp\/v2\/product_cat?post=23046"},{"taxonomy":"product_tag","embeddable":true,"href":"https:\/\/yebodaglass.com\/pt\/wp-json\/wp\/v2\/product_tag?post=23046"}],"curies":[{"name":"wp","href":"https:\/\/api.w.org\/{rel}","templated":true}]}}