{"id":23019,"date":"2025-10-30T17:28:53","date_gmt":"2025-10-30T09:28:53","guid":{"rendered":"https:\/\/yebodaglass.com\/?post_type=product&#038;p=23019"},"modified":"2026-03-11T14:15:02","modified_gmt":"2026-03-11T06:15:02","slug":"clear-glass-yogurt-jars-with-lids-wholesale","status":"publish","type":"product","link":"https:\/\/yebodaglass.com\/pt\/clear-glass-yogurt-jars-with-lids-wholesale\/","title":{"rendered":"Potes de iogurte de vidro transparente de 40 ml a 500 ml com tampas - Venda por atacado"},"content":{"rendered":"<p>S\u00e3o potes de iogurte de vidro com tampa, que possuem fundo ondulado, corpo de vidro liso e transparente e tampa de rosca de metal vermelho brilhante. Est\u00e3o dispon\u00edveis em diferentes tamanhos.<\/p>\n<h2>Caracter\u00edsticas do produto<\/h2>\n<ul>\n<li><strong>Fundo ondulado funcional:<\/strong> O design com fundo ondulado melhora a ader\u00eancia e impede que o frasco deslize em superf\u00edcies lisas.<\/li>\n<li><strong>Tampa met\u00e1lica vermelha brilhante:<\/strong> A tampa de rosca \u00e9 vermelha brilhante, o que proporciona uma excelente veda\u00e7\u00e3o e facilita a identifica\u00e7\u00e3o pela cor.<\/li>\n<li><strong>Vidro de qualidade alimentar:<\/strong> Esses potes s\u00e3o feitos de vidro transparente de alta qualidade e s\u00e3o seguros para uso com alimentos, pois entram em contato com eles.<\/li>\n<\/ul>\n<h2>Especifica\u00e7\u00f5es principais<\/h2>\n<table style=\"border-collapse: collapse; width: 80%; margin-left: auto; margin-right: auto;\" border=\"0\" width=\"216\" cellspacing=\"0\" cellpadding=\"0\">\n<tbody>\n<tr style=\"height: 13.50pt;\">\n<td style=\"height: 13.5pt; width: 54pt; text-align: center;\" width=\"72\" height=\"18\">Capacidade (ml)<\/td>\n<td style=\"width: 54pt; text-align: center;\" width=\"72\">Tamanho (cm)<\/td>\n<td style=\"width: 54pt; text-align: center;\" width=\"72\">Op\u00e7\u00f5es personalizadas<\/td>\n<\/tr>\n<tr style=\"height: 13.50pt;\">\n<td style=\"height: 13.5pt; text-align: center;\" align=\"right\" height=\"18\">40<\/td>\n<td style=\"text-align: center;\">4.9&#215;4.9<\/td>\n<td class=\"et2\" style=\"text-align: center;\" rowspan=\"7\">Logotipo, etiqueta, tampa<\/td>\n<\/tr>\n<tr style=\"height: 13.50pt;\">\n<td style=\"height: 13.5pt; text-align: center;\" align=\"right\" height=\"18\">75<\/td>\n<td style=\"text-align: center;\">5.5&#215;5.9<\/td>\n<\/tr>\n<tr style=\"height: 13.50pt;\">\n<td style=\"height: 13.5pt; text-align: center;\" align=\"right\" height=\"18\">100<\/td>\n<td style=\"text-align: center;\">6.3&#215;6.9<\/td>\n<\/tr>\n<tr style=\"height: 13.50pt;\">\n<td style=\"height: 13.5pt; text-align: center;\" align=\"right\" height=\"18\">200<\/td>\n<td style=\"text-align: center;\">7.5&#215;7.6<\/td>\n<\/tr>\n<tr style=\"height: 13.50pt;\">\n<td style=\"height: 13.5pt; text-align: center;\" align=\"right\" height=\"18\">280<\/td>\n<td style=\"text-align: center;\">8.7&#215;8.4<\/td>\n<\/tr>\n<tr style=\"height: 13.50pt;\">\n<td style=\"height: 13.5pt; text-align: center;\" align=\"right\" height=\"18\">380<\/td>\n<td style=\"text-align: center;\">9.3&#215;9.3<\/td>\n<\/tr>\n<tr style=\"height: 13.50pt;\">\n<td style=\"height: 13.5pt; text-align: center;\" align=\"right\" height=\"18\">500<\/td>\n<td style=\"text-align: center;\">9.8&#215;10.5<\/td>\n<\/tr>\n<\/tbody>\n<\/table>\n<h2>Hist\u00f3ria de Sucesso: A Hist\u00f3ria de Sucesso de uma F\u00e1brica de Latic\u00ednios Artesanais do Meio-Oeste<\/h2>\n<p>Nossos potes de iogurte de vidro com tampas foram escolhidos por uma f\u00e1brica de latic\u00ednios artesanais familiar em Wisconsin. Eles personalizaram as tampas vermelhas com a impress\u00e3o da sua marca. As tampas de metal vermelhas tinham uma veda\u00e7\u00e3o superior, o que aumentava a vida \u00fatil do produto em 15%. Os potes de vidro davam ao iogurte uma apar\u00eancia mais espessa, facilitando a visualiza\u00e7\u00e3o pelos clientes, o que resultou em um aumento de 25% nas compras por impulso. Com base nisso, eles fizeram posteriormente um novo pedido de 200.000 potes.<\/p>\n<h2>Recomenda\u00e7\u00f5es de personaliza\u00e7\u00e3o para potes de iogurte com tampas<\/h2>\n<ul>\n<li>Cores de tampa personalizadas: Al\u00e9m de uma gama de cores b\u00e1sicas de tampas de metal com rosca (por exemplo, preto, branco, dourado, azul), podemos aplicar as cores da sua marca mediante solicita\u00e7\u00e3o ou criar uma diferencia\u00e7\u00e3o de cores entre os sabores.<\/li>\n<li>Textura personalizada para a base: Substitua a textura ondulada por uma textura antiderrapante de outro tipo, incluindo uma grade geom\u00e9trica ou pequenos pontos.<\/li>\n<li>Marca\u00e7\u00f5es de rotulagem: Para facilitar o uso do frasco, adicione marca\u00e7\u00f5es de medida permanentes em relevo ou impressas (ml ou on\u00e7as) na lateral do frasco.<\/li>\n<\/ul>","protected":false},"excerpt":{"rendered":"<p>Potes de iogurte de vidro premium com tampas, apresentando tampas de rosca de metal vermelho e base texturizada. Potes de iogurte vers\u00e1teis com tampas para uso alimentar e cosm\u00e9tico. Envio r\u00e1pido.<\/p>","protected":false},"featured_media":23020,"template":"","meta":[],"product_brand":[],"product_cat":[124,122,130],"product_tag":[],"class_list":{"0":"post-23019","1":"product","2":"type-product","3":"status-publish","4":"has-post-thumbnail","6":"product_cat-custom-glass-jars","7":"product_cat-custom-glass-packaging","8":"product_cat-glass-yogurt-jars","10":"first","11":"instock","12":"shipping-taxable","13":"product-type-simple"},"jetpack_sharing_enabled":true,"_links":{"self":[{"href":"https:\/\/yebodaglass.com\/pt\/wp-json\/wp\/v2\/product\/23019","targetHints":{"allow":["GET"]}}],"collection":[{"href":"https:\/\/yebodaglass.com\/pt\/wp-json\/wp\/v2\/product"}],"about":[{"href":"https:\/\/yebodaglass.com\/pt\/wp-json\/wp\/v2\/types\/product"}],"version-history":[{"count":5,"href":"https:\/\/yebodaglass.com\/pt\/wp-json\/wp\/v2\/product\/23019\/revisions"}],"predecessor-version":[{"id":25360,"href":"https:\/\/yebodaglass.com\/pt\/wp-json\/wp\/v2\/product\/23019\/revisions\/25360"}],"wp:featuredmedia":[{"embeddable":true,"href":"https:\/\/yebodaglass.com\/pt\/wp-json\/wp\/v2\/media\/23020"}],"wp:attachment":[{"href":"https:\/\/yebodaglass.com\/pt\/wp-json\/wp\/v2\/media?parent=23019"}],"wp:term":[{"taxonomy":"product_brand","embeddable":true,"href":"https:\/\/yebodaglass.com\/pt\/wp-json\/wp\/v2\/product_brand?post=23019"},{"taxonomy":"product_cat","embeddable":true,"href":"https:\/\/yebodaglass.com\/pt\/wp-json\/wp\/v2\/product_cat?post=23019"},{"taxonomy":"product_tag","embeddable":true,"href":"https:\/\/yebodaglass.com\/pt\/wp-json\/wp\/v2\/product_tag?post=23019"}],"curies":[{"name":"wp","href":"https:\/\/api.w.org\/{rel}","templated":true}]}}