{"id":23010,"date":"2025-10-30T16:02:10","date_gmt":"2025-10-30T08:02:10","guid":{"rendered":"https:\/\/yebodaglass.com\/?post_type=product&#038;p=23010"},"modified":"2025-11-04T11:53:22","modified_gmt":"2025-11-04T03:53:22","slug":"custom-eggshell-shaped-cute-yogurt-glass-jars-with-lids-bulk","status":"publish","type":"product","link":"https:\/\/yebodaglass.com\/pt\/custom-eggshell-shaped-cute-yogurt-glass-jars-with-lids-bulk\/","title":{"rendered":"Potes de vidro para iogurte em formato de casca de ovo, com tampas, 225g cada (pacote com 2 unidades)"},"content":{"rendered":"<p>Cansado(a) de potes de iogurte de vidro com tampas sem gra\u00e7a ou que vazam? Criamos potes de iogurte charmosos com acabamento em casca de ovo \u2014 chega de embalagens sem gra\u00e7a! Esses potes de vidro transformam seu iogurte em um item indispens\u00e1vel. Pedidos em grande quantidade recebem designs personalizados para combinar com a sua marca.<\/p>\n<h2>Caracter\u00edsticas do produto<\/h2>\n<p><strong>Design exclusivo em formato de casca de ovo<\/strong><\/p>\n<p>O formato arredondado e delicado do produto prov\u00e9m das nervuras naturais da casca do ovo, conferindo-lhe um aspeto artesanal que agrada aos olhos do consumidor.<\/p>\n<p><strong>Aplica\u00e7\u00f5es multifuncionais<\/strong><\/p>\n<p>O uso do recipiente tamb\u00e9m \u00e9 excelente para embalagens de alimentos sofisticados, como iogurte, pudim, mousse, gelatina, sobremesas e produtos de confeitaria.<\/p>\n<p><strong>Personaliza\u00e7\u00e3o dispon\u00edvel<\/strong><\/p>\n<p>A identidade da marca pode ser personalizada adicionando um logotipo impresso por serigrafia, rotulagem, pintura em spray, fosqueamento ou galvanoplastia, de acordo com as necessidades da marca.<\/p>\n<h2>Especifica\u00e7\u00f5es principais<\/h2>\n<table style=\"border-collapse: collapse; width: 80%; margin-left: auto; margin-right: auto;\" border=\"0\" width=\"288\" cellspacing=\"0\" cellpadding=\"0\">\n<tbody>\n<tr style=\"height: 13.50pt;\">\n<td style=\"height: 13.5pt; width: 54pt; text-align: center;\" width=\"72\" height=\"18\">Capacidade<\/td>\n<td style=\"width: 54pt; text-align: center;\" width=\"72\">Tamanho (cm)<\/td>\n<td style=\"width: 54pt; text-align: center;\" width=\"72\">Forma<\/td>\n<td style=\"width: 54pt; text-align: center;\" width=\"72\">Material<\/td>\n<\/tr>\n<tr style=\"height: 13.50pt;\">\n<td style=\"height: 13.5pt; text-align: center;\" height=\"18\">225g<\/td>\n<td style=\"text-align: center;\">6.2&#215;8.2<\/td>\n<td style=\"text-align: center;\">Casca de ovo<\/td>\n<td style=\"text-align: center;\">Vidro<\/td>\n<\/tr>\n<\/tbody>\n<\/table>\n<h2>Caso de sucesso<\/h2>\n<p>N\u00f3s nos unimos a uma marca australiana de latic\u00ednios para criar potes de iogurte fofos em formato de ovo. Os potes t\u00eam um logotipo minimalista em relevo com detalhes em folha de ouro, o que confere um toque sutil e elegante.<\/p>\n<p>Assim que o produto foi lan\u00e7ado, as pessoas comentavam que os potes de iogurte eram &#034;t\u00e3o fofos que d\u00e1 vontade de jogar fora&#034;. As vendas online aumentaram 40% em apenas seis semanas.<\/p>\n<h2>Seu Guia de Personaliza\u00e7\u00e3o<\/h2>\n<ol>\n<li><strong>Op\u00e7\u00f5es de capacidade:<\/strong> As necessidades de sobremesas, iogurtes ou presentes podem ser variadas gra\u00e7as \u00e0s op\u00e7\u00f5es de capacidade personaliz\u00e1veis.<\/li>\n<li><strong>Conjunto de embalagem:<\/strong> A embalagem, em combina\u00e7\u00e3o com caixas de papel\u00e3o, tampas de bambu ou conjuntos de colheres, pode ser usada para criar conjuntos de presente de alta qualidade, adequados para vendas em \u00e9pocas festivas ou para canais de venda de luxo.<\/li>\n<\/ol>","protected":false},"excerpt":{"rendered":"<p>Nossos potes de vidro para iogurte em formato de casca de ovo, com tampas, s\u00e3o potes de design exclusivo e charmosos, perfeitos para embalar sobremesas sofisticadas, pudins ou iogurtes artesanais.<\/p>","protected":false},"featured_media":23011,"template":"","meta":[],"product_brand":[],"product_cat":[124,122,130],"product_tag":[],"class_list":{"0":"post-23010","1":"product","2":"type-product","3":"status-publish","4":"has-post-thumbnail","6":"product_cat-custom-glass-jars","7":"product_cat-custom-glass-packaging","8":"product_cat-glass-yogurt-jars","10":"first","11":"instock","12":"shipping-taxable","13":"product-type-simple"},"jetpack_sharing_enabled":true,"_links":{"self":[{"href":"https:\/\/yebodaglass.com\/pt\/wp-json\/wp\/v2\/product\/23010","targetHints":{"allow":["GET"]}}],"collection":[{"href":"https:\/\/yebodaglass.com\/pt\/wp-json\/wp\/v2\/product"}],"about":[{"href":"https:\/\/yebodaglass.com\/pt\/wp-json\/wp\/v2\/types\/product"}],"version-history":[{"count":5,"href":"https:\/\/yebodaglass.com\/pt\/wp-json\/wp\/v2\/product\/23010\/revisions"}],"predecessor-version":[{"id":23029,"href":"https:\/\/yebodaglass.com\/pt\/wp-json\/wp\/v2\/product\/23010\/revisions\/23029"}],"wp:featuredmedia":[{"embeddable":true,"href":"https:\/\/yebodaglass.com\/pt\/wp-json\/wp\/v2\/media\/23011"}],"wp:attachment":[{"href":"https:\/\/yebodaglass.com\/pt\/wp-json\/wp\/v2\/media?parent=23010"}],"wp:term":[{"taxonomy":"product_brand","embeddable":true,"href":"https:\/\/yebodaglass.com\/pt\/wp-json\/wp\/v2\/product_brand?post=23010"},{"taxonomy":"product_cat","embeddable":true,"href":"https:\/\/yebodaglass.com\/pt\/wp-json\/wp\/v2\/product_cat?post=23010"},{"taxonomy":"product_tag","embeddable":true,"href":"https:\/\/yebodaglass.com\/pt\/wp-json\/wp\/v2\/product_tag?post=23010"}],"curies":[{"name":"wp","href":"https:\/\/api.w.org\/{rel}","templated":true}]}}