{"id":23001,"date":"2025-10-30T14:56:21","date_gmt":"2025-10-30T06:56:21","guid":{"rendered":"https:\/\/yebodaglass.com\/?post_type=product&#038;p=23001"},"modified":"2026-04-10T09:32:58","modified_gmt":"2026-04-10T01:32:58","slug":"round-ribbed-glass-jars-for-yogurt-with-metal-lids-wholesale","status":"publish","type":"product","link":"https:\/\/yebodaglass.com\/pt\/round-ribbed-glass-jars-for-yogurt-with-metal-lids-wholesale\/","title":{"rendered":"Potes de vidro canelado redondos de 150 ml a 380 ml para iogurte com tampas de metal - Venda por atacado"},"content":{"rendered":"<p>Esses potes de vidro para iogurte s\u00e3o redondos e cheios, t\u00eam superf\u00edcie lisa com uma fina textura canelada vertical e tampas de metal vermelho ou dourado, sendo, portanto, potes perfeitos para iogurtes que atacadistas de iogurtes de alta qualidade devem usar.<\/p>\n<h2>Caracter\u00edsticas do produto<\/h2>\n<ul>\n<li><strong>Formato redondo e cheio:<\/strong> Este formato \u00e9 o formato tradicional, redondo, mais confort\u00e1vel de usar e que proporciona maior aproveitamento do espa\u00e7o interno.<\/li>\n<li><strong>Textura com nervuras verticais:<\/strong> Os recortes ornamentais na borda proporcionam interesse est\u00e9tico, melhor ader\u00eancia e leves reflexos de luz.<\/li>\n<li><strong>Op\u00e7\u00f5es de tampa met\u00e1lica:<\/strong> As tampas em vermelho vivo e dourado, respectivamente, conferem um visual moderno, elegante e luxuoso com um toque vintage.<\/li>\n<\/ul>\n<h2>Especifica\u00e7\u00f5es principais<\/h2>\n<table style=\"border-collapse: collapse; width: 80%; margin-left: auto; margin-right: auto;\" border=\"0\" width=\"288\" cellspacing=\"0\" cellpadding=\"0\">\n<tbody>\n<tr style=\"height: 13.50pt;\">\n<td style=\"height: 13.5pt; width: 54pt; text-align: center;\" width=\"72\" height=\"18\">Capacidade (ml)<\/td>\n<td style=\"width: 54pt; text-align: center;\" width=\"72\">Dimens\u00f5es (cm)<\/td>\n<td style=\"width: 54pt; text-align: center;\" width=\"72\">Forma<\/td>\n<td style=\"width: 54pt; text-align: center;\" width=\"72\">Material<\/td>\n<\/tr>\n<tr style=\"height: 13.50pt;\">\n<td style=\"height: 13.5pt; text-align: center;\" align=\"right\" height=\"18\">150<\/td>\n<td style=\"text-align: center;\">7.3*6.9<\/td>\n<td class=\"et2\" style=\"text-align: center;\" rowspan=\"4\">Redondo<\/td>\n<td class=\"et2\" style=\"text-align: center;\" rowspan=\"4\">Vidro<\/td>\n<\/tr>\n<tr style=\"height: 13.50pt;\">\n<td style=\"height: 13.5pt; text-align: center;\" align=\"right\" height=\"18\">200<\/td>\n<td style=\"text-align: center;\">8.1*7.5<\/td>\n<\/tr>\n<tr style=\"height: 13.50pt;\">\n<td style=\"height: 13.5pt; text-align: center;\" align=\"right\" height=\"18\">280<\/td>\n<td style=\"text-align: center;\">8.9*8.0<\/td>\n<\/tr>\n<tr style=\"height: 13.50pt;\">\n<td style=\"height: 13.5pt; text-align: center;\" align=\"right\" height=\"18\">380<\/td>\n<td style=\"text-align: center;\">9.7*9.0<\/td>\n<\/tr>\n<\/tbody>\n<\/table>\n<h2>Caso de sucesso<\/h2>\n<p>Nossos potes de vidro para iogurte foram escolhidos por uma marca de alimentos org\u00e2nicos do Oregon para embalar seus produtos, e potes de vidro verde-claro foram personalizados. Os resultados dessa embalagem premium foram imediatos e substanciais: o vidro verde especial ofereceu uma leve prote\u00e7\u00e3o contra raios UV, aumentando em 10% a vida \u00fatil ideal do iogurte; o design reutiliz\u00e1vel, com sua apar\u00eancia atraente, gerou um aumento de 25% nas compras repetidas do produto; e as fotos dos belos potes de vidro agregaram mais de 5.000 novos seguidores \u00e0 marca. Com base nesse excelente desempenho, eles fizeram um novo pedido de 100.000 potes.<\/p>\n<h2>Recomenda\u00e7\u00f5es de personaliza\u00e7\u00e3o de potes de iogurte de vidro no atacado<\/h2>\n<ul>\n<li>Logotipo em relevo: Um pequeno logotipo ou padr\u00e3o em relevo pode ser adicionado \u00e0 parte superior da tampa met\u00e1lica para conferir \u00e0 marca uma imagem discreta, por\u00e9m sofisticada.<\/li>\n<li>Texturas Variadas para o Copo: Selecione uma textura diferente para o copo vertical: espiral, diamante ou onda.<\/li>\n<li>Tamanhos: Adicione tamanhos diferentes, todos com o mesmo design atraente, como potes pequenos de 118 ml e embalagens grandes para fam\u00edlia de 473 ml.<\/li>\n<\/ul>","protected":false},"excerpt":{"rendered":"<p>Potes de vidro personalizados para iogurte com textura em relevo e tampas de metal. Potes de vidro resistentes para iogurte, dispon\u00edveis para compra no atacado direto da f\u00e1brica, com pre\u00e7os ideais para grandes quantidades. Envio r\u00e1pido.<\/p>","protected":false},"featured_media":23005,"template":"","meta":[],"product_brand":[],"product_cat":[130,124,122],"product_tag":[],"class_list":{"0":"post-23001","1":"product","2":"type-product","3":"status-publish","4":"has-post-thumbnail","6":"product_cat-glass-yogurt-jars","7":"product_cat-custom-glass-jars","8":"product_cat-custom-glass-packaging","10":"first","11":"instock","12":"shipping-taxable","13":"product-type-simple"},"jetpack_sharing_enabled":true,"_links":{"self":[{"href":"https:\/\/yebodaglass.com\/pt\/wp-json\/wp\/v2\/product\/23001","targetHints":{"allow":["GET"]}}],"collection":[{"href":"https:\/\/yebodaglass.com\/pt\/wp-json\/wp\/v2\/product"}],"about":[{"href":"https:\/\/yebodaglass.com\/pt\/wp-json\/wp\/v2\/types\/product"}],"version-history":[{"count":5,"href":"https:\/\/yebodaglass.com\/pt\/wp-json\/wp\/v2\/product\/23001\/revisions"}],"predecessor-version":[{"id":25371,"href":"https:\/\/yebodaglass.com\/pt\/wp-json\/wp\/v2\/product\/23001\/revisions\/25371"}],"wp:featuredmedia":[{"embeddable":true,"href":"https:\/\/yebodaglass.com\/pt\/wp-json\/wp\/v2\/media\/23005"}],"wp:attachment":[{"href":"https:\/\/yebodaglass.com\/pt\/wp-json\/wp\/v2\/media?parent=23001"}],"wp:term":[{"taxonomy":"product_brand","embeddable":true,"href":"https:\/\/yebodaglass.com\/pt\/wp-json\/wp\/v2\/product_brand?post=23001"},{"taxonomy":"product_cat","embeddable":true,"href":"https:\/\/yebodaglass.com\/pt\/wp-json\/wp\/v2\/product_cat?post=23001"},{"taxonomy":"product_tag","embeddable":true,"href":"https:\/\/yebodaglass.com\/pt\/wp-json\/wp\/v2\/product_tag?post=23001"}],"curies":[{"name":"wp","href":"https:\/\/api.w.org\/{rel}","templated":true}]}}