{"id":22838,"date":"2025-10-28T16:48:47","date_gmt":"2025-10-28T08:48:47","guid":{"rendered":"https:\/\/yebodaglass.com\/?post_type=product&#038;p=22838"},"modified":"2026-03-13T11:43:52","modified_gmt":"2026-03-13T03:43:52","slug":"wholesale-unique-hexagon-glass-honey-jars-with-lids","status":"publish","type":"product","link":"https:\/\/yebodaglass.com\/pt\/wholesale-unique-hexagon-glass-honey-jars-with-lids\/","title":{"rendered":"Potes de vidro hexagonais exclusivos para mel, com tampas, 375ml e 750ml, para venda por atacado."},"content":{"rendered":"<p>Este \u00e9 um pote de mel hexagonal de vidro com um design hexagonal tradicional. As cores vibrantes do mel, da geleia e das conservas s\u00e3o perfeitamente refletidas no vidro cristalino. A praticidade e a beleza s\u00e3o garantidas por uma tampa de rosca robusta e uma base firme.<\/p>\n<h2>Caracter\u00edsticas do produto<\/h2>\n<ul>\n<li><strong>Hex\u00e1gono id\u00eantico:<\/strong> A estrutura hexagonal em forma de favo de mel deste produto impede que ele role e proporciona uma boa ader\u00eancia.<\/li>\n<li><strong>Vidro cristalino:<\/strong> O vidro cristalino proporciona aos clientes uma vis\u00e3o precisa da qualidade do produto, permitindo-lhes visualizar todo o seu conte\u00fado.<\/li>\n<li><strong>Base plana e resistente:<\/strong> O fundo grosso e plano permite que o frasco seja colocado em qualquer superf\u00edcie e permane\u00e7a est\u00e1vel mesmo quando cheio.<\/li>\n<\/ul>\n<h2 style=\"text-align: left;\">Especifica\u00e7\u00f5es principais<\/h2>\n<table class=\"aligncenter\" style=\"border-collapse: collapse; width: 459.77pt;\" border=\"0\" width=\"613\" cellspacing=\"0\" cellpadding=\"0\">\n<tbody>\n<tr style=\"height: 13.50pt;\">\n<td style=\"height: 13.50pt; width: 99.75pt;\" width=\"133\" height=\"18\">Recurso<\/td>\n<td style=\"width: 360.00pt;\" width=\"480\">Especifica\u00e7\u00e3o<\/td>\n<\/tr>\n<tr style=\"height: 13.50pt;\">\n<td style=\"height: 13.50pt;\" height=\"18\">Capacidade<\/td>\n<td>375 ml, 750 ml<\/td>\n<\/tr>\n<tr style=\"height: 13.50pt;\">\n<td style=\"height: 13.50pt;\" height=\"18\">Forma<\/td>\n<td>Prisma hexagonal, pain\u00e9is planos<\/td>\n<\/tr>\n<tr style=\"height: 13.50pt;\">\n<td style=\"height: 13.50pt;\" height=\"18\">Dimens\u00f5es<\/td>\n<td>7,2\u00d712,5cm, 8,2\u00d717cm<\/td>\n<\/tr>\n<tr style=\"height: 13.50pt;\">\n<td style=\"height: 13.50pt;\" height=\"18\">Material<\/td>\n<td>Vidro transparente, tampa de rosca met\u00e1lica<\/td>\n<\/tr>\n<tr style=\"height: 13.50pt;\">\n<td style=\"height: 13.50pt;\" height=\"18\">Op\u00e7\u00f5es de tampa<\/td>\n<td>Dourado, amarelo, prateado, preto (Personaliz\u00e1vel)<\/td>\n<\/tr>\n<tr style=\"height: 13.50pt;\">\n<td style=\"height: 13.50pt;\" height=\"18\">Ideal para<\/td>\n<td>Mel, geleia, conjuntos para presente<\/td>\n<\/tr>\n<tr style=\"height: 13.50pt;\">\n<td style=\"height: 13.50pt;\" height=\"18\">Uso ideal<\/td>\n<td>Potes de geleia exclusivos, pote de mel de vidro hexagonal, potes de mel para presente.<\/td>\n<\/tr>\n<\/tbody>\n<\/table>\n<h2>Caso de sucesso: Encomenda personalizada da Cooperativa de Apicultura do Meio-Oeste<\/h2>\n<p>Uma das cooperativas de apicultura em Iowa escolheu nosso pote de mel hexagonal de vidro e o modificou com uma tampa de metal, com o logotipo de uma abelha em relevo, e vidro \u00e2mbar claro. Essas decis\u00f5es de personaliza\u00e7\u00e3o trouxeram vantagens consider\u00e1veis: o vidro \u00e2mbar ofereceu prote\u00e7\u00e3o contra os raios UV, os question\u00e1rios com os clientes revelaram que as vendas de mel aumentaram 25% devido \u00e0 frescura do produto, e o formato personalizado e o toque de alta qualidade aumentaram as vendas em 30%. O cliente ficou muito satisfeito com a parceria e encomendou mais 500.000 potes do seu produto na primavera seguinte, para a colheita do mel e o lan\u00e7amento da sua nova linha de geleias.<\/p>\n<h2>Recomenda\u00e7\u00e3o de personaliza\u00e7\u00e3o: Potes de geleia exclusivos<\/h2>\n<ul>\n<li>Relevo ou grava\u00e7\u00e3o: Desenhos personalizados em relevo, nomes de fazendas ou logotipos podem ser gravados no vidro para criar uma identidade de marca superior e permanente.<\/li>\n<li>Materiais multifuncionais para as tampas: Disponibilizamos tampas em diferentes materiais, incluindo bambu sustent\u00e1vel, metal ou cer\u00e2mica, que proporcionam um toque luxuoso.<\/li>\n<li>Marcadores de classifica\u00e7\u00e3o: Grave em relevo (on\u00e7as, gramas) uma pequena marca na borda do frasco de vidro para que possa ser facilmente acessada mesmo quando o produto estiver vazio.<\/li>\n<\/ul>","protected":false},"excerpt":{"rendered":"<p>Pote de vidro hexagonal premium para mel, feito de vidro transparente para real\u00e7ar a cor do mel. Potes pr\u00e1ticos para geleia com tampas herm\u00e9ticas, ideais para armazenar alimentos. Envio r\u00e1pido.<\/p>","protected":false},"featured_media":22842,"template":"","meta":[],"product_brand":[],"product_cat":[122,124,127],"product_tag":[],"class_list":{"0":"post-22838","1":"product","2":"type-product","3":"status-publish","4":"has-post-thumbnail","6":"product_cat-custom-glass-packaging","7":"product_cat-custom-glass-jars","8":"product_cat-glass-honey-jars","10":"first","11":"instock","12":"shipping-taxable","13":"product-type-simple"},"jetpack_sharing_enabled":true,"_links":{"self":[{"href":"https:\/\/yebodaglass.com\/pt\/wp-json\/wp\/v2\/product\/22838","targetHints":{"allow":["GET"]}}],"collection":[{"href":"https:\/\/yebodaglass.com\/pt\/wp-json\/wp\/v2\/product"}],"about":[{"href":"https:\/\/yebodaglass.com\/pt\/wp-json\/wp\/v2\/types\/product"}],"version-history":[{"count":5,"href":"https:\/\/yebodaglass.com\/pt\/wp-json\/wp\/v2\/product\/22838\/revisions"}],"predecessor-version":[{"id":25433,"href":"https:\/\/yebodaglass.com\/pt\/wp-json\/wp\/v2\/product\/22838\/revisions\/25433"}],"wp:featuredmedia":[{"embeddable":true,"href":"https:\/\/yebodaglass.com\/pt\/wp-json\/wp\/v2\/media\/22842"}],"wp:attachment":[{"href":"https:\/\/yebodaglass.com\/pt\/wp-json\/wp\/v2\/media?parent=22838"}],"wp:term":[{"taxonomy":"product_brand","embeddable":true,"href":"https:\/\/yebodaglass.com\/pt\/wp-json\/wp\/v2\/product_brand?post=22838"},{"taxonomy":"product_cat","embeddable":true,"href":"https:\/\/yebodaglass.com\/pt\/wp-json\/wp\/v2\/product_cat?post=22838"},{"taxonomy":"product_tag","embeddable":true,"href":"https:\/\/yebodaglass.com\/pt\/wp-json\/wp\/v2\/product_tag?post=22838"}],"curies":[{"name":"wp","href":"https:\/\/api.w.org\/{rel}","templated":true}]}}